{"id":86490,"date":"2023-05-22T13:07:37","date_gmt":"2023-05-22T11:07:37","guid":{"rendered":"https:\/\/univet.hu\/en\/about\/units\/department-of-veterinary-forensics-law-and-economics\/research-grants-awarded\/"},"modified":"2025-03-28T15:41:30","modified_gmt":"2025-03-28T14:41:30","slug":"research-grants-awarded","status":"publish","type":"page","link":"https:\/\/univet.hu\/gazdasagtudomanyi-intezet\/en\/department-of-veterinary-forensics-law-and-economics\/research-grants-awarded\/","title":{"rendered":"Research grants awarded"},"content":{"rendered":"<ul> <li><strong>Horizon-CL6-2022 BioSecure research grant <\/strong>(ID: 101083923<strong>): \u201e<\/strong>Enhanced and cost-effective biosecurity in livestock production\u201d. Duration: 2023-2026.<\/li> <li><strong>RRF-2.3.1-21-2022-00001 research grant:<\/strong> National laboratory for infectious animal diseases, antimicrobial resistance, veterinary public health and food chain safety. Duration: 2022-2026.<\/li> <li><strong>COST Action CA20103 research grant:<\/strong> \u201eBiosecurity Enhanced Through Training Evaluation and Raising Awareness (BETTER)\u201d. Duration: 2021-2025.<\/li> <li><strong>2020-1.1.2-PIACI KFI research grant<\/strong> (No 2020-1.1.2.-PIACI-KFI-2021-00202): Development of natural-based complex feed additives to optimise the poultry microbiome. Duration: 2021-2025.<\/li> <li><strong>ICRAD research grant (CAE-RAPID ID:39), H2020-ERA-NET Grant <\/strong>(No 862605)<strong> \u201c<\/strong>Development of a rapid screening test for on-site serological diagnostics of caprine arthritis-encephalitis using individual milk samples\u201d. Duration: 2021-2024.<\/li> <li><strong>VP3<\/strong>-16.1.1.-4.1.5.-4.2.1.-4.2.2-8.1.1.-8.2.1.-8.3.1.-8.5.1.-8.5.2.-8.6.1.-17 <strong>research grant <\/strong>(No 3023487898): Precision systems support of circular models in dairy farms. Duration: 2020-2022.<\/li> <li><strong>COST Action CA18208 research grant:<\/strong> \u201cNovel tools for test evaluation and disease prevalence estimation\u201d. Duration: 2019-2024.<\/li> <li><strong>COST Action CA17110 <\/strong><strong>research grant:<\/strong> \u201eStandardizing OUtput-based surveillance to control Non-regulated Diseases of cattle in the EU (SOUND-control)\u201d. Duration: 2018-2022.<\/li> <li><strong>Horizont 2020 SafeConsume No 727580 <\/strong><strong>research grant:<\/strong> \u201cSafer food through changed consumer behaviour: Effective tools and products, communication strategies, education and a food safety policy reducing health burden from foodborne illnesses\u201d. Duration: 2017-2022.<\/li> <li><strong>Research Excellence Grant (IK-UK-2018): <\/strong>Prevalence of paratuberculosis based on milk samples in the Hungarian large-scale dairy herds and the estimated national and farm level economic losses. Duration: 2018-2019.<\/li> <li><strong>EFOP-3.6.3-VEKOP-16-2017-00005 research grant:<\/strong> Strengthening the scientific replacement by supporting academic workshops and programs of students and developing a mentoring process. Duration: 2017-2021.<\/li> <li><strong>EFOP-3.6.2-16-2017-00012 research grant:<\/strong> Developing a functional, healthy and safe food product chain model based on the farm to table principle in a thematic research network. Duration: 2017-2020.<\/li> <li><strong>EFOP-3.6.1-16-2016-00024 research grant<\/strong>: Developments for intelligent specialisation in cooperation between the University of Veterinary Medicine and the Faculty of Agriculture and Food Sciences of Sz\u00e9chenyi Istv\u00e1n University. Duration: 2017-2021.<\/li> <li><strong>Research Support Grant (KK-UK-2015): <\/strong>Economic analysis of early pregnancy diagnosis from milk samples by ELISA in large dairy herds. Duration: 2018-2019.<\/li> <li><strong>T\u00c1MOP VKSZ <\/strong><strong>research grant<\/strong> (No VKSZ_12-1-2013-0078): A complex development of the aquaculture sector to increase its competitiveness. Duration: 2014-2017.<\/li> <li><strong>NKB University Research grant<\/strong>: Identification of persistently infected animals as the main cause of BVDV infection in the Hungarian cattle farms using the Idexx BVDV Antigen POC farm test. Development of an eradication plan for the herd and proposal of management measures on this basis. Duration: 2012-2013.<\/li> <li><strong>ERASMUS Lifelong Learning Programme <\/strong>(No 527855-LLP-1-2012-1UK-ERASMUS-ENW): Networking to enhance the use of economics in animal health education, policy making and research in Europe and beyond. Duration: 2012-2015.<\/li> <li><strong>NKB University Research grant<\/strong>: The role of immunohistochemical examinations in the forensic assessment of sudden deaths during anaesthesia. Duration: 2011-2012.<\/li> <li><strong>OTKA research grant<\/strong> (No F 042588 F12): The role and future of agricultural insurance in the risk management of agricultural production. Duration: 2003-2006.<\/li> <li><strong>SEFABAR research grant<\/strong> (No QLG7-CT-2000-01368 EC project): \u201eSustainable European Farm Animal Breeding and Reproduction\u201d): Opportunities for the development of animal breeding and reproduction systems and their long-term prospects in European agriculture. Duration: 2002-2005.<\/li> <li><strong>OTKA research grant<\/strong> (No F 035208 AG4): Opportunities to increase competitiveness in the Hungarian pork production. Duration: 2001-2004.<\/li> <\/ul>","protected":false},"excerpt":{"rendered":"<p>Horizon-CL6-2022 BioSecure research grant (ID: 101083923): \u201eEnhanced and cost-effective biosecurity in livestock production\u201d. Duration: 2023-2026. RRF-2.3.1-21-2022-00001 research grant: National laboratory for infectious animal diseases, antimicrobial resistance, veterinary public health and food chain safety. Duration: 2022-2026. COST Action CA20103 research grant: \u201eBiosecurity Enhanced Through Training Evaluation and Raising Awareness (BETTER)\u201d. Duration: 2021-2025. 2020-1.1.2-PIACI KFI research grant<\/p>\n","protected":false},"author":3837,"featured_media":0,"parent":3395,"menu_order":0,"comment_status":"open","ping_status":"open","template":"","meta":{"_acf_changed":false,"footnotes":""},"categories":[],"tags":[],"class_list":["post-86490","page","type-page","status-publish","hentry"],"acf":[],"yoast_head":"<!-- This site is optimized with the Yoast SEO plugin v27.2 - https:\/\/yoast.com\/product\/yoast-seo-wordpress\/ -->\n<title>Research grants awarded - Gazdas\u00e1gtudom\u00e1nyi \u00e9s Biostatisztikai Int\u00e9zet<\/title>\n<meta name=\"robots\" content=\"index, follow, max-snippet:-1, max-image-preview:large, max-video-preview:-1\" \/>\n<link rel=\"canonical\" href=\"https:\/\/univet.hu\/gazdasagtudomanyi-intezet\/en\/institute-of-economics-and-biostatistics\/department-of-veterinary-forensics-law-and-economics\/research-grants-awarded\/\" \/>\n<meta property=\"og:locale\" content=\"en_US\" \/>\n<meta property=\"og:type\" content=\"article\" \/>\n<meta property=\"og:title\" content=\"Research grants awarded - Gazdas\u00e1gtudom\u00e1nyi \u00e9s Biostatisztikai Int\u00e9zet\" \/>\n<meta property=\"og:description\" content=\"Horizon-CL6-2022 BioSecure research grant (ID: 101083923): \u201eEnhanced and cost-effective biosecurity in livestock production\u201d. Duration: 2023-2026. RRF-2.3.1-21-2022-00001 research grant: National laboratory for infectious animal diseases, antimicrobial resistance, veterinary public health and food chain safety. Duration: 2022-2026. COST Action CA20103 research grant: \u201eBiosecurity Enhanced Through Training Evaluation and Raising Awareness (BETTER)\u201d. Duration: 2021-2025. 2020-1.1.2-PIACI KFI research grant\" \/>\n<meta property=\"og:url\" content=\"https:\/\/univet.hu\/gazdasagtudomanyi-intezet\/en\/institute-of-economics-and-biostatistics\/department-of-veterinary-forensics-law-and-economics\/research-grants-awarded\/\" \/>\n<meta property=\"og:site_name\" content=\"Gazdas\u00e1gtudom\u00e1nyi \u00e9s Biostatisztikai Int\u00e9zet\" \/>\n<meta property=\"article:modified_time\" content=\"2025-03-28T14:41:30+00:00\" \/>\n<meta name=\"twitter:card\" content=\"summary_large_image\" \/>\n<meta name=\"twitter:label1\" content=\"Est. reading time\" \/>\n\t<meta name=\"twitter:data1\" content=\"3 minutes\" \/>\n<script type=\"application\/ld+json\" class=\"yoast-schema-graph\">{\"@context\":\"https:\/\/schema.org\",\"@graph\":[{\"@type\":\"WebPage\",\"@id\":\"https:\/\/univet.hu\/gazdasagtudomanyi-intezet\/en\/institute-of-economics-and-biostatistics\/department-of-veterinary-forensics-law-and-economics\/research-grants-awarded\/\",\"url\":\"https:\/\/univet.hu\/gazdasagtudomanyi-intezet\/en\/institute-of-economics-and-biostatistics\/department-of-veterinary-forensics-law-and-economics\/research-grants-awarded\/\",\"name\":\"Research grants awarded - Gazdas\u00e1gtudom\u00e1nyi \u00e9s Biostatisztikai Int\u00e9zet\",\"isPartOf\":{\"@id\":\"https:\/\/univet.hu\/gazdasagtudomanyi-intezet\/en\/#website\"},\"datePublished\":\"2023-05-22T11:07:37+00:00\",\"dateModified\":\"2025-03-28T14:41:30+00:00\",\"breadcrumb\":{\"@id\":\"https:\/\/univet.hu\/gazdasagtudomanyi-intezet\/en\/institute-of-economics-and-biostatistics\/department-of-veterinary-forensics-law-and-economics\/research-grants-awarded\/#breadcrumb\"},\"inLanguage\":\"en-US\",\"potentialAction\":[{\"@type\":\"ReadAction\",\"target\":[\"https:\/\/univet.hu\/gazdasagtudomanyi-intezet\/en\/institute-of-economics-and-biostatistics\/department-of-veterinary-forensics-law-and-economics\/research-grants-awarded\/\"]}]},{\"@type\":\"BreadcrumbList\",\"@id\":\"https:\/\/univet.hu\/gazdasagtudomanyi-intezet\/en\/institute-of-economics-and-biostatistics\/department-of-veterinary-forensics-law-and-economics\/research-grants-awarded\/#breadcrumb\",\"itemListElement\":[{\"@type\":\"ListItem\",\"position\":1,\"name\":\"Kezd\u0151lap\",\"item\":\"https:\/\/univet.hu\/gazdasagtudomanyi-intezet\/en\/\"},{\"@type\":\"ListItem\",\"position\":2,\"name\":\"Institute of Economics and Biostatistics\",\"item\":\"https:\/\/univet.hu\/gazdasagtudomanyi-intezet\/en\/\"},{\"@type\":\"ListItem\",\"position\":3,\"name\":\"Department of Veterinary Forensics and Economics\",\"item\":\"https:\/\/univet.hu\/gazdasagtudomanyi-intezet\/en\/institute-of-economics-and-biostatistics\/department-of-veterinary-forensics-law-and-economics\/\"},{\"@type\":\"ListItem\",\"position\":4,\"name\":\"Research grants awarded\"}]},{\"@type\":\"WebSite\",\"@id\":\"https:\/\/univet.hu\/gazdasagtudomanyi-intezet\/en\/#website\",\"url\":\"https:\/\/univet.hu\/gazdasagtudomanyi-intezet\/en\/\",\"name\":\"Gazdas\u00e1gtudom\u00e1nyi \u00e9s Biostatisztikai Int\u00e9zet\",\"description\":\"\",\"potentialAction\":[{\"@type\":\"SearchAction\",\"target\":{\"@type\":\"EntryPoint\",\"urlTemplate\":\"https:\/\/univet.hu\/gazdasagtudomanyi-intezet\/en\/?s={search_term_string}\"},\"query-input\":{\"@type\":\"PropertyValueSpecification\",\"valueRequired\":true,\"valueName\":\"search_term_string\"}}],\"inLanguage\":\"en-US\"}]}<\/script>\n<!-- \/ Yoast SEO plugin. -->","yoast_head_json":{"title":"Research grants awarded - Gazdas\u00e1gtudom\u00e1nyi \u00e9s Biostatisztikai Int\u00e9zet","robots":{"index":"index","follow":"follow","max-snippet":"max-snippet:-1","max-image-preview":"max-image-preview:large","max-video-preview":"max-video-preview:-1"},"canonical":"https:\/\/univet.hu\/gazdasagtudomanyi-intezet\/en\/institute-of-economics-and-biostatistics\/department-of-veterinary-forensics-law-and-economics\/research-grants-awarded\/","og_locale":"en_US","og_type":"article","og_title":"Research grants awarded - Gazdas\u00e1gtudom\u00e1nyi \u00e9s Biostatisztikai Int\u00e9zet","og_description":"Horizon-CL6-2022 BioSecure research grant (ID: 101083923): \u201eEnhanced and cost-effective biosecurity in livestock production\u201d. Duration: 2023-2026. RRF-2.3.1-21-2022-00001 research grant: National laboratory for infectious animal diseases, antimicrobial resistance, veterinary public health and food chain safety. Duration: 2022-2026. COST Action CA20103 research grant: \u201eBiosecurity Enhanced Through Training Evaluation and Raising Awareness (BETTER)\u201d. Duration: 2021-2025. 2020-1.1.2-PIACI KFI research grant","og_url":"https:\/\/univet.hu\/gazdasagtudomanyi-intezet\/en\/institute-of-economics-and-biostatistics\/department-of-veterinary-forensics-law-and-economics\/research-grants-awarded\/","og_site_name":"Gazdas\u00e1gtudom\u00e1nyi \u00e9s Biostatisztikai Int\u00e9zet","article_modified_time":"2025-03-28T14:41:30+00:00","twitter_card":"summary_large_image","twitter_misc":{"Est. reading time":"3 minutes"},"schema":{"@context":"https:\/\/schema.org","@graph":[{"@type":"WebPage","@id":"https:\/\/univet.hu\/gazdasagtudomanyi-intezet\/en\/institute-of-economics-and-biostatistics\/department-of-veterinary-forensics-law-and-economics\/research-grants-awarded\/","url":"https:\/\/univet.hu\/gazdasagtudomanyi-intezet\/en\/institute-of-economics-and-biostatistics\/department-of-veterinary-forensics-law-and-economics\/research-grants-awarded\/","name":"Research grants awarded - Gazdas\u00e1gtudom\u00e1nyi \u00e9s Biostatisztikai Int\u00e9zet","isPartOf":{"@id":"https:\/\/univet.hu\/gazdasagtudomanyi-intezet\/en\/#website"},"datePublished":"2023-05-22T11:07:37+00:00","dateModified":"2025-03-28T14:41:30+00:00","breadcrumb":{"@id":"https:\/\/univet.hu\/gazdasagtudomanyi-intezet\/en\/institute-of-economics-and-biostatistics\/department-of-veterinary-forensics-law-and-economics\/research-grants-awarded\/#breadcrumb"},"inLanguage":"en-US","potentialAction":[{"@type":"ReadAction","target":["https:\/\/univet.hu\/gazdasagtudomanyi-intezet\/en\/institute-of-economics-and-biostatistics\/department-of-veterinary-forensics-law-and-economics\/research-grants-awarded\/"]}]},{"@type":"BreadcrumbList","@id":"https:\/\/univet.hu\/gazdasagtudomanyi-intezet\/en\/institute-of-economics-and-biostatistics\/department-of-veterinary-forensics-law-and-economics\/research-grants-awarded\/#breadcrumb","itemListElement":[{"@type":"ListItem","position":1,"name":"Kezd\u0151lap","item":"https:\/\/univet.hu\/gazdasagtudomanyi-intezet\/en\/"},{"@type":"ListItem","position":2,"name":"Institute of Economics and Biostatistics","item":"https:\/\/univet.hu\/gazdasagtudomanyi-intezet\/en\/"},{"@type":"ListItem","position":3,"name":"Department of Veterinary Forensics and Economics","item":"https:\/\/univet.hu\/gazdasagtudomanyi-intezet\/en\/institute-of-economics-and-biostatistics\/department-of-veterinary-forensics-law-and-economics\/"},{"@type":"ListItem","position":4,"name":"Research grants awarded"}]},{"@type":"WebSite","@id":"https:\/\/univet.hu\/gazdasagtudomanyi-intezet\/en\/#website","url":"https:\/\/univet.hu\/gazdasagtudomanyi-intezet\/en\/","name":"Gazdas\u00e1gtudom\u00e1nyi \u00e9s Biostatisztikai Int\u00e9zet","description":"","potentialAction":[{"@type":"SearchAction","target":{"@type":"EntryPoint","urlTemplate":"https:\/\/univet.hu\/gazdasagtudomanyi-intezet\/en\/?s={search_term_string}"},"query-input":{"@type":"PropertyValueSpecification","valueRequired":true,"valueName":"search_term_string"}}],"inLanguage":"en-US"}]}},"_links":{"self":[{"href":"https:\/\/univet.hu\/gazdasagtudomanyi-intezet\/en\/wp-json\/wp\/v2\/pages\/86490","targetHints":{"allow":["GET"]}}],"collection":[{"href":"https:\/\/univet.hu\/gazdasagtudomanyi-intezet\/en\/wp-json\/wp\/v2\/pages"}],"about":[{"href":"https:\/\/univet.hu\/gazdasagtudomanyi-intezet\/en\/wp-json\/wp\/v2\/types\/page"}],"author":[{"embeddable":true,"href":"https:\/\/univet.hu\/gazdasagtudomanyi-intezet\/en\/wp-json\/wp\/v2\/users\/3837"}],"replies":[{"embeddable":true,"href":"https:\/\/univet.hu\/gazdasagtudomanyi-intezet\/en\/wp-json\/wp\/v2\/comments?post=86490"}],"version-history":[{"count":1,"href":"https:\/\/univet.hu\/gazdasagtudomanyi-intezet\/en\/wp-json\/wp\/v2\/pages\/86490\/revisions"}],"predecessor-version":[{"id":103627,"href":"https:\/\/univet.hu\/gazdasagtudomanyi-intezet\/en\/wp-json\/wp\/v2\/pages\/86490\/revisions\/103627"}],"up":[{"embeddable":true,"href":"https:\/\/univet.hu\/gazdasagtudomanyi-intezet\/en\/wp-json\/wp\/v2\/pages\/3395"}],"wp:attachment":[{"href":"https:\/\/univet.hu\/gazdasagtudomanyi-intezet\/en\/wp-json\/wp\/v2\/media?parent=86490"}],"wp:term":[{"taxonomy":"category","embeddable":true,"href":"https:\/\/univet.hu\/gazdasagtudomanyi-intezet\/en\/wp-json\/wp\/v2\/categories?post=86490"},{"taxonomy":"post_tag","embeddable":true,"href":"https:\/\/univet.hu\/gazdasagtudomanyi-intezet\/en\/wp-json\/wp\/v2\/tags?post=86490"}],"curies":[{"name":"wp","href":"https:\/\/api.w.org\/{rel}","templated":true}]}}