{"id":103587,"date":"2024-09-20T11:08:25","date_gmt":"2024-09-20T09:08:25","guid":{"rendered":"https:\/\/univet.hu\/hu\/egyetem\/szervezeti-egysegek\/biomatematikai-es-szamitastechnikai-tanszek\/name-2\/"},"modified":"2025-03-28T15:41:14","modified_gmt":"2025-03-28T14:41:14","slug":"oktatok-konzultacios-idopontjai","status":"publish","type":"page","link":"https:\/\/univet.hu\/gazdasagtudomanyi-intezet\/biomatematikai-es-szamitastechnikai-tanszek\/oktatok-konzultacios-idopontjai\/","title":{"rendered":"Oktat\u00f3k konzult\u00e1ci\u00f3s id\u0151pontjai"},"content":{"rendered":"<p>&nbsp;<\/p> <p style=\"text-align: left\"><strong>Biostatisztika Tansz\u00e9k<\/strong><strong>\u00a0<\/strong><\/p> <p style=\"text-align: left\"><strong>Department of Biostatistics<\/strong><strong>\u00a0<\/strong><\/p> <p style=\"text-align: left\"><strong>OKTAT\u00d3K KONZULT\u00c1CI\u00d3S ID\u0150PONTJAI<\/strong><strong>\u00a0<\/strong><\/p> <p style=\"text-align: left\"><strong>OFFICE HOURS OF THE LECTURERS<\/strong><strong>\u00a0<\/strong><\/p> <p style=\"text-align: left\"><strong>2024\/25. 1. szemeszter<\/strong><\/p> <p>&nbsp;<\/p> <table width=\"661\"> <tbody> <tr> <td width=\"274\"> <p><strong>Dr. Harnos Andrea<\/strong><\/p> <p><strong>egyetemi docens, tansz\u00e9kvezet\u0151<\/strong><\/p> <p><strong>(associate professor, head of department)<\/strong><\/td> <td width=\"387\"> <p><strong>Kedd (Tuesday): 13:00-14:00<\/strong><\/p> <p><a class=\"decrypt\" rel=\"ibsopt\/boesfbAvojwfu\/iv\" href=\"javascript:void(0);\">[Kattintson az emailc\u00edmhez]<\/a><\/td> <\/tr> <tr> <td width=\"274\"> <p><strong>Abonyi-T\u00f3th Zsolt<\/strong><\/p> <p><strong>mesteroktat\u00f3<\/strong><\/p> <p><strong>(senior lecturer)<\/strong><\/td> <td width=\"387\"> <p><strong>H\u00e9tf\u0151 (Monday): 10:15-11:15<\/strong><\/p> <p><a class=\"decrypt\" rel=\"bcpozj.upui\/{tpmuAvojwfu\/iv\" href=\"javascript:void(0);\">[Kattintson az emailc\u00edmhez]<\/a><\/td> <\/tr> <tr> <td width=\"274\"> <p><strong>Dr. Feh\u00e9rv\u00e1ri P\u00e9ter<\/strong><\/p> <p><strong>tudom\u00e1nyos munkat\u00e1rs<\/strong><\/p> <p><strong>(research fellow)<\/strong><\/td> <td width=\"387\"> <p><strong>Cs\u00fct\u00f6rt\u00f6k (Thursday): 9:00-10:00<\/strong><\/p> <p><a class=\"decrypt\" rel=\"gfifswbsj\/qfufsAvojwfu\/iv\" href=\"javascript:void(0);\">[Kattintson az emailc\u00edmhez]<\/a><\/td> <\/tr> <tr> <td width=\"274\"> <p><strong>Dr. Kov\u00e1cs \u00c1gnes<\/strong><\/p> <p><strong>egyetemi adjunktus<\/strong><\/p> <p><strong>(assistant professor)<\/strong><\/p> <p><strong>\u00a0<\/strong><\/td> <td width=\"387\"> <p><strong>Kedd (Tuesday): 15:00-16:00<\/strong><\/p> <p><a class=\"decrypt\" rel=\"lpwbdt\/bhoft\/nbsjbAvojwfu\/iv\" href=\"javascript:void(0);\">[Kattintson az emailc\u00edmhez]<\/a><\/td> <\/tr> <tr> <td width=\"274\"> <p><strong>Dr Elek Zolt\u00e1n<\/strong><\/p> <p><strong>egyetemi docens<\/strong><\/p> <p><strong>(associate professor)<\/strong><\/td> <td width=\"387\"> <p><strong>Cs\u00fct\u00f6rt\u00f6k (Thursday): 9:00-10:00<\/strong><\/p> <p><strong><a class=\"decrypt\" rel=\"fmfl\/{pmuboAvojwfu\/iv\" href=\"javascript:void(0);\">[Kattintson az emailc\u00edmhez]<\/a><\/strong><\/td> <\/tr> <tr> <td width=\"274\"> <p><strong>Dr. Lang Zsolt<\/strong><\/p> <p><strong>tudom\u00e1nyos f\u0151munkat\u00e1rs<\/strong><\/p> <p><strong>(research fellow)<\/strong><\/td> <td width=\"387\"> <p><strong>Kedd (Tuesday): 11:00-12:00<\/strong><\/p> <p><strong><a class=\"decrypt\" rel=\"mboh\/{tpmuAvojwfu\/iv\" href=\"javascript:void(0);\">[Kattintson az emailc\u00edmhez]<\/a><\/strong><\/td> <\/tr> <tr> <td width=\"274\"><strong>Dr. Reiczigel Jen\u0151<br \/> egyetemi tan\u00e1r<\/strong><\/p> <p><strong>(professor)<\/strong><\/td> <td width=\"387\"> <p><strong>P\u00e9ntek (Friday): 12:00-13:00<\/strong><\/p> <p><strong><a class=\"decrypt\" rel=\"sfjd{jhfm\/kfopAvojwfu\/iv\" href=\"javascript:void(0);\">[Kattintson az emailc\u00edmhez]<\/a><\/strong><\/td> <\/tr> <tr> <td width=\"274\"> <p><strong>Paszerbovics Bettina<\/strong><\/p> <p><strong>egyetemi tan\u00e1rseg\u00e9d<\/strong><\/p> <p><strong>(assistant lecturer)<\/strong><\/td> <td width=\"387\"> <p><strong>Kedd (Tuesday): 11:00-12:00<\/strong><\/p> <p><strong><a class=\"decrypt\" rel=\"qbt{fscpwjdt\/cfuujobAvojwfu\/iv\" href=\"javascript:void(0);\">[Kattintson az emailc\u00edmhez]<\/a><\/strong><\/td> <\/tr> <tr> <td width=\"274\"> <p><strong>Dr. K\u00f6v\u00e9r Szilvia<\/strong><\/p> <p><strong>(hourly teacher)<\/strong><\/td> <td width=\"387\"> <p><strong>Kedd (Tuesday): 15:00-16:00<\/strong><\/p> <p><a class=\"decrypt\" rel=\"lpwfs\/t{jmwjbAvojwfu\/iv\" href=\"javascript:void(0);\">[Kattintson az emailc\u00edmhez]<\/a><\/p> <p><strong>\u00a0<\/strong><\/p> <p><strong>Rottenbiller u. 50., ground floor, Department of Zoology, room 21<\/strong><\/td> <\/tr> <tr> <td width=\"274\"> <p><strong>Dr. Bakony Mikolt<\/strong><\/p> <p><strong>(hourly teacher)<\/strong><\/td> <td width=\"387\"> <p><strong>Szerda (Wednesday): 13:45-14:15<\/strong><\/p> <p><strong><a class=\"decrypt\" rel=\"ncblpoz92Ahnbjm\/dpn\" href=\"javascript:void(0);\">[Kattintson az emailc\u00edmhez]<\/a><\/strong><\/td> <\/tr> <tr> <td width=\"274\"> <p><strong>Dr. V\u00e1lyi Istv\u00e1n<\/strong><\/p> <p><strong>(hourly teacher)<\/strong><\/td> <td width=\"387\"> <p><strong>Kedd (Tuesday): 13:00-14:00<\/strong><\/p> <p><strong><a class=\"decrypt\" rel=\"wbmzj\/jtuwboAvojwfu\/iv\" href=\"javascript:void(0);\">[Kattintson az emailc\u00edmhez]<\/a><\/strong><\/td> <\/tr> <tr> <td width=\"274\"> <p><strong>Dr Szab\u00f3 Bence<\/strong><\/p> <p><strong>(hourly teacher)<\/strong><\/td> <td width=\"387\"> <p><strong>P\u00e9ntek (Friday): 12:15-13:15<\/strong><\/p> <p><a class=\"decrypt\" rel=\"t{bcpcfodf\/unlAhnbjm\/dpn\" href=\"javascript:void(0);\">[Kattintson az emailc\u00edmhez]<\/a><\/p> <p><strong>\u00a0<\/strong><\/p> <p><strong>HEFOP 1 (Building N III. floor)<\/strong><\/td> <\/tr> <\/tbody> <\/table> <p><strong>\u00a0<\/strong><\/p>","protected":false},"excerpt":{"rendered":"<p>&nbsp; Biostatisztika Tansz\u00e9k\u00a0 Department of Biostatistics\u00a0 OKTAT\u00d3K KONZULT\u00c1CI\u00d3S ID\u0150PONTJAI\u00a0 OFFICE HOURS OF THE LECTURERS\u00a0 2024\/25. 1. szemeszter &nbsp; Dr. Harnos Andrea egyetemi docens, tansz\u00e9kvezet\u0151 (associate professor, head of department) Kedd (Tuesday): 13:00-14:00 [Kattintson az emailc\u00edmhez] Abonyi-T\u00f3th Zsolt mesteroktat\u00f3 (senior lecturer) H\u00e9tf\u0151 (Monday): 10:15-11:15 [Kattintson az emailc\u00edmhez] Dr. Feh\u00e9rv\u00e1ri P\u00e9ter tudom\u00e1nyos munkat\u00e1rs (research fellow) Cs\u00fct\u00f6rt\u00f6k (Thursday):<\/p>\n","protected":false},"author":3837,"featured_media":0,"parent":3313,"menu_order":0,"comment_status":"open","ping_status":"open","template":"","meta":{"_acf_changed":false,"footnotes":""},"categories":[],"tags":[],"class_list":["post-103587","page","type-page","status-publish","hentry"],"acf":[],"yoast_head":"<!-- This site is optimized with the Yoast SEO plugin v27.2 - https:\/\/yoast.com\/product\/yoast-seo-wordpress\/ -->\n<title>Oktat\u00f3k konzult\u00e1ci\u00f3s id\u0151pontjai - Gazdas\u00e1gtudom\u00e1nyi \u00e9s Biostatisztikai Int\u00e9zet<\/title>\n<meta name=\"robots\" content=\"index, follow, max-snippet:-1, max-image-preview:large, max-video-preview:-1\" \/>\n<link rel=\"canonical\" href=\"https:\/\/univet.hu\/gazdasagtudomanyi-intezet\/biomatematikai-es-szamitastechnikai-tanszek\/oktatok-konzultacios-idopontjai\/\" \/>\n<meta property=\"og:locale\" content=\"hu_HU\" \/>\n<meta property=\"og:type\" content=\"article\" \/>\n<meta property=\"og:title\" content=\"Oktat\u00f3k konzult\u00e1ci\u00f3s id\u0151pontjai - Gazdas\u00e1gtudom\u00e1nyi \u00e9s Biostatisztikai Int\u00e9zet\" \/>\n<meta property=\"og:description\" content=\"&nbsp; Biostatisztika Tansz\u00e9k\u00a0 Department of Biostatistics\u00a0 OKTAT\u00d3K KONZULT\u00c1CI\u00d3S ID\u0150PONTJAI\u00a0 OFFICE HOURS OF THE LECTURERS\u00a0 2024\/25. 1. szemeszter &nbsp; Dr. Harnos Andrea egyetemi docens, tansz\u00e9kvezet\u0151 (associate professor, head of department) Kedd (Tuesday): 13:00-14:00 [Kattintson az emailc\u00edmhez] Abonyi-T\u00f3th Zsolt mesteroktat\u00f3 (senior lecturer) H\u00e9tf\u0151 (Monday): 10:15-11:15 [Kattintson az emailc\u00edmhez] Dr. Feh\u00e9rv\u00e1ri P\u00e9ter tudom\u00e1nyos munkat\u00e1rs (research fellow) Cs\u00fct\u00f6rt\u00f6k (Thursday):\" \/>\n<meta property=\"og:url\" content=\"https:\/\/univet.hu\/gazdasagtudomanyi-intezet\/biomatematikai-es-szamitastechnikai-tanszek\/oktatok-konzultacios-idopontjai\/\" \/>\n<meta property=\"og:site_name\" content=\"Gazdas\u00e1gtudom\u00e1nyi \u00e9s Biostatisztikai Int\u00e9zet\" \/>\n<meta property=\"article:modified_time\" content=\"2025-03-28T14:41:14+00:00\" \/>\n<meta name=\"twitter:card\" content=\"summary_large_image\" \/>\n<meta name=\"twitter:label1\" content=\"Becs\u00fclt olvas\u00e1si id\u0151\" \/>\n\t<meta name=\"twitter:data1\" content=\"1 perc\" \/>\n<script type=\"application\/ld+json\" class=\"yoast-schema-graph\">{\"@context\":\"https:\/\/schema.org\",\"@graph\":[{\"@type\":\"WebPage\",\"@id\":\"https:\/\/univet.hu\/gazdasagtudomanyi-intezet\/biomatematikai-es-szamitastechnikai-tanszek\/oktatok-konzultacios-idopontjai\/\",\"url\":\"https:\/\/univet.hu\/gazdasagtudomanyi-intezet\/biomatematikai-es-szamitastechnikai-tanszek\/oktatok-konzultacios-idopontjai\/\",\"name\":\"Oktat\u00f3k konzult\u00e1ci\u00f3s id\u0151pontjai - Gazdas\u00e1gtudom\u00e1nyi \u00e9s Biostatisztikai Int\u00e9zet\",\"isPartOf\":{\"@id\":\"https:\/\/univet.hu\/gazdasagtudomanyi-intezet\/en\/#website\"},\"datePublished\":\"2024-09-20T09:08:25+00:00\",\"dateModified\":\"2025-03-28T14:41:14+00:00\",\"breadcrumb\":{\"@id\":\"https:\/\/univet.hu\/gazdasagtudomanyi-intezet\/biomatematikai-es-szamitastechnikai-tanszek\/oktatok-konzultacios-idopontjai\/#breadcrumb\"},\"inLanguage\":\"hu\",\"potentialAction\":[{\"@type\":\"ReadAction\",\"target\":[\"https:\/\/univet.hu\/gazdasagtudomanyi-intezet\/biomatematikai-es-szamitastechnikai-tanszek\/oktatok-konzultacios-idopontjai\/\"]}]},{\"@type\":\"BreadcrumbList\",\"@id\":\"https:\/\/univet.hu\/gazdasagtudomanyi-intezet\/biomatematikai-es-szamitastechnikai-tanszek\/oktatok-konzultacios-idopontjai\/#breadcrumb\",\"itemListElement\":[{\"@type\":\"ListItem\",\"position\":1,\"name\":\"Kezd\u0151lap\",\"item\":\"https:\/\/univet.hu\/gazdasagtudomanyi-intezet\/en\/\"},{\"@type\":\"ListItem\",\"position\":2,\"name\":\"Biostatisztika Tansz\u00e9k\",\"item\":\"https:\/\/univet.hu\/gazdasagtudomanyi-intezet\/biomatematikai-es-szamitastechnikai-tanszek\/\"},{\"@type\":\"ListItem\",\"position\":3,\"name\":\"Oktat\u00f3k konzult\u00e1ci\u00f3s id\u0151pontjai\"}]},{\"@type\":\"WebSite\",\"@id\":\"https:\/\/univet.hu\/gazdasagtudomanyi-intezet\/en\/#website\",\"url\":\"https:\/\/univet.hu\/gazdasagtudomanyi-intezet\/en\/\",\"name\":\"Gazdas\u00e1gtudom\u00e1nyi \u00e9s Biostatisztikai Int\u00e9zet\",\"description\":\"\",\"potentialAction\":[{\"@type\":\"SearchAction\",\"target\":{\"@type\":\"EntryPoint\",\"urlTemplate\":\"https:\/\/univet.hu\/gazdasagtudomanyi-intezet\/en\/?s={search_term_string}\"},\"query-input\":{\"@type\":\"PropertyValueSpecification\",\"valueRequired\":true,\"valueName\":\"search_term_string\"}}],\"inLanguage\":\"hu\"}]}<\/script>\n<!-- \/ Yoast SEO plugin. -->","yoast_head_json":{"title":"Oktat\u00f3k konzult\u00e1ci\u00f3s id\u0151pontjai - Gazdas\u00e1gtudom\u00e1nyi \u00e9s Biostatisztikai Int\u00e9zet","robots":{"index":"index","follow":"follow","max-snippet":"max-snippet:-1","max-image-preview":"max-image-preview:large","max-video-preview":"max-video-preview:-1"},"canonical":"https:\/\/univet.hu\/gazdasagtudomanyi-intezet\/biomatematikai-es-szamitastechnikai-tanszek\/oktatok-konzultacios-idopontjai\/","og_locale":"hu_HU","og_type":"article","og_title":"Oktat\u00f3k konzult\u00e1ci\u00f3s id\u0151pontjai - Gazdas\u00e1gtudom\u00e1nyi \u00e9s Biostatisztikai Int\u00e9zet","og_description":"&nbsp; Biostatisztika Tansz\u00e9k\u00a0 Department of Biostatistics\u00a0 OKTAT\u00d3K KONZULT\u00c1CI\u00d3S ID\u0150PONTJAI\u00a0 OFFICE HOURS OF THE LECTURERS\u00a0 2024\/25. 1. szemeszter &nbsp; Dr. Harnos Andrea egyetemi docens, tansz\u00e9kvezet\u0151 (associate professor, head of department) Kedd (Tuesday): 13:00-14:00 [Kattintson az emailc\u00edmhez] Abonyi-T\u00f3th Zsolt mesteroktat\u00f3 (senior lecturer) H\u00e9tf\u0151 (Monday): 10:15-11:15 [Kattintson az emailc\u00edmhez] Dr. Feh\u00e9rv\u00e1ri P\u00e9ter tudom\u00e1nyos munkat\u00e1rs (research fellow) Cs\u00fct\u00f6rt\u00f6k (Thursday):","og_url":"https:\/\/univet.hu\/gazdasagtudomanyi-intezet\/biomatematikai-es-szamitastechnikai-tanszek\/oktatok-konzultacios-idopontjai\/","og_site_name":"Gazdas\u00e1gtudom\u00e1nyi \u00e9s Biostatisztikai Int\u00e9zet","article_modified_time":"2025-03-28T14:41:14+00:00","twitter_card":"summary_large_image","twitter_misc":{"Becs\u00fclt olvas\u00e1si id\u0151":"1 perc"},"schema":{"@context":"https:\/\/schema.org","@graph":[{"@type":"WebPage","@id":"https:\/\/univet.hu\/gazdasagtudomanyi-intezet\/biomatematikai-es-szamitastechnikai-tanszek\/oktatok-konzultacios-idopontjai\/","url":"https:\/\/univet.hu\/gazdasagtudomanyi-intezet\/biomatematikai-es-szamitastechnikai-tanszek\/oktatok-konzultacios-idopontjai\/","name":"Oktat\u00f3k konzult\u00e1ci\u00f3s id\u0151pontjai - Gazdas\u00e1gtudom\u00e1nyi \u00e9s Biostatisztikai Int\u00e9zet","isPartOf":{"@id":"https:\/\/univet.hu\/gazdasagtudomanyi-intezet\/en\/#website"},"datePublished":"2024-09-20T09:08:25+00:00","dateModified":"2025-03-28T14:41:14+00:00","breadcrumb":{"@id":"https:\/\/univet.hu\/gazdasagtudomanyi-intezet\/biomatematikai-es-szamitastechnikai-tanszek\/oktatok-konzultacios-idopontjai\/#breadcrumb"},"inLanguage":"hu","potentialAction":[{"@type":"ReadAction","target":["https:\/\/univet.hu\/gazdasagtudomanyi-intezet\/biomatematikai-es-szamitastechnikai-tanszek\/oktatok-konzultacios-idopontjai\/"]}]},{"@type":"BreadcrumbList","@id":"https:\/\/univet.hu\/gazdasagtudomanyi-intezet\/biomatematikai-es-szamitastechnikai-tanszek\/oktatok-konzultacios-idopontjai\/#breadcrumb","itemListElement":[{"@type":"ListItem","position":1,"name":"Kezd\u0151lap","item":"https:\/\/univet.hu\/gazdasagtudomanyi-intezet\/en\/"},{"@type":"ListItem","position":2,"name":"Biostatisztika Tansz\u00e9k","item":"https:\/\/univet.hu\/gazdasagtudomanyi-intezet\/biomatematikai-es-szamitastechnikai-tanszek\/"},{"@type":"ListItem","position":3,"name":"Oktat\u00f3k konzult\u00e1ci\u00f3s id\u0151pontjai"}]},{"@type":"WebSite","@id":"https:\/\/univet.hu\/gazdasagtudomanyi-intezet\/en\/#website","url":"https:\/\/univet.hu\/gazdasagtudomanyi-intezet\/en\/","name":"Gazdas\u00e1gtudom\u00e1nyi \u00e9s Biostatisztikai Int\u00e9zet","description":"","potentialAction":[{"@type":"SearchAction","target":{"@type":"EntryPoint","urlTemplate":"https:\/\/univet.hu\/gazdasagtudomanyi-intezet\/en\/?s={search_term_string}"},"query-input":{"@type":"PropertyValueSpecification","valueRequired":true,"valueName":"search_term_string"}}],"inLanguage":"hu"}]}},"_links":{"self":[{"href":"https:\/\/univet.hu\/gazdasagtudomanyi-intezet\/wp-json\/wp\/v2\/pages\/103587","targetHints":{"allow":["GET"]}}],"collection":[{"href":"https:\/\/univet.hu\/gazdasagtudomanyi-intezet\/wp-json\/wp\/v2\/pages"}],"about":[{"href":"https:\/\/univet.hu\/gazdasagtudomanyi-intezet\/wp-json\/wp\/v2\/types\/page"}],"author":[{"embeddable":true,"href":"https:\/\/univet.hu\/gazdasagtudomanyi-intezet\/wp-json\/wp\/v2\/users\/3837"}],"replies":[{"embeddable":true,"href":"https:\/\/univet.hu\/gazdasagtudomanyi-intezet\/wp-json\/wp\/v2\/comments?post=103587"}],"version-history":[{"count":1,"href":"https:\/\/univet.hu\/gazdasagtudomanyi-intezet\/wp-json\/wp\/v2\/pages\/103587\/revisions"}],"predecessor-version":[{"id":103610,"href":"https:\/\/univet.hu\/gazdasagtudomanyi-intezet\/wp-json\/wp\/v2\/pages\/103587\/revisions\/103610"}],"up":[{"embeddable":true,"href":"https:\/\/univet.hu\/gazdasagtudomanyi-intezet\/wp-json\/wp\/v2\/pages\/3313"}],"wp:attachment":[{"href":"https:\/\/univet.hu\/gazdasagtudomanyi-intezet\/wp-json\/wp\/v2\/media?parent=103587"}],"wp:term":[{"taxonomy":"category","embeddable":true,"href":"https:\/\/univet.hu\/gazdasagtudomanyi-intezet\/wp-json\/wp\/v2\/categories?post=103587"},{"taxonomy":"post_tag","embeddable":true,"href":"https:\/\/univet.hu\/gazdasagtudomanyi-intezet\/wp-json\/wp\/v2\/tags?post=103587"}],"curies":[{"name":"wp","href":"https:\/\/api.w.org\/{rel}","templated":true}]}}