{"id":14390,"date":"2018-09-04T12:10:32","date_gmt":"2018-09-04T10:10:32","guid":{"rendered":"http:\/\/univet.hu\/egyetem\/szervezeti-egysegek\/torvenyszeki-allatorvostani-jogi-es-gazdasagtudomanyi-tanszek\/kutatas\/"},"modified":"2025-03-28T15:41:13","modified_gmt":"2025-03-28T14:41:13","slug":"kutatas","status":"publish","type":"page","link":"https:\/\/univet.hu\/gazdasagtudomanyi-intezet\/torvenyszeki-allatorvostani-jogi-es-gazdasagtudomanyi-tanszek\/kutatas\/","title":{"rendered":"Kutat\u00e1s"},"content":{"rendered":"<p><strong>\u00c1llatorvosi praxismenedzsment<\/strong><\/p> <p>Kis\u00e1llat-, nagy\u00e1llat- \u00e9s vegyes praxis<\/p> <p>Kapcsolattart\u00f3: Dr. \u00d3zsv\u00e1ri L\u00e1szl\u00f3<\/p> <p>&nbsp;<\/p> <p><strong>\u00c1llom\u00e1ny-eg\u00e9szs\u00e9g\u00fcgyi menedzsment gazdas\u00e1gi k\u00e9rd\u00e9sei<\/strong><\/p> <p>Szarvasmarha, sert\u00e9s, baromfi, juh \u00e9s kecske, m\u00e9h \u00e9s v\u00edzi\u00e1llat<\/p> <p>Kapcsolattart\u00f3: Dr. \u00d3zsv\u00e1ri L\u00e1szl\u00f3<\/p> <p>&nbsp;<\/p> <p><strong>Az \u00e1llatorvosi tev\u00e9kenys\u00e9g etikai k\u00e9rd\u00e9sei<\/strong><\/p> <p>Kapcsolattart\u00f3: Dr. Csintalan Csaba<\/p> <p>&nbsp;<\/p> <p><strong>Az \u00e1llatorvosi tev\u00e9kenys\u00e9g k\u00e1rt\u00e9r\u00edt\u00e9si k\u00e9rd\u00e9sei<\/strong><\/p> <p>Kapcsolattart\u00f3: Dr. Csintalan Csaba<\/p> <p>&nbsp;<\/p> <p><strong>Fert\u0151z\u0151 betegs\u00e9gekkel szembeni megel\u0151z\u00e9s \u00e9s v\u00e9dekez\u00e9s jogi \u00e9s gazdas\u00e1gi vonatkoz\u00e1sai<\/strong><\/p> <p>Kapcsolattart\u00f3: Dr. \u00d3zsv\u00e1ri L\u00e1szl\u00f3<\/p>","protected":false},"excerpt":{"rendered":"<p>\u00c1llatorvosi praxismenedzsment Kis\u00e1llat-, nagy\u00e1llat- \u00e9s vegyes praxis Kapcsolattart\u00f3: Dr. \u00d3zsv\u00e1ri L\u00e1szl\u00f3 &nbsp; \u00c1llom\u00e1ny-eg\u00e9szs\u00e9g\u00fcgyi menedzsment gazdas\u00e1gi k\u00e9rd\u00e9sei Szarvasmarha, sert\u00e9s, baromfi, juh \u00e9s kecske, m\u00e9h \u00e9s v\u00edzi\u00e1llat Kapcsolattart\u00f3: Dr. \u00d3zsv\u00e1ri L\u00e1szl\u00f3 &nbsp; Az \u00e1llatorvosi tev\u00e9kenys\u00e9g etikai k\u00e9rd\u00e9sei Kapcsolattart\u00f3: Dr. Csintalan Csaba &nbsp; Az \u00e1llatorvosi tev\u00e9kenys\u00e9g k\u00e1rt\u00e9r\u00edt\u00e9si k\u00e9rd\u00e9sei Kapcsolattart\u00f3: Dr. Csintalan Csaba &nbsp; Fert\u0151z\u0151 betegs\u00e9gekkel szembeni megel\u0151z\u00e9s \u00e9s<\/p>\n","protected":false},"author":3837,"featured_media":0,"parent":3394,"menu_order":0,"comment_status":"closed","ping_status":"closed","template":"","meta":{"_acf_changed":false,"footnotes":""},"categories":[],"tags":[],"class_list":["post-14390","page","type-page","status-publish","hentry"],"acf":[],"yoast_head":"<!-- This site is optimized with the Yoast SEO plugin v27.2 - https:\/\/yoast.com\/product\/yoast-seo-wordpress\/ -->\n<title>Kutat\u00e1s - Gazdas\u00e1gtudom\u00e1nyi \u00e9s Biostatisztikai Int\u00e9zet<\/title>\n<meta name=\"robots\" content=\"index, follow, max-snippet:-1, max-image-preview:large, max-video-preview:-1\" \/>\n<link rel=\"canonical\" href=\"https:\/\/univet.hu\/gazdasagtudomanyi-intezet\/torvenyszeki-allatorvostani-jogi-es-gazdasagtudomanyi-tanszek\/kutatas\/\" \/>\n<meta property=\"og:locale\" content=\"hu_HU\" \/>\n<meta property=\"og:type\" content=\"article\" \/>\n<meta property=\"og:title\" content=\"Kutat\u00e1s - Gazdas\u00e1gtudom\u00e1nyi \u00e9s Biostatisztikai Int\u00e9zet\" \/>\n<meta property=\"og:description\" content=\"\u00c1llatorvosi praxismenedzsment Kis\u00e1llat-, nagy\u00e1llat- \u00e9s vegyes praxis Kapcsolattart\u00f3: Dr. \u00d3zsv\u00e1ri L\u00e1szl\u00f3 &nbsp; \u00c1llom\u00e1ny-eg\u00e9szs\u00e9g\u00fcgyi menedzsment gazdas\u00e1gi k\u00e9rd\u00e9sei Szarvasmarha, sert\u00e9s, baromfi, juh \u00e9s kecske, m\u00e9h \u00e9s v\u00edzi\u00e1llat Kapcsolattart\u00f3: Dr. \u00d3zsv\u00e1ri L\u00e1szl\u00f3 &nbsp; Az \u00e1llatorvosi tev\u00e9kenys\u00e9g etikai k\u00e9rd\u00e9sei Kapcsolattart\u00f3: Dr. Csintalan Csaba &nbsp; Az \u00e1llatorvosi tev\u00e9kenys\u00e9g k\u00e1rt\u00e9r\u00edt\u00e9si k\u00e9rd\u00e9sei Kapcsolattart\u00f3: Dr. Csintalan Csaba &nbsp; Fert\u0151z\u0151 betegs\u00e9gekkel szembeni megel\u0151z\u00e9s \u00e9s\" \/>\n<meta property=\"og:url\" content=\"https:\/\/univet.hu\/gazdasagtudomanyi-intezet\/torvenyszeki-allatorvostani-jogi-es-gazdasagtudomanyi-tanszek\/kutatas\/\" \/>\n<meta property=\"og:site_name\" content=\"Gazdas\u00e1gtudom\u00e1nyi \u00e9s Biostatisztikai Int\u00e9zet\" \/>\n<meta property=\"article:modified_time\" content=\"2025-03-28T14:41:13+00:00\" \/>\n<meta name=\"twitter:card\" content=\"summary_large_image\" \/>\n<meta name=\"twitter:label1\" content=\"Becs\u00fclt olvas\u00e1si id\u0151\" \/>\n\t<meta name=\"twitter:data1\" content=\"1 perc\" \/>\n<script type=\"application\/ld+json\" class=\"yoast-schema-graph\">{\"@context\":\"https:\/\/schema.org\",\"@graph\":[{\"@type\":\"WebPage\",\"@id\":\"https:\/\/univet.hu\/gazdasagtudomanyi-intezet\/torvenyszeki-allatorvostani-jogi-es-gazdasagtudomanyi-tanszek\/kutatas\/\",\"url\":\"https:\/\/univet.hu\/gazdasagtudomanyi-intezet\/torvenyszeki-allatorvostani-jogi-es-gazdasagtudomanyi-tanszek\/kutatas\/\",\"name\":\"Kutat\u00e1s - Gazdas\u00e1gtudom\u00e1nyi \u00e9s Biostatisztikai Int\u00e9zet\",\"isPartOf\":{\"@id\":\"https:\/\/univet.hu\/gazdasagtudomanyi-intezet\/en\/#website\"},\"datePublished\":\"2018-09-04T10:10:32+00:00\",\"dateModified\":\"2025-03-28T14:41:13+00:00\",\"breadcrumb\":{\"@id\":\"https:\/\/univet.hu\/gazdasagtudomanyi-intezet\/torvenyszeki-allatorvostani-jogi-es-gazdasagtudomanyi-tanszek\/kutatas\/#breadcrumb\"},\"inLanguage\":\"hu\",\"potentialAction\":[{\"@type\":\"ReadAction\",\"target\":[\"https:\/\/univet.hu\/gazdasagtudomanyi-intezet\/torvenyszeki-allatorvostani-jogi-es-gazdasagtudomanyi-tanszek\/kutatas\/\"]}]},{\"@type\":\"BreadcrumbList\",\"@id\":\"https:\/\/univet.hu\/gazdasagtudomanyi-intezet\/torvenyszeki-allatorvostani-jogi-es-gazdasagtudomanyi-tanszek\/kutatas\/#breadcrumb\",\"itemListElement\":[{\"@type\":\"ListItem\",\"position\":1,\"name\":\"Kezd\u0151lap\",\"item\":\"https:\/\/univet.hu\/gazdasagtudomanyi-intezet\/en\/\"},{\"@type\":\"ListItem\",\"position\":2,\"name\":\"T\u00f6rv\u00e9nysz\u00e9ki \u00c1llatorvostani \u00e9s Gazdas\u00e1gtudom\u00e1nyi Tansz\u00e9k\",\"item\":\"https:\/\/univet.hu\/gazdasagtudomanyi-intezet\/torvenyszeki-allatorvostani-jogi-es-gazdasagtudomanyi-tanszek\/\"},{\"@type\":\"ListItem\",\"position\":3,\"name\":\"Kutat\u00e1s\"}]},{\"@type\":\"WebSite\",\"@id\":\"https:\/\/univet.hu\/gazdasagtudomanyi-intezet\/en\/#website\",\"url\":\"https:\/\/univet.hu\/gazdasagtudomanyi-intezet\/en\/\",\"name\":\"Gazdas\u00e1gtudom\u00e1nyi \u00e9s Biostatisztikai Int\u00e9zet\",\"description\":\"\",\"potentialAction\":[{\"@type\":\"SearchAction\",\"target\":{\"@type\":\"EntryPoint\",\"urlTemplate\":\"https:\/\/univet.hu\/gazdasagtudomanyi-intezet\/en\/?s={search_term_string}\"},\"query-input\":{\"@type\":\"PropertyValueSpecification\",\"valueRequired\":true,\"valueName\":\"search_term_string\"}}],\"inLanguage\":\"hu\"}]}<\/script>\n<!-- \/ Yoast SEO plugin. -->","yoast_head_json":{"title":"Kutat\u00e1s - Gazdas\u00e1gtudom\u00e1nyi \u00e9s Biostatisztikai Int\u00e9zet","robots":{"index":"index","follow":"follow","max-snippet":"max-snippet:-1","max-image-preview":"max-image-preview:large","max-video-preview":"max-video-preview:-1"},"canonical":"https:\/\/univet.hu\/gazdasagtudomanyi-intezet\/torvenyszeki-allatorvostani-jogi-es-gazdasagtudomanyi-tanszek\/kutatas\/","og_locale":"hu_HU","og_type":"article","og_title":"Kutat\u00e1s - Gazdas\u00e1gtudom\u00e1nyi \u00e9s Biostatisztikai Int\u00e9zet","og_description":"\u00c1llatorvosi praxismenedzsment Kis\u00e1llat-, nagy\u00e1llat- \u00e9s vegyes praxis Kapcsolattart\u00f3: Dr. \u00d3zsv\u00e1ri L\u00e1szl\u00f3 &nbsp; \u00c1llom\u00e1ny-eg\u00e9szs\u00e9g\u00fcgyi menedzsment gazdas\u00e1gi k\u00e9rd\u00e9sei Szarvasmarha, sert\u00e9s, baromfi, juh \u00e9s kecske, m\u00e9h \u00e9s v\u00edzi\u00e1llat Kapcsolattart\u00f3: Dr. \u00d3zsv\u00e1ri L\u00e1szl\u00f3 &nbsp; Az \u00e1llatorvosi tev\u00e9kenys\u00e9g etikai k\u00e9rd\u00e9sei Kapcsolattart\u00f3: Dr. Csintalan Csaba &nbsp; Az \u00e1llatorvosi tev\u00e9kenys\u00e9g k\u00e1rt\u00e9r\u00edt\u00e9si k\u00e9rd\u00e9sei Kapcsolattart\u00f3: Dr. Csintalan Csaba &nbsp; Fert\u0151z\u0151 betegs\u00e9gekkel szembeni megel\u0151z\u00e9s \u00e9s","og_url":"https:\/\/univet.hu\/gazdasagtudomanyi-intezet\/torvenyszeki-allatorvostani-jogi-es-gazdasagtudomanyi-tanszek\/kutatas\/","og_site_name":"Gazdas\u00e1gtudom\u00e1nyi \u00e9s Biostatisztikai Int\u00e9zet","article_modified_time":"2025-03-28T14:41:13+00:00","twitter_card":"summary_large_image","twitter_misc":{"Becs\u00fclt olvas\u00e1si id\u0151":"1 perc"},"schema":{"@context":"https:\/\/schema.org","@graph":[{"@type":"WebPage","@id":"https:\/\/univet.hu\/gazdasagtudomanyi-intezet\/torvenyszeki-allatorvostani-jogi-es-gazdasagtudomanyi-tanszek\/kutatas\/","url":"https:\/\/univet.hu\/gazdasagtudomanyi-intezet\/torvenyszeki-allatorvostani-jogi-es-gazdasagtudomanyi-tanszek\/kutatas\/","name":"Kutat\u00e1s - Gazdas\u00e1gtudom\u00e1nyi \u00e9s Biostatisztikai Int\u00e9zet","isPartOf":{"@id":"https:\/\/univet.hu\/gazdasagtudomanyi-intezet\/en\/#website"},"datePublished":"2018-09-04T10:10:32+00:00","dateModified":"2025-03-28T14:41:13+00:00","breadcrumb":{"@id":"https:\/\/univet.hu\/gazdasagtudomanyi-intezet\/torvenyszeki-allatorvostani-jogi-es-gazdasagtudomanyi-tanszek\/kutatas\/#breadcrumb"},"inLanguage":"hu","potentialAction":[{"@type":"ReadAction","target":["https:\/\/univet.hu\/gazdasagtudomanyi-intezet\/torvenyszeki-allatorvostani-jogi-es-gazdasagtudomanyi-tanszek\/kutatas\/"]}]},{"@type":"BreadcrumbList","@id":"https:\/\/univet.hu\/gazdasagtudomanyi-intezet\/torvenyszeki-allatorvostani-jogi-es-gazdasagtudomanyi-tanszek\/kutatas\/#breadcrumb","itemListElement":[{"@type":"ListItem","position":1,"name":"Kezd\u0151lap","item":"https:\/\/univet.hu\/gazdasagtudomanyi-intezet\/en\/"},{"@type":"ListItem","position":2,"name":"T\u00f6rv\u00e9nysz\u00e9ki \u00c1llatorvostani \u00e9s Gazdas\u00e1gtudom\u00e1nyi Tansz\u00e9k","item":"https:\/\/univet.hu\/gazdasagtudomanyi-intezet\/torvenyszeki-allatorvostani-jogi-es-gazdasagtudomanyi-tanszek\/"},{"@type":"ListItem","position":3,"name":"Kutat\u00e1s"}]},{"@type":"WebSite","@id":"https:\/\/univet.hu\/gazdasagtudomanyi-intezet\/en\/#website","url":"https:\/\/univet.hu\/gazdasagtudomanyi-intezet\/en\/","name":"Gazdas\u00e1gtudom\u00e1nyi \u00e9s Biostatisztikai Int\u00e9zet","description":"","potentialAction":[{"@type":"SearchAction","target":{"@type":"EntryPoint","urlTemplate":"https:\/\/univet.hu\/gazdasagtudomanyi-intezet\/en\/?s={search_term_string}"},"query-input":{"@type":"PropertyValueSpecification","valueRequired":true,"valueName":"search_term_string"}}],"inLanguage":"hu"}]}},"_links":{"self":[{"href":"https:\/\/univet.hu\/gazdasagtudomanyi-intezet\/wp-json\/wp\/v2\/pages\/14390","targetHints":{"allow":["GET"]}}],"collection":[{"href":"https:\/\/univet.hu\/gazdasagtudomanyi-intezet\/wp-json\/wp\/v2\/pages"}],"about":[{"href":"https:\/\/univet.hu\/gazdasagtudomanyi-intezet\/wp-json\/wp\/v2\/types\/page"}],"author":[{"embeddable":true,"href":"https:\/\/univet.hu\/gazdasagtudomanyi-intezet\/wp-json\/wp\/v2\/users\/3837"}],"replies":[{"embeddable":true,"href":"https:\/\/univet.hu\/gazdasagtudomanyi-intezet\/wp-json\/wp\/v2\/comments?post=14390"}],"version-history":[{"count":1,"href":"https:\/\/univet.hu\/gazdasagtudomanyi-intezet\/wp-json\/wp\/v2\/pages\/14390\/revisions"}],"predecessor-version":[{"id":103598,"href":"https:\/\/univet.hu\/gazdasagtudomanyi-intezet\/wp-json\/wp\/v2\/pages\/14390\/revisions\/103598"}],"up":[{"embeddable":true,"href":"https:\/\/univet.hu\/gazdasagtudomanyi-intezet\/wp-json\/wp\/v2\/pages\/3394"}],"wp:attachment":[{"href":"https:\/\/univet.hu\/gazdasagtudomanyi-intezet\/wp-json\/wp\/v2\/media?parent=14390"}],"wp:term":[{"taxonomy":"category","embeddable":true,"href":"https:\/\/univet.hu\/gazdasagtudomanyi-intezet\/wp-json\/wp\/v2\/categories?post=14390"},{"taxonomy":"post_tag","embeddable":true,"href":"https:\/\/univet.hu\/gazdasagtudomanyi-intezet\/wp-json\/wp\/v2\/tags?post=14390"}],"curies":[{"name":"wp","href":"https:\/\/api.w.org\/{rel}","templated":true}]}}