{"id":3313,"date":"2018-01-14T14:54:00","date_gmt":"2018-01-14T13:54:00","guid":{"rendered":"http:\/\/univet.hu\/egyetem\/szervezeti-egysegek\/biomatematikai-es-szamitastechnikai-tanszek\/"},"modified":"2026-03-13T07:49:49","modified_gmt":"2026-03-13T06:49:49","slug":"biomatematikai-es-szamitastechnikai-tanszek","status":"publish","type":"page","link":"https:\/\/univet.hu\/gazdasagtudomanyi-intezet\/biomatematikai-es-szamitastechnikai-tanszek\/","title":{"rendered":"Biostatisztika Tansz\u00e9k"},"content":{"rendered":"<h2><a href=\"https:\/\/elearning.univet.hu\/login\/index.php\"><span style=\"font-size: 14pt\">EGYETEMI E-LEARNING SZERVER<\/span><\/a><\/h2> <h2><span style=\"font-size: 14pt\"><a href=\"https:\/\/tkk-elearning.univet.hu\/login\/index.php\">TOV\u00c1BBK\u00c9PZ\u00c9S E-LEARNING SZERVER<\/a><\/span><\/h2> <p><span style=\"font-size: 14pt\"><a href=\"http:\/\/biomat.univet.hu\/\"><strong>Tansz\u00e9ki honlap<\/strong><\/a><\/span><\/p> <h2>Bemutatkoz\u00e1s<\/h2> <div> <div><\/div> <div><strong>Posztgradu\u00e1lis szakk\u00e9pz\u00e9s<\/strong><\/div> <div>2025 szeptember\u00e9ben k\u00e9t\u00e9ves (n\u00e9gy f\u00e9l\u00e9ves) <strong>Alkalmazott Biostatisztikus<\/strong> posztgradu\u00e1lis szakk\u00e9pz\u00e9st ind\u00edtottunk. B\u0151vebb inform\u00e1ci\u00f3 a<a href=\"http:\/\/biomat.univet.hu\"> tansz\u00e9k honlapj\u00e1n<\/a>, illetve az \u00c1TE <a href=\"https:\/\/univet.hu\/hu\/oktatas\/tovabbkepzes\/\" data-replaced=\"true\">Tov\u00e1bbk\u00e9pz\u00e9si Oszt\u00e1ly<\/a> honlapj\u00e1n tal\u00e1lhat\u00f3. K\u00e9rd\u00e9seikkel forduljanak a szakk\u00e9pz\u00e9s felel\u0151sh\u00f6z, <a class=\"decrypt\" rel=\"ibsopt\/boesfbAvwjwfu\/iv\" href=\"javascript:void(0);\">[Kattintson az emailc\u00edmhez]<\/a>.<\/div> <div><\/div> <\/div> <h2>Az egys\u00e9g t\u00f6rt\u00e9nete<\/h2> <div> <p>A tansz\u00e9k 1992-ben alakult, mint az Oktat\u00e1stechnikai Oszt\u00e1ly ut\u00f3da. Az oktatott tant\u00e1rgyak tematik\u00e1j\u00e1t \u00e9s szerkezet\u00e9t az\u00f3ta t\u00f6bbsz\u00f6r \u00e1talak\u00edtottuk, korszer\u0171s\u00edtett\u00fck. 1997-ben nyitottuk meg els\u0151 nyilv\u00e1nos sz\u00e1m\u00edt\u00f3g\u00e9pterm\u00fcnket. 2006 \u00f3ta k\u00e9t sz\u00e1m\u00edt\u00f3g\u00e9pes oktat\u00f3term\u00fcnkben folyik az Informatika, Biomatematika \u00e9s Biostatisztika t\u00e1rgyak oktat\u00e1sa az \u00e1llatorvos, biol\u00f3gus (BSc \u00e9s MSc), valamint a PhD k\u00e9pz\u00e9sben r\u00e9szt vev\u0151 hallgat\u00f3k sz\u00e1m\u00e1ra.<\/p> <p>2022. j\u00falius 1-t\u0151l az egys\u00e9g neve Biostatisztika Tansz\u00e9kre m\u00f3dosult \u00e9s a Gazdas\u00e1gtudom\u00e1nyi \u00e9s Biostatisztikai Int\u00e9zet r\u00e9sze lett.<\/p> <p><a href=\"https:\/\/docs.google.com\/forms\/d\/e\/1FAIpQLSdrT3yRM6kuDXf1nvOea6PE3-GeP1w3b1gShzn5dd_7zNp9zQ\/viewform\"><strong>Bejelentkez\u00e9s statisztikai konzult\u00e1ci\u00f3ra\u00a0<\/strong><\/a><\/p> <p><a href=\"http:\/\/biomat.univet.hu\/wp-content\/uploads\/2020\/03\/stat_konzultacios_ugyrend.pdf\">Statisztikai szolg\u00e1ltat\u00e1si \u00fcgyrend<\/a><\/p> <p>&nbsp;<\/p> <p>&nbsp;<\/p> <\/div>","protected":false},"excerpt":{"rendered":"<p>EGYETEMI E-LEARNING SZERVER TOV\u00c1BBK\u00c9PZ\u00c9S E-LEARNING SZERVER Tansz\u00e9ki honlap Bemutatkoz\u00e1s Posztgradu\u00e1lis szakk\u00e9pz\u00e9s 2025 szeptember\u00e9ben k\u00e9t\u00e9ves (n\u00e9gy f\u00e9l\u00e9ves) Alkalmazott Biostatisztikus posztgradu\u00e1lis szakk\u00e9pz\u00e9st ind\u00edtottunk. B\u0151vebb inform\u00e1ci\u00f3 a tansz\u00e9k honlapj\u00e1n, illetve az \u00c1TE Tov\u00e1bbk\u00e9pz\u00e9si Oszt\u00e1ly honlapj\u00e1n tal\u00e1lhat\u00f3. K\u00e9rd\u00e9seikkel forduljanak a szakk\u00e9pz\u00e9s felel\u0151sh\u00f6z, [Kattintson az emailc\u00edmhez]. Az egys\u00e9g t\u00f6rt\u00e9nete A tansz\u00e9k 1992-ben alakult, mint az Oktat\u00e1stechnikai Oszt\u00e1ly ut\u00f3da. Az oktatott<\/p>\n","protected":false},"author":3837,"featured_media":0,"parent":0,"menu_order":141,"comment_status":"closed","ping_status":"closed","template":"","meta":{"_acf_changed":false,"footnotes":""},"categories":[16],"tags":[],"class_list":["post-3313","page","type-page","status-publish","hentry","category-szervezeti-egysegek"],"acf":[],"yoast_head":"<!-- This site is optimized with the Yoast SEO plugin v27.2 - https:\/\/yoast.com\/product\/yoast-seo-wordpress\/ -->\n<title>Biostatisztika Tansz\u00e9k - Gazdas\u00e1gtudom\u00e1nyi \u00e9s Biostatisztikai Int\u00e9zet<\/title>\n<meta name=\"robots\" content=\"index, follow, max-snippet:-1, max-image-preview:large, max-video-preview:-1\" \/>\n<link rel=\"canonical\" href=\"https:\/\/univet.hu\/gazdasagtudomanyi-intezet\/biomatematikai-es-szamitastechnikai-tanszek\/\" \/>\n<meta property=\"og:locale\" content=\"hu_HU\" \/>\n<meta property=\"og:type\" content=\"article\" \/>\n<meta property=\"og:title\" content=\"Biostatisztika Tansz\u00e9k - Gazdas\u00e1gtudom\u00e1nyi \u00e9s Biostatisztikai Int\u00e9zet\" \/>\n<meta property=\"og:description\" content=\"EGYETEMI E-LEARNING SZERVER TOV\u00c1BBK\u00c9PZ\u00c9S E-LEARNING SZERVER Tansz\u00e9ki honlap Bemutatkoz\u00e1s Posztgradu\u00e1lis szakk\u00e9pz\u00e9s 2025 szeptember\u00e9ben k\u00e9t\u00e9ves (n\u00e9gy f\u00e9l\u00e9ves) Alkalmazott Biostatisztikus posztgradu\u00e1lis szakk\u00e9pz\u00e9st ind\u00edtottunk. B\u0151vebb inform\u00e1ci\u00f3 a tansz\u00e9k honlapj\u00e1n, illetve az \u00c1TE Tov\u00e1bbk\u00e9pz\u00e9si Oszt\u00e1ly honlapj\u00e1n tal\u00e1lhat\u00f3. K\u00e9rd\u00e9seikkel forduljanak a szakk\u00e9pz\u00e9s felel\u0151sh\u00f6z, [Kattintson az emailc\u00edmhez]. Az egys\u00e9g t\u00f6rt\u00e9nete A tansz\u00e9k 1992-ben alakult, mint az Oktat\u00e1stechnikai Oszt\u00e1ly ut\u00f3da. Az oktatott\" \/>\n<meta property=\"og:url\" content=\"https:\/\/univet.hu\/gazdasagtudomanyi-intezet\/biomatematikai-es-szamitastechnikai-tanszek\/\" \/>\n<meta property=\"og:site_name\" content=\"Gazdas\u00e1gtudom\u00e1nyi \u00e9s Biostatisztikai Int\u00e9zet\" \/>\n<meta property=\"article:modified_time\" content=\"2026-03-13T06:49:49+00:00\" \/>\n<meta name=\"twitter:card\" content=\"summary_large_image\" \/>\n<meta name=\"twitter:label1\" content=\"Becs\u00fclt olvas\u00e1si id\u0151\" \/>\n\t<meta name=\"twitter:data1\" content=\"1 perc\" \/>\n<script type=\"application\/ld+json\" class=\"yoast-schema-graph\">{\"@context\":\"https:\/\/schema.org\",\"@graph\":[{\"@type\":\"WebPage\",\"@id\":\"https:\/\/univet.hu\/gazdasagtudomanyi-intezet\/biomatematikai-es-szamitastechnikai-tanszek\/\",\"url\":\"https:\/\/univet.hu\/gazdasagtudomanyi-intezet\/biomatematikai-es-szamitastechnikai-tanszek\/\",\"name\":\"Biostatisztika Tansz\u00e9k - Gazdas\u00e1gtudom\u00e1nyi \u00e9s Biostatisztikai Int\u00e9zet\",\"isPartOf\":{\"@id\":\"https:\/\/univet.hu\/gazdasagtudomanyi-intezet\/en\/#website\"},\"datePublished\":\"2018-01-14T13:54:00+00:00\",\"dateModified\":\"2026-03-13T06:49:49+00:00\",\"breadcrumb\":{\"@id\":\"https:\/\/univet.hu\/gazdasagtudomanyi-intezet\/biomatematikai-es-szamitastechnikai-tanszek\/#breadcrumb\"},\"inLanguage\":\"hu\",\"potentialAction\":[{\"@type\":\"ReadAction\",\"target\":[\"https:\/\/univet.hu\/gazdasagtudomanyi-intezet\/biomatematikai-es-szamitastechnikai-tanszek\/\"]}]},{\"@type\":\"BreadcrumbList\",\"@id\":\"https:\/\/univet.hu\/gazdasagtudomanyi-intezet\/biomatematikai-es-szamitastechnikai-tanszek\/#breadcrumb\",\"itemListElement\":[{\"@type\":\"ListItem\",\"position\":1,\"name\":\"Kezd\u0151lap\",\"item\":\"https:\/\/univet.hu\/gazdasagtudomanyi-intezet\/en\/\"},{\"@type\":\"ListItem\",\"position\":2,\"name\":\"Biostatisztika Tansz\u00e9k\"}]},{\"@type\":\"WebSite\",\"@id\":\"https:\/\/univet.hu\/gazdasagtudomanyi-intezet\/en\/#website\",\"url\":\"https:\/\/univet.hu\/gazdasagtudomanyi-intezet\/en\/\",\"name\":\"Gazdas\u00e1gtudom\u00e1nyi \u00e9s Biostatisztikai Int\u00e9zet\",\"description\":\"\",\"potentialAction\":[{\"@type\":\"SearchAction\",\"target\":{\"@type\":\"EntryPoint\",\"urlTemplate\":\"https:\/\/univet.hu\/gazdasagtudomanyi-intezet\/en\/?s={search_term_string}\"},\"query-input\":{\"@type\":\"PropertyValueSpecification\",\"valueRequired\":true,\"valueName\":\"search_term_string\"}}],\"inLanguage\":\"hu\"}]}<\/script>\n<!-- \/ Yoast SEO plugin. -->","yoast_head_json":{"title":"Biostatisztika Tansz\u00e9k - Gazdas\u00e1gtudom\u00e1nyi \u00e9s Biostatisztikai Int\u00e9zet","robots":{"index":"index","follow":"follow","max-snippet":"max-snippet:-1","max-image-preview":"max-image-preview:large","max-video-preview":"max-video-preview:-1"},"canonical":"https:\/\/univet.hu\/gazdasagtudomanyi-intezet\/biomatematikai-es-szamitastechnikai-tanszek\/","og_locale":"hu_HU","og_type":"article","og_title":"Biostatisztika Tansz\u00e9k - Gazdas\u00e1gtudom\u00e1nyi \u00e9s Biostatisztikai Int\u00e9zet","og_description":"EGYETEMI E-LEARNING SZERVER TOV\u00c1BBK\u00c9PZ\u00c9S E-LEARNING SZERVER Tansz\u00e9ki honlap Bemutatkoz\u00e1s Posztgradu\u00e1lis szakk\u00e9pz\u00e9s 2025 szeptember\u00e9ben k\u00e9t\u00e9ves (n\u00e9gy f\u00e9l\u00e9ves) Alkalmazott Biostatisztikus posztgradu\u00e1lis szakk\u00e9pz\u00e9st ind\u00edtottunk. B\u0151vebb inform\u00e1ci\u00f3 a tansz\u00e9k honlapj\u00e1n, illetve az \u00c1TE Tov\u00e1bbk\u00e9pz\u00e9si Oszt\u00e1ly honlapj\u00e1n tal\u00e1lhat\u00f3. K\u00e9rd\u00e9seikkel forduljanak a szakk\u00e9pz\u00e9s felel\u0151sh\u00f6z, [Kattintson az emailc\u00edmhez]. Az egys\u00e9g t\u00f6rt\u00e9nete A tansz\u00e9k 1992-ben alakult, mint az Oktat\u00e1stechnikai Oszt\u00e1ly ut\u00f3da. Az oktatott","og_url":"https:\/\/univet.hu\/gazdasagtudomanyi-intezet\/biomatematikai-es-szamitastechnikai-tanszek\/","og_site_name":"Gazdas\u00e1gtudom\u00e1nyi \u00e9s Biostatisztikai Int\u00e9zet","article_modified_time":"2026-03-13T06:49:49+00:00","twitter_card":"summary_large_image","twitter_misc":{"Becs\u00fclt olvas\u00e1si id\u0151":"1 perc"},"schema":{"@context":"https:\/\/schema.org","@graph":[{"@type":"WebPage","@id":"https:\/\/univet.hu\/gazdasagtudomanyi-intezet\/biomatematikai-es-szamitastechnikai-tanszek\/","url":"https:\/\/univet.hu\/gazdasagtudomanyi-intezet\/biomatematikai-es-szamitastechnikai-tanszek\/","name":"Biostatisztika Tansz\u00e9k - Gazdas\u00e1gtudom\u00e1nyi \u00e9s Biostatisztikai Int\u00e9zet","isPartOf":{"@id":"https:\/\/univet.hu\/gazdasagtudomanyi-intezet\/en\/#website"},"datePublished":"2018-01-14T13:54:00+00:00","dateModified":"2026-03-13T06:49:49+00:00","breadcrumb":{"@id":"https:\/\/univet.hu\/gazdasagtudomanyi-intezet\/biomatematikai-es-szamitastechnikai-tanszek\/#breadcrumb"},"inLanguage":"hu","potentialAction":[{"@type":"ReadAction","target":["https:\/\/univet.hu\/gazdasagtudomanyi-intezet\/biomatematikai-es-szamitastechnikai-tanszek\/"]}]},{"@type":"BreadcrumbList","@id":"https:\/\/univet.hu\/gazdasagtudomanyi-intezet\/biomatematikai-es-szamitastechnikai-tanszek\/#breadcrumb","itemListElement":[{"@type":"ListItem","position":1,"name":"Kezd\u0151lap","item":"https:\/\/univet.hu\/gazdasagtudomanyi-intezet\/en\/"},{"@type":"ListItem","position":2,"name":"Biostatisztika Tansz\u00e9k"}]},{"@type":"WebSite","@id":"https:\/\/univet.hu\/gazdasagtudomanyi-intezet\/en\/#website","url":"https:\/\/univet.hu\/gazdasagtudomanyi-intezet\/en\/","name":"Gazdas\u00e1gtudom\u00e1nyi \u00e9s Biostatisztikai Int\u00e9zet","description":"","potentialAction":[{"@type":"SearchAction","target":{"@type":"EntryPoint","urlTemplate":"https:\/\/univet.hu\/gazdasagtudomanyi-intezet\/en\/?s={search_term_string}"},"query-input":{"@type":"PropertyValueSpecification","valueRequired":true,"valueName":"search_term_string"}}],"inLanguage":"hu"}]}},"_links":{"self":[{"href":"https:\/\/univet.hu\/gazdasagtudomanyi-intezet\/wp-json\/wp\/v2\/pages\/3313","targetHints":{"allow":["GET"]}}],"collection":[{"href":"https:\/\/univet.hu\/gazdasagtudomanyi-intezet\/wp-json\/wp\/v2\/pages"}],"about":[{"href":"https:\/\/univet.hu\/gazdasagtudomanyi-intezet\/wp-json\/wp\/v2\/types\/page"}],"author":[{"embeddable":true,"href":"https:\/\/univet.hu\/gazdasagtudomanyi-intezet\/wp-json\/wp\/v2\/users\/3837"}],"replies":[{"embeddable":true,"href":"https:\/\/univet.hu\/gazdasagtudomanyi-intezet\/wp-json\/wp\/v2\/comments?post=3313"}],"version-history":[{"count":5,"href":"https:\/\/univet.hu\/gazdasagtudomanyi-intezet\/wp-json\/wp\/v2\/pages\/3313\/revisions"}],"predecessor-version":[{"id":103876,"href":"https:\/\/univet.hu\/gazdasagtudomanyi-intezet\/wp-json\/wp\/v2\/pages\/3313\/revisions\/103876"}],"wp:attachment":[{"href":"https:\/\/univet.hu\/gazdasagtudomanyi-intezet\/wp-json\/wp\/v2\/media?parent=3313"}],"wp:term":[{"taxonomy":"category","embeddable":true,"href":"https:\/\/univet.hu\/gazdasagtudomanyi-intezet\/wp-json\/wp\/v2\/categories?post=3313"},{"taxonomy":"post_tag","embeddable":true,"href":"https:\/\/univet.hu\/gazdasagtudomanyi-intezet\/wp-json\/wp\/v2\/tags?post=3313"}],"curies":[{"name":"wp","href":"https:\/\/api.w.org\/{rel}","templated":true}]}}