{"id":3394,"date":"2017-09-18T09:35:00","date_gmt":"2017-09-18T07:35:00","guid":{"rendered":"http:\/\/univet.hu\/egyetem\/szervezeti-egysegek\/torvenyszeki-allatorvostani-jogi-es-gazdasagtudomanyi-tanszek\/"},"modified":"2025-07-04T10:38:39","modified_gmt":"2025-07-04T08:38:39","slug":"torvenyszeki-allatorvostani-jogi-es-gazdasagtudomanyi-tanszek","status":"publish","type":"page","link":"https:\/\/univet.hu\/gazdasagtudomanyi-intezet\/torvenyszeki-allatorvostani-jogi-es-gazdasagtudomanyi-tanszek\/","title":{"rendered":"T\u00f6rv\u00e9nysz\u00e9ki \u00c1llatorvostani \u00e9s Gazdas\u00e1gtudom\u00e1nyi Tansz\u00e9k"},"content":{"rendered":"<h2>Az egys\u00e9g t\u00f6rt\u00e9nete<\/h2> <div> <p>A tansz\u00e9k jelen \u00f6sszet\u00e9tel\u00e9ben 1995 \u00f3ta m\u0171k\u00f6dik, a kor\u00e1bbi \u00c1llat-eg\u00e9szs\u00e9g\u00fcgyi Igazgat\u00e1stani \u00e9s Igazs\u00e1g\u00fcgyi \u00c1llatorvostani tansz\u00e9ket a T\u00e1rsadalom- \u00e9s Gazdas\u00e1gtudom\u00e1nyi tansz\u00e9kkel akkor vont\u00e1k \u00f6ssze.<br \/> \u00c1llat-eg\u00e9szs\u00e9g\u00fcgyi igazgat\u00e1stan t\u00e1rgyk\u00f6rt 1793-t\u00f3l kezd\u0151d\u0151en oktatnak. A t\u00e1rgy azokat az igazgat\u00e1si (akkori nev\u00e9n: rend\u0151ri) int\u00e9zked\u00e9seket foglalta mag\u00e1ban, amelyeket a fert\u0151z\u0151 \u00e1llatbetegs\u00e9gek megel\u0151z\u00e9se \u00e9s lek\u00fczd\u00e9se ter\u00e9n alkalmaztak. Mivel sz\u00e1mos \u00e1llatbetegs\u00e9g megel\u0151z\u00e9se \u00e9s lek\u00fczd\u00e9se ma is csak igazgat\u00e1si (nem specifikus \u00e1llatorvosi) eszk\u00f6z\u00f6kkel lehets\u00e9ges, a t\u00e1rgynak a m\u00faltban is \u00e9s a j\u00f6v\u0151ben is nagy a jelent\u0151s\u00e9ge. A t\u00e1rgyat a kezdetekt\u0151l 1946-ig megh\u00edvott el\u0151ad\u00f3k (legt\u00f6bbsz\u00f6r a f\u00f6ldm\u0171vel\u00e9s\u00fcgyi t\u00e1rca vezet\u0151 tisztvisel\u0151i) oktatt\u00e1k. 1946-ban alap\u00edtott\u00e1k az \u00c1llat-eg\u00e9szs\u00e9g\u00fcgyi igazgat\u00e1stani tansz\u00e9ket, amely a nev\u00e9ben jelzett t\u00e1rgyat \u00e9s az igazs\u00e1g\u00fcgyi \u00e1llatorvostan c. t\u00e1rgyat oktatta.<br \/> K\u00f6zgazdas\u00e1gtan \u00e9s agr\u00e1rgazdas\u00e1gtan t\u00e1rgyk\u00f6r\u00f6k oktat\u00e1sa az int\u00e9zm\u00e9nyben 1905 \u00f3ta folyik elt\u00e9r\u0151 c\u00edm alatt (nemzetgazdas\u00e1gtan, k\u00f6zgazdas\u00e1gtan, agr\u00e1rpolitika, mez\u0151gazdas\u00e1gi termel\u00e9s \u00e9s \u00fczemtan stb.), t\u00f6bbnyire megh\u00edvott el\u0151ad\u00f3k seg\u00edts\u00e9g\u00e9vel. 1984-ben alap\u00edtott\u00e1k az \u00f6n\u00e1ll\u00f3 Agr\u00e1r-gazdas\u00e1gtani tansz\u00e9ket, amelynek neve 1990-ben T\u00e1rsadalom- \u00e9s gazdas\u00e1g-tudom\u00e1nyi tansz\u00e9kre v\u00e1ltozott. A tansz\u00e9k ebben az id\u0151szakban agr\u00e1rgazdas\u00e1gtant, \u00e1llatorvosi \u00f6kon\u00f3mi\u00e1t \u00e9s etik\u00e1t oktatott.<\/p> <p>2016. j\u00falius 1-\u00e9vel a Tansz\u00e9k neve T\u00f6rv\u00e9nysz\u00e9ki \u00c1llatorvostani, Jogi \u00e9s Gazdas\u00e1gtudom\u00e1nyi Tansz\u00e9kre v\u00e1ltozott, a tansz\u00e9k jelenlegi neve T\u00f6rv\u00e9nysz\u00e9ki \u00c1llatorvostani \u00e9s Gazdas\u00e1gtudom\u00e1nyi Tansz\u00e9k.<\/p> <pre><\/pre> <p>&nbsp;<\/p> <\/div>","protected":false},"excerpt":{"rendered":"<p>Az egys\u00e9g t\u00f6rt\u00e9nete A tansz\u00e9k jelen \u00f6sszet\u00e9tel\u00e9ben 1995 \u00f3ta m\u0171k\u00f6dik, a kor\u00e1bbi \u00c1llat-eg\u00e9szs\u00e9g\u00fcgyi Igazgat\u00e1stani \u00e9s Igazs\u00e1g\u00fcgyi \u00c1llatorvostani tansz\u00e9ket a T\u00e1rsadalom- \u00e9s Gazdas\u00e1gtudom\u00e1nyi tansz\u00e9kkel akkor vont\u00e1k \u00f6ssze. \u00c1llat-eg\u00e9szs\u00e9g\u00fcgyi igazgat\u00e1stan t\u00e1rgyk\u00f6rt 1793-t\u00f3l kezd\u0151d\u0151en oktatnak. A t\u00e1rgy azokat az igazgat\u00e1si (akkori nev\u00e9n: rend\u0151ri) int\u00e9zked\u00e9seket foglalta mag\u00e1ban, amelyeket a fert\u0151z\u0151 \u00e1llatbetegs\u00e9gek megel\u0151z\u00e9se \u00e9s lek\u00fczd\u00e9se ter\u00e9n alkalmaztak. Mivel sz\u00e1mos \u00e1llatbetegs\u00e9g<\/p>\n","protected":false},"author":3837,"featured_media":0,"parent":0,"menu_order":135,"comment_status":"closed","ping_status":"closed","template":"","meta":{"_acf_changed":false,"footnotes":""},"categories":[16],"tags":[],"class_list":["post-3394","page","type-page","status-publish","hentry","category-szervezeti-egysegek"],"acf":[],"yoast_head":"<!-- This site is optimized with the Yoast SEO plugin v27.2 - https:\/\/yoast.com\/product\/yoast-seo-wordpress\/ -->\n<title>T\u00f6rv\u00e9nysz\u00e9ki \u00c1llatorvostani \u00e9s Gazdas\u00e1gtudom\u00e1nyi Tansz\u00e9k - Gazdas\u00e1gtudom\u00e1nyi \u00e9s Biostatisztikai Int\u00e9zet<\/title>\n<meta name=\"robots\" content=\"index, follow, max-snippet:-1, max-image-preview:large, max-video-preview:-1\" \/>\n<link rel=\"canonical\" href=\"https:\/\/univet.hu\/gazdasagtudomanyi-intezet\/torvenyszeki-allatorvostani-jogi-es-gazdasagtudomanyi-tanszek\/\" \/>\n<meta property=\"og:locale\" content=\"hu_HU\" \/>\n<meta property=\"og:type\" content=\"article\" \/>\n<meta property=\"og:title\" content=\"T\u00f6rv\u00e9nysz\u00e9ki \u00c1llatorvostani \u00e9s Gazdas\u00e1gtudom\u00e1nyi Tansz\u00e9k - Gazdas\u00e1gtudom\u00e1nyi \u00e9s Biostatisztikai Int\u00e9zet\" \/>\n<meta property=\"og:description\" content=\"Az egys\u00e9g t\u00f6rt\u00e9nete A tansz\u00e9k jelen \u00f6sszet\u00e9tel\u00e9ben 1995 \u00f3ta m\u0171k\u00f6dik, a kor\u00e1bbi \u00c1llat-eg\u00e9szs\u00e9g\u00fcgyi Igazgat\u00e1stani \u00e9s Igazs\u00e1g\u00fcgyi \u00c1llatorvostani tansz\u00e9ket a T\u00e1rsadalom- \u00e9s Gazdas\u00e1gtudom\u00e1nyi tansz\u00e9kkel akkor vont\u00e1k \u00f6ssze. \u00c1llat-eg\u00e9szs\u00e9g\u00fcgyi igazgat\u00e1stan t\u00e1rgyk\u00f6rt 1793-t\u00f3l kezd\u0151d\u0151en oktatnak. A t\u00e1rgy azokat az igazgat\u00e1si (akkori nev\u00e9n: rend\u0151ri) int\u00e9zked\u00e9seket foglalta mag\u00e1ban, amelyeket a fert\u0151z\u0151 \u00e1llatbetegs\u00e9gek megel\u0151z\u00e9se \u00e9s lek\u00fczd\u00e9se ter\u00e9n alkalmaztak. Mivel sz\u00e1mos \u00e1llatbetegs\u00e9g\" \/>\n<meta property=\"og:url\" content=\"https:\/\/univet.hu\/gazdasagtudomanyi-intezet\/torvenyszeki-allatorvostani-jogi-es-gazdasagtudomanyi-tanszek\/\" \/>\n<meta property=\"og:site_name\" content=\"Gazdas\u00e1gtudom\u00e1nyi \u00e9s Biostatisztikai Int\u00e9zet\" \/>\n<meta property=\"article:modified_time\" content=\"2025-07-04T08:38:39+00:00\" \/>\n<meta name=\"twitter:card\" content=\"summary_large_image\" \/>\n<meta name=\"twitter:label1\" content=\"Becs\u00fclt olvas\u00e1si id\u0151\" \/>\n\t<meta name=\"twitter:data1\" content=\"2 perc\" \/>\n<script type=\"application\/ld+json\" class=\"yoast-schema-graph\">{\"@context\":\"https:\/\/schema.org\",\"@graph\":[{\"@type\":\"WebPage\",\"@id\":\"https:\/\/univet.hu\/gazdasagtudomanyi-intezet\/torvenyszeki-allatorvostani-jogi-es-gazdasagtudomanyi-tanszek\/\",\"url\":\"https:\/\/univet.hu\/gazdasagtudomanyi-intezet\/torvenyszeki-allatorvostani-jogi-es-gazdasagtudomanyi-tanszek\/\",\"name\":\"T\u00f6rv\u00e9nysz\u00e9ki \u00c1llatorvostani \u00e9s Gazdas\u00e1gtudom\u00e1nyi Tansz\u00e9k - Gazdas\u00e1gtudom\u00e1nyi \u00e9s Biostatisztikai Int\u00e9zet\",\"isPartOf\":{\"@id\":\"https:\/\/univet.hu\/gazdasagtudomanyi-intezet\/en\/#website\"},\"datePublished\":\"2017-09-18T07:35:00+00:00\",\"dateModified\":\"2025-07-04T08:38:39+00:00\",\"breadcrumb\":{\"@id\":\"https:\/\/univet.hu\/gazdasagtudomanyi-intezet\/torvenyszeki-allatorvostani-jogi-es-gazdasagtudomanyi-tanszek\/#breadcrumb\"},\"inLanguage\":\"hu\",\"potentialAction\":[{\"@type\":\"ReadAction\",\"target\":[\"https:\/\/univet.hu\/gazdasagtudomanyi-intezet\/torvenyszeki-allatorvostani-jogi-es-gazdasagtudomanyi-tanszek\/\"]}]},{\"@type\":\"BreadcrumbList\",\"@id\":\"https:\/\/univet.hu\/gazdasagtudomanyi-intezet\/torvenyszeki-allatorvostani-jogi-es-gazdasagtudomanyi-tanszek\/#breadcrumb\",\"itemListElement\":[{\"@type\":\"ListItem\",\"position\":1,\"name\":\"Kezd\u0151lap\",\"item\":\"https:\/\/univet.hu\/gazdasagtudomanyi-intezet\/en\/\"},{\"@type\":\"ListItem\",\"position\":2,\"name\":\"T\u00f6rv\u00e9nysz\u00e9ki \u00c1llatorvostani \u00e9s Gazdas\u00e1gtudom\u00e1nyi Tansz\u00e9k\"}]},{\"@type\":\"WebSite\",\"@id\":\"https:\/\/univet.hu\/gazdasagtudomanyi-intezet\/en\/#website\",\"url\":\"https:\/\/univet.hu\/gazdasagtudomanyi-intezet\/en\/\",\"name\":\"Gazdas\u00e1gtudom\u00e1nyi \u00e9s Biostatisztikai Int\u00e9zet\",\"description\":\"\",\"potentialAction\":[{\"@type\":\"SearchAction\",\"target\":{\"@type\":\"EntryPoint\",\"urlTemplate\":\"https:\/\/univet.hu\/gazdasagtudomanyi-intezet\/en\/?s={search_term_string}\"},\"query-input\":{\"@type\":\"PropertyValueSpecification\",\"valueRequired\":true,\"valueName\":\"search_term_string\"}}],\"inLanguage\":\"hu\"}]}<\/script>\n<!-- \/ Yoast SEO plugin. -->","yoast_head_json":{"title":"T\u00f6rv\u00e9nysz\u00e9ki \u00c1llatorvostani \u00e9s Gazdas\u00e1gtudom\u00e1nyi Tansz\u00e9k - Gazdas\u00e1gtudom\u00e1nyi \u00e9s Biostatisztikai Int\u00e9zet","robots":{"index":"index","follow":"follow","max-snippet":"max-snippet:-1","max-image-preview":"max-image-preview:large","max-video-preview":"max-video-preview:-1"},"canonical":"https:\/\/univet.hu\/gazdasagtudomanyi-intezet\/torvenyszeki-allatorvostani-jogi-es-gazdasagtudomanyi-tanszek\/","og_locale":"hu_HU","og_type":"article","og_title":"T\u00f6rv\u00e9nysz\u00e9ki \u00c1llatorvostani \u00e9s Gazdas\u00e1gtudom\u00e1nyi Tansz\u00e9k - Gazdas\u00e1gtudom\u00e1nyi \u00e9s Biostatisztikai Int\u00e9zet","og_description":"Az egys\u00e9g t\u00f6rt\u00e9nete A tansz\u00e9k jelen \u00f6sszet\u00e9tel\u00e9ben 1995 \u00f3ta m\u0171k\u00f6dik, a kor\u00e1bbi \u00c1llat-eg\u00e9szs\u00e9g\u00fcgyi Igazgat\u00e1stani \u00e9s Igazs\u00e1g\u00fcgyi \u00c1llatorvostani tansz\u00e9ket a T\u00e1rsadalom- \u00e9s Gazdas\u00e1gtudom\u00e1nyi tansz\u00e9kkel akkor vont\u00e1k \u00f6ssze. \u00c1llat-eg\u00e9szs\u00e9g\u00fcgyi igazgat\u00e1stan t\u00e1rgyk\u00f6rt 1793-t\u00f3l kezd\u0151d\u0151en oktatnak. A t\u00e1rgy azokat az igazgat\u00e1si (akkori nev\u00e9n: rend\u0151ri) int\u00e9zked\u00e9seket foglalta mag\u00e1ban, amelyeket a fert\u0151z\u0151 \u00e1llatbetegs\u00e9gek megel\u0151z\u00e9se \u00e9s lek\u00fczd\u00e9se ter\u00e9n alkalmaztak. Mivel sz\u00e1mos \u00e1llatbetegs\u00e9g","og_url":"https:\/\/univet.hu\/gazdasagtudomanyi-intezet\/torvenyszeki-allatorvostani-jogi-es-gazdasagtudomanyi-tanszek\/","og_site_name":"Gazdas\u00e1gtudom\u00e1nyi \u00e9s Biostatisztikai Int\u00e9zet","article_modified_time":"2025-07-04T08:38:39+00:00","twitter_card":"summary_large_image","twitter_misc":{"Becs\u00fclt olvas\u00e1si id\u0151":"2 perc"},"schema":{"@context":"https:\/\/schema.org","@graph":[{"@type":"WebPage","@id":"https:\/\/univet.hu\/gazdasagtudomanyi-intezet\/torvenyszeki-allatorvostani-jogi-es-gazdasagtudomanyi-tanszek\/","url":"https:\/\/univet.hu\/gazdasagtudomanyi-intezet\/torvenyszeki-allatorvostani-jogi-es-gazdasagtudomanyi-tanszek\/","name":"T\u00f6rv\u00e9nysz\u00e9ki \u00c1llatorvostani \u00e9s Gazdas\u00e1gtudom\u00e1nyi Tansz\u00e9k - Gazdas\u00e1gtudom\u00e1nyi \u00e9s Biostatisztikai Int\u00e9zet","isPartOf":{"@id":"https:\/\/univet.hu\/gazdasagtudomanyi-intezet\/en\/#website"},"datePublished":"2017-09-18T07:35:00+00:00","dateModified":"2025-07-04T08:38:39+00:00","breadcrumb":{"@id":"https:\/\/univet.hu\/gazdasagtudomanyi-intezet\/torvenyszeki-allatorvostani-jogi-es-gazdasagtudomanyi-tanszek\/#breadcrumb"},"inLanguage":"hu","potentialAction":[{"@type":"ReadAction","target":["https:\/\/univet.hu\/gazdasagtudomanyi-intezet\/torvenyszeki-allatorvostani-jogi-es-gazdasagtudomanyi-tanszek\/"]}]},{"@type":"BreadcrumbList","@id":"https:\/\/univet.hu\/gazdasagtudomanyi-intezet\/torvenyszeki-allatorvostani-jogi-es-gazdasagtudomanyi-tanszek\/#breadcrumb","itemListElement":[{"@type":"ListItem","position":1,"name":"Kezd\u0151lap","item":"https:\/\/univet.hu\/gazdasagtudomanyi-intezet\/en\/"},{"@type":"ListItem","position":2,"name":"T\u00f6rv\u00e9nysz\u00e9ki \u00c1llatorvostani \u00e9s Gazdas\u00e1gtudom\u00e1nyi Tansz\u00e9k"}]},{"@type":"WebSite","@id":"https:\/\/univet.hu\/gazdasagtudomanyi-intezet\/en\/#website","url":"https:\/\/univet.hu\/gazdasagtudomanyi-intezet\/en\/","name":"Gazdas\u00e1gtudom\u00e1nyi \u00e9s Biostatisztikai Int\u00e9zet","description":"","potentialAction":[{"@type":"SearchAction","target":{"@type":"EntryPoint","urlTemplate":"https:\/\/univet.hu\/gazdasagtudomanyi-intezet\/en\/?s={search_term_string}"},"query-input":{"@type":"PropertyValueSpecification","valueRequired":true,"valueName":"search_term_string"}}],"inLanguage":"hu"}]}},"_links":{"self":[{"href":"https:\/\/univet.hu\/gazdasagtudomanyi-intezet\/wp-json\/wp\/v2\/pages\/3394","targetHints":{"allow":["GET"]}}],"collection":[{"href":"https:\/\/univet.hu\/gazdasagtudomanyi-intezet\/wp-json\/wp\/v2\/pages"}],"about":[{"href":"https:\/\/univet.hu\/gazdasagtudomanyi-intezet\/wp-json\/wp\/v2\/types\/page"}],"author":[{"embeddable":true,"href":"https:\/\/univet.hu\/gazdasagtudomanyi-intezet\/wp-json\/wp\/v2\/users\/3837"}],"replies":[{"embeddable":true,"href":"https:\/\/univet.hu\/gazdasagtudomanyi-intezet\/wp-json\/wp\/v2\/comments?post=3394"}],"version-history":[{"count":1,"href":"https:\/\/univet.hu\/gazdasagtudomanyi-intezet\/wp-json\/wp\/v2\/pages\/3394\/revisions"}],"predecessor-version":[{"id":103591,"href":"https:\/\/univet.hu\/gazdasagtudomanyi-intezet\/wp-json\/wp\/v2\/pages\/3394\/revisions\/103591"}],"wp:attachment":[{"href":"https:\/\/univet.hu\/gazdasagtudomanyi-intezet\/wp-json\/wp\/v2\/media?parent=3394"}],"wp:term":[{"taxonomy":"category","embeddable":true,"href":"https:\/\/univet.hu\/gazdasagtudomanyi-intezet\/wp-json\/wp\/v2\/categories?post=3394"},{"taxonomy":"post_tag","embeddable":true,"href":"https:\/\/univet.hu\/gazdasagtudomanyi-intezet\/wp-json\/wp\/v2\/tags?post=3394"}],"curies":[{"name":"wp","href":"https:\/\/api.w.org\/{rel}","templated":true}]}}