{"id":71380,"date":"2022-02-03T15:45:05","date_gmt":"2022-02-03T14:45:05","guid":{"rendered":"https:\/\/univet.hu\/hu\/egyetem\/szervezeti-egysegek\/torvenyszeki-allatorvostani-jogi-es-gazdasagtudomanyi-tanszek\/name\/"},"modified":"2026-01-28T14:40:40","modified_gmt":"2026-01-28T13:40:40","slug":"oktatok-konzultacios-idopontjai","status":"publish","type":"page","link":"https:\/\/univet.hu\/gazdasagtudomanyi-intezet\/torvenyszeki-allatorvostani-jogi-es-gazdasagtudomanyi-tanszek\/oktatok-konzultacios-idopontjai\/","title":{"rendered":"Oktat\u00f3k konzult\u00e1ci\u00f3s id\u0151pontjai"},"content":{"rendered":"<h3 style=\"text-align: center\"><strong>T\u00f6rv\u00e9nysz\u00e9ki \u00c1llatorvostani \u00e9s Gazdas\u00e1gtudom\u00e1nyi Tansz\u00e9k<\/strong><\/h3> <h3 style=\"text-align: center\"><strong>\u00a0<\/strong><strong>Department of Veterinary Forensics and Economics<\/strong><\/h3> <p style=\"text-align: center\"> <h3 style=\"text-align: center\"><strong>OKTAT\u00d3K KONZULT\u00c1CI\u00d3S ID\u0150PONTJAI<\/strong><\/h3> <h3 style=\"text-align: center\"><strong>\u00a0<\/strong><strong>OFFICE HOURS OF THE LECTURERS<\/strong><\/h3> <h3 style=\"text-align: center\"><strong>\u00a0<\/strong><strong>2025\/26. 2. szemeszter<\/strong><\/h3> <p style=\"text-align: center\"> <table class=\"aligncenter\" width=\"661\"> <tbody> <tr> <td width=\"274\"> <p><strong>Dr. \u00d3zsv\u00e1ri L\u00e1szl\u00f3<\/strong><\/p> <p><strong>egyetemi tan\u00e1r, tansz\u00e9kvezet\u0151<\/strong><\/p> <p><strong>(full professor,<\/strong><\/p> <p><strong>head of department)<\/strong><\/td> <td width=\"387\"> <p><strong>H\u00e9tf\u0151 (Monday): 16:00-18:00<\/strong><\/p> <p><a class=\"decrypt\" rel=\"p{twbsj\/mbt{mpAvojwfu\/iv\" href=\"javascript:void(0);\">[Kattintson az emailc\u00edmhez]<\/a><\/td> <\/tr> <tr> <td width=\"274\"> <p><strong>Dr. Csintalan Csaba<\/strong><\/p> <p><strong>mesteroktat\u00f3<\/strong><\/p> <p><strong>(senior lecturer)<\/strong><\/td> <td width=\"387\"> <p><strong>Szerda (Wednesday): 8:00-10:00<\/strong><\/p> <p><a class=\"decrypt\" rel=\"dtjoubmbo\/dtbcbAvojwfu\/iv\" href=\"javascript:void(0);\">[Kattintson az emailc\u00edmhez]<\/a><\/td> <\/tr> <tr> <td width=\"274\"> <p><strong>Dr. M\u00e1t\u00e9 Marietta<\/strong><\/p> <p><strong>tansz\u00e9ki \u00e1llatorvos <\/strong><\/p> <p><strong>(research fellow)<\/strong><\/td> <td width=\"387\"> <p><strong>Kedd (Tuesday): 8:00-10:00<\/strong><\/p> <p><a class=\"decrypt\" rel=\"nbuf\/nbsjfuubAvojwfu\/iv\" href=\"javascript:void(0);\">[Kattintson az emailc\u00edmhez]<\/a><\/td> <\/tr> <tr> <td width=\"274\"> <p><strong>Dr. B\u00e1rdos Krisztina<\/strong><\/p> <p><strong>tansz\u00e9ki \u00e1llatorvos<\/strong><\/p> <p><strong>(research fellow)<\/strong><\/td> <td width=\"387\"> <p><strong>Kedd (Tuesday): 10:00-12:00<\/strong><\/p> <p><a class=\"decrypt\" rel=\"cbsept\/lsjt{ujobAvojwfu\/iv\" href=\"javascript:void(0);\">[Kattintson az emailc\u00edmhez]<\/a><\/td> <\/tr> <\/tbody> <\/table> <p style=\"text-align: center\">","protected":false},"excerpt":{"rendered":"<p>T\u00f6rv\u00e9nysz\u00e9ki \u00c1llatorvostani \u00e9s Gazdas\u00e1gtudom\u00e1nyi Tansz\u00e9k \u00a0Department of Veterinary Forensics and Economics OKTAT\u00d3K KONZULT\u00c1CI\u00d3S ID\u0150PONTJAI \u00a0OFFICE HOURS OF THE LECTURERS \u00a02025\/26. 2. szemeszter Dr. \u00d3zsv\u00e1ri L\u00e1szl\u00f3 egyetemi tan\u00e1r, tansz\u00e9kvezet\u0151 (full professor, head of department) H\u00e9tf\u0151 (Monday): 16:00-18:00 [Kattintson az emailc\u00edmhez] Dr. Csintalan Csaba mesteroktat\u00f3 (senior lecturer) Szerda (Wednesday): 8:00-10:00 [Kattintson az emailc\u00edmhez] Dr. M\u00e1t\u00e9 Marietta tansz\u00e9ki<\/p>\n","protected":false},"author":3837,"featured_media":0,"parent":3394,"menu_order":0,"comment_status":"open","ping_status":"open","template":"","meta":{"_acf_changed":false,"footnotes":""},"categories":[],"tags":[],"class_list":["post-71380","page","type-page","status-publish","hentry"],"acf":[],"yoast_head":"<!-- This site is optimized with the Yoast SEO plugin v27.2 - https:\/\/yoast.com\/product\/yoast-seo-wordpress\/ -->\n<title>Oktat\u00f3k konzult\u00e1ci\u00f3s id\u0151pontjai - Gazdas\u00e1gtudom\u00e1nyi \u00e9s Biostatisztikai Int\u00e9zet<\/title>\n<meta name=\"robots\" content=\"index, follow, max-snippet:-1, max-image-preview:large, max-video-preview:-1\" \/>\n<link rel=\"canonical\" href=\"https:\/\/univet.hu\/gazdasagtudomanyi-intezet\/torvenyszeki-allatorvostani-jogi-es-gazdasagtudomanyi-tanszek\/oktatok-konzultacios-idopontjai\/\" \/>\n<meta property=\"og:locale\" content=\"hu_HU\" \/>\n<meta property=\"og:type\" content=\"article\" \/>\n<meta property=\"og:title\" content=\"Oktat\u00f3k konzult\u00e1ci\u00f3s id\u0151pontjai - Gazdas\u00e1gtudom\u00e1nyi \u00e9s Biostatisztikai Int\u00e9zet\" \/>\n<meta property=\"og:description\" content=\"T\u00f6rv\u00e9nysz\u00e9ki \u00c1llatorvostani \u00e9s Gazdas\u00e1gtudom\u00e1nyi Tansz\u00e9k \u00a0Department of Veterinary Forensics and Economics OKTAT\u00d3K KONZULT\u00c1CI\u00d3S ID\u0150PONTJAI \u00a0OFFICE HOURS OF THE LECTURERS \u00a02025\/26. 2. szemeszter Dr. \u00d3zsv\u00e1ri L\u00e1szl\u00f3 egyetemi tan\u00e1r, tansz\u00e9kvezet\u0151 (full professor, head of department) H\u00e9tf\u0151 (Monday): 16:00-18:00 [Kattintson az emailc\u00edmhez] Dr. Csintalan Csaba mesteroktat\u00f3 (senior lecturer) Szerda (Wednesday): 8:00-10:00 [Kattintson az emailc\u00edmhez] Dr. M\u00e1t\u00e9 Marietta tansz\u00e9ki\" \/>\n<meta property=\"og:url\" content=\"https:\/\/univet.hu\/gazdasagtudomanyi-intezet\/torvenyszeki-allatorvostani-jogi-es-gazdasagtudomanyi-tanszek\/oktatok-konzultacios-idopontjai\/\" \/>\n<meta property=\"og:site_name\" content=\"Gazdas\u00e1gtudom\u00e1nyi \u00e9s Biostatisztikai Int\u00e9zet\" \/>\n<meta property=\"article:modified_time\" content=\"2026-01-28T13:40:40+00:00\" \/>\n<meta name=\"twitter:card\" content=\"summary_large_image\" \/>\n<meta name=\"twitter:label1\" content=\"Becs\u00fclt olvas\u00e1si id\u0151\" \/>\n\t<meta name=\"twitter:data1\" content=\"1 perc\" \/>\n<script type=\"application\/ld+json\" class=\"yoast-schema-graph\">{\"@context\":\"https:\/\/schema.org\",\"@graph\":[{\"@type\":\"WebPage\",\"@id\":\"https:\/\/univet.hu\/gazdasagtudomanyi-intezet\/torvenyszeki-allatorvostani-jogi-es-gazdasagtudomanyi-tanszek\/oktatok-konzultacios-idopontjai\/\",\"url\":\"https:\/\/univet.hu\/gazdasagtudomanyi-intezet\/torvenyszeki-allatorvostani-jogi-es-gazdasagtudomanyi-tanszek\/oktatok-konzultacios-idopontjai\/\",\"name\":\"Oktat\u00f3k konzult\u00e1ci\u00f3s id\u0151pontjai - Gazdas\u00e1gtudom\u00e1nyi \u00e9s Biostatisztikai Int\u00e9zet\",\"isPartOf\":{\"@id\":\"https:\/\/univet.hu\/gazdasagtudomanyi-intezet\/en\/#website\"},\"datePublished\":\"2022-02-03T14:45:05+00:00\",\"dateModified\":\"2026-01-28T13:40:40+00:00\",\"breadcrumb\":{\"@id\":\"https:\/\/univet.hu\/gazdasagtudomanyi-intezet\/torvenyszeki-allatorvostani-jogi-es-gazdasagtudomanyi-tanszek\/oktatok-konzultacios-idopontjai\/#breadcrumb\"},\"inLanguage\":\"hu\",\"potentialAction\":[{\"@type\":\"ReadAction\",\"target\":[\"https:\/\/univet.hu\/gazdasagtudomanyi-intezet\/torvenyszeki-allatorvostani-jogi-es-gazdasagtudomanyi-tanszek\/oktatok-konzultacios-idopontjai\/\"]}]},{\"@type\":\"BreadcrumbList\",\"@id\":\"https:\/\/univet.hu\/gazdasagtudomanyi-intezet\/torvenyszeki-allatorvostani-jogi-es-gazdasagtudomanyi-tanszek\/oktatok-konzultacios-idopontjai\/#breadcrumb\",\"itemListElement\":[{\"@type\":\"ListItem\",\"position\":1,\"name\":\"Kezd\u0151lap\",\"item\":\"https:\/\/univet.hu\/gazdasagtudomanyi-intezet\/en\/\"},{\"@type\":\"ListItem\",\"position\":2,\"name\":\"T\u00f6rv\u00e9nysz\u00e9ki \u00c1llatorvostani \u00e9s Gazdas\u00e1gtudom\u00e1nyi Tansz\u00e9k\",\"item\":\"https:\/\/univet.hu\/gazdasagtudomanyi-intezet\/torvenyszeki-allatorvostani-jogi-es-gazdasagtudomanyi-tanszek\/\"},{\"@type\":\"ListItem\",\"position\":3,\"name\":\"Oktat\u00f3k konzult\u00e1ci\u00f3s id\u0151pontjai\"}]},{\"@type\":\"WebSite\",\"@id\":\"https:\/\/univet.hu\/gazdasagtudomanyi-intezet\/en\/#website\",\"url\":\"https:\/\/univet.hu\/gazdasagtudomanyi-intezet\/en\/\",\"name\":\"Gazdas\u00e1gtudom\u00e1nyi \u00e9s Biostatisztikai Int\u00e9zet\",\"description\":\"\",\"potentialAction\":[{\"@type\":\"SearchAction\",\"target\":{\"@type\":\"EntryPoint\",\"urlTemplate\":\"https:\/\/univet.hu\/gazdasagtudomanyi-intezet\/en\/?s={search_term_string}\"},\"query-input\":{\"@type\":\"PropertyValueSpecification\",\"valueRequired\":true,\"valueName\":\"search_term_string\"}}],\"inLanguage\":\"hu\"}]}<\/script>\n<!-- \/ Yoast SEO plugin. -->","yoast_head_json":{"title":"Oktat\u00f3k konzult\u00e1ci\u00f3s id\u0151pontjai - Gazdas\u00e1gtudom\u00e1nyi \u00e9s Biostatisztikai Int\u00e9zet","robots":{"index":"index","follow":"follow","max-snippet":"max-snippet:-1","max-image-preview":"max-image-preview:large","max-video-preview":"max-video-preview:-1"},"canonical":"https:\/\/univet.hu\/gazdasagtudomanyi-intezet\/torvenyszeki-allatorvostani-jogi-es-gazdasagtudomanyi-tanszek\/oktatok-konzultacios-idopontjai\/","og_locale":"hu_HU","og_type":"article","og_title":"Oktat\u00f3k konzult\u00e1ci\u00f3s id\u0151pontjai - Gazdas\u00e1gtudom\u00e1nyi \u00e9s Biostatisztikai Int\u00e9zet","og_description":"T\u00f6rv\u00e9nysz\u00e9ki \u00c1llatorvostani \u00e9s Gazdas\u00e1gtudom\u00e1nyi Tansz\u00e9k \u00a0Department of Veterinary Forensics and Economics OKTAT\u00d3K KONZULT\u00c1CI\u00d3S ID\u0150PONTJAI \u00a0OFFICE HOURS OF THE LECTURERS \u00a02025\/26. 2. szemeszter Dr. \u00d3zsv\u00e1ri L\u00e1szl\u00f3 egyetemi tan\u00e1r, tansz\u00e9kvezet\u0151 (full professor, head of department) H\u00e9tf\u0151 (Monday): 16:00-18:00 [Kattintson az emailc\u00edmhez] Dr. Csintalan Csaba mesteroktat\u00f3 (senior lecturer) Szerda (Wednesday): 8:00-10:00 [Kattintson az emailc\u00edmhez] Dr. M\u00e1t\u00e9 Marietta tansz\u00e9ki","og_url":"https:\/\/univet.hu\/gazdasagtudomanyi-intezet\/torvenyszeki-allatorvostani-jogi-es-gazdasagtudomanyi-tanszek\/oktatok-konzultacios-idopontjai\/","og_site_name":"Gazdas\u00e1gtudom\u00e1nyi \u00e9s Biostatisztikai Int\u00e9zet","article_modified_time":"2026-01-28T13:40:40+00:00","twitter_card":"summary_large_image","twitter_misc":{"Becs\u00fclt olvas\u00e1si id\u0151":"1 perc"},"schema":{"@context":"https:\/\/schema.org","@graph":[{"@type":"WebPage","@id":"https:\/\/univet.hu\/gazdasagtudomanyi-intezet\/torvenyszeki-allatorvostani-jogi-es-gazdasagtudomanyi-tanszek\/oktatok-konzultacios-idopontjai\/","url":"https:\/\/univet.hu\/gazdasagtudomanyi-intezet\/torvenyszeki-allatorvostani-jogi-es-gazdasagtudomanyi-tanszek\/oktatok-konzultacios-idopontjai\/","name":"Oktat\u00f3k konzult\u00e1ci\u00f3s id\u0151pontjai - Gazdas\u00e1gtudom\u00e1nyi \u00e9s Biostatisztikai Int\u00e9zet","isPartOf":{"@id":"https:\/\/univet.hu\/gazdasagtudomanyi-intezet\/en\/#website"},"datePublished":"2022-02-03T14:45:05+00:00","dateModified":"2026-01-28T13:40:40+00:00","breadcrumb":{"@id":"https:\/\/univet.hu\/gazdasagtudomanyi-intezet\/torvenyszeki-allatorvostani-jogi-es-gazdasagtudomanyi-tanszek\/oktatok-konzultacios-idopontjai\/#breadcrumb"},"inLanguage":"hu","potentialAction":[{"@type":"ReadAction","target":["https:\/\/univet.hu\/gazdasagtudomanyi-intezet\/torvenyszeki-allatorvostani-jogi-es-gazdasagtudomanyi-tanszek\/oktatok-konzultacios-idopontjai\/"]}]},{"@type":"BreadcrumbList","@id":"https:\/\/univet.hu\/gazdasagtudomanyi-intezet\/torvenyszeki-allatorvostani-jogi-es-gazdasagtudomanyi-tanszek\/oktatok-konzultacios-idopontjai\/#breadcrumb","itemListElement":[{"@type":"ListItem","position":1,"name":"Kezd\u0151lap","item":"https:\/\/univet.hu\/gazdasagtudomanyi-intezet\/en\/"},{"@type":"ListItem","position":2,"name":"T\u00f6rv\u00e9nysz\u00e9ki \u00c1llatorvostani \u00e9s Gazdas\u00e1gtudom\u00e1nyi Tansz\u00e9k","item":"https:\/\/univet.hu\/gazdasagtudomanyi-intezet\/torvenyszeki-allatorvostani-jogi-es-gazdasagtudomanyi-tanszek\/"},{"@type":"ListItem","position":3,"name":"Oktat\u00f3k konzult\u00e1ci\u00f3s id\u0151pontjai"}]},{"@type":"WebSite","@id":"https:\/\/univet.hu\/gazdasagtudomanyi-intezet\/en\/#website","url":"https:\/\/univet.hu\/gazdasagtudomanyi-intezet\/en\/","name":"Gazdas\u00e1gtudom\u00e1nyi \u00e9s Biostatisztikai Int\u00e9zet","description":"","potentialAction":[{"@type":"SearchAction","target":{"@type":"EntryPoint","urlTemplate":"https:\/\/univet.hu\/gazdasagtudomanyi-intezet\/en\/?s={search_term_string}"},"query-input":{"@type":"PropertyValueSpecification","valueRequired":true,"valueName":"search_term_string"}}],"inLanguage":"hu"}]}},"_links":{"self":[{"href":"https:\/\/univet.hu\/gazdasagtudomanyi-intezet\/wp-json\/wp\/v2\/pages\/71380","targetHints":{"allow":["GET"]}}],"collection":[{"href":"https:\/\/univet.hu\/gazdasagtudomanyi-intezet\/wp-json\/wp\/v2\/pages"}],"about":[{"href":"https:\/\/univet.hu\/gazdasagtudomanyi-intezet\/wp-json\/wp\/v2\/types\/page"}],"author":[{"embeddable":true,"href":"https:\/\/univet.hu\/gazdasagtudomanyi-intezet\/wp-json\/wp\/v2\/users\/3837"}],"replies":[{"embeddable":true,"href":"https:\/\/univet.hu\/gazdasagtudomanyi-intezet\/wp-json\/wp\/v2\/comments?post=71380"}],"version-history":[{"count":4,"href":"https:\/\/univet.hu\/gazdasagtudomanyi-intezet\/wp-json\/wp\/v2\/pages\/71380\/revisions"}],"predecessor-version":[{"id":103850,"href":"https:\/\/univet.hu\/gazdasagtudomanyi-intezet\/wp-json\/wp\/v2\/pages\/71380\/revisions\/103850"}],"up":[{"embeddable":true,"href":"https:\/\/univet.hu\/gazdasagtudomanyi-intezet\/wp-json\/wp\/v2\/pages\/3394"}],"wp:attachment":[{"href":"https:\/\/univet.hu\/gazdasagtudomanyi-intezet\/wp-json\/wp\/v2\/media?parent=71380"}],"wp:term":[{"taxonomy":"category","embeddable":true,"href":"https:\/\/univet.hu\/gazdasagtudomanyi-intezet\/wp-json\/wp\/v2\/categories?post=71380"},{"taxonomy":"post_tag","embeddable":true,"href":"https:\/\/univet.hu\/gazdasagtudomanyi-intezet\/wp-json\/wp\/v2\/tags?post=71380"}],"curies":[{"name":"wp","href":"https:\/\/api.w.org\/{rel}","templated":true}]}}