{"id":86488,"date":"2023-05-22T13:03:50","date_gmt":"2023-05-22T11:03:50","guid":{"rendered":"https:\/\/univet.hu\/hu\/egyetem\/szervezeti-egysegek\/torvenyszeki-allatorvostani-jogi-es-gazdasagtudomanyi-tanszek\/elnyert-palyazatok\/"},"modified":"2025-03-28T15:41:14","modified_gmt":"2025-03-28T14:41:14","slug":"elnyert-palyazatok","status":"publish","type":"page","link":"https:\/\/univet.hu\/gazdasagtudomanyi-intezet\/torvenyszeki-allatorvostani-jogi-es-gazdasagtudomanyi-tanszek\/elnyert-palyazatok\/","title":{"rendered":"Elnyert p\u00e1ly\u00e1zatok"},"content":{"rendered":"<ul> <li><strong>Horizon-CL6-2022 BioSecure 101083923 sz\u00e1m\u00fa p\u00e1ly\u00e1zat: \u201e<\/strong>Enhanced and cost-effective biosecurity in livestock production\u201d. Id\u0151tartam: 2023-2026.<\/li> <li><strong>RRF-2.3.1-21-2022-00001 p\u00e1ly\u00e1zat:<\/strong> Fert\u0151z\u0151 \u00e1llatbetegs\u00e9gek, antimikrobi\u00e1lis rezisztencia, \u00e1llatorvosi k\u00f6zeg\u00e9szs\u00e9g\u00fcgy \u00e9s \u00e9lelmiszerl\u00e1nc-biztons\u00e1g nemzeti laborat\u00f3riuma. Id\u0151tartam: 2022-2026.<\/li> <li><strong>COST Action CA20103 p\u00e1ly\u00e1zat:<\/strong> \u201eBiosecurity Enhanced Through Training Evaluation and Raising Awareness (BETTER)\u201d. Id\u0151tartam: 2021-2025.<\/li> <li><strong>2020-1.1.2-PIACI KFI p\u00e1ly\u00e1zat<\/strong> (2020-1.1.2.-PIACI-KFI-2021-00202 sz.): Term\u00e9szetes alap\u00fa komplex takarm\u00e1ny adal\u00e9kok fejleszt\u00e9se a baromfi mikrobiom optimaliz\u00e1l\u00e1s\u00e1nak \u00e9rdek\u00e9ben. Id\u0151tartam: 2021-2025.<\/li> <li><strong>ICRAD p\u00e1ly\u00e1zat (CAE-RAPID ID 39), H2020-ERA-NET Grant, <\/strong>agreement number: 862605<strong> &#8211; <\/strong>A kecsk\u00e9k arthritis-encephalitis v\u00edrus\u00e1val val\u00f3 fert\u0151z\u00f6tts\u00e9g tejb\u0151l t\u00f6rt\u00e9n\u0151 kimutat\u00e1s\u00e1ra szerol\u00f3giai ist\u00e1ll\u00f3pr\u00f3ba kifejleszt\u00e9se. Id\u0151tartam: 2021-2024.<\/li> <li><strong>VP3<\/strong>-16.1.1.-4.1.5.-4.2.1.-4.2.2-8.1.1.-8.2.1.-8.3.1.-8.5.1.-8.5.2.-8.6.1.-17 <strong>p\u00e1ly\u00e1zat <\/strong>(3023487898 sz\u00e1m\u00fa t\u00e1mogat\u00f3i okirat): Cirkul\u00e1ris modellek prec\u00edzi\u00f3s rendszer-t\u00e1mogat\u00e1sa tejtermel\u0151 gazdas\u00e1gokban. Id\u0151tartam: 2020-2022.<\/li> <li><strong>COST Action CA18208 p\u00e1ly\u00e1zat:<\/strong> \u201cNovel tools for test evaluation and disease prevalence estimation\u201d. Id\u0151tartam: 2019-2024.<\/li> <li><strong>COST Action CA17110 p\u00e1ly\u00e1zat:<\/strong> \u201eStandardizing OUtput-based surveillance to control Non-regulated Diseases of cattle in the EU (SOUND-control)\u201d. Id\u0151tartam: 2018-2022.<\/li> <li><strong>Horizont 2020 SafeConsume 727580 sz\u00e1m\u00fa p\u00e1ly\u00e1zat:<\/strong> \u201eSafer food through changed consumer behavior: Effective tools and products, communication strategies, education and a food safety policy reducing health burden from foodborne illnesses\u201d Id\u0151tartam: 2017-2022.<\/li> <li><strong>Int\u00e9zm\u00e9nyi kiv\u00e1l\u00f3s\u00e1gi t\u00e1mogat\u00e1s (IK-UK-2018): <\/strong>A paratuberkul\u00f3zis fert\u0151z\u00f6tts\u00e9g m\u00e9rt\u00e9ke tejmint\u00e1k vizsg\u00e1lata alapj\u00e1n hazai nagyl\u00e9tsz\u00e1m\u00fa tehen\u00e9szetekben \u00e9s a becs\u00fclt orsz\u00e1gos \u00e9s telepi szint\u0171 gazdas\u00e1gi k\u00e1rok. Id\u0151tartam: 2018-2019.<\/li> <li><strong>EFOP-3.6.3-VEKOP-16-2017-00005 p\u00e1ly\u00e1zat:<\/strong> Tudom\u00e1nyos ut\u00e1np\u00f3tl\u00e1s er\u0151s\u00edt\u00e9se a hallgat\u00f3k tudom\u00e1nyos m\u0171helyeinek \u00e9s programjainak t\u00e1mogat\u00e1s\u00e1val, a mentor\u00e1l\u00e1s folyamat\u00e1nak kidolgoz\u00e1s\u00e1val. Id\u0151tartam: 2017-2021.<\/li> <li><strong>EFOP-3.6.2-16-2017-00012 p\u00e1ly\u00e1zat:<\/strong> Funkcion\u00e1lis, eg\u00e9szs\u00e9ges \u00e9s biztons\u00e1gos \u00e9lelmiszer term\u00e9kp\u00e1lya modell kidolgoz\u00e1sa a sz\u00e1nt\u00f3f\u00f6ldt\u0151l az asztalig elv alapj\u00e1n, tematikus kutat\u00e1si h\u00e1l\u00f3zatban. Id\u0151tartam: 2017-2020.<\/li> <li><strong>EFOP-3.6.1-16-2016-00024 p\u00e1ly\u00e1zat<\/strong>: Intelligens szakosod\u00e1st szolg\u00e1l\u00f3 fejleszt\u00e9sek az \u00c1llatorvostudom\u00e1nyi Egyetem \u00e9s a Sz\u00e9chenyi Istv\u00e1n Egyetem Mez\u0151gazdas\u00e1g- \u00e9s \u00c9lelmiszertudom\u00e1nyi Kar\u00e1nak egy\u00fcttm\u0171k\u00f6d\u00e9s\u00e9ben. Id\u0151tartam: 2017-2021.<\/li> <li><strong>Kutat\u00f3kari t\u00e1mogat\u00e1s (KK-UK-2015): <\/strong>Tejmint\u00e1kb\u00f3l ELISA m\u00f3dszerrel v\u00e9gzett korai vemhess\u00e9gdiagn\u00f3zis gazdas\u00e1goss\u00e1g\u00e1nak elemz\u00e9se nagy l\u00e9tsz\u00e1m\u00fa tehen\u00e9szetekben. Id\u0151tartam: 2018-2019.<\/li> <li><strong>T\u00c1MOP VKSZ p\u00e1ly\u00e1zat <\/strong>(nyilv\u00e1ntart\u00e1si sz\u00e1m: VKSZ_12-1-2013-0078): Az akvakult\u00fara \u00e1gazat kit\u00f6r\u00e9si pontjainak komplex, a versenyk\u00e9pess\u00e9get szolg\u00e1l\u00f3 fejleszt\u00e9se. Id\u0151tartam: 2014-2017.<\/li> <li><strong>NKB kutat\u00e1s <\/strong>(Egyetemi Kutat\u00e1si P\u00e1ly\u00e1zat): Hazai szarvasmarhatelepek BVDV-fert\u0151z\u00f6tts\u00e9g\u00e9nek legf\u0151bb ok\u00e1t k\u00e9pez\u0151 perzisztensen fert\u0151z\u00f6tt egyedek azonos\u00edt\u00e1sa Idexx BVDV Antigen POC farmteszt seg\u00edts\u00e9g\u00e9vel. Az adott \u00e1llom\u00e1nyra vonatkoz\u00f3 mentes\u00edt\u00e9si terv kidolgoz\u00e1sa \u00e9s ez alapj\u00e1n javaslatt\u00e9tel igazgat\u00e1si int\u00e9zked\u00e9sekre. Id\u0151tartam: 2012-2013.<\/li> <li><strong>ERASMUS Lifelong Learning Programme <\/strong>(nyilv\u00e1ntart\u00e1si sz\u00e1m: 527855-LLP-1-2012-1UK-ERASMUS-ENW): Networking to enhance the use of economics in animal health education, policy making and research in Europe and beyond. Id\u0151tartam: 2012-2015.<\/li> <li><strong>NKB kutat\u00e1s <\/strong>(Egyetemi Kutat\u00e1si P\u00e1ly\u00e1zat): Immunhisztok\u00e9miai vizsg\u00e1latok szerepe az altat\u00e1sok sor\u00e1n bek\u00f6vetkezett hirtelen elhull\u00e1sok igazs\u00e1g\u00fcgyi meg\u00edt\u00e9l\u00e9s\u00e9ben. Id\u0151tartam: 2011-2012.<\/li> <li><strong>OTKA p\u00e1ly\u00e1zat<\/strong> (nyilv\u00e1ntart\u00e1si sz\u00e1m: F 042588 F12): A mez\u0151gazdas\u00e1gi biztos\u00edt\u00e1sok szerepe \u00e9s j\u00f6v\u0151je a mez\u0151gazdas\u00e1gi termel\u00e9s kock\u00e1zatkezel\u00e9s\u00e9ben. Id\u0151tartam: 2003-2006.<\/li> <li><strong>SEFABAR p\u00e1ly\u00e1zat<\/strong> (QLG7-CT-2000-01368 sz\u00e1m\u00fa EC projekt): \u201eSustainable European Farm Animal Breeding and Repoduction\u201d): Az \u00e1llatok teny\u00e9szt\u00e9si \u00e9s szapor\u00edt\u00e1si rendszereinek fejleszt\u00e9si lehet\u0151s\u00e9gei, valamint a hossz\u00fa t\u00e1v\u00fa t\u00e1vlatai az eur\u00f3pai mez\u0151gazdas\u00e1gban. Id\u0151tartam: 2002-2005.<\/li> <li><strong>OTKA p\u00e1ly\u00e1zat<\/strong> (nyilv\u00e1ntart\u00e1si sz\u00e1m: F 035208 AG4): A versenyk\u00e9pess\u00e9g n\u00f6vel\u00e9s\u00e9nek lehet\u0151s\u00e9gei a hazai sert\u00e9sh\u00fastermel\u00e9sben. Id\u0151tartam: 2001-2004.<\/li> <\/ul>","protected":false},"excerpt":{"rendered":"<p>Horizon-CL6-2022 BioSecure 101083923 sz\u00e1m\u00fa p\u00e1ly\u00e1zat: \u201eEnhanced and cost-effective biosecurity in livestock production\u201d. Id\u0151tartam: 2023-2026. RRF-2.3.1-21-2022-00001 p\u00e1ly\u00e1zat: Fert\u0151z\u0151 \u00e1llatbetegs\u00e9gek, antimikrobi\u00e1lis rezisztencia, \u00e1llatorvosi k\u00f6zeg\u00e9szs\u00e9g\u00fcgy \u00e9s \u00e9lelmiszerl\u00e1nc-biztons\u00e1g nemzeti laborat\u00f3riuma. Id\u0151tartam: 2022-2026. COST Action CA20103 p\u00e1ly\u00e1zat: \u201eBiosecurity Enhanced Through Training Evaluation and Raising Awareness (BETTER)\u201d. Id\u0151tartam: 2021-2025. 2020-1.1.2-PIACI KFI p\u00e1ly\u00e1zat (2020-1.1.2.-PIACI-KFI-2021-00202 sz.): Term\u00e9szetes alap\u00fa komplex takarm\u00e1ny adal\u00e9kok fejleszt\u00e9se a<\/p>\n","protected":false},"author":3837,"featured_media":0,"parent":3394,"menu_order":0,"comment_status":"open","ping_status":"open","template":"","meta":{"_acf_changed":false,"footnotes":""},"categories":[],"tags":[],"class_list":["post-86488","page","type-page","status-publish","hentry"],"acf":[],"yoast_head":"<!-- This site is optimized with the Yoast SEO plugin v27.2 - https:\/\/yoast.com\/product\/yoast-seo-wordpress\/ -->\n<title>Elnyert p\u00e1ly\u00e1zatok - Gazdas\u00e1gtudom\u00e1nyi \u00e9s Biostatisztikai Int\u00e9zet<\/title>\n<meta name=\"robots\" content=\"index, follow, max-snippet:-1, max-image-preview:large, max-video-preview:-1\" \/>\n<link rel=\"canonical\" href=\"https:\/\/univet.hu\/gazdasagtudomanyi-intezet\/torvenyszeki-allatorvostani-jogi-es-gazdasagtudomanyi-tanszek\/elnyert-palyazatok\/\" \/>\n<meta property=\"og:locale\" content=\"hu_HU\" \/>\n<meta property=\"og:type\" content=\"article\" \/>\n<meta property=\"og:title\" content=\"Elnyert p\u00e1ly\u00e1zatok - Gazdas\u00e1gtudom\u00e1nyi \u00e9s Biostatisztikai Int\u00e9zet\" \/>\n<meta property=\"og:description\" content=\"Horizon-CL6-2022 BioSecure 101083923 sz\u00e1m\u00fa p\u00e1ly\u00e1zat: \u201eEnhanced and cost-effective biosecurity in livestock production\u201d. Id\u0151tartam: 2023-2026. RRF-2.3.1-21-2022-00001 p\u00e1ly\u00e1zat: Fert\u0151z\u0151 \u00e1llatbetegs\u00e9gek, antimikrobi\u00e1lis rezisztencia, \u00e1llatorvosi k\u00f6zeg\u00e9szs\u00e9g\u00fcgy \u00e9s \u00e9lelmiszerl\u00e1nc-biztons\u00e1g nemzeti laborat\u00f3riuma. Id\u0151tartam: 2022-2026. COST Action CA20103 p\u00e1ly\u00e1zat: \u201eBiosecurity Enhanced Through Training Evaluation and Raising Awareness (BETTER)\u201d. Id\u0151tartam: 2021-2025. 2020-1.1.2-PIACI KFI p\u00e1ly\u00e1zat (2020-1.1.2.-PIACI-KFI-2021-00202 sz.): Term\u00e9szetes alap\u00fa komplex takarm\u00e1ny adal\u00e9kok fejleszt\u00e9se a\" \/>\n<meta property=\"og:url\" content=\"https:\/\/univet.hu\/gazdasagtudomanyi-intezet\/torvenyszeki-allatorvostani-jogi-es-gazdasagtudomanyi-tanszek\/elnyert-palyazatok\/\" \/>\n<meta property=\"og:site_name\" content=\"Gazdas\u00e1gtudom\u00e1nyi \u00e9s Biostatisztikai Int\u00e9zet\" \/>\n<meta property=\"article:modified_time\" content=\"2025-03-28T14:41:14+00:00\" \/>\n<meta name=\"twitter:card\" content=\"summary_large_image\" \/>\n<meta name=\"twitter:label1\" content=\"Becs\u00fclt olvas\u00e1si id\u0151\" \/>\n\t<meta name=\"twitter:data1\" content=\"4 perc\" \/>\n<script type=\"application\/ld+json\" class=\"yoast-schema-graph\">{\"@context\":\"https:\/\/schema.org\",\"@graph\":[{\"@type\":\"WebPage\",\"@id\":\"https:\/\/univet.hu\/gazdasagtudomanyi-intezet\/torvenyszeki-allatorvostani-jogi-es-gazdasagtudomanyi-tanszek\/elnyert-palyazatok\/\",\"url\":\"https:\/\/univet.hu\/gazdasagtudomanyi-intezet\/torvenyszeki-allatorvostani-jogi-es-gazdasagtudomanyi-tanszek\/elnyert-palyazatok\/\",\"name\":\"Elnyert p\u00e1ly\u00e1zatok - Gazdas\u00e1gtudom\u00e1nyi \u00e9s Biostatisztikai Int\u00e9zet\",\"isPartOf\":{\"@id\":\"https:\/\/univet.hu\/gazdasagtudomanyi-intezet\/en\/#website\"},\"datePublished\":\"2023-05-22T11:03:50+00:00\",\"dateModified\":\"2025-03-28T14:41:14+00:00\",\"breadcrumb\":{\"@id\":\"https:\/\/univet.hu\/gazdasagtudomanyi-intezet\/torvenyszeki-allatorvostani-jogi-es-gazdasagtudomanyi-tanszek\/elnyert-palyazatok\/#breadcrumb\"},\"inLanguage\":\"hu\",\"potentialAction\":[{\"@type\":\"ReadAction\",\"target\":[\"https:\/\/univet.hu\/gazdasagtudomanyi-intezet\/torvenyszeki-allatorvostani-jogi-es-gazdasagtudomanyi-tanszek\/elnyert-palyazatok\/\"]}]},{\"@type\":\"BreadcrumbList\",\"@id\":\"https:\/\/univet.hu\/gazdasagtudomanyi-intezet\/torvenyszeki-allatorvostani-jogi-es-gazdasagtudomanyi-tanszek\/elnyert-palyazatok\/#breadcrumb\",\"itemListElement\":[{\"@type\":\"ListItem\",\"position\":1,\"name\":\"Kezd\u0151lap\",\"item\":\"https:\/\/univet.hu\/gazdasagtudomanyi-intezet\/en\/\"},{\"@type\":\"ListItem\",\"position\":2,\"name\":\"T\u00f6rv\u00e9nysz\u00e9ki \u00c1llatorvostani \u00e9s Gazdas\u00e1gtudom\u00e1nyi Tansz\u00e9k\",\"item\":\"https:\/\/univet.hu\/gazdasagtudomanyi-intezet\/torvenyszeki-allatorvostani-jogi-es-gazdasagtudomanyi-tanszek\/\"},{\"@type\":\"ListItem\",\"position\":3,\"name\":\"Elnyert p\u00e1ly\u00e1zatok\"}]},{\"@type\":\"WebSite\",\"@id\":\"https:\/\/univet.hu\/gazdasagtudomanyi-intezet\/en\/#website\",\"url\":\"https:\/\/univet.hu\/gazdasagtudomanyi-intezet\/en\/\",\"name\":\"Gazdas\u00e1gtudom\u00e1nyi \u00e9s Biostatisztikai Int\u00e9zet\",\"description\":\"\",\"potentialAction\":[{\"@type\":\"SearchAction\",\"target\":{\"@type\":\"EntryPoint\",\"urlTemplate\":\"https:\/\/univet.hu\/gazdasagtudomanyi-intezet\/en\/?s={search_term_string}\"},\"query-input\":{\"@type\":\"PropertyValueSpecification\",\"valueRequired\":true,\"valueName\":\"search_term_string\"}}],\"inLanguage\":\"hu\"}]}<\/script>\n<!-- \/ Yoast SEO plugin. -->","yoast_head_json":{"title":"Elnyert p\u00e1ly\u00e1zatok - Gazdas\u00e1gtudom\u00e1nyi \u00e9s Biostatisztikai Int\u00e9zet","robots":{"index":"index","follow":"follow","max-snippet":"max-snippet:-1","max-image-preview":"max-image-preview:large","max-video-preview":"max-video-preview:-1"},"canonical":"https:\/\/univet.hu\/gazdasagtudomanyi-intezet\/torvenyszeki-allatorvostani-jogi-es-gazdasagtudomanyi-tanszek\/elnyert-palyazatok\/","og_locale":"hu_HU","og_type":"article","og_title":"Elnyert p\u00e1ly\u00e1zatok - Gazdas\u00e1gtudom\u00e1nyi \u00e9s Biostatisztikai Int\u00e9zet","og_description":"Horizon-CL6-2022 BioSecure 101083923 sz\u00e1m\u00fa p\u00e1ly\u00e1zat: \u201eEnhanced and cost-effective biosecurity in livestock production\u201d. Id\u0151tartam: 2023-2026. RRF-2.3.1-21-2022-00001 p\u00e1ly\u00e1zat: Fert\u0151z\u0151 \u00e1llatbetegs\u00e9gek, antimikrobi\u00e1lis rezisztencia, \u00e1llatorvosi k\u00f6zeg\u00e9szs\u00e9g\u00fcgy \u00e9s \u00e9lelmiszerl\u00e1nc-biztons\u00e1g nemzeti laborat\u00f3riuma. Id\u0151tartam: 2022-2026. COST Action CA20103 p\u00e1ly\u00e1zat: \u201eBiosecurity Enhanced Through Training Evaluation and Raising Awareness (BETTER)\u201d. Id\u0151tartam: 2021-2025. 2020-1.1.2-PIACI KFI p\u00e1ly\u00e1zat (2020-1.1.2.-PIACI-KFI-2021-00202 sz.): Term\u00e9szetes alap\u00fa komplex takarm\u00e1ny adal\u00e9kok fejleszt\u00e9se a","og_url":"https:\/\/univet.hu\/gazdasagtudomanyi-intezet\/torvenyszeki-allatorvostani-jogi-es-gazdasagtudomanyi-tanszek\/elnyert-palyazatok\/","og_site_name":"Gazdas\u00e1gtudom\u00e1nyi \u00e9s Biostatisztikai Int\u00e9zet","article_modified_time":"2025-03-28T14:41:14+00:00","twitter_card":"summary_large_image","twitter_misc":{"Becs\u00fclt olvas\u00e1si id\u0151":"4 perc"},"schema":{"@context":"https:\/\/schema.org","@graph":[{"@type":"WebPage","@id":"https:\/\/univet.hu\/gazdasagtudomanyi-intezet\/torvenyszeki-allatorvostani-jogi-es-gazdasagtudomanyi-tanszek\/elnyert-palyazatok\/","url":"https:\/\/univet.hu\/gazdasagtudomanyi-intezet\/torvenyszeki-allatorvostani-jogi-es-gazdasagtudomanyi-tanszek\/elnyert-palyazatok\/","name":"Elnyert p\u00e1ly\u00e1zatok - Gazdas\u00e1gtudom\u00e1nyi \u00e9s Biostatisztikai Int\u00e9zet","isPartOf":{"@id":"https:\/\/univet.hu\/gazdasagtudomanyi-intezet\/en\/#website"},"datePublished":"2023-05-22T11:03:50+00:00","dateModified":"2025-03-28T14:41:14+00:00","breadcrumb":{"@id":"https:\/\/univet.hu\/gazdasagtudomanyi-intezet\/torvenyszeki-allatorvostani-jogi-es-gazdasagtudomanyi-tanszek\/elnyert-palyazatok\/#breadcrumb"},"inLanguage":"hu","potentialAction":[{"@type":"ReadAction","target":["https:\/\/univet.hu\/gazdasagtudomanyi-intezet\/torvenyszeki-allatorvostani-jogi-es-gazdasagtudomanyi-tanszek\/elnyert-palyazatok\/"]}]},{"@type":"BreadcrumbList","@id":"https:\/\/univet.hu\/gazdasagtudomanyi-intezet\/torvenyszeki-allatorvostani-jogi-es-gazdasagtudomanyi-tanszek\/elnyert-palyazatok\/#breadcrumb","itemListElement":[{"@type":"ListItem","position":1,"name":"Kezd\u0151lap","item":"https:\/\/univet.hu\/gazdasagtudomanyi-intezet\/en\/"},{"@type":"ListItem","position":2,"name":"T\u00f6rv\u00e9nysz\u00e9ki \u00c1llatorvostani \u00e9s Gazdas\u00e1gtudom\u00e1nyi Tansz\u00e9k","item":"https:\/\/univet.hu\/gazdasagtudomanyi-intezet\/torvenyszeki-allatorvostani-jogi-es-gazdasagtudomanyi-tanszek\/"},{"@type":"ListItem","position":3,"name":"Elnyert p\u00e1ly\u00e1zatok"}]},{"@type":"WebSite","@id":"https:\/\/univet.hu\/gazdasagtudomanyi-intezet\/en\/#website","url":"https:\/\/univet.hu\/gazdasagtudomanyi-intezet\/en\/","name":"Gazdas\u00e1gtudom\u00e1nyi \u00e9s Biostatisztikai Int\u00e9zet","description":"","potentialAction":[{"@type":"SearchAction","target":{"@type":"EntryPoint","urlTemplate":"https:\/\/univet.hu\/gazdasagtudomanyi-intezet\/en\/?s={search_term_string}"},"query-input":{"@type":"PropertyValueSpecification","valueRequired":true,"valueName":"search_term_string"}}],"inLanguage":"hu"}]}},"_links":{"self":[{"href":"https:\/\/univet.hu\/gazdasagtudomanyi-intezet\/wp-json\/wp\/v2\/pages\/86488","targetHints":{"allow":["GET"]}}],"collection":[{"href":"https:\/\/univet.hu\/gazdasagtudomanyi-intezet\/wp-json\/wp\/v2\/pages"}],"about":[{"href":"https:\/\/univet.hu\/gazdasagtudomanyi-intezet\/wp-json\/wp\/v2\/types\/page"}],"author":[{"embeddable":true,"href":"https:\/\/univet.hu\/gazdasagtudomanyi-intezet\/wp-json\/wp\/v2\/users\/3837"}],"replies":[{"embeddable":true,"href":"https:\/\/univet.hu\/gazdasagtudomanyi-intezet\/wp-json\/wp\/v2\/comments?post=86488"}],"version-history":[{"count":1,"href":"https:\/\/univet.hu\/gazdasagtudomanyi-intezet\/wp-json\/wp\/v2\/pages\/86488\/revisions"}],"predecessor-version":[{"id":103606,"href":"https:\/\/univet.hu\/gazdasagtudomanyi-intezet\/wp-json\/wp\/v2\/pages\/86488\/revisions\/103606"}],"up":[{"embeddable":true,"href":"https:\/\/univet.hu\/gazdasagtudomanyi-intezet\/wp-json\/wp\/v2\/pages\/3394"}],"wp:attachment":[{"href":"https:\/\/univet.hu\/gazdasagtudomanyi-intezet\/wp-json\/wp\/v2\/media?parent=86488"}],"wp:term":[{"taxonomy":"category","embeddable":true,"href":"https:\/\/univet.hu\/gazdasagtudomanyi-intezet\/wp-json\/wp\/v2\/categories?post=86488"},{"taxonomy":"post_tag","embeddable":true,"href":"https:\/\/univet.hu\/gazdasagtudomanyi-intezet\/wp-json\/wp\/v2\/tags?post=86488"}],"curies":[{"name":"wp","href":"https:\/\/api.w.org\/{rel}","templated":true}]}}