{"id":94970,"date":"2023-08-25T16:11:45","date_gmt":"2023-08-25T14:11:45","guid":{"rendered":"https:\/\/univet.hu\/?page_id=94970"},"modified":"2025-03-20T11:08:05","modified_gmt":"2025-03-20T10:08:05","slug":"abteilungsplan","status":"publish","type":"page","link":"https:\/\/univet.hu\/gyogyszertani-tanszek\/de\/lehrstuhl-fur-pharmakologie-und-toxikologie\/abteilungsplan\/","title":{"rendered":"Abteilungsplan"},"content":{"rendered":"<p><img loading=\"lazy\" decoding=\"async\" class=\"alignnone  wp-image-94971\" src=\"https:\/\/univet.hu\/wp-content\/uploads\/2023\/09\/gyogszertanTerkepNemet-320x286.png\" alt=\"\" width=\"998\" height=\"892\" \/><\/p>","protected":false},"excerpt":{"rendered":"","protected":false},"author":3837,"featured_media":0,"parent":3333,"menu_order":0,"comment_status":"open","ping_status":"open","template":"","meta":{"_acf_changed":false,"footnotes":""},"categories":[],"tags":[],"class_list":["post-94970","page","type-page","status-publish","hentry"],"acf":[],"yoast_head":"<!-- This site is optimized with the Yoast SEO plugin v27.2 - https:\/\/yoast.com\/product\/yoast-seo-wordpress\/ -->\n<title>Abteilungsplan - Gy\u00f3gyszertani \u00e9s M\u00e9regtani Tansz\u00e9k<\/title>\n<meta name=\"robots\" content=\"index, follow, max-snippet:-1, max-image-preview:large, max-video-preview:-1\" \/>\n<link rel=\"canonical\" href=\"https:\/\/univet.hu\/gyogyszertani-tanszek\/de\/lehrstuhl-fur-pharmakologie-und-toxikologie\/abteilungsplan\/\" \/>\n<meta property=\"og:locale\" content=\"de_DE\" \/>\n<meta property=\"og:type\" content=\"article\" \/>\n<meta property=\"og:title\" content=\"Abteilungsplan - Gy\u00f3gyszertani \u00e9s M\u00e9regtani Tansz\u00e9k\" \/>\n<meta property=\"og:url\" content=\"https:\/\/univet.hu\/gyogyszertani-tanszek\/de\/lehrstuhl-fur-pharmakologie-und-toxikologie\/abteilungsplan\/\" \/>\n<meta property=\"og:site_name\" content=\"Gy\u00f3gyszertani \u00e9s M\u00e9regtani Tansz\u00e9k\" \/>\n<meta property=\"article:modified_time\" content=\"2025-03-20T10:08:05+00:00\" \/>\n<meta property=\"og:image\" content=\"https:\/\/univet.hu\/wp-content\/uploads\/2023\/09\/gyogszertanTerkepNemet-320x286.png\" \/>\n<meta name=\"twitter:card\" content=\"summary_large_image\" \/>\n<script type=\"application\/ld+json\" class=\"yoast-schema-graph\">{\"@context\":\"https:\/\/schema.org\",\"@graph\":[{\"@type\":\"WebPage\",\"@id\":\"https:\/\/univet.hu\/gyogyszertani-tanszek\/de\/lehrstuhl-fur-pharmakologie-und-toxikologie\/abteilungsplan\/\",\"url\":\"https:\/\/univet.hu\/gyogyszertani-tanszek\/de\/lehrstuhl-fur-pharmakologie-und-toxikologie\/abteilungsplan\/\",\"name\":\"Abteilungsplan - Gy\u00f3gyszertani \u00e9s M\u00e9regtani Tansz\u00e9k\",\"isPartOf\":{\"@id\":\"https:\/\/univet.hu\/gyogyszertani-tanszek\/en\/#website\"},\"primaryImageOfPage\":{\"@id\":\"https:\/\/univet.hu\/gyogyszertani-tanszek\/de\/lehrstuhl-fur-pharmakologie-und-toxikologie\/abteilungsplan\/#primaryimage\"},\"image\":{\"@id\":\"https:\/\/univet.hu\/gyogyszertani-tanszek\/de\/lehrstuhl-fur-pharmakologie-und-toxikologie\/abteilungsplan\/#primaryimage\"},\"thumbnailUrl\":\"https:\/\/univet.hu\/wp-content\/uploads\/2023\/09\/gyogszertanTerkepNemet-320x286.png\",\"datePublished\":\"2023-08-25T14:11:45+00:00\",\"dateModified\":\"2025-03-20T10:08:05+00:00\",\"breadcrumb\":{\"@id\":\"https:\/\/univet.hu\/gyogyszertani-tanszek\/de\/lehrstuhl-fur-pharmakologie-und-toxikologie\/abteilungsplan\/#breadcrumb\"},\"inLanguage\":\"de\",\"potentialAction\":[{\"@type\":\"ReadAction\",\"target\":[\"https:\/\/univet.hu\/gyogyszertani-tanszek\/de\/lehrstuhl-fur-pharmakologie-und-toxikologie\/abteilungsplan\/\"]}]},{\"@type\":\"ImageObject\",\"inLanguage\":\"de\",\"@id\":\"https:\/\/univet.hu\/gyogyszertani-tanszek\/de\/lehrstuhl-fur-pharmakologie-und-toxikologie\/abteilungsplan\/#primaryimage\",\"url\":\"https:\/\/univet.hu\/wp-content\/uploads\/2023\/09\/gyogszertanTerkepNemet-320x286.png\",\"contentUrl\":\"https:\/\/univet.hu\/wp-content\/uploads\/2023\/09\/gyogszertanTerkepNemet-320x286.png\"},{\"@type\":\"BreadcrumbList\",\"@id\":\"https:\/\/univet.hu\/gyogyszertani-tanszek\/de\/lehrstuhl-fur-pharmakologie-und-toxikologie\/abteilungsplan\/#breadcrumb\",\"itemListElement\":[{\"@type\":\"ListItem\",\"position\":1,\"name\":\"Kezd\u0151lap\",\"item\":\"https:\/\/univet.hu\/gyogyszertani-tanszek\/de\/\"},{\"@type\":\"ListItem\",\"position\":2,\"name\":\"Lehrstuhl f\u00fcr Pharmakologie und Toxikologie\",\"item\":\"https:\/\/univet.hu\/gyogyszertani-tanszek\/de\/\"},{\"@type\":\"ListItem\",\"position\":3,\"name\":\"Abteilungsplan\"}]},{\"@type\":\"WebSite\",\"@id\":\"https:\/\/univet.hu\/gyogyszertani-tanszek\/en\/#website\",\"url\":\"https:\/\/univet.hu\/gyogyszertani-tanszek\/en\/\",\"name\":\"Gy\u00f3gyszertani \u00e9s M\u00e9regtani Tansz\u00e9k\",\"description\":\"\",\"potentialAction\":[{\"@type\":\"SearchAction\",\"target\":{\"@type\":\"EntryPoint\",\"urlTemplate\":\"https:\/\/univet.hu\/gyogyszertani-tanszek\/en\/?s={search_term_string}\"},\"query-input\":{\"@type\":\"PropertyValueSpecification\",\"valueRequired\":true,\"valueName\":\"search_term_string\"}}],\"inLanguage\":\"de\"}]}<\/script>\n<!-- \/ Yoast SEO plugin. -->","yoast_head_json":{"title":"Abteilungsplan - Gy\u00f3gyszertani \u00e9s M\u00e9regtani Tansz\u00e9k","robots":{"index":"index","follow":"follow","max-snippet":"max-snippet:-1","max-image-preview":"max-image-preview:large","max-video-preview":"max-video-preview:-1"},"canonical":"https:\/\/univet.hu\/gyogyszertani-tanszek\/de\/lehrstuhl-fur-pharmakologie-und-toxikologie\/abteilungsplan\/","og_locale":"de_DE","og_type":"article","og_title":"Abteilungsplan - Gy\u00f3gyszertani \u00e9s M\u00e9regtani Tansz\u00e9k","og_url":"https:\/\/univet.hu\/gyogyszertani-tanszek\/de\/lehrstuhl-fur-pharmakologie-und-toxikologie\/abteilungsplan\/","og_site_name":"Gy\u00f3gyszertani \u00e9s M\u00e9regtani Tansz\u00e9k","article_modified_time":"2025-03-20T10:08:05+00:00","og_image":[{"url":"https:\/\/univet.hu\/wp-content\/uploads\/2023\/09\/gyogszertanTerkepNemet-320x286.png","type":"","width":"","height":""}],"twitter_card":"summary_large_image","schema":{"@context":"https:\/\/schema.org","@graph":[{"@type":"WebPage","@id":"https:\/\/univet.hu\/gyogyszertani-tanszek\/de\/lehrstuhl-fur-pharmakologie-und-toxikologie\/abteilungsplan\/","url":"https:\/\/univet.hu\/gyogyszertani-tanszek\/de\/lehrstuhl-fur-pharmakologie-und-toxikologie\/abteilungsplan\/","name":"Abteilungsplan - Gy\u00f3gyszertani \u00e9s M\u00e9regtani Tansz\u00e9k","isPartOf":{"@id":"https:\/\/univet.hu\/gyogyszertani-tanszek\/en\/#website"},"primaryImageOfPage":{"@id":"https:\/\/univet.hu\/gyogyszertani-tanszek\/de\/lehrstuhl-fur-pharmakologie-und-toxikologie\/abteilungsplan\/#primaryimage"},"image":{"@id":"https:\/\/univet.hu\/gyogyszertani-tanszek\/de\/lehrstuhl-fur-pharmakologie-und-toxikologie\/abteilungsplan\/#primaryimage"},"thumbnailUrl":"https:\/\/univet.hu\/wp-content\/uploads\/2023\/09\/gyogszertanTerkepNemet-320x286.png","datePublished":"2023-08-25T14:11:45+00:00","dateModified":"2025-03-20T10:08:05+00:00","breadcrumb":{"@id":"https:\/\/univet.hu\/gyogyszertani-tanszek\/de\/lehrstuhl-fur-pharmakologie-und-toxikologie\/abteilungsplan\/#breadcrumb"},"inLanguage":"de","potentialAction":[{"@type":"ReadAction","target":["https:\/\/univet.hu\/gyogyszertani-tanszek\/de\/lehrstuhl-fur-pharmakologie-und-toxikologie\/abteilungsplan\/"]}]},{"@type":"ImageObject","inLanguage":"de","@id":"https:\/\/univet.hu\/gyogyszertani-tanszek\/de\/lehrstuhl-fur-pharmakologie-und-toxikologie\/abteilungsplan\/#primaryimage","url":"https:\/\/univet.hu\/wp-content\/uploads\/2023\/09\/gyogszertanTerkepNemet-320x286.png","contentUrl":"https:\/\/univet.hu\/wp-content\/uploads\/2023\/09\/gyogszertanTerkepNemet-320x286.png"},{"@type":"BreadcrumbList","@id":"https:\/\/univet.hu\/gyogyszertani-tanszek\/de\/lehrstuhl-fur-pharmakologie-und-toxikologie\/abteilungsplan\/#breadcrumb","itemListElement":[{"@type":"ListItem","position":1,"name":"Kezd\u0151lap","item":"https:\/\/univet.hu\/gyogyszertani-tanszek\/de\/"},{"@type":"ListItem","position":2,"name":"Lehrstuhl f\u00fcr Pharmakologie und Toxikologie","item":"https:\/\/univet.hu\/gyogyszertani-tanszek\/de\/"},{"@type":"ListItem","position":3,"name":"Abteilungsplan"}]},{"@type":"WebSite","@id":"https:\/\/univet.hu\/gyogyszertani-tanszek\/en\/#website","url":"https:\/\/univet.hu\/gyogyszertani-tanszek\/en\/","name":"Gy\u00f3gyszertani \u00e9s M\u00e9regtani Tansz\u00e9k","description":"","potentialAction":[{"@type":"SearchAction","target":{"@type":"EntryPoint","urlTemplate":"https:\/\/univet.hu\/gyogyszertani-tanszek\/en\/?s={search_term_string}"},"query-input":{"@type":"PropertyValueSpecification","valueRequired":true,"valueName":"search_term_string"}}],"inLanguage":"de"}]}},"_links":{"self":[{"href":"https:\/\/univet.hu\/gyogyszertani-tanszek\/de\/wp-json\/wp\/v2\/pages\/94970","targetHints":{"allow":["GET"]}}],"collection":[{"href":"https:\/\/univet.hu\/gyogyszertani-tanszek\/de\/wp-json\/wp\/v2\/pages"}],"about":[{"href":"https:\/\/univet.hu\/gyogyszertani-tanszek\/de\/wp-json\/wp\/v2\/types\/page"}],"author":[{"embeddable":true,"href":"https:\/\/univet.hu\/gyogyszertani-tanszek\/de\/wp-json\/wp\/v2\/users\/3837"}],"replies":[{"embeddable":true,"href":"https:\/\/univet.hu\/gyogyszertani-tanszek\/de\/wp-json\/wp\/v2\/comments?post=94970"}],"version-history":[{"count":1,"href":"https:\/\/univet.hu\/gyogyszertani-tanszek\/de\/wp-json\/wp\/v2\/pages\/94970\/revisions"}],"predecessor-version":[{"id":163715,"href":"https:\/\/univet.hu\/gyogyszertani-tanszek\/de\/wp-json\/wp\/v2\/pages\/94970\/revisions\/163715"}],"up":[{"embeddable":true,"href":"https:\/\/univet.hu\/gyogyszertani-tanszek\/de\/wp-json\/wp\/v2\/pages\/3333"}],"wp:attachment":[{"href":"https:\/\/univet.hu\/gyogyszertani-tanszek\/de\/wp-json\/wp\/v2\/media?parent=94970"}],"wp:term":[{"taxonomy":"category","embeddable":true,"href":"https:\/\/univet.hu\/gyogyszertani-tanszek\/de\/wp-json\/wp\/v2\/categories?post=94970"},{"taxonomy":"post_tag","embeddable":true,"href":"https:\/\/univet.hu\/gyogyszertani-tanszek\/de\/wp-json\/wp\/v2\/tags?post=94970"}],"curies":[{"name":"wp","href":"https:\/\/api.w.org\/{rel}","templated":true}]}}