{"id":13496,"date":"1970-01-01T01:00:00","date_gmt":"1970-01-01T00:00:00","guid":{"rendered":"http:\/\/univet.hu\/egyetem\/szervezeti-egysegek\/gyogyszertani-es-meregtani-tanszek\/konzultacios-idopontok\/"},"modified":"2025-03-20T11:08:03","modified_gmt":"2025-03-20T10:08:03","slug":"consultation-hours","status":"publish","type":"page","link":"https:\/\/univet.hu\/gyogyszertani-tanszek\/en\/department-of-pharmacology-and-toxicology\/consultation-hours\/","title":{"rendered":"Consultation hours"},"content":{"rendered":"<p style=\"text-align: center\"><span style=\"font-size: 18pt\"><strong>Consultation hours at the Department of Pharmacology and Toxicology<\/strong><\/span><\/p> <p style=\"text-align: center\"><span style=\"font-size: 18pt\"><strong>2023\/2024. I.<\/strong><\/span><\/p> <table class=\"aligncenter\" style=\"height: 1865px;width: 545px\" border=\"0\" cellspacing=\"0\" cellpadding=\"0\"> <tbody> <tr style=\"height: 56px\"> <td style=\"width: 341.594px;height: 56px;text-align: left\">Dr. Jerzsele \u00c1kos<\/td> <td style=\"width: 85.625px;height: 56px;text-align: left\"> <p style=\"text-align: center\">H\u00e9tf\u0151<\/p> <\/td> <td style=\"width: 107.766px;height: 152px;text-align: left\" rowspan=\"2\"> <p style=\"text-align: center\">12 \u2013 14 h<\/p> <\/td> <\/tr> <tr style=\"height: 96px\"> <td style=\"width: 341.594px;height: 96px;text-align: left\"> <p>tansz\u00e9kvezet\u0151, egyetemi docens<\/p> <p>associate professor, Head of Department<\/td> <td style=\"width: 85.625px;height: 96px\">\u00a0 \u00a0Monday<\/td> <\/tr> <tr style=\"height: 56px\"> <td style=\"width: 341.594px;height: 56px;text-align: left\">Dr. Csik\u00f3 Gy\u00f6rgy<\/td> <td style=\"width: 85.625px;height: 56px;text-align: left\"> <p style=\"text-align: center\">Cs\u00fct\u00f6rt\u00f6k<\/p> <\/td> <td style=\"width: 107.766px;height: 152px;text-align: left\" rowspan=\"2\"> <p style=\"text-align: center\">09 \u2013 10 h<\/p> <\/td> <\/tr> <tr style=\"height: 96px\"> <td style=\"width: 341.594px;height: 96px;text-align: left\"> <p>egyetemi docens<\/p> <p>associate professor<\/td> <td style=\"width: 85.625px;height: 96px;text-align: left\">\u00a0 \u00a0Thursday<\/td> <\/tr> <tr style=\"height: 56px\"> <td style=\"width: 341.594px;height: 56px;text-align: left\">Dr. Farkas Orsolya<\/td> <td style=\"width: 85.625px;height: 56px;text-align: left\"> <p style=\"text-align: center\">Szerda<\/p> <\/td> <td style=\"width: 107.766px;height: 152px;text-align: left\" rowspan=\"2\"> <p style=\"text-align: center\">10 \u2013 11 h<\/p> <\/td> <\/tr> <tr style=\"height: 96px\"> <td style=\"width: 341.594px;height: 96px;text-align: left\"> <p>tudom\u00e1nyos f\u0151munkat\u00e1rs<\/p> <p>senior research fellow<\/td> <td style=\"width: 85.625px;height: 96px;text-align: left\">\u00a0 \u00a0 Wednesday<\/td> <\/tr> <tr style=\"height: 56px\"> <td style=\"width: 341.594px;height: 56px;text-align: left\">Dr. P\u00e1sztin\u00e9 Dr. Gere Erzs\u00e9bet<\/td> <td style=\"width: 85.625px;height: 56px;text-align: left\"> <p style=\"text-align: center\">P\u00e9ntek<\/p> <\/td> <td style=\"width: 107.766px;height: 152px;text-align: left\" rowspan=\"2\"> <p style=\"text-align: center\">\u00a011 \u2013 12 h<\/p> <\/td> <\/tr> <tr style=\"height: 96px\"> <td style=\"width: 341.594px;height: 96px;text-align: left\"> <p>tudom\u00e1nyos f\u0151munkat\u00e1rs<\/p> <p>senior research fellow<\/td> <td style=\"width: 85.625px;height: 96px;text-align: left\">\u00a0 \u00a0Friday<\/td> <\/tr> <tr style=\"height: 56px\"> <td style=\"width: 341.594px;height: 56px;text-align: left\">Dr. Nemes Ter\u00e9nyi Melinda<\/td> <td style=\"width: 85.625px;height: 56px\">\u00a0 Cs\u00fct\u00f6rt\u00f6k<\/td> <td style=\"width: 107.766px;height: 152px;text-align: left\" rowspan=\"2\"> <p style=\"text-align: center\">12-13 h<\/p> <p style=\"text-align: center\"> <\/td> <\/tr> <tr style=\"height: 96px\"> <td style=\"width: 341.594px;height: 96px;text-align: left\"> <p>mesteroktat\u00f3<\/p> <p>senior lecturer<\/td> <td style=\"width: 85.625px;height: 96px;text-align: left\">\u00a0 Thursday<\/td> <\/tr> <tr style=\"height: 56px\"> <td style=\"width: 341.594px;text-align: left;height: 56px\">Dr. Karancsi Zita<\/td> <td style=\"width: 85.625px;height: 56px\">\u00a0 \u00a0 H\u00e9tf\u0151<\/td> <td style=\"width: 107.766px;text-align: left;height: 103px\" rowspan=\"2\"> <p style=\"text-align: center\">11-12 h<\/p> <p style=\"text-align: center\"> <\/td> <\/tr> <tr style=\"height: 47px\"> <td style=\"width: 341.594px;text-align: left;height: 47px\"> <p>egyetemi tan\u00e1rseg\u00e9d<\/p> <p>assistant lecturer<\/td> <td style=\"width: 85.625px;height: 47px\">\u00a0 \u00a0Monday<\/td> <\/tr> <tr style=\"height: 56px\"> <td style=\"width: 341.594px;height: 56px;text-align: left\">Dr. Pal\u00f3cz Orsolya<\/td> <td style=\"width: 85.625px;height: 56px;text-align: left\"> <p style=\"text-align: center\">Kedd<\/p> <\/td> <td style=\"width: 107.766px;height: 152px;text-align: left\" rowspan=\"2\"> <p style=\"text-align: center\">10 \u2013 12 h<\/p> <\/td> <\/tr> <tr style=\"height: 96px\"> <td style=\"width: 341.594px;height: 96px;text-align: left\"> <p>tudom\u00e1nyos munkat\u00e1rs<\/p> <p>research fellow<\/td> <td style=\"width: 85.625px;height: 96px;text-align: left\">\u00a0 \u00a0Tuesday<\/td> <\/tr> <tr style=\"height: 56px\"> <td style=\"width: 341.594px;height: 56px;text-align: left\">Dr. Veres Adrienn Merc\u00e9desz<\/td> <td style=\"width: 85.625px;height: 56px;text-align: left\"> <p style=\"text-align: center\">Szerda<\/p> <\/td> <td style=\"width: 107.766px;height: 152px;text-align: left\" rowspan=\"2\"> <p style=\"text-align: center\">10- 11 h<\/p> <p style=\"text-align: center\"> <\/td> <\/tr> <tr style=\"height: 96px\"> <td style=\"width: 341.594px;height: 96px;text-align: left\"> <p>egyetemi tan\u00e1rseg\u00e9d<\/p> <p>assistant lecturer<\/td> <td style=\"width: 85.625px;height: 96px;text-align: left\"> <p style=\"text-align: center\">Wednesday<\/p> <\/td> <\/tr> <tr style=\"height: 56px\"> <td style=\"width: 341.594px;height: 56px;text-align: left\">Dr. Somogyi Zolt\u00e1n<\/td> <td style=\"width: 85.625px;height: 56px;text-align: left\"> <p style=\"text-align: center\">H\u00e9tf\u0151<\/p> <\/td> <td style=\"width: 107.766px;height: 108px;text-align: left\" rowspan=\"2\"> <p style=\"text-align: center\">09-10 h<\/p> <\/td> <\/tr> <tr style=\"height: 52px\"> <td style=\"width: 341.594px;height: 52px;text-align: left\"> <p>egyetemi tan\u00e1rseg\u00e9d<\/p> <p>assistant lecturer<\/td> <td style=\"width: 85.625px;height: 52px;text-align: left\"> <p style=\"text-align: center\">Monday<\/p> <\/td> <\/tr> <tr style=\"height: 56px\"> <td style=\"width: 341.594px;height: 56px;text-align: left\">Dr. Mag Patrik<\/td> <td style=\"width: 85.625px;height: 56px;text-align: left\"> <p style=\"text-align: center\">Szerda<\/p> <\/td> <td style=\"width: 107.766px;height: 80px;text-align: left\" rowspan=\"2\"> <p style=\"text-align: center\">\u00a009 \u2013 10 h<\/p> <\/td> <\/tr> <tr style=\"height: 24px\"> <td style=\"width: 341.594px;height: 24px;text-align: left\"> <p>egyetemi tan\u00e1rseg\u00e9d<\/p> <p>assistant lecturer<\/td> <td style=\"width: 85.625px;height: 24px;text-align: left\">\u00a0Wednesday<\/td> <\/tr> <tr style=\"height: 56px\"> <td style=\"width: 341.594px;height: 56px;text-align: left\">Dr. M\u00f3ricz Alma Vir\u00e1g<\/td> <td style=\"width: 85.625px;height: 56px;text-align: left\"> <p style=\"text-align: center\">Kedd<\/p> <\/td> <td style=\"width: 107.766px;height: 80px;text-align: left\" rowspan=\"2\"> <p style=\"text-align: center\">09-10 h<\/p> <\/td> <\/tr> <tr style=\"height: 24px\"> <td style=\"width: 341.594px;height: 24px;text-align: left\"> <p>tansz\u00e9ki \u00e1llatorvos<\/p> <p>veterinarian<\/td> <td style=\"width: 85.625px;height: 24px;text-align: left\">\u00a0 \u00a0Tuesday<\/td> <\/tr> <tr style=\"height: 36px\"> <td style=\"width: 341.594px;height: 36px;text-align: left\">Dr. Kerek \u00c1d\u00e1m<\/td> <td style=\"width: 85.625px;height: 36px;text-align: left\">\u00a0 \u00a0 Kedd<\/td> <td style=\"width: 107.766px;height: 60px;text-align: left\" rowspan=\"2\">\u00a0 \u00a0 \u00a0 10-12 h<\/td> <\/tr> <tr style=\"height: 24px\"> <td style=\"width: 341.594px;height: 24px;text-align: left\"> <p>egyetemi tan\u00e1rseg\u00e9d<\/p> <p>assistant lecturer<\/td> <td style=\"width: 85.625px;height: 24px;text-align: left\">\u00a0 \u00a0Tuesday<\/td> <\/tr> <\/tbody> <\/table> <p>&nbsp;<\/p>","protected":false},"excerpt":{"rendered":"<p>Consultation hours at the Department of Pharmacology and Toxicology 2023\/2024. I. Dr. Jerzsele \u00c1kos H\u00e9tf\u0151 12 \u2013 14 h tansz\u00e9kvezet\u0151, egyetemi docens associate professor, Head of Department \u00a0 \u00a0Monday Dr. Csik\u00f3 Gy\u00f6rgy Cs\u00fct\u00f6rt\u00f6k 09 \u2013 10 h egyetemi docens associate professor \u00a0 \u00a0Thursday Dr. Farkas Orsolya Szerda 10 \u2013 11 h tudom\u00e1nyos f\u0151munkat\u00e1rs senior research<\/p>\n","protected":false},"author":3837,"featured_media":0,"parent":3332,"menu_order":0,"comment_status":"closed","ping_status":"closed","template":"","meta":{"_acf_changed":false,"footnotes":""},"categories":[],"tags":[],"class_list":["post-13496","page","type-page","status-publish","hentry"],"acf":[],"yoast_head":"<!-- This site is optimized with the Yoast SEO plugin v27.2 - https:\/\/yoast.com\/product\/yoast-seo-wordpress\/ -->\n<title>Consultation hours - Gy\u00f3gyszertani \u00e9s M\u00e9regtani Tansz\u00e9k<\/title>\n<meta name=\"robots\" content=\"index, follow, max-snippet:-1, max-image-preview:large, max-video-preview:-1\" \/>\n<link rel=\"canonical\" href=\"https:\/\/univet.hu\/gyogyszertani-tanszek\/en\/department-of-pharmacology-and-toxicology\/consultation-hours\/\" \/>\n<meta property=\"og:locale\" content=\"en_US\" \/>\n<meta property=\"og:type\" content=\"article\" \/>\n<meta property=\"og:title\" content=\"Consultation hours - Gy\u00f3gyszertani \u00e9s M\u00e9regtani Tansz\u00e9k\" \/>\n<meta property=\"og:description\" content=\"Consultation hours at the Department of Pharmacology and Toxicology 2023\/2024. I. Dr. Jerzsele \u00c1kos H\u00e9tf\u0151 12 \u2013 14 h tansz\u00e9kvezet\u0151, egyetemi docens associate professor, Head of Department \u00a0 \u00a0Monday Dr. Csik\u00f3 Gy\u00f6rgy Cs\u00fct\u00f6rt\u00f6k 09 \u2013 10 h egyetemi docens associate professor \u00a0 \u00a0Thursday Dr. Farkas Orsolya Szerda 10 \u2013 11 h tudom\u00e1nyos f\u0151munkat\u00e1rs senior research\" \/>\n<meta property=\"og:url\" content=\"https:\/\/univet.hu\/gyogyszertani-tanszek\/en\/department-of-pharmacology-and-toxicology\/consultation-hours\/\" \/>\n<meta property=\"og:site_name\" content=\"Gy\u00f3gyszertani \u00e9s M\u00e9regtani Tansz\u00e9k\" \/>\n<meta property=\"article:modified_time\" content=\"2025-03-20T10:08:03+00:00\" \/>\n<meta name=\"twitter:card\" content=\"summary_large_image\" \/>\n<meta name=\"twitter:label1\" content=\"Est. reading time\" \/>\n\t<meta name=\"twitter:data1\" content=\"1 minute\" \/>\n<script type=\"application\/ld+json\" class=\"yoast-schema-graph\">{\"@context\":\"https:\/\/schema.org\",\"@graph\":[{\"@type\":\"WebPage\",\"@id\":\"https:\/\/univet.hu\/gyogyszertani-tanszek\/en\/department-of-pharmacology-and-toxicology\/consultation-hours\/\",\"url\":\"https:\/\/univet.hu\/gyogyszertani-tanszek\/en\/department-of-pharmacology-and-toxicology\/consultation-hours\/\",\"name\":\"Consultation hours - Gy\u00f3gyszertani \u00e9s M\u00e9regtani Tansz\u00e9k\",\"isPartOf\":{\"@id\":\"https:\/\/univet.hu\/gyogyszertani-tanszek\/en\/#website\"},\"datePublished\":\"1970-01-01T00:00:00+00:00\",\"dateModified\":\"2025-03-20T10:08:03+00:00\",\"breadcrumb\":{\"@id\":\"https:\/\/univet.hu\/gyogyszertani-tanszek\/en\/department-of-pharmacology-and-toxicology\/consultation-hours\/#breadcrumb\"},\"inLanguage\":\"en-US\",\"potentialAction\":[{\"@type\":\"ReadAction\",\"target\":[\"https:\/\/univet.hu\/gyogyszertani-tanszek\/en\/department-of-pharmacology-and-toxicology\/consultation-hours\/\"]}]},{\"@type\":\"BreadcrumbList\",\"@id\":\"https:\/\/univet.hu\/gyogyszertani-tanszek\/en\/department-of-pharmacology-and-toxicology\/consultation-hours\/#breadcrumb\",\"itemListElement\":[{\"@type\":\"ListItem\",\"position\":1,\"name\":\"Kezd\u0151lap\",\"item\":\"https:\/\/univet.hu\/gyogyszertani-tanszek\/en\/\"},{\"@type\":\"ListItem\",\"position\":2,\"name\":\"Department of Pharmacology and Toxicology\",\"item\":\"https:\/\/univet.hu\/gyogyszertani-tanszek\/en\/\"},{\"@type\":\"ListItem\",\"position\":3,\"name\":\"Consultation hours\"}]},{\"@type\":\"WebSite\",\"@id\":\"https:\/\/univet.hu\/gyogyszertani-tanszek\/en\/#website\",\"url\":\"https:\/\/univet.hu\/gyogyszertani-tanszek\/en\/\",\"name\":\"Gy\u00f3gyszertani \u00e9s M\u00e9regtani Tansz\u00e9k\",\"description\":\"\",\"potentialAction\":[{\"@type\":\"SearchAction\",\"target\":{\"@type\":\"EntryPoint\",\"urlTemplate\":\"https:\/\/univet.hu\/gyogyszertani-tanszek\/en\/?s={search_term_string}\"},\"query-input\":{\"@type\":\"PropertyValueSpecification\",\"valueRequired\":true,\"valueName\":\"search_term_string\"}}],\"inLanguage\":\"en-US\"}]}<\/script>\n<!-- \/ Yoast SEO plugin. -->","yoast_head_json":{"title":"Consultation hours - Gy\u00f3gyszertani \u00e9s M\u00e9regtani Tansz\u00e9k","robots":{"index":"index","follow":"follow","max-snippet":"max-snippet:-1","max-image-preview":"max-image-preview:large","max-video-preview":"max-video-preview:-1"},"canonical":"https:\/\/univet.hu\/gyogyszertani-tanszek\/en\/department-of-pharmacology-and-toxicology\/consultation-hours\/","og_locale":"en_US","og_type":"article","og_title":"Consultation hours - Gy\u00f3gyszertani \u00e9s M\u00e9regtani Tansz\u00e9k","og_description":"Consultation hours at the Department of Pharmacology and Toxicology 2023\/2024. I. Dr. Jerzsele \u00c1kos H\u00e9tf\u0151 12 \u2013 14 h tansz\u00e9kvezet\u0151, egyetemi docens associate professor, Head of Department \u00a0 \u00a0Monday Dr. Csik\u00f3 Gy\u00f6rgy Cs\u00fct\u00f6rt\u00f6k 09 \u2013 10 h egyetemi docens associate professor \u00a0 \u00a0Thursday Dr. Farkas Orsolya Szerda 10 \u2013 11 h tudom\u00e1nyos f\u0151munkat\u00e1rs senior research","og_url":"https:\/\/univet.hu\/gyogyszertani-tanszek\/en\/department-of-pharmacology-and-toxicology\/consultation-hours\/","og_site_name":"Gy\u00f3gyszertani \u00e9s M\u00e9regtani Tansz\u00e9k","article_modified_time":"2025-03-20T10:08:03+00:00","twitter_card":"summary_large_image","twitter_misc":{"Est. reading time":"1 minute"},"schema":{"@context":"https:\/\/schema.org","@graph":[{"@type":"WebPage","@id":"https:\/\/univet.hu\/gyogyszertani-tanszek\/en\/department-of-pharmacology-and-toxicology\/consultation-hours\/","url":"https:\/\/univet.hu\/gyogyszertani-tanszek\/en\/department-of-pharmacology-and-toxicology\/consultation-hours\/","name":"Consultation hours - Gy\u00f3gyszertani \u00e9s M\u00e9regtani Tansz\u00e9k","isPartOf":{"@id":"https:\/\/univet.hu\/gyogyszertani-tanszek\/en\/#website"},"datePublished":"1970-01-01T00:00:00+00:00","dateModified":"2025-03-20T10:08:03+00:00","breadcrumb":{"@id":"https:\/\/univet.hu\/gyogyszertani-tanszek\/en\/department-of-pharmacology-and-toxicology\/consultation-hours\/#breadcrumb"},"inLanguage":"en-US","potentialAction":[{"@type":"ReadAction","target":["https:\/\/univet.hu\/gyogyszertani-tanszek\/en\/department-of-pharmacology-and-toxicology\/consultation-hours\/"]}]},{"@type":"BreadcrumbList","@id":"https:\/\/univet.hu\/gyogyszertani-tanszek\/en\/department-of-pharmacology-and-toxicology\/consultation-hours\/#breadcrumb","itemListElement":[{"@type":"ListItem","position":1,"name":"Kezd\u0151lap","item":"https:\/\/univet.hu\/gyogyszertani-tanszek\/en\/"},{"@type":"ListItem","position":2,"name":"Department of Pharmacology and Toxicology","item":"https:\/\/univet.hu\/gyogyszertani-tanszek\/en\/"},{"@type":"ListItem","position":3,"name":"Consultation hours"}]},{"@type":"WebSite","@id":"https:\/\/univet.hu\/gyogyszertani-tanszek\/en\/#website","url":"https:\/\/univet.hu\/gyogyszertani-tanszek\/en\/","name":"Gy\u00f3gyszertani \u00e9s M\u00e9regtani Tansz\u00e9k","description":"","potentialAction":[{"@type":"SearchAction","target":{"@type":"EntryPoint","urlTemplate":"https:\/\/univet.hu\/gyogyszertani-tanszek\/en\/?s={search_term_string}"},"query-input":{"@type":"PropertyValueSpecification","valueRequired":true,"valueName":"search_term_string"}}],"inLanguage":"en-US"}]}},"_links":{"self":[{"href":"https:\/\/univet.hu\/gyogyszertani-tanszek\/en\/wp-json\/wp\/v2\/pages\/13496","targetHints":{"allow":["GET"]}}],"collection":[{"href":"https:\/\/univet.hu\/gyogyszertani-tanszek\/en\/wp-json\/wp\/v2\/pages"}],"about":[{"href":"https:\/\/univet.hu\/gyogyszertani-tanszek\/en\/wp-json\/wp\/v2\/types\/page"}],"author":[{"embeddable":true,"href":"https:\/\/univet.hu\/gyogyszertani-tanszek\/en\/wp-json\/wp\/v2\/users\/3837"}],"replies":[{"embeddable":true,"href":"https:\/\/univet.hu\/gyogyszertani-tanszek\/en\/wp-json\/wp\/v2\/comments?post=13496"}],"version-history":[{"count":1,"href":"https:\/\/univet.hu\/gyogyszertani-tanszek\/en\/wp-json\/wp\/v2\/pages\/13496\/revisions"}],"predecessor-version":[{"id":163699,"href":"https:\/\/univet.hu\/gyogyszertani-tanszek\/en\/wp-json\/wp\/v2\/pages\/13496\/revisions\/163699"}],"up":[{"embeddable":true,"href":"https:\/\/univet.hu\/gyogyszertani-tanszek\/en\/wp-json\/wp\/v2\/pages\/3332"}],"wp:attachment":[{"href":"https:\/\/univet.hu\/gyogyszertani-tanszek\/en\/wp-json\/wp\/v2\/media?parent=13496"}],"wp:term":[{"taxonomy":"category","embeddable":true,"href":"https:\/\/univet.hu\/gyogyszertani-tanszek\/en\/wp-json\/wp\/v2\/categories?post=13496"},{"taxonomy":"post_tag","embeddable":true,"href":"https:\/\/univet.hu\/gyogyszertani-tanszek\/en\/wp-json\/wp\/v2\/tags?post=13496"}],"curies":[{"name":"wp","href":"https:\/\/api.w.org\/{rel}","templated":true}]}}