{"id":94895,"date":"2023-09-18T17:49:17","date_gmt":"2023-09-18T15:49:17","guid":{"rendered":"https:\/\/univet.hu\/en\/about\/units\/department-of-pharmacology-and-toxicology\/name\/"},"modified":"2025-03-20T11:08:03","modified_gmt":"2025-03-20T10:08:03","slug":"department-map","status":"publish","type":"page","link":"https:\/\/univet.hu\/gyogyszertani-tanszek\/en\/department-of-pharmacology-and-toxicology\/department-map\/","title":{"rendered":"Department map"},"content":{"rendered":"<p><img loading=\"lazy\" decoding=\"async\" class=\"alignnone size-full wp-image-94896\" src=\"https:\/\/univet.hu\/wp-content\/uploads\/2023\/09\/Gy\u00f3gyszertani-\u00e9s-M\u00e9regtani-Tansz\u00e9k-english.jpg\" alt=\"\" width=\"5160\" height=\"4616\" \/><\/p>","protected":false},"excerpt":{"rendered":"","protected":false},"author":3837,"featured_media":0,"parent":3332,"menu_order":0,"comment_status":"open","ping_status":"open","template":"","meta":{"_acf_changed":false,"footnotes":""},"categories":[],"tags":[],"class_list":["post-94895","page","type-page","status-publish","hentry"],"acf":[],"yoast_head":"<!-- This site is optimized with the Yoast SEO plugin v27.2 - https:\/\/yoast.com\/product\/yoast-seo-wordpress\/ -->\n<title>Department map - Gy\u00f3gyszertani \u00e9s M\u00e9regtani Tansz\u00e9k<\/title>\n<meta name=\"robots\" content=\"index, follow, max-snippet:-1, max-image-preview:large, max-video-preview:-1\" \/>\n<link rel=\"canonical\" href=\"https:\/\/univet.hu\/gyogyszertani-tanszek\/en\/department-of-pharmacology-and-toxicology\/department-map\/\" \/>\n<meta property=\"og:locale\" content=\"en_US\" \/>\n<meta property=\"og:type\" content=\"article\" \/>\n<meta property=\"og:title\" content=\"Department map - Gy\u00f3gyszertani \u00e9s M\u00e9regtani Tansz\u00e9k\" \/>\n<meta property=\"og:url\" content=\"https:\/\/univet.hu\/gyogyszertani-tanszek\/en\/department-of-pharmacology-and-toxicology\/department-map\/\" \/>\n<meta property=\"og:site_name\" content=\"Gy\u00f3gyszertani \u00e9s M\u00e9regtani Tansz\u00e9k\" \/>\n<meta property=\"article:modified_time\" content=\"2025-03-20T10:08:03+00:00\" \/>\n<meta name=\"twitter:card\" content=\"summary_large_image\" \/>\n<script type=\"application\/ld+json\" class=\"yoast-schema-graph\">{\"@context\":\"https:\/\/schema.org\",\"@graph\":[{\"@type\":\"WebPage\",\"@id\":\"https:\/\/univet.hu\/gyogyszertani-tanszek\/en\/department-of-pharmacology-and-toxicology\/department-map\/\",\"url\":\"https:\/\/univet.hu\/gyogyszertani-tanszek\/en\/department-of-pharmacology-and-toxicology\/department-map\/\",\"name\":\"Department map - Gy\u00f3gyszertani \u00e9s M\u00e9regtani Tansz\u00e9k\",\"isPartOf\":{\"@id\":\"https:\/\/univet.hu\/gyogyszertani-tanszek\/en\/#website\"},\"datePublished\":\"2023-09-18T15:49:17+00:00\",\"dateModified\":\"2025-03-20T10:08:03+00:00\",\"breadcrumb\":{\"@id\":\"https:\/\/univet.hu\/gyogyszertani-tanszek\/en\/department-of-pharmacology-and-toxicology\/department-map\/#breadcrumb\"},\"inLanguage\":\"en-US\",\"potentialAction\":[{\"@type\":\"ReadAction\",\"target\":[\"https:\/\/univet.hu\/gyogyszertani-tanszek\/en\/department-of-pharmacology-and-toxicology\/department-map\/\"]}]},{\"@type\":\"BreadcrumbList\",\"@id\":\"https:\/\/univet.hu\/gyogyszertani-tanszek\/en\/department-of-pharmacology-and-toxicology\/department-map\/#breadcrumb\",\"itemListElement\":[{\"@type\":\"ListItem\",\"position\":1,\"name\":\"Kezd\u0151lap\",\"item\":\"https:\/\/univet.hu\/gyogyszertani-tanszek\/en\/\"},{\"@type\":\"ListItem\",\"position\":2,\"name\":\"Department of Pharmacology and Toxicology\",\"item\":\"https:\/\/univet.hu\/gyogyszertani-tanszek\/en\/\"},{\"@type\":\"ListItem\",\"position\":3,\"name\":\"Department map\"}]},{\"@type\":\"WebSite\",\"@id\":\"https:\/\/univet.hu\/gyogyszertani-tanszek\/en\/#website\",\"url\":\"https:\/\/univet.hu\/gyogyszertani-tanszek\/en\/\",\"name\":\"Gy\u00f3gyszertani \u00e9s M\u00e9regtani Tansz\u00e9k\",\"description\":\"\",\"potentialAction\":[{\"@type\":\"SearchAction\",\"target\":{\"@type\":\"EntryPoint\",\"urlTemplate\":\"https:\/\/univet.hu\/gyogyszertani-tanszek\/en\/?s={search_term_string}\"},\"query-input\":{\"@type\":\"PropertyValueSpecification\",\"valueRequired\":true,\"valueName\":\"search_term_string\"}}],\"inLanguage\":\"en-US\"}]}<\/script>\n<!-- \/ Yoast SEO plugin. -->","yoast_head_json":{"title":"Department map - Gy\u00f3gyszertani \u00e9s M\u00e9regtani Tansz\u00e9k","robots":{"index":"index","follow":"follow","max-snippet":"max-snippet:-1","max-image-preview":"max-image-preview:large","max-video-preview":"max-video-preview:-1"},"canonical":"https:\/\/univet.hu\/gyogyszertani-tanszek\/en\/department-of-pharmacology-and-toxicology\/department-map\/","og_locale":"en_US","og_type":"article","og_title":"Department map - Gy\u00f3gyszertani \u00e9s M\u00e9regtani Tansz\u00e9k","og_url":"https:\/\/univet.hu\/gyogyszertani-tanszek\/en\/department-of-pharmacology-and-toxicology\/department-map\/","og_site_name":"Gy\u00f3gyszertani \u00e9s M\u00e9regtani Tansz\u00e9k","article_modified_time":"2025-03-20T10:08:03+00:00","twitter_card":"summary_large_image","schema":{"@context":"https:\/\/schema.org","@graph":[{"@type":"WebPage","@id":"https:\/\/univet.hu\/gyogyszertani-tanszek\/en\/department-of-pharmacology-and-toxicology\/department-map\/","url":"https:\/\/univet.hu\/gyogyszertani-tanszek\/en\/department-of-pharmacology-and-toxicology\/department-map\/","name":"Department map - Gy\u00f3gyszertani \u00e9s M\u00e9regtani Tansz\u00e9k","isPartOf":{"@id":"https:\/\/univet.hu\/gyogyszertani-tanszek\/en\/#website"},"datePublished":"2023-09-18T15:49:17+00:00","dateModified":"2025-03-20T10:08:03+00:00","breadcrumb":{"@id":"https:\/\/univet.hu\/gyogyszertani-tanszek\/en\/department-of-pharmacology-and-toxicology\/department-map\/#breadcrumb"},"inLanguage":"en-US","potentialAction":[{"@type":"ReadAction","target":["https:\/\/univet.hu\/gyogyszertani-tanszek\/en\/department-of-pharmacology-and-toxicology\/department-map\/"]}]},{"@type":"BreadcrumbList","@id":"https:\/\/univet.hu\/gyogyszertani-tanszek\/en\/department-of-pharmacology-and-toxicology\/department-map\/#breadcrumb","itemListElement":[{"@type":"ListItem","position":1,"name":"Kezd\u0151lap","item":"https:\/\/univet.hu\/gyogyszertani-tanszek\/en\/"},{"@type":"ListItem","position":2,"name":"Department of Pharmacology and Toxicology","item":"https:\/\/univet.hu\/gyogyszertani-tanszek\/en\/"},{"@type":"ListItem","position":3,"name":"Department map"}]},{"@type":"WebSite","@id":"https:\/\/univet.hu\/gyogyszertani-tanszek\/en\/#website","url":"https:\/\/univet.hu\/gyogyszertani-tanszek\/en\/","name":"Gy\u00f3gyszertani \u00e9s M\u00e9regtani Tansz\u00e9k","description":"","potentialAction":[{"@type":"SearchAction","target":{"@type":"EntryPoint","urlTemplate":"https:\/\/univet.hu\/gyogyszertani-tanszek\/en\/?s={search_term_string}"},"query-input":{"@type":"PropertyValueSpecification","valueRequired":true,"valueName":"search_term_string"}}],"inLanguage":"en-US"}]}},"_links":{"self":[{"href":"https:\/\/univet.hu\/gyogyszertani-tanszek\/en\/wp-json\/wp\/v2\/pages\/94895","targetHints":{"allow":["GET"]}}],"collection":[{"href":"https:\/\/univet.hu\/gyogyszertani-tanszek\/en\/wp-json\/wp\/v2\/pages"}],"about":[{"href":"https:\/\/univet.hu\/gyogyszertani-tanszek\/en\/wp-json\/wp\/v2\/types\/page"}],"author":[{"embeddable":true,"href":"https:\/\/univet.hu\/gyogyszertani-tanszek\/en\/wp-json\/wp\/v2\/users\/3837"}],"replies":[{"embeddable":true,"href":"https:\/\/univet.hu\/gyogyszertani-tanszek\/en\/wp-json\/wp\/v2\/comments?post=94895"}],"version-history":[{"count":1,"href":"https:\/\/univet.hu\/gyogyszertani-tanszek\/en\/wp-json\/wp\/v2\/pages\/94895\/revisions"}],"predecessor-version":[{"id":163701,"href":"https:\/\/univet.hu\/gyogyszertani-tanszek\/en\/wp-json\/wp\/v2\/pages\/94895\/revisions\/163701"}],"up":[{"embeddable":true,"href":"https:\/\/univet.hu\/gyogyszertani-tanszek\/en\/wp-json\/wp\/v2\/pages\/3332"}],"wp:attachment":[{"href":"https:\/\/univet.hu\/gyogyszertani-tanszek\/en\/wp-json\/wp\/v2\/media?parent=94895"}],"wp:term":[{"taxonomy":"category","embeddable":true,"href":"https:\/\/univet.hu\/gyogyszertani-tanszek\/en\/wp-json\/wp\/v2\/categories?post=94895"},{"taxonomy":"post_tag","embeddable":true,"href":"https:\/\/univet.hu\/gyogyszertani-tanszek\/en\/wp-json\/wp\/v2\/tags?post=94895"}],"curies":[{"name":"wp","href":"https:\/\/api.w.org\/{rel}","templated":true}]}}