{"id":163765,"date":"2026-03-26T17:59:33","date_gmt":"2026-03-26T16:59:33","guid":{"rendered":"https:\/\/univet.hu\/gyogyszertani-tanszek\/gyogyszertani-es-meregtani-tanszek\/konzultacios-idopontok\/new_child_page\/"},"modified":"2026-03-28T11:01:27","modified_gmt":"2026-03-28T10:01:27","slug":"dokumentumok","status":"publish","type":"page","link":"https:\/\/univet.hu\/gyogyszertani-tanszek\/gyogyszertani-es-meregtani-tanszek\/konzultacios-idopontok\/dokumentumok\/","title":{"rendered":"Dokumentumok"},"content":{"rendered":"<p><a href=\"https:\/\/univet.hu\/gyogyszertani-tanszek\/wp-content\/uploads\/sites\/13\/2026\/03\/Panaszkezelesi-szabalyzat-1.pdf\">Panaszkezel\u00e9si szab\u00e1lyzat<\/a><\/p>","protected":false},"excerpt":{"rendered":"<p>Panaszkezel\u00e9si szab\u00e1lyzat<\/p>\n","protected":false},"author":3544,"featured_media":0,"parent":16118,"menu_order":0,"comment_status":"open","ping_status":"open","template":"","meta":{"_acf_changed":false,"footnotes":""},"categories":[],"tags":[],"class_list":["post-163765","page","type-page","status-publish","hentry"],"acf":[],"yoast_head":"<!-- This site is optimized with the Yoast SEO plugin v27.2 - https:\/\/yoast.com\/product\/yoast-seo-wordpress\/ -->\n<title>Dokumentumok - Gy\u00f3gyszertani \u00e9s M\u00e9regtani Tansz\u00e9k<\/title>\n<meta name=\"robots\" content=\"index, follow, max-snippet:-1, max-image-preview:large, max-video-preview:-1\" \/>\n<link rel=\"canonical\" href=\"https:\/\/univet.hu\/gyogyszertani-tanszek\/gyogyszertani-es-meregtani-tanszek\/konzultacios-idopontok\/dokumentumok\/\" \/>\n<meta property=\"og:locale\" content=\"hu_HU\" \/>\n<meta property=\"og:type\" content=\"article\" \/>\n<meta property=\"og:title\" content=\"Dokumentumok - Gy\u00f3gyszertani \u00e9s M\u00e9regtani Tansz\u00e9k\" \/>\n<meta property=\"og:description\" content=\"Panaszkezel\u00e9si szab\u00e1lyzat\" \/>\n<meta property=\"og:url\" content=\"https:\/\/univet.hu\/gyogyszertani-tanszek\/gyogyszertani-es-meregtani-tanszek\/konzultacios-idopontok\/dokumentumok\/\" \/>\n<meta property=\"og:site_name\" content=\"Gy\u00f3gyszertani \u00e9s M\u00e9regtani Tansz\u00e9k\" \/>\n<meta property=\"article:modified_time\" content=\"2026-03-28T10:01:27+00:00\" \/>\n<meta name=\"twitter:card\" content=\"summary_large_image\" \/>\n<script type=\"application\/ld+json\" class=\"yoast-schema-graph\">{\"@context\":\"https:\/\/schema.org\",\"@graph\":[{\"@type\":\"WebPage\",\"@id\":\"https:\/\/univet.hu\/gyogyszertani-tanszek\/gyogyszertani-es-meregtani-tanszek\/konzultacios-idopontok\/dokumentumok\/\",\"url\":\"https:\/\/univet.hu\/gyogyszertani-tanszek\/gyogyszertani-es-meregtani-tanszek\/konzultacios-idopontok\/dokumentumok\/\",\"name\":\"Dokumentumok - Gy\u00f3gyszertani \u00e9s M\u00e9regtani Tansz\u00e9k\",\"isPartOf\":{\"@id\":\"https:\/\/univet.hu\/gyogyszertani-tanszek\/en\/#website\"},\"datePublished\":\"2026-03-26T16:59:33+00:00\",\"dateModified\":\"2026-03-28T10:01:27+00:00\",\"breadcrumb\":{\"@id\":\"https:\/\/univet.hu\/gyogyszertani-tanszek\/gyogyszertani-es-meregtani-tanszek\/konzultacios-idopontok\/dokumentumok\/#breadcrumb\"},\"inLanguage\":\"hu\",\"potentialAction\":[{\"@type\":\"ReadAction\",\"target\":[\"https:\/\/univet.hu\/gyogyszertani-tanszek\/gyogyszertani-es-meregtani-tanszek\/konzultacios-idopontok\/dokumentumok\/\"]}]},{\"@type\":\"BreadcrumbList\",\"@id\":\"https:\/\/univet.hu\/gyogyszertani-tanszek\/gyogyszertani-es-meregtani-tanszek\/konzultacios-idopontok\/dokumentumok\/#breadcrumb\",\"itemListElement\":[{\"@type\":\"ListItem\",\"position\":1,\"name\":\"Kezd\u0151lap\",\"item\":\"https:\/\/univet.hu\/gyogyszertani-tanszek\/\"},{\"@type\":\"ListItem\",\"position\":2,\"name\":\"Gy\u00f3gyszertani \u00e9s M\u00e9regtani Tansz\u00e9k\",\"item\":\"https:\/\/univet.hu\/gyogyszertani-tanszek\/\"},{\"@type\":\"ListItem\",\"position\":3,\"name\":\"Konzult\u00e1ci\u00f3s id\u0151pontok\",\"item\":\"https:\/\/univet.hu\/gyogyszertani-tanszek\/gyogyszertani-es-meregtani-tanszek\/konzultacios-idopontok\/\"},{\"@type\":\"ListItem\",\"position\":4,\"name\":\"Dokumentumok\"}]},{\"@type\":\"WebSite\",\"@id\":\"https:\/\/univet.hu\/gyogyszertani-tanszek\/en\/#website\",\"url\":\"https:\/\/univet.hu\/gyogyszertani-tanszek\/en\/\",\"name\":\"Gy\u00f3gyszertani \u00e9s M\u00e9regtani Tansz\u00e9k\",\"description\":\"\",\"potentialAction\":[{\"@type\":\"SearchAction\",\"target\":{\"@type\":\"EntryPoint\",\"urlTemplate\":\"https:\/\/univet.hu\/gyogyszertani-tanszek\/en\/?s={search_term_string}\"},\"query-input\":{\"@type\":\"PropertyValueSpecification\",\"valueRequired\":true,\"valueName\":\"search_term_string\"}}],\"inLanguage\":\"hu\"}]}<\/script>\n<!-- \/ Yoast SEO plugin. -->","yoast_head_json":{"title":"Dokumentumok - Gy\u00f3gyszertani \u00e9s M\u00e9regtani Tansz\u00e9k","robots":{"index":"index","follow":"follow","max-snippet":"max-snippet:-1","max-image-preview":"max-image-preview:large","max-video-preview":"max-video-preview:-1"},"canonical":"https:\/\/univet.hu\/gyogyszertani-tanszek\/gyogyszertani-es-meregtani-tanszek\/konzultacios-idopontok\/dokumentumok\/","og_locale":"hu_HU","og_type":"article","og_title":"Dokumentumok - Gy\u00f3gyszertani \u00e9s M\u00e9regtani Tansz\u00e9k","og_description":"Panaszkezel\u00e9si szab\u00e1lyzat","og_url":"https:\/\/univet.hu\/gyogyszertani-tanszek\/gyogyszertani-es-meregtani-tanszek\/konzultacios-idopontok\/dokumentumok\/","og_site_name":"Gy\u00f3gyszertani \u00e9s M\u00e9regtani Tansz\u00e9k","article_modified_time":"2026-03-28T10:01:27+00:00","twitter_card":"summary_large_image","schema":{"@context":"https:\/\/schema.org","@graph":[{"@type":"WebPage","@id":"https:\/\/univet.hu\/gyogyszertani-tanszek\/gyogyszertani-es-meregtani-tanszek\/konzultacios-idopontok\/dokumentumok\/","url":"https:\/\/univet.hu\/gyogyszertani-tanszek\/gyogyszertani-es-meregtani-tanszek\/konzultacios-idopontok\/dokumentumok\/","name":"Dokumentumok - Gy\u00f3gyszertani \u00e9s M\u00e9regtani Tansz\u00e9k","isPartOf":{"@id":"https:\/\/univet.hu\/gyogyszertani-tanszek\/en\/#website"},"datePublished":"2026-03-26T16:59:33+00:00","dateModified":"2026-03-28T10:01:27+00:00","breadcrumb":{"@id":"https:\/\/univet.hu\/gyogyszertani-tanszek\/gyogyszertani-es-meregtani-tanszek\/konzultacios-idopontok\/dokumentumok\/#breadcrumb"},"inLanguage":"hu","potentialAction":[{"@type":"ReadAction","target":["https:\/\/univet.hu\/gyogyszertani-tanszek\/gyogyszertani-es-meregtani-tanszek\/konzultacios-idopontok\/dokumentumok\/"]}]},{"@type":"BreadcrumbList","@id":"https:\/\/univet.hu\/gyogyszertani-tanszek\/gyogyszertani-es-meregtani-tanszek\/konzultacios-idopontok\/dokumentumok\/#breadcrumb","itemListElement":[{"@type":"ListItem","position":1,"name":"Kezd\u0151lap","item":"https:\/\/univet.hu\/gyogyszertani-tanszek\/"},{"@type":"ListItem","position":2,"name":"Gy\u00f3gyszertani \u00e9s M\u00e9regtani Tansz\u00e9k","item":"https:\/\/univet.hu\/gyogyszertani-tanszek\/"},{"@type":"ListItem","position":3,"name":"Konzult\u00e1ci\u00f3s id\u0151pontok","item":"https:\/\/univet.hu\/gyogyszertani-tanszek\/gyogyszertani-es-meregtani-tanszek\/konzultacios-idopontok\/"},{"@type":"ListItem","position":4,"name":"Dokumentumok"}]},{"@type":"WebSite","@id":"https:\/\/univet.hu\/gyogyszertani-tanszek\/en\/#website","url":"https:\/\/univet.hu\/gyogyszertani-tanszek\/en\/","name":"Gy\u00f3gyszertani \u00e9s M\u00e9regtani Tansz\u00e9k","description":"","potentialAction":[{"@type":"SearchAction","target":{"@type":"EntryPoint","urlTemplate":"https:\/\/univet.hu\/gyogyszertani-tanszek\/en\/?s={search_term_string}"},"query-input":{"@type":"PropertyValueSpecification","valueRequired":true,"valueName":"search_term_string"}}],"inLanguage":"hu"}]}},"_links":{"self":[{"href":"https:\/\/univet.hu\/gyogyszertani-tanszek\/wp-json\/wp\/v2\/pages\/163765","targetHints":{"allow":["GET"]}}],"collection":[{"href":"https:\/\/univet.hu\/gyogyszertani-tanszek\/wp-json\/wp\/v2\/pages"}],"about":[{"href":"https:\/\/univet.hu\/gyogyszertani-tanszek\/wp-json\/wp\/v2\/types\/page"}],"author":[{"embeddable":true,"href":"https:\/\/univet.hu\/gyogyszertani-tanszek\/wp-json\/wp\/v2\/users\/3544"}],"replies":[{"embeddable":true,"href":"https:\/\/univet.hu\/gyogyszertani-tanszek\/wp-json\/wp\/v2\/comments?post=163765"}],"version-history":[{"count":3,"href":"https:\/\/univet.hu\/gyogyszertani-tanszek\/wp-json\/wp\/v2\/pages\/163765\/revisions"}],"predecessor-version":[{"id":163776,"href":"https:\/\/univet.hu\/gyogyszertani-tanszek\/wp-json\/wp\/v2\/pages\/163765\/revisions\/163776"}],"up":[{"embeddable":true,"href":"https:\/\/univet.hu\/gyogyszertani-tanszek\/wp-json\/wp\/v2\/pages\/16118"}],"wp:attachment":[{"href":"https:\/\/univet.hu\/gyogyszertani-tanszek\/wp-json\/wp\/v2\/media?parent=163765"}],"wp:term":[{"taxonomy":"category","embeddable":true,"href":"https:\/\/univet.hu\/gyogyszertani-tanszek\/wp-json\/wp\/v2\/categories?post=163765"},{"taxonomy":"post_tag","embeddable":true,"href":"https:\/\/univet.hu\/gyogyszertani-tanszek\/wp-json\/wp\/v2\/tags?post=163765"}],"curies":[{"name":"wp","href":"https:\/\/api.w.org\/{rel}","templated":true}]}}