{"id":58897,"date":"2020-10-06T20:26:58","date_gmt":"2020-10-06T18:26:58","guid":{"rendered":"https:\/\/univet.hu\/hu\/egyetem\/szervezeti-egysegek\/gyogyszertani-es-meregtani-tanszek\/eddigi-tdk-munkak\/name\/"},"modified":"2025-09-09T22:27:53","modified_gmt":"2025-09-09T20:27:53","slug":"nyitott-es-folyamatban-levo-tdk-temak","status":"publish","type":"page","link":"https:\/\/univet.hu\/gyogyszertani-tanszek\/gyogyszertani-es-meregtani-tanszek\/nyitott-es-folyamatban-levo-tdk-temak\/","title":{"rendered":"Szabad \u00e9s folyamatban lev\u0151 TDK\/szakdolgozat t\u00e9m\u00e1k"},"content":{"rendered":"<p style=\"text-align: center\"><strong>Szabad TDK\/szakdolgozat t\u00e9m\u00e1k<\/strong><\/p> <table style=\"height: 144px;width: 93.1977%;border-style: solid\"> <tbody> <tr style=\"height: 24px\"> <td style=\"width: 3.44828%;height: 24px;text-align: center\"><strong>Ssz.<\/strong><\/td> <td style=\"width: 29.3793%;height: 24px;text-align: center\"><strong>C\u00edm<\/strong><\/td> <td style=\"width: 17.2999%;height: 24px;text-align: center\"><strong>T\u00e9mavezet\u0151<\/strong><\/td> <td style=\"width: 22.0705%;height: 24px;text-align: center\"><strong>\u00a0El\u00e9rhet\u0151s\u00e9g<\/strong><\/td> <td style=\"width: 15.0068%;text-align: center;height: 24px\"><b>Kezd\u00e9s, c\u00e9l<\/b><\/td> <\/tr> <tr style=\"height: 24px\"> <td style=\"width: 3.44828%;height: 24px;text-align: center\">1.<\/td> <td style=\"width: 29.3793%;height: 24px\"><\/td> <td style=\"width: 17.2999%;height: 24px;text-align: center\"><\/td> <td style=\"width: 22.0705%;height: 24px;text-align: center\"><\/td> <td style=\"width: 15.0068%;height: 24px;text-align: center\"><\/td> <\/tr> <\/tbody> <\/table> <p>&nbsp;<\/p> <p style=\"text-align: center\"><strong>Folyamatban lev\u0151 TDK\/szakdolgozat t\u00e9m\u00e1k<\/strong><\/p> <table style=\"height: 225px;width: 93.1689%\" width=\"1308\"> <tbody> <tr style=\"height: 24px\"> <td style=\"text-align: center;height: 24px;width: 51.3px\"><strong>Ssz.<\/strong><\/td> <td style=\"text-align: center;height: 24px;width: 94.55px\"><strong>\u00c9vsz\u00e1m<\/strong><\/td> <td style=\"text-align: center;height: 24px;width: 340.95px\"><strong>C\u00edm<\/strong><\/td> <td style=\"text-align: center;height: 24px;width: 140.8px\"><strong>Hallgat\u00f3 neve<\/strong><\/td> <td style=\"text-align: center;height: 24px;width: 154.9px\"><strong>T\u00e9mavezet\u0151 1<\/strong><\/td> <td style=\"text-align: center;height: 24px;width: 163.95px\"><strong>T\u00e9mavezet\u0151 2<\/strong><\/td> <td style=\"text-align: center;height: 24px;width: 148.863px\"><strong>T\u00e9mavezet\u0151 3<\/strong><\/td> <td style=\"text-align: center;height: 24px;width: 141.887px\"><strong>T\u00edpus<\/strong><\/td> <\/tr> <tr style=\"height: 24px\"> <td style=\"text-align: center;width: 51.3px;height: 24px\">1.<\/td> <td style=\"text-align: center;width: 94.55px;height: 24px\">2025<\/td> <td style=\"text-align: left;width: 340.95px;height: 24px\">Hazai nagyl\u00e9tsz\u00e1m\u00fa baromfi\u00e1llom\u00e1nyokb\u00f3l izol\u00e1lt multirezisztens Enterococcus t\u00f6rzsek \u00faj gener\u00e1ci\u00f3s szekven\u00e1l\u00e1sa, k\u00fcl\u00f6n\u00f6s tekintettel a vankomicin \u00e9s linezolid rezisztencia g\u00e9nekre<\/td> <td style=\"text-align: center;width: 140.8px;height: 24px\">Radnai Levente<\/td> <td style=\"text-align: center;width: 154.9px;height: 24px\">Dr. Kerek \u00c1d\u00e1m<\/td> <td style=\"text-align: center;width: 163.95px;height: 24px\"><\/td> <td style=\"text-align: center;width: 148.863px;height: 24px\"><\/td> <td style=\"text-align: center;width: 141.887px;height: 24px\">TDK<\/td> <\/tr> <tr style=\"height: 24px\"> <td style=\"text-align: center;width: 51.3px;height: 24px\">2.<\/td> <td style=\"text-align: center;width: 94.55px;height: 24px\">2025<\/td> <td style=\"text-align: left;width: 340.95px;height: 24px\">Hazai nagyl\u00e9tsz\u00e1m\u00fa sert\u00e9s\u00e1llom\u00e1nyokb\u00f3l izol\u00e1lt multirezisztens Escherichia coli t\u00f6rzsek kiterjedt spektrum\u00fa \u03b2-laktam\u00e1z (ESBL) termel\u00e9s\u00e9nek \u00faj gener\u00e1ci\u00f3s szekven\u00e1l\u00e1sa<\/td> <td style=\"text-align: center;width: 140.8px;height: 24px\">Nagyh\u00e1zi Bal\u00e1zs<\/td> <td style=\"text-align: center;width: 154.9px;height: 24px\">Dr. Kerek \u00c1d\u00e1m<\/td> <td style=\"text-align: center;width: 163.95px;height: 24px\"><\/td> <td style=\"text-align: center;width: 148.863px;height: 24px\"><\/td> <td style=\"text-align: center;width: 141.887px;height: 24px\">TDK<\/td> <\/tr> <tr style=\"height: 24px\"> <td style=\"text-align: center;width: 51.3px;height: 24px\">3.<\/td> <td style=\"text-align: center;width: 94.55px;height: 24px\">2025<\/td> <td style=\"text-align: left;width: 340.95px;height: 24px\">\u00d6nkorm\u00e1nyzati fenntart\u00e1s\u00fa kutyafuttat\u00f3k k\u00f6rnyezet\u00e9ben el\u0151fordul\u00f3 zoonotikus bat\u00e9rkiumt\u00f6rzsek \u00e9s azok antimikrobi\u00e1lis \u00e9rz\u00e9kenys\u00e9gi vizsg\u00e1lata<\/td> <td style=\"text-align: center;width: 140.8px;height: 24px\">F\u00e9li Laura<\/td> <td style=\"text-align: center;width: 154.9px;height: 24px\">Paliczn\u00e9 Kust\u00e1n Bianka<\/td> <td style=\"text-align: center;width: 163.95px;height: 24px\">Dr. Kerek \u00c1d\u00e1m<\/td> <td style=\"text-align: center;width: 148.863px;height: 24px\"><\/td> <td style=\"text-align: center;width: 141.887px;height: 24px\">TDK<\/td> <\/tr> <tr style=\"height: 24px\"> <td style=\"text-align: center;width: 51.3px;height: 24px\">4.<\/td> <td style=\"text-align: center;width: 94.55px;height: 24px\">2025<\/td> <td style=\"text-align: left;width: 340.95px;height: 24px\">Hazai klinikai esetekb\u0151l izol\u00e1lt v\u00edzisz\u00e1rnyas eredet\u0171 bakt\u00e9rium t\u00f6rzsek antimikrobi\u00e1lis \u00e9rz\u00e9kenys\u00e9g vizsg\u00e1lata 2023-2024 k\u00f6z\u00f6tt<\/td> <td style=\"text-align: center;width: 140.8px;height: 24px\">Szarka Edit<\/td> <td style=\"text-align: center;width: 154.9px;height: 24px\">Dr. Kerek \u00c1d\u00e1m<\/td> <td style=\"text-align: center;width: 163.95px;height: 24px\">Dr. Nemes-Ter\u00e9nyi Melinda<\/td> <td style=\"text-align: center;width: 148.863px;height: 24px\"><\/td> <td style=\"text-align: center;width: 141.887px;height: 24px\">TDK<\/td> <\/tr> <tr style=\"height: 24px\"> <td style=\"text-align: center;width: 51.3px;height: 24px\">5.<\/td> <td style=\"text-align: center;width: 94.55px;height: 24px\">2025<\/td> <td style=\"text-align: left;width: 340.95px;height: 24px\">N\u00f6v\u00e9nyi eredet\u0171 antibiotikum alternat\u00edva k\u00fcl\u00f6nb\u00f6z\u0151 d\u00f3zisainak hat\u00e1sa h\u00e1zity\u00fak b\u00e9lmikrobiom \u00f6sszet\u00e9tel\u00e9re \u00e9s antimikrobi\u00e1lis rezisztencia g\u00e9nk\u00e9szlet\u00e9re<\/td> <td style=\"text-align: center;width: 140.8px;height: 24px\">Szalay Zs\u00f3fi<\/td> <td style=\"text-align: center;width: 154.9px;height: 24px\">Dr. Kerek \u00c1d\u00e1m<\/td> <td style=\"text-align: center;width: 163.95px;height: 24px\"><\/td> <td style=\"text-align: center;width: 148.863px;height: 24px\"><\/td> <td style=\"text-align: center;width: 141.887px;height: 24px\">TDK<\/td> <\/tr> <tr style=\"height: 24px\"> <td style=\"text-align: center;width: 51.3px;height: 24px\">6.<\/td> <td style=\"text-align: center;width: 94.55px;height: 24px\">2025<\/td> <td style=\"text-align: left;width: 340.95px;height: 24px\">Kutya k\u00fcls\u0151 hall\u00f3j\u00e1rat gyullad\u00e1s\u00e1b\u00f3l izol\u00e1lt Pseudomonas aeruginosa t\u00f6rzsek genot\u00edpusos vizsg\u00e1lata<\/td> <td style=\"text-align: center;width: 140.8px;height: 24px\">Tak\u00e1ts Luca<\/td> <td style=\"text-align: center;width: 154.9px;height: 24px\">Dr. Veres Adrienn Merc\u00e9desz<\/td> <td style=\"text-align: center;width: 163.95px;height: 24px\"><\/td> <td style=\"text-align: center;width: 148.863px;height: 24px\"><\/td> <td style=\"text-align: center;width: 141.887px;height: 24px\">TDK<\/td> <\/tr> <tr style=\"height: 57px\"> <td style=\"text-align: center;width: 51.3px;height: 57px\">7.<\/td> <td style=\"text-align: center;width: 94.55px;height: 57px\">2025<\/td> <td style=\"text-align: left;width: 340.95px;height: 57px\">Antioxid\u00e1ns vegy\u00fcleteket tartalmaz\u00f3 takarm\u00e1nyadal\u00e9k hat\u00e1sa a brojlercsirk\u00e9k b\u00e9lmikrobiom \u00f6sszet\u00e9tel\u00e9re \u00e9s annak \u00f6sszef\u00fcgg\u00e9sei a reziszt\u00f3m\u00e1val<\/td> <td style=\"text-align: center;width: 140.8px;height: 57px\">Tornyos Gergely<\/td> <td style=\"text-align: center;width: 154.9px;height: 57px\">Dr. Kerek \u00c1d\u00e1m<\/td> <td style=\"text-align: center;width: 163.95px;height: 57px\">Prof. Dr. F\u00e9bel Hedvig<\/td> <td style=\"text-align: center;width: 148.863px;height: 57px\"><\/td> <td style=\"text-align: center;width: 141.887px;height: 57px\">TDK<\/td> <\/tr> <tr> <td style=\"text-align: center;width: 51.3px\">8.<\/td> <td style=\"text-align: center;width: 94.55px\">2025<\/td> <td style=\"text-align: left;width: 340.95px\">K\u00f6z\u00e9tkeztet\u00e9sben haszn\u00e1lt \u00e9telsz\u00e1ll\u00edt\u00f3 badell\u00e1kb\u00f3l izol\u00e1lt <em>Escherichia coli<\/em> t\u00f6rzsek antimikrobi\u00e1lis rezisztenci\u00e1j\u00e1nak fenot\u00edpusos \u00e9s genetikai vizsg\u00e1lata<\/td> <td style=\"text-align: center;width: 140.8px\">Husz Levente<\/td> <td style=\"text-align: center;width: 154.9px\">Dr. Kerek \u00c1d\u00e1m<\/td> <td style=\"text-align: center;width: 163.95px\">Dr. S\u00fcth Mikl\u00f3s<\/td> <td style=\"text-align: center;width: 148.863px\"><\/td> <td style=\"text-align: center;width: 141.887px\">TDK<\/td> <\/tr> <tr> <td style=\"text-align: center;width: 51.3px\">9.<\/td> <td style=\"text-align: center;width: 94.55px\">2025<\/td> <td style=\"text-align: left;width: 340.95px\">A natur\u00e1lis mutat\u00f3k kapcsolata a b\u00e9lmikrobi\u00f3t\u00e1val, n\u00f6velt antioxid\u00e1ns tartalm\u00fa t\u00e1ppal etetett brojlercsirk\u00e9kben<\/td> <td style=\"text-align: center;width: 140.8px\">Hety\u00e9sy M\u00e1t\u00e9<\/td> <td style=\"text-align: center;width: 154.9px\">Prof. Dr. F\u00e9bel Hedvig<\/td> <td style=\"text-align: center;width: 163.95px\">Dr. Kerek \u00c1d\u00e1m<\/td> <td style=\"text-align: center;width: 148.863px\"><\/td> <td style=\"text-align: center;width: 141.887px\">TDK<\/td> <\/tr> <tr> <td style=\"text-align: center;width: 51.3px\">10.<\/td> <td style=\"text-align: center;width: 94.55px\">2025<\/td> <td style=\"text-align: left;width: 340.95px\">Hazai klinikai esetekb\u0151l izol\u00e1lt v\u00edzisz\u00e1rnyas eredet\u0171 bakt\u00e9rium t\u00f6rzsek antimikrobi\u00e1lis \u00e9rz\u00e9kenys\u00e9g vizsg\u00e1lata 2025-2026 k\u00f6z\u00f6tt<\/td> <td style=\"text-align: center;width: 140.8px\">Szab\u00f3 Anna<\/td> <td style=\"text-align: center;width: 154.9px\">Dr. Kerek \u00c1d\u00e1m<\/td> <td style=\"text-align: center;width: 163.95px\"><\/td> <td style=\"text-align: center;width: 148.863px\"><\/td> <td style=\"text-align: center;width: 141.887px\">TDK<\/td> <\/tr> <\/tbody> <\/table> <p style=\"text-align: center\">Friss\u00edtve: 2025.09.09.<\/p>","protected":false},"excerpt":{"rendered":"<p>Szabad TDK\/szakdolgozat t\u00e9m\u00e1k Ssz. C\u00edm T\u00e9mavezet\u0151 \u00a0El\u00e9rhet\u0151s\u00e9g Kezd\u00e9s, c\u00e9l 1. &nbsp; Folyamatban lev\u0151 TDK\/szakdolgozat t\u00e9m\u00e1k Ssz. \u00c9vsz\u00e1m C\u00edm Hallgat\u00f3 neve T\u00e9mavezet\u0151 1 T\u00e9mavezet\u0151 2 T\u00e9mavezet\u0151 3 T\u00edpus 1. 2025 Hazai nagyl\u00e9tsz\u00e1m\u00fa baromfi\u00e1llom\u00e1nyokb\u00f3l izol\u00e1lt multirezisztens Enterococcus t\u00f6rzsek \u00faj gener\u00e1ci\u00f3s szekven\u00e1l\u00e1sa, k\u00fcl\u00f6n\u00f6s tekintettel a vankomicin \u00e9s linezolid rezisztencia g\u00e9nekre Radnai Levente Dr. Kerek \u00c1d\u00e1m TDK 2. 2025<\/p>\n","protected":false},"author":3837,"featured_media":0,"parent":3331,"menu_order":0,"comment_status":"open","ping_status":"open","template":"","meta":{"_acf_changed":false,"footnotes":""},"categories":[],"tags":[],"class_list":["post-58897","page","type-page","status-publish","hentry"],"acf":[],"yoast_head":"<!-- This site is optimized with the Yoast SEO plugin v27.2 - https:\/\/yoast.com\/product\/yoast-seo-wordpress\/ -->\n<title>Szabad \u00e9s folyamatban lev\u0151 TDK\/szakdolgozat t\u00e9m\u00e1k - Gy\u00f3gyszertani \u00e9s M\u00e9regtani Tansz\u00e9k<\/title>\n<meta name=\"robots\" content=\"index, follow, max-snippet:-1, max-image-preview:large, max-video-preview:-1\" \/>\n<link rel=\"canonical\" href=\"https:\/\/univet.hu\/gyogyszertani-tanszek\/gyogyszertani-es-meregtani-tanszek\/nyitott-es-folyamatban-levo-tdk-temak\/\" \/>\n<meta property=\"og:locale\" content=\"hu_HU\" \/>\n<meta property=\"og:type\" content=\"article\" \/>\n<meta property=\"og:title\" content=\"Szabad \u00e9s folyamatban lev\u0151 TDK\/szakdolgozat t\u00e9m\u00e1k - Gy\u00f3gyszertani \u00e9s M\u00e9regtani Tansz\u00e9k\" \/>\n<meta property=\"og:description\" content=\"Szabad TDK\/szakdolgozat t\u00e9m\u00e1k Ssz. C\u00edm T\u00e9mavezet\u0151 \u00a0El\u00e9rhet\u0151s\u00e9g Kezd\u00e9s, c\u00e9l 1. &nbsp; Folyamatban lev\u0151 TDK\/szakdolgozat t\u00e9m\u00e1k Ssz. \u00c9vsz\u00e1m C\u00edm Hallgat\u00f3 neve T\u00e9mavezet\u0151 1 T\u00e9mavezet\u0151 2 T\u00e9mavezet\u0151 3 T\u00edpus 1. 2025 Hazai nagyl\u00e9tsz\u00e1m\u00fa baromfi\u00e1llom\u00e1nyokb\u00f3l izol\u00e1lt multirezisztens Enterococcus t\u00f6rzsek \u00faj gener\u00e1ci\u00f3s szekven\u00e1l\u00e1sa, k\u00fcl\u00f6n\u00f6s tekintettel a vankomicin \u00e9s linezolid rezisztencia g\u00e9nekre Radnai Levente Dr. Kerek \u00c1d\u00e1m TDK 2. 2025\" \/>\n<meta property=\"og:url\" content=\"https:\/\/univet.hu\/gyogyszertani-tanszek\/gyogyszertani-es-meregtani-tanszek\/nyitott-es-folyamatban-levo-tdk-temak\/\" \/>\n<meta property=\"og:site_name\" content=\"Gy\u00f3gyszertani \u00e9s M\u00e9regtani Tansz\u00e9k\" \/>\n<meta property=\"article:modified_time\" content=\"2025-09-09T20:27:53+00:00\" \/>\n<meta name=\"twitter:card\" content=\"summary_large_image\" \/>\n<meta name=\"twitter:label1\" content=\"Becs\u00fclt olvas\u00e1si id\u0151\" \/>\n\t<meta name=\"twitter:data1\" content=\"2 perc\" \/>\n<script type=\"application\/ld+json\" class=\"yoast-schema-graph\">{\"@context\":\"https:\/\/schema.org\",\"@graph\":[{\"@type\":\"WebPage\",\"@id\":\"https:\/\/univet.hu\/gyogyszertani-tanszek\/gyogyszertani-es-meregtani-tanszek\/nyitott-es-folyamatban-levo-tdk-temak\/\",\"url\":\"https:\/\/univet.hu\/gyogyszertani-tanszek\/gyogyszertani-es-meregtani-tanszek\/nyitott-es-folyamatban-levo-tdk-temak\/\",\"name\":\"Szabad \u00e9s folyamatban lev\u0151 TDK\/szakdolgozat t\u00e9m\u00e1k - Gy\u00f3gyszertani \u00e9s M\u00e9regtani Tansz\u00e9k\",\"isPartOf\":{\"@id\":\"https:\/\/univet.hu\/gyogyszertani-tanszek\/en\/#website\"},\"datePublished\":\"2020-10-06T18:26:58+00:00\",\"dateModified\":\"2025-09-09T20:27:53+00:00\",\"breadcrumb\":{\"@id\":\"https:\/\/univet.hu\/gyogyszertani-tanszek\/gyogyszertani-es-meregtani-tanszek\/nyitott-es-folyamatban-levo-tdk-temak\/#breadcrumb\"},\"inLanguage\":\"hu\",\"potentialAction\":[{\"@type\":\"ReadAction\",\"target\":[\"https:\/\/univet.hu\/gyogyszertani-tanszek\/gyogyszertani-es-meregtani-tanszek\/nyitott-es-folyamatban-levo-tdk-temak\/\"]}]},{\"@type\":\"BreadcrumbList\",\"@id\":\"https:\/\/univet.hu\/gyogyszertani-tanszek\/gyogyszertani-es-meregtani-tanszek\/nyitott-es-folyamatban-levo-tdk-temak\/#breadcrumb\",\"itemListElement\":[{\"@type\":\"ListItem\",\"position\":1,\"name\":\"Kezd\u0151lap\",\"item\":\"https:\/\/univet.hu\/gyogyszertani-tanszek\/\"},{\"@type\":\"ListItem\",\"position\":2,\"name\":\"Gy\u00f3gyszertani \u00e9s M\u00e9regtani Tansz\u00e9k\",\"item\":\"https:\/\/univet.hu\/gyogyszertani-tanszek\/\"},{\"@type\":\"ListItem\",\"position\":3,\"name\":\"Szabad \u00e9s folyamatban lev\u0151 TDK\/szakdolgozat t\u00e9m\u00e1k\"}]},{\"@type\":\"WebSite\",\"@id\":\"https:\/\/univet.hu\/gyogyszertani-tanszek\/en\/#website\",\"url\":\"https:\/\/univet.hu\/gyogyszertani-tanszek\/en\/\",\"name\":\"Gy\u00f3gyszertani \u00e9s M\u00e9regtani Tansz\u00e9k\",\"description\":\"\",\"potentialAction\":[{\"@type\":\"SearchAction\",\"target\":{\"@type\":\"EntryPoint\",\"urlTemplate\":\"https:\/\/univet.hu\/gyogyszertani-tanszek\/en\/?s={search_term_string}\"},\"query-input\":{\"@type\":\"PropertyValueSpecification\",\"valueRequired\":true,\"valueName\":\"search_term_string\"}}],\"inLanguage\":\"hu\"}]}<\/script>\n<!-- \/ Yoast SEO plugin. -->","yoast_head_json":{"title":"Szabad \u00e9s folyamatban lev\u0151 TDK\/szakdolgozat t\u00e9m\u00e1k - Gy\u00f3gyszertani \u00e9s M\u00e9regtani Tansz\u00e9k","robots":{"index":"index","follow":"follow","max-snippet":"max-snippet:-1","max-image-preview":"max-image-preview:large","max-video-preview":"max-video-preview:-1"},"canonical":"https:\/\/univet.hu\/gyogyszertani-tanszek\/gyogyszertani-es-meregtani-tanszek\/nyitott-es-folyamatban-levo-tdk-temak\/","og_locale":"hu_HU","og_type":"article","og_title":"Szabad \u00e9s folyamatban lev\u0151 TDK\/szakdolgozat t\u00e9m\u00e1k - Gy\u00f3gyszertani \u00e9s M\u00e9regtani Tansz\u00e9k","og_description":"Szabad TDK\/szakdolgozat t\u00e9m\u00e1k Ssz. C\u00edm T\u00e9mavezet\u0151 \u00a0El\u00e9rhet\u0151s\u00e9g Kezd\u00e9s, c\u00e9l 1. &nbsp; Folyamatban lev\u0151 TDK\/szakdolgozat t\u00e9m\u00e1k Ssz. \u00c9vsz\u00e1m C\u00edm Hallgat\u00f3 neve T\u00e9mavezet\u0151 1 T\u00e9mavezet\u0151 2 T\u00e9mavezet\u0151 3 T\u00edpus 1. 2025 Hazai nagyl\u00e9tsz\u00e1m\u00fa baromfi\u00e1llom\u00e1nyokb\u00f3l izol\u00e1lt multirezisztens Enterococcus t\u00f6rzsek \u00faj gener\u00e1ci\u00f3s szekven\u00e1l\u00e1sa, k\u00fcl\u00f6n\u00f6s tekintettel a vankomicin \u00e9s linezolid rezisztencia g\u00e9nekre Radnai Levente Dr. Kerek \u00c1d\u00e1m TDK 2. 2025","og_url":"https:\/\/univet.hu\/gyogyszertani-tanszek\/gyogyszertani-es-meregtani-tanszek\/nyitott-es-folyamatban-levo-tdk-temak\/","og_site_name":"Gy\u00f3gyszertani \u00e9s M\u00e9regtani Tansz\u00e9k","article_modified_time":"2025-09-09T20:27:53+00:00","twitter_card":"summary_large_image","twitter_misc":{"Becs\u00fclt olvas\u00e1si id\u0151":"2 perc"},"schema":{"@context":"https:\/\/schema.org","@graph":[{"@type":"WebPage","@id":"https:\/\/univet.hu\/gyogyszertani-tanszek\/gyogyszertani-es-meregtani-tanszek\/nyitott-es-folyamatban-levo-tdk-temak\/","url":"https:\/\/univet.hu\/gyogyszertani-tanszek\/gyogyszertani-es-meregtani-tanszek\/nyitott-es-folyamatban-levo-tdk-temak\/","name":"Szabad \u00e9s folyamatban lev\u0151 TDK\/szakdolgozat t\u00e9m\u00e1k - Gy\u00f3gyszertani \u00e9s M\u00e9regtani Tansz\u00e9k","isPartOf":{"@id":"https:\/\/univet.hu\/gyogyszertani-tanszek\/en\/#website"},"datePublished":"2020-10-06T18:26:58+00:00","dateModified":"2025-09-09T20:27:53+00:00","breadcrumb":{"@id":"https:\/\/univet.hu\/gyogyszertani-tanszek\/gyogyszertani-es-meregtani-tanszek\/nyitott-es-folyamatban-levo-tdk-temak\/#breadcrumb"},"inLanguage":"hu","potentialAction":[{"@type":"ReadAction","target":["https:\/\/univet.hu\/gyogyszertani-tanszek\/gyogyszertani-es-meregtani-tanszek\/nyitott-es-folyamatban-levo-tdk-temak\/"]}]},{"@type":"BreadcrumbList","@id":"https:\/\/univet.hu\/gyogyszertani-tanszek\/gyogyszertani-es-meregtani-tanszek\/nyitott-es-folyamatban-levo-tdk-temak\/#breadcrumb","itemListElement":[{"@type":"ListItem","position":1,"name":"Kezd\u0151lap","item":"https:\/\/univet.hu\/gyogyszertani-tanszek\/"},{"@type":"ListItem","position":2,"name":"Gy\u00f3gyszertani \u00e9s M\u00e9regtani Tansz\u00e9k","item":"https:\/\/univet.hu\/gyogyszertani-tanszek\/"},{"@type":"ListItem","position":3,"name":"Szabad \u00e9s folyamatban lev\u0151 TDK\/szakdolgozat t\u00e9m\u00e1k"}]},{"@type":"WebSite","@id":"https:\/\/univet.hu\/gyogyszertani-tanszek\/en\/#website","url":"https:\/\/univet.hu\/gyogyszertani-tanszek\/en\/","name":"Gy\u00f3gyszertani \u00e9s M\u00e9regtani Tansz\u00e9k","description":"","potentialAction":[{"@type":"SearchAction","target":{"@type":"EntryPoint","urlTemplate":"https:\/\/univet.hu\/gyogyszertani-tanszek\/en\/?s={search_term_string}"},"query-input":{"@type":"PropertyValueSpecification","valueRequired":true,"valueName":"search_term_string"}}],"inLanguage":"hu"}]}},"_links":{"self":[{"href":"https:\/\/univet.hu\/gyogyszertani-tanszek\/wp-json\/wp\/v2\/pages\/58897","targetHints":{"allow":["GET"]}}],"collection":[{"href":"https:\/\/univet.hu\/gyogyszertani-tanszek\/wp-json\/wp\/v2\/pages"}],"about":[{"href":"https:\/\/univet.hu\/gyogyszertani-tanszek\/wp-json\/wp\/v2\/types\/page"}],"author":[{"embeddable":true,"href":"https:\/\/univet.hu\/gyogyszertani-tanszek\/wp-json\/wp\/v2\/users\/3837"}],"replies":[{"embeddable":true,"href":"https:\/\/univet.hu\/gyogyszertani-tanszek\/wp-json\/wp\/v2\/comments?post=58897"}],"version-history":[{"count":5,"href":"https:\/\/univet.hu\/gyogyszertani-tanszek\/wp-json\/wp\/v2\/pages\/58897\/revisions"}],"predecessor-version":[{"id":163758,"href":"https:\/\/univet.hu\/gyogyszertani-tanszek\/wp-json\/wp\/v2\/pages\/58897\/revisions\/163758"}],"up":[{"embeddable":true,"href":"https:\/\/univet.hu\/gyogyszertani-tanszek\/wp-json\/wp\/v2\/pages\/3331"}],"wp:attachment":[{"href":"https:\/\/univet.hu\/gyogyszertani-tanszek\/wp-json\/wp\/v2\/media?parent=58897"}],"wp:term":[{"taxonomy":"category","embeddable":true,"href":"https:\/\/univet.hu\/gyogyszertani-tanszek\/wp-json\/wp\/v2\/categories?post=58897"},{"taxonomy":"post_tag","embeddable":true,"href":"https:\/\/univet.hu\/gyogyszertani-tanszek\/wp-json\/wp\/v2\/tags?post=58897"}],"curies":[{"name":"wp","href":"https:\/\/api.w.org\/{rel}","templated":true}]}}