{"id":100191,"date":"2024-05-06T11:52:35","date_gmt":"2024-05-06T09:52:35","guid":{"rendered":"https:\/\/univet.hu\/?page_id=100191"},"modified":"2024-06-24T13:37:41","modified_gmt":"2024-06-24T11:37:41","slug":"bonafarm-csoport","status":"publish","type":"page","link":"https:\/\/univet.hu\/hu\/oktatas\/tanulmanyi-osztaly\/allasajanlatok\/bonafarm-csoport\/","title":{"rendered":"Bonafarm Csoport"},"content":{"rendered":"<p>2024.06.19<\/p> <p><a href=\"https:\/\/karrier.bonafarmcsoport.hu\/job\/Domb%C3%B3v%C3%A1r-%C3%81llatorvos-TO-7200\/981355101\/\">\u00c1llatorvos<\/a><\/p> <p><a href=\"https:\/\/karrier.bonafarmcsoport.hu\/job\/Domb%C3%B3v%C3%A1r-%C3%81llatorvos-TO-7200\/950780201\/\">\u00c1llatorvos<\/a><\/p> <p>2024.05.06<\/p> <p><a href=\"https:\/\/karrier.bonafarmcsoport.hu\/job\/Domb%C3%B3v%C3%A1r-%C3%81llatorvos-TO-7200\/981355101\/\">\u00c1llatorvos<\/a><\/p> <p><a href=\"https:\/\/karrier.bonafarmcsoport.hu\/job\/Domb%C3%B3v%C3%A1r-%C3%81llatorvos-TO-7200\/950780201\/\">\u00c1llatorvos<\/a><\/p>","protected":false},"excerpt":{"rendered":"<p>2024.06.19 \u00c1llatorvos \u00c1llatorvos 2024.05.06 \u00c1llatorvos \u00c1llatorvos<\/p>\n","protected":false},"author":2961,"featured_media":0,"parent":26415,"menu_order":112,"comment_status":"closed","ping_status":"closed","template":"","meta":{"_acf_changed":false,"footnotes":""},"categories":[],"tags":[],"class_list":["post-100191","page","type-page","status-publish","hentry"],"acf":[],"_links":{"self":[{"href":"https:\/\/univet.hu\/hu\/wp-json\/wp\/v2\/pages\/100191","targetHints":{"allow":["GET"]}}],"collection":[{"href":"https:\/\/univet.hu\/hu\/wp-json\/wp\/v2\/pages"}],"about":[{"href":"https:\/\/univet.hu\/hu\/wp-json\/wp\/v2\/types\/page"}],"author":[{"embeddable":true,"href":"https:\/\/univet.hu\/hu\/wp-json\/wp\/v2\/users\/2961"}],"replies":[{"embeddable":true,"href":"https:\/\/univet.hu\/hu\/wp-json\/wp\/v2\/comments?post=100191"}],"version-history":[{"count":0,"href":"https:\/\/univet.hu\/hu\/wp-json\/wp\/v2\/pages\/100191\/revisions"}],"up":[{"embeddable":true,"href":"https:\/\/univet.hu\/hu\/wp-json\/wp\/v2\/pages\/26415"}],"wp:attachment":[{"href":"https:\/\/univet.hu\/hu\/wp-json\/wp\/v2\/media?parent=100191"}],"wp:term":[{"taxonomy":"category","embeddable":true,"href":"https:\/\/univet.hu\/hu\/wp-json\/wp\/v2\/categories?post=100191"},{"taxonomy":"post_tag","embeddable":true,"href":"https:\/\/univet.hu\/hu\/wp-json\/wp\/v2\/tags?post=100191"}],"curies":[{"name":"wp","href":"https:\/\/api.w.org\/{rel}","templated":true}]}}