{"id":100243,"date":"2024-05-07T17:20:46","date_gmt":"2024-05-07T15:20:46","guid":{"rendered":"https:\/\/univet.hu\/hu\/egyetem\/szervezeti-egysegek\/elelmiszerlanc-tudomanyi-intezet\/alkalmazott-elelmiszertudomanyi-tanszek\/tdk\/"},"modified":"2026-03-31T10:42:05","modified_gmt":"2026-03-31T08:42:05","slug":"tudomanyos-diakkori-konferencia","status":"publish","type":"page","link":"https:\/\/univet.hu\/hu\/egyetem\/szervezeti-egysegek\/elelmiszerlanc-tudomanyi-intezet\/tanszekek\/alkalmazott-elelmiszertudomanyi-tanszek\/tudomanyos-diakkori-konferencia\/","title":{"rendered":"Tudom\u00e1nyos Di\u00e1kk\u00f6ri Konferencia"},"content":{"rendered":"<p>Dork\u00f3 Annam\u00e1ria &#8211; Recept a bajhoz &#8211; A leggyakoribb \u00e9lelmiszerhigi\u00e9niai hib\u00e1k n\u00e9pszer\u0171 \u00e9telreceptekben (T\u00e9mavezet\u0151k: Dr. S\u00fcth Mikl\u00f3s, Dr. Kasza Gyula &#8211; 2023. november)<\/p> <p>Dork\u00f3 Annam\u00e1ria- Laborat\u00f3riumi h\u00fasokkal kapcsolatos fogyaszt\u00f3i attit\u0171d\u00f6k \u00e9s kock\u00e1zat\u00e9szlel\u00e9s Magyarorsz\u00e1gon reprezentat\u00edv lakoss\u00e1gi vizsg\u00e1lat alapj\u00e1n (T\u00e9mavezet\u0151k: Szakos D\u00e1vid &#8211; 2024. november)<\/p> <p>Mester Emma- Laborat\u00f3riumi h\u00fasok \u00f6sszehasonl\u00edt\u00f3 elemz\u00e9se m\u00e1s alternat\u00edv feh\u00e9rjeforr\u00e1sokkal fogyaszt\u00f3i preferenci\u00e1k alapj\u00e1n (T\u00e9mavezet\u0151k: Szakos D\u00e1vid &#8211; 2024. november)<\/p> <p>Nyilas Ad\u00e9l &#8211; Kutyatart\u00e1si szok\u00e1sok \u00e9s \u00e9lelmiszerhullad\u00e9k: Egy hazai felm\u00e9r\u00e9s tapasztalatai (T\u00e9mavezet\u0151k: Kunszab\u00f3 Atilla, Dr. Moravszki Let\u00edcia &#8211; 2025. szeptember)<\/p> <p>Dork\u00f3 Annam\u00e1ria &#8211; Fogyaszt\u00f3i attit\u0171d\u00f6k, kock\u00e1zat\u00e9szlel\u00e9s \u00e9s kommunik\u00e1ci\u00f3s elv\u00e1r\u00e1sok a ragad\u00f3s sz\u00e1j- \u00e9s k\u00f6r\u00f6mf\u00e1j\u00e1s 2025-\u00f6s magyarorsz\u00e1gi megjelen\u00e9se kapcs\u00e1n (T\u00e9mavezet\u0151k: Dr. S\u00fcth Mikl\u00f3s, Dr. Kasza Gyula &#8211; 2025. szeptember)<\/p>","protected":false},"excerpt":{"rendered":"<p>Dork\u00f3 Annam\u00e1ria &#8211; Recept a bajhoz &#8211; A leggyakoribb \u00e9lelmiszerhigi\u00e9niai hib\u00e1k n\u00e9pszer\u0171 \u00e9telreceptekben (T\u00e9mavezet\u0151k: Dr. S\u00fcth Mikl\u00f3s, Dr. Kasza Gyula &#8211; 2023. november) Dork\u00f3 Annam\u00e1ria- Laborat\u00f3riumi h\u00fasokkal kapcsolatos fogyaszt\u00f3i attit\u0171d\u00f6k \u00e9s kock\u00e1zat\u00e9szlel\u00e9s Magyarorsz\u00e1gon reprezentat\u00edv lakoss\u00e1gi vizsg\u00e1lat alapj\u00e1n (T\u00e9mavezet\u0151k: Szakos D\u00e1vid &#8211; 2024. november) Mester Emma- Laborat\u00f3riumi h\u00fasok \u00f6sszehasonl\u00edt\u00f3 elemz\u00e9se m\u00e1s alternat\u00edv feh\u00e9rjeforr\u00e1sokkal fogyaszt\u00f3i preferenci\u00e1k alapj\u00e1n<\/p>\n","protected":false},"author":3837,"featured_media":0,"parent":88309,"menu_order":0,"comment_status":"open","ping_status":"open","template":"","meta":{"_acf_changed":false,"footnotes":""},"categories":[],"tags":[],"class_list":["post-100243","page","type-page","status-publish","hentry"],"acf":[],"_links":{"self":[{"href":"https:\/\/univet.hu\/hu\/wp-json\/wp\/v2\/pages\/100243","targetHints":{"allow":["GET"]}}],"collection":[{"href":"https:\/\/univet.hu\/hu\/wp-json\/wp\/v2\/pages"}],"about":[{"href":"https:\/\/univet.hu\/hu\/wp-json\/wp\/v2\/types\/page"}],"author":[{"embeddable":true,"href":"https:\/\/univet.hu\/hu\/wp-json\/wp\/v2\/users\/3837"}],"replies":[{"embeddable":true,"href":"https:\/\/univet.hu\/hu\/wp-json\/wp\/v2\/comments?post=100243"}],"version-history":[{"count":3,"href":"https:\/\/univet.hu\/hu\/wp-json\/wp\/v2\/pages\/100243\/revisions"}],"predecessor-version":[{"id":204569,"href":"https:\/\/univet.hu\/hu\/wp-json\/wp\/v2\/pages\/100243\/revisions\/204569"}],"up":[{"embeddable":true,"href":"https:\/\/univet.hu\/hu\/wp-json\/wp\/v2\/pages\/88309"}],"wp:attachment":[{"href":"https:\/\/univet.hu\/hu\/wp-json\/wp\/v2\/media?parent=100243"}],"wp:term":[{"taxonomy":"category","embeddable":true,"href":"https:\/\/univet.hu\/hu\/wp-json\/wp\/v2\/categories?post=100243"},{"taxonomy":"post_tag","embeddable":true,"href":"https:\/\/univet.hu\/hu\/wp-json\/wp\/v2\/tags?post=100243"}],"curies":[{"name":"wp","href":"https:\/\/api.w.org\/{rel}","templated":true}]}}