{"id":100379,"date":"2024-05-22T10:34:30","date_gmt":"2024-05-22T08:34:30","guid":{"rendered":"https:\/\/univet.hu\/hu\/egyetem\/kozerdeku-adatok\/gazdalkodasi-adatok\/name\/"},"modified":"2024-05-22T10:34:30","modified_gmt":"2024-05-22T08:34:30","slug":"2023-evi-beszamolo","status":"publish","type":"page","link":"https:\/\/univet.hu\/hu\/egyetem\/kozerdeku-adatok\/gazdalkodasi-adatok\/2023-evi-beszamolo\/","title":{"rendered":"2023. \u00e9vi besz\u00e1mol\u00f3"},"content":{"rendered":"<p><a href=\"https:\/\/univet.hu\/wp-content\/uploads\/2024\/05\/2023.-\u00e9ves-besz\u00e1mol\u00f3-\u00e9s-k\u00f6zhaszn\u00fas\u00e1gi-mell\u00e9klet.pdf\">2023. \u00e9ves besz\u00e1mol\u00f3 \u00e9s k\u00f6zhaszn\u00fas\u00e1gi mell\u00e9klet<\/a><\/p> <p><a href=\"https:\/\/univet.hu\/wp-content\/uploads\/2024\/05\/2023.-\u00e9vi-f\u00fcggetlen-k\u00f6nyvvizsg\u00e1l\u00f3i-jelent\u00e9s.pdf\">2023. \u00e9vi f\u00fcggetlen k\u00f6nyvvizsg\u00e1l\u00f3i jelent\u00e9s<\/a><\/p> <p><a href=\"https:\/\/univet.hu\/wp-content\/uploads\/2024\/05\/2023.-\u00e9vi-kieg\u00e9sz\u00edt\u0151-mell\u00e9klet.pdf\">2023. \u00e9vi kieg\u00e9sz\u00edt\u0151 mell\u00e9klet<\/a><\/p> <p><a href=\"https:\/\/univet.hu\/wp-content\/uploads\/2024\/05\/2023.-\u00e9vi-k\u00f6zhaszn\u00fas\u00e1gi-szakmai-besz\u00e1mol\u00f3.pdf\">2023. \u00e9vi k\u00f6zhaszn\u00fas\u00e1gi szakmai besz\u00e1mol\u00f3<\/a><\/p>","protected":false},"excerpt":{"rendered":"<p>2023. \u00e9ves besz\u00e1mol\u00f3 \u00e9s k\u00f6zhaszn\u00fas\u00e1gi mell\u00e9klet 2023. \u00e9vi f\u00fcggetlen k\u00f6nyvvizsg\u00e1l\u00f3i jelent\u00e9s 2023. \u00e9vi kieg\u00e9sz\u00edt\u0151 mell\u00e9klet 2023. \u00e9vi k\u00f6zhaszn\u00fas\u00e1gi szakmai besz\u00e1mol\u00f3<\/p>\n","protected":false},"author":2518,"featured_media":0,"parent":64693,"menu_order":0,"comment_status":"open","ping_status":"open","template":"","meta":{"_acf_changed":false,"footnotes":""},"categories":[],"tags":[],"class_list":["post-100379","page","type-page","status-publish","hentry"],"acf":[],"_links":{"self":[{"href":"https:\/\/univet.hu\/hu\/wp-json\/wp\/v2\/pages\/100379","targetHints":{"allow":["GET"]}}],"collection":[{"href":"https:\/\/univet.hu\/hu\/wp-json\/wp\/v2\/pages"}],"about":[{"href":"https:\/\/univet.hu\/hu\/wp-json\/wp\/v2\/types\/page"}],"author":[{"embeddable":true,"href":"https:\/\/univet.hu\/hu\/wp-json\/wp\/v2\/users\/2518"}],"replies":[{"embeddable":true,"href":"https:\/\/univet.hu\/hu\/wp-json\/wp\/v2\/comments?post=100379"}],"version-history":[{"count":0,"href":"https:\/\/univet.hu\/hu\/wp-json\/wp\/v2\/pages\/100379\/revisions"}],"up":[{"embeddable":true,"href":"https:\/\/univet.hu\/hu\/wp-json\/wp\/v2\/pages\/64693"}],"wp:attachment":[{"href":"https:\/\/univet.hu\/hu\/wp-json\/wp\/v2\/media?parent=100379"}],"wp:term":[{"taxonomy":"category","embeddable":true,"href":"https:\/\/univet.hu\/hu\/wp-json\/wp\/v2\/categories?post=100379"},{"taxonomy":"post_tag","embeddable":true,"href":"https:\/\/univet.hu\/hu\/wp-json\/wp\/v2\/tags?post=100379"}],"curies":[{"name":"wp","href":"https:\/\/api.w.org\/{rel}","templated":true}]}}