{"id":100992,"date":"2024-06-24T13:33:12","date_gmt":"2024-06-24T11:33:12","guid":{"rendered":"https:\/\/univet.hu\/?page_id=100992"},"modified":"2024-06-24T13:33:12","modified_gmt":"2024-06-24T11:33:12","slug":"allatorvosi-rendelo-vi-keulet","status":"publish","type":"page","link":"https:\/\/univet.hu\/hu\/oktatas\/tanulmanyi-osztaly\/allasajanlatok\/allatorvosi-rendelo-vi-keulet\/","title":{"rendered":"\u00c1llatorvosi rendel\u0151 VI. ke\u00fclet"},"content":{"rendered":"<p>2024.06.18<\/p> <p>\u00c1llatorvosi munkalehet\u0151seg<\/p> <p>Budapest VI. Ker\u00fcleti \u00e1llatorvosi rendel\u0151nkbe keres\u00fcnk, felszerelt kis\u00e1llat praxisba koll\u00e9g\u00e1t, telljes vagy ak\u00e1r r\u00e9szmunkaid\u0151be. Kezd\u0151 kolleg\u00e1k jelentkez\u00e9s\u00e9t is v\u00e1rjuk, hasi ultrahang, l\u00e1gyseb\u00e9szet, belgy\u00f3gy\u00e1szat gyakorlat szerezhet\u0151.<br \/> Budapesti lakhat\u00e1st sz\u00fcks\u00e9g eset\u00e9n biztositani tudunk! Fizet\u00e9s rugalmas, versenyk\u00e9pes.<br \/> Jelentkezni lehet: Dr. Konr\u00e1d Krisztina, 06303439318-as telefonsz\u00e1mon.<\/p>","protected":false},"excerpt":{"rendered":"<p>2024.06.18 \u00c1llatorvosi munkalehet\u0151seg Budapest VI. Ker\u00fcleti \u00e1llatorvosi rendel\u0151nkbe keres\u00fcnk, felszerelt kis\u00e1llat praxisba koll\u00e9g\u00e1t, telljes vagy ak\u00e1r r\u00e9szmunkaid\u0151be. Kezd\u0151 kolleg\u00e1k jelentkez\u00e9s\u00e9t is v\u00e1rjuk, hasi ultrahang, l\u00e1gyseb\u00e9szet, belgy\u00f3gy\u00e1szat gyakorlat szerezhet\u0151. Budapesti lakhat\u00e1st sz\u00fcks\u00e9g eset\u00e9n biztositani tudunk! Fizet\u00e9s rugalmas, versenyk\u00e9pes. Jelentkezni lehet: Dr. Konr\u00e1d Krisztina, 06303439318-as telefonsz\u00e1mon.<\/p>\n","protected":false},"author":2961,"featured_media":0,"parent":26415,"menu_order":112,"comment_status":"closed","ping_status":"closed","template":"","meta":{"_acf_changed":false,"footnotes":""},"categories":[],"tags":[],"class_list":["post-100992","page","type-page","status-publish","hentry"],"acf":[],"_links":{"self":[{"href":"https:\/\/univet.hu\/hu\/wp-json\/wp\/v2\/pages\/100992","targetHints":{"allow":["GET"]}}],"collection":[{"href":"https:\/\/univet.hu\/hu\/wp-json\/wp\/v2\/pages"}],"about":[{"href":"https:\/\/univet.hu\/hu\/wp-json\/wp\/v2\/types\/page"}],"author":[{"embeddable":true,"href":"https:\/\/univet.hu\/hu\/wp-json\/wp\/v2\/users\/2961"}],"replies":[{"embeddable":true,"href":"https:\/\/univet.hu\/hu\/wp-json\/wp\/v2\/comments?post=100992"}],"version-history":[{"count":0,"href":"https:\/\/univet.hu\/hu\/wp-json\/wp\/v2\/pages\/100992\/revisions"}],"up":[{"embeddable":true,"href":"https:\/\/univet.hu\/hu\/wp-json\/wp\/v2\/pages\/26415"}],"wp:attachment":[{"href":"https:\/\/univet.hu\/hu\/wp-json\/wp\/v2\/media?parent=100992"}],"wp:term":[{"taxonomy":"category","embeddable":true,"href":"https:\/\/univet.hu\/hu\/wp-json\/wp\/v2\/categories?post=100992"},{"taxonomy":"post_tag","embeddable":true,"href":"https:\/\/univet.hu\/hu\/wp-json\/wp\/v2\/tags?post=100992"}],"curies":[{"name":"wp","href":"https:\/\/api.w.org\/{rel}","templated":true}]}}