{"id":101519,"date":"2024-07-01T10:09:02","date_gmt":"2024-07-01T08:09:02","guid":{"rendered":"https:\/\/univet.hu\/?page_id=101519"},"modified":"2024-09-09T09:45:10","modified_gmt":"2024-09-09T07:45:10","slug":"tanevnyito-unnepseg-2024","status":"publish","type":"page","link":"https:\/\/univet.hu\/hu\/tanevnyito-unnepseg-2024\/","title":{"rendered":"Tan\u00e9vnyit\u00f3 \u00fcnneps\u00e9g 2024"},"content":{"rendered":"<p><span style=\"color: #ff0000;\"><strong>Tekintse meg online k\u00f6zvet\u00edt\u00e9s\u00fcnk felv\u00e9tel\u00e9t:<\/strong><\/span><\/p> <p><iframe loading=\"lazy\" title=\"YouTube video player\" src=\"https:\/\/www.youtube.com\/embed\/GYNINznOd8M?si=uakMbGRR5380Vksx\" width=\"560\" height=\"315\" frameborder=\"0\" allowfullscreen=\"allowfullscreen\"><\/iframe><\/p> <p><strong>Az \u00fcnneps\u00e9gen k\u00e9sz\u00fclt fot\u00f3k\u00e9rt kattintson <a href=\"https:\/\/allatorvosiegyetem.sharepoint.com\/:f:\/s\/kommunikacio\/Evbdea8J4zhAvAikNFaBWWIBwAYDKbwwa2i4vCxxYcI_dg?e=ZGCYTA\">IDE.<\/a>\u00a0<\/strong><\/p> <p><em>A fot\u00f3kat k\u00e9sz\u00edtette: D\u00f6rmer Zsuzsanna<\/em><\/p> <p>&nbsp;<\/p> <p><a href=\"https:\/\/univet.hu\/wp-content\/uploads\/2024\/07\/ATE_47_meghivo_tanevnyito_unnepseg_20240709modify3_-1.jpg\"><img loading=\"lazy\" decoding=\"async\" class=\"aligncenter size-full wp-image-101923\" src=\"https:\/\/univet.hu\/wp-content\/uploads\/2024\/07\/ATE_47_meghivo_tanevnyito_unnepseg_20240709modify3_-1.jpg\" alt=\"\" width=\"2352\" height=\"1637\" srcset=\"https:\/\/univet.hu\/wp-content\/uploads\/2024\/07\/ATE_47_meghivo_tanevnyito_unnepseg_20240709modify3_-1.jpg 2352w, https:\/\/univet.hu\/wp-content\/uploads\/2024\/07\/ATE_47_meghivo_tanevnyito_unnepseg_20240709modify3_-1-320x223.jpg 320w, https:\/\/univet.hu\/wp-content\/uploads\/2024\/07\/ATE_47_meghivo_tanevnyito_unnepseg_20240709modify3_-1-768x535.jpg 768w, https:\/\/univet.hu\/wp-content\/uploads\/2024\/07\/ATE_47_meghivo_tanevnyito_unnepseg_20240709modify3_-1-960x668.jpg 960w\" sizes=\"auto, (max-width: 2352px) 100vw, 2352px\" \/><\/a><\/p>","protected":false},"excerpt":{"rendered":"<p>Tekintse meg online k\u00f6zvet\u00edt\u00e9s\u00fcnk felv\u00e9tel\u00e9t: Az \u00fcnneps\u00e9gen k\u00e9sz\u00fclt fot\u00f3k\u00e9rt kattintson IDE.\u00a0 A fot\u00f3kat k\u00e9sz\u00edtette: D\u00f6rmer Zsuzsanna &nbsp;<\/p>\n","protected":false},"author":2518,"featured_media":0,"parent":0,"menu_order":0,"comment_status":"closed","ping_status":"closed","template":"","meta":{"_acf_changed":false,"footnotes":""},"categories":[],"tags":[],"class_list":["post-101519","page","type-page","status-publish","hentry"],"acf":[],"_links":{"self":[{"href":"https:\/\/univet.hu\/hu\/wp-json\/wp\/v2\/pages\/101519","targetHints":{"allow":["GET"]}}],"collection":[{"href":"https:\/\/univet.hu\/hu\/wp-json\/wp\/v2\/pages"}],"about":[{"href":"https:\/\/univet.hu\/hu\/wp-json\/wp\/v2\/types\/page"}],"author":[{"embeddable":true,"href":"https:\/\/univet.hu\/hu\/wp-json\/wp\/v2\/users\/2518"}],"replies":[{"embeddable":true,"href":"https:\/\/univet.hu\/hu\/wp-json\/wp\/v2\/comments?post=101519"}],"version-history":[{"count":0,"href":"https:\/\/univet.hu\/hu\/wp-json\/wp\/v2\/pages\/101519\/revisions"}],"wp:attachment":[{"href":"https:\/\/univet.hu\/hu\/wp-json\/wp\/v2\/media?parent=101519"}],"wp:term":[{"taxonomy":"category","embeddable":true,"href":"https:\/\/univet.hu\/hu\/wp-json\/wp\/v2\/categories?post=101519"},{"taxonomy":"post_tag","embeddable":true,"href":"https:\/\/univet.hu\/hu\/wp-json\/wp\/v2\/tags?post=101519"}],"curies":[{"name":"wp","href":"https:\/\/api.w.org\/{rel}","templated":true}]}}