{"id":101575,"date":"2024-07-02T12:15:36","date_gmt":"2024-07-02T10:15:36","guid":{"rendered":"https:\/\/univet.hu\/hu\/egyetem\/munkatarsak\/new-staff-member-page-2\/"},"modified":"2026-02-10T03:55:20","modified_gmt":"2026-02-10T02:55:20","slug":"kaman-toth-evelin","status":"publish","type":"page","link":"https:\/\/univet.hu\/hu\/egyetem\/munkatarsak\/kaman-toth-evelin\/","title":{"rendered":"K\u00e1m\u00e1n-T\u00f3th Evelin"},"content":{"rendered":"<p>MSc: Magyar Agr\u00e1r- \u00e9s \u00c9lettudom\u00e1nyi Egyetem, Mez\u0151gazdas\u00e1gi biotechnol\u00f3gus, 2013<\/p> <p>PhD fokozat: MATE, Kert\u00e9szettudom\u00e1nyi Doktori Iskola, 2019<\/p> <p>&nbsp;<\/p> <p><strong><u>Kor\u00e1bbi kutat\u00e1si ter\u00fclet:<\/u><\/strong><\/p> <p>Fert\u0151z\u00e9s sor\u00e1n bek\u00f6vetkez\u0151 oxidat\u00edv v\u00e1ltoz\u00e1sok nyomon k\u00f6vet\u00e9se \u00e9s az oxidat\u00edv robban\u00e1s\u00e9rt felel\u0151s enzimrendszerek pl. NADPH-oxid\u00e1zok, sejtfal-peroxid\u00e1zok \u00e9s poliamin-oxid\u00e1zok vizsg\u00e1lata k\u00fcl\u00f6nb\u00f6z\u0151 n\u00f6v\u00e9ny-patog\u00e9n kapcsolatokban.<\/p> <p>&nbsp;<\/p> <p><strong><u>Oktat\u00e1s:<\/u><\/strong><\/p> <p>\u00c1llatorvosi biok\u00e9mia gyakorlat vezet\u00e9se (magyar \u00e9s angol nyelven).<\/p> <p>MTMT: https:\/\/m2.mtmt.hu\/gui2\/?type=authors&amp;mode=browse&amp;sel=10051605<\/p>","protected":false},"excerpt":{"rendered":"<p>MSc: Magyar Agr\u00e1r- \u00e9s \u00c9lettudom\u00e1nyi Egyetem, Mez\u0151gazdas\u00e1gi biotechnol\u00f3gus, 2013 PhD fokozat: MATE, Kert\u00e9szettudom\u00e1nyi Doktori Iskola, 2019 &nbsp; Kor\u00e1bbi kutat\u00e1si ter\u00fclet: Fert\u0151z\u00e9s sor\u00e1n bek\u00f6vetkez\u0151 oxidat\u00edv v\u00e1ltoz\u00e1sok nyomon k\u00f6vet\u00e9se \u00e9s az oxidat\u00edv robban\u00e1s\u00e9rt felel\u0151s enzimrendszerek pl. NADPH-oxid\u00e1zok, sejtfal-peroxid\u00e1zok \u00e9s poliamin-oxid\u00e1zok vizsg\u00e1lata k\u00fcl\u00f6nb\u00f6z\u0151 n\u00f6v\u00e9ny-patog\u00e9n kapcsolatokban. &nbsp; Oktat\u00e1s: \u00c1llatorvosi biok\u00e9mia gyakorlat vezet\u00e9se (magyar \u00e9s angol nyelven). MTMT: https:\/\/m2.mtmt.hu\/gui2\/?type=authors&amp;mode=browse&amp;sel=10051605<\/p>\n","protected":false},"author":5824,"featured_media":0,"parent":858,"menu_order":0,"comment_status":"open","ping_status":"open","template":"","meta":{"_acf_changed":false,"footnotes":""},"categories":[],"tags":[],"class_list":["post-101575","page","type-page","status-publish","hentry"],"acf":[],"_links":{"self":[{"href":"https:\/\/univet.hu\/hu\/wp-json\/wp\/v2\/pages\/101575","targetHints":{"allow":["GET"]}}],"collection":[{"href":"https:\/\/univet.hu\/hu\/wp-json\/wp\/v2\/pages"}],"about":[{"href":"https:\/\/univet.hu\/hu\/wp-json\/wp\/v2\/types\/page"}],"author":[{"embeddable":true,"href":"https:\/\/univet.hu\/hu\/wp-json\/wp\/v2\/users\/5824"}],"replies":[{"embeddable":true,"href":"https:\/\/univet.hu\/hu\/wp-json\/wp\/v2\/comments?post=101575"}],"version-history":[{"count":1,"href":"https:\/\/univet.hu\/hu\/wp-json\/wp\/v2\/pages\/101575\/revisions"}],"predecessor-version":[{"id":190640,"href":"https:\/\/univet.hu\/hu\/wp-json\/wp\/v2\/pages\/101575\/revisions\/190640"}],"up":[{"embeddable":true,"href":"https:\/\/univet.hu\/hu\/wp-json\/wp\/v2\/pages\/858"}],"wp:attachment":[{"href":"https:\/\/univet.hu\/hu\/wp-json\/wp\/v2\/media?parent=101575"}],"wp:term":[{"taxonomy":"category","embeddable":true,"href":"https:\/\/univet.hu\/hu\/wp-json\/wp\/v2\/categories?post=101575"},{"taxonomy":"post_tag","embeddable":true,"href":"https:\/\/univet.hu\/hu\/wp-json\/wp\/v2\/tags?post=101575"}],"curies":[{"name":"wp","href":"https:\/\/api.w.org\/{rel}","templated":true}]}}