{"id":101859,"date":"2024-07-15T10:19:55","date_gmt":"2024-07-15T08:19:55","guid":{"rendered":"https:\/\/univet.hu\/?page_id=101859"},"modified":"2026-04-01T15:21:08","modified_gmt":"2026-04-01T13:21:08","slug":"hun-ren-allatorvostudomanyi-kutatointezet","status":"publish","type":"page","link":"https:\/\/univet.hu\/hu\/oktatas\/tanulmanyi-osztaly\/allasajanlatok\/hun-ren-allatorvostudomanyi-kutatointezet\/","title":{"rendered":"HUN-REN \u00c1llatorvostudom\u00e1nyi Kutat\u00f3int\u00e9zet"},"content":{"rendered":"<p>2026.04.01<\/p> <p><a href=\"https:\/\/vmri.hun-ren.hu\/hu\/allasajanlatok\/tudomanyos-segedmunkatarsat-keresunk-jelentkezesi-hatarido-2026-aprilis-30\">Tudom\u00e1nyos seg\u00e9dmunkat\u00e1rs<\/a><\/p> <p>&nbsp;<\/p> <p>2025.12.01<\/p> <p><a href=\"https:\/\/vmri.hun-ren.hu\/hu\/allasajanlatok\/tudomanyos-segedmunkatarsat-keresunk-jelentkezesi-hatarido-2025-december-14\" target=\"_blank\" rel=\"noopener\">Tudom\u00e1nyos seg\u00e9dmunkat\u00e1rs<\/a><\/p> <p>&nbsp;<\/p> <p>2024.07.15<\/p> <p><a href=\"https:\/\/univet.hu\/wp-content\/uploads\/2024\/07\/\u00e1ll\u00e1shirdet\u00e9s-\u00c1TKI-2024_ZBM_2024-07-11-tudom\u00e1nyos-seg\u00e9dmunkat\u00e1rs.pdf\">tudom\u00e1nyos seg\u00e9dmunkat\u00e1rsi\/munkat\u00e1rs<\/a><\/p> <p>&nbsp;<\/p>","protected":false},"excerpt":{"rendered":"<p>2026.04.01 Tudom\u00e1nyos seg\u00e9dmunkat\u00e1rs &nbsp; 2025.12.01 Tudom\u00e1nyos seg\u00e9dmunkat\u00e1rs &nbsp; 2024.07.15 tudom\u00e1nyos seg\u00e9dmunkat\u00e1rsi\/munkat\u00e1rs &nbsp;<\/p>\n","protected":false},"author":2961,"featured_media":0,"parent":26415,"menu_order":112,"comment_status":"closed","ping_status":"closed","template":"","meta":{"_acf_changed":false,"footnotes":""},"categories":[],"tags":[],"class_list":["post-101859","page","type-page","status-publish","hentry"],"acf":[],"_links":{"self":[{"href":"https:\/\/univet.hu\/hu\/wp-json\/wp\/v2\/pages\/101859","targetHints":{"allow":["GET"]}}],"collection":[{"href":"https:\/\/univet.hu\/hu\/wp-json\/wp\/v2\/pages"}],"about":[{"href":"https:\/\/univet.hu\/hu\/wp-json\/wp\/v2\/types\/page"}],"author":[{"embeddable":true,"href":"https:\/\/univet.hu\/hu\/wp-json\/wp\/v2\/users\/2961"}],"replies":[{"embeddable":true,"href":"https:\/\/univet.hu\/hu\/wp-json\/wp\/v2\/comments?post=101859"}],"version-history":[{"count":3,"href":"https:\/\/univet.hu\/hu\/wp-json\/wp\/v2\/pages\/101859\/revisions"}],"predecessor-version":[{"id":204702,"href":"https:\/\/univet.hu\/hu\/wp-json\/wp\/v2\/pages\/101859\/revisions\/204702"}],"up":[{"embeddable":true,"href":"https:\/\/univet.hu\/hu\/wp-json\/wp\/v2\/pages\/26415"}],"wp:attachment":[{"href":"https:\/\/univet.hu\/hu\/wp-json\/wp\/v2\/media?parent=101859"}],"wp:term":[{"taxonomy":"category","embeddable":true,"href":"https:\/\/univet.hu\/hu\/wp-json\/wp\/v2\/categories?post=101859"},{"taxonomy":"post_tag","embeddable":true,"href":"https:\/\/univet.hu\/hu\/wp-json\/wp\/v2\/tags?post=101859"}],"curies":[{"name":"wp","href":"https:\/\/api.w.org\/{rel}","templated":true}]}}