{"id":102098,"date":"2024-07-31T12:42:47","date_gmt":"2024-07-31T10:42:47","guid":{"rendered":"https:\/\/univet.hu\/hu\/oktatas\/doktori-iskola\/uj-oldal\/"},"modified":"2026-04-20T11:48:46","modified_gmt":"2026-04-20T09:48:46","slug":"hatarozatok","status":"publish","type":"page","link":"https:\/\/univet.hu\/hu\/oktatas\/doktori-iskola\/hatarozatok\/","title":{"rendered":"Hat\u00e1rozatok"},"content":{"rendered":"<p><strong style=\"font-size: 18.6667px\">A Doktori Iskola Tan\u00e1cs\u00e1nak (DIT) \u00e9s a\u00a0Doktori \u00e9s Habilit\u00e1ci\u00f3s Tan\u00e1cs\u00e1nak (DHT) jegyz\u0151k\u00f6nyvei<\/strong><\/p> <p><span style=\"font-size: 18pt\"><strong>2026<\/strong><\/span><\/p> <p>&nbsp;<\/p> <ul> <li><a href=\"https:\/\/univet.hu\/wp-content\/uploads\/2026\/01\/DIT_20260107_jzkv_alairt.pdf\">DIT 2026.01.07.<\/a><\/li> <li><a href=\"https:\/\/univet.hu\/wp-content\/uploads\/2026\/02\/DIT_jzkv_alairt_20260128.pdf\">DIT 2026.01.28.<\/a><\/li> <li><a href=\"https:\/\/univet.hu\/wp-content\/uploads\/2026\/02\/DIT_jzkv_alairt_20260213.pdf\">DIT 2026.02.13.<\/a><\/li> <li><a href=\"https:\/\/univet.hu\/wp-content\/uploads\/2026\/03\/ATE-DI_torzstagi-kollegium_jzkv_20260312.pdf\">DIT 2026. 03. 12.<\/a><\/li> <li><a href=\"https:\/\/univet.hu\/wp-content\/uploads\/2026\/04\/DIT_jzkv_20260408.pdf\">DIT 2026. 04. 08.\u00a0<\/a><\/li> <li><a href=\"https:\/\/univet.hu\/wp-content\/uploads\/2026\/02\/DHT_jzkv_sk_20260114.pdf\">DHT 2026.01.14.<\/a><\/li> <li><a href=\"https:\/\/univet.hu\/wp-content\/uploads\/2026\/02\/DHT_jzkv_sk_20260202.pdf\">DHT 2026.02.02.<\/a><\/li> <li><a href=\"https:\/\/univet.hu\/wp-content\/uploads\/2026\/02\/DHT_jzkv_20260217.pdf\">DHT 2026.02.17.<\/a><\/li> <li><a href=\"https:\/\/univet.hu\/wp-content\/uploads\/2026\/04\/DHT_jzkv_20260319.pdf\">DHT 2026. 03. 19.\u00a0<\/a><\/li> <li><a href=\"https:\/\/univet.hu\/wp-content\/uploads\/2026\/04\/DHT_jzkv_20260407.pdf\">DHT 2026. 04. 07.\u00a0<\/a><\/li> <li><a href=\"https:\/\/univet.hu\/wp-content\/uploads\/2026\/04\/DHT_jzkv_20260417.pdf\">DHT 2026. 04. 17.\u00a0<\/a><\/li> <\/ul> <p><span style=\"font-size: 18pt\"><strong>2025<\/strong><\/span><\/p> <ul> <li><a href=\"https:\/\/univet.hu\/wp-content\/uploads\/2025\/12\/DHT_20251208_alairt.pdf\">DHT 2025.12.08.<\/a><\/li> <li><a href=\"https:\/\/univet.hu\/wp-content\/uploads\/2025\/12\/DIT_jzkv_20251201.pdf\">DIT 2025.12.01.<\/a><\/li> <li><a href=\"https:\/\/univet.hu\/wp-content\/uploads\/2025\/12\/DHT_20251119_alairt.pdf\">DHT 2025.11.19.<\/a><\/li> <li><a href=\"https:\/\/univet.hu\/wp-content\/uploads\/2025\/11\/DIT_jzkv_alairt_20251114.pdf\">DIT 2025.11.14.<\/a><\/li> <li><a href=\"https:\/\/univet.hu\/wp-content\/uploads\/2025\/09\/DHT_jzkv_20250922.pdf\">DHT 2025.09.22.<\/a><\/li> <li><a href=\"https:\/\/univet.hu\/wp-content\/uploads\/2025\/09\/DIT_jzkv_20250918.pdf\">DIT 2025.09.18.<\/a><\/li> <li><a href=\"https:\/\/univet.hu\/wp-content\/uploads\/2025\/09\/DHT_jzkv_20250905.pdf\">DHT 2025.09.05.<\/a><\/li> <li><a href=\"https:\/\/univet.hu\/wp-content\/uploads\/2025\/09\/DITjzkv_alairt_20250901.pdf\">DIT 2025.09.01.<\/a><\/li> <li><a href=\"https:\/\/univet.hu\/wp-content\/uploads\/2025\/09\/DHT_jzkv_20250630_alairt.pdf\">DHT 2025.06.30.<\/a><\/li> <li><a href=\"https:\/\/univet.hu\/wp-content\/uploads\/2025\/06\/DIT_jzkv_alairt_20250618.pdf\">DIT_2025.06.18.<\/a><\/li> <li><a href=\"https:\/\/univet.hu\/wp-content\/uploads\/2025\/06\/DHT_jzkv_20250611.pdf\">DHT_2025.06.11.<\/a><\/li> <li><a href=\"https:\/\/univet.hu\/wp-content\/uploads\/2025\/06\/DIT_jzkv_20250606-1.pdf\">DIT_2025.06.06.<\/a><\/li> <li><a href=\"https:\/\/univet.hu\/wp-content\/uploads\/2025\/05\/DHT_jzkv._alairt_20250523.pdf\">DHT_2025.05.23.<\/a><\/li> <li><a href=\"https:\/\/univet.hu\/wp-content\/uploads\/2025\/05\/DIT_jzkv_20250514_alairt.pdf\">DIT_2025.05.14.<\/a><\/li> <li><a href=\"https:\/\/univet.hu\/wp-content\/uploads\/2025\/04\/DHT_jegyzokonyv_20250331.pdf\">DHT_2025.03.31.<\/a><\/li> <li><a href=\"https:\/\/univet.hu\/wp-content\/uploads\/2025\/03\/DIT_2025_03_24.pdf\">DIT_2025.03.24<\/a><\/li> <li><a href=\"https:\/\/univet.hu\/wp-content\/uploads\/2025\/01\/DHT_jkzv._alairt_20250122.pdf\">DHT_2025.01.22.<\/a><\/li> <li><a href=\"https:\/\/univet.hu\/wp-content\/uploads\/2025\/01\/DIT_alairt_jzkv.20250116.pdf\">DIT_2025.01.16.<\/a><\/li> <\/ul> <p><span style=\"font-size: 18pt\"><strong>2024<\/strong><\/span><\/p> <ul> <li><a href=\"https:\/\/univet.hu\/wp-content\/uploads\/2024\/12\/DIT-jzkv._elektronikus-szavaz\u00e1s_20241204.pdf\">DIT_2024.12.04.<\/a><\/li> <li><a href=\"https:\/\/univet.hu\/wp-content\/uploads\/2024\/11\/DIT_20241125_jzkv..pdf\">DIT_2024.11.25.<\/a><\/li> <li><a href=\"https:\/\/univet.hu\/wp-content\/uploads\/2024\/09\/DIT_jegyz\u0151k\u00f6nyv_2024.-09.-17..pdf\">DIT 2024.09.17.<\/a><\/li> <li><a href=\"https:\/\/univet.hu\/wp-content\/uploads\/2024\/08\/DIT_jegyz\u0151k\u00f6nyv_2024_08_23.pdf\">DIT 2024. 08. 23.<\/a><\/li> <li><a href=\"https:\/\/univet.hu\/wp-content\/uploads\/2024\/07\/DIT_\u00fcl\u00e9s_jegyz\u0151k\u00f6nyv_2024_07_03.pdf\">DIT 2024. 07. 03.<\/a><\/li> <li><a href=\"https:\/\/univet.hu\/wp-content\/uploads\/2024\/08\/DIT_jegyz\u0151k\u00f6nyv_2024_06_12.pdf\">DIT 2024. 06. 12.<\/a><\/li> <li><a href=\"https:\/\/univet.hu\/wp-content\/uploads\/2024\/07\/DIT_jegyz\u0151k\u00f6nyv_05_23.pdf\">DIT 2024. 05. 23<\/a><\/li> <li><a href=\"https:\/\/univet.hu\/wp-content\/uploads\/2024\/09\/DIT_JZKNYV_2024_03_19.pdf\">DIT 2024. 03. 19.<\/a><\/li> <li><a href=\"https:\/\/univet.hu\/wp-content\/uploads\/2024\/12\/DHT_jzkv.20241209.pdf\">DHT 2024.12.09.<\/a><\/li> <li><a href=\"https:\/\/univet.hu\/wp-content\/uploads\/2024\/10\/EDHT_jegyz\u0151k\u00f6nyv_al\u00e1\u00edrt_2024.09.25..pdf\">DHT 2024.09.25.<\/a><\/li> <li><a href=\"https:\/\/univet.hu\/wp-content\/uploads\/2024\/08\/DHTjegyz\u0151k\u00f6nyv_2024_08_28.pdf\">DHT 2024. 08. 28.<\/a><\/li> <li><a href=\"https:\/\/univet.hu\/wp-content\/uploads\/2024\/07\/EDHT_jegyz\u0151k\u00f6nyv_07..pdf\">DHT 2024. 07. 12.<\/a><\/li> <li><a href=\"https:\/\/univet.hu\/wp-content\/uploads\/2024\/07\/EDHT_2024_05_Szavaz\u00e1s_al\u00e1\u00edrt_jegyz\u0151k\u00f6nyv.pdf\">DHT 2024. 05. 30.\u00a0<\/a><\/li> <\/ul> <p><span style=\"font-size: 18pt\"><strong>2023<\/strong><\/span><\/p> <ul> <li><a href=\"https:\/\/univet.hu\/wp-content\/uploads\/2024\/09\/DIT_JZKNYV_2023_11_29.pdf\">DIT 2023. 11. 29.<\/a><\/li> <li><a href=\"https:\/\/univet.hu\/wp-content\/uploads\/2024\/09\/DIT_JZKNYV_2023_05_25.pdf\">DIT 2023. 05. 25.<\/a><\/li> <li><a href=\"https:\/\/univet.hu\/wp-content\/uploads\/2024\/09\/DIT_JZKNYV_2023_03_23_al\u00e1\u00edrva.pdf\">DIT 2023.03. 23.<\/a><\/li> <\/ul> <p>&nbsp;<\/p> <p><span style=\"font-size: 18pt\"><strong>2022<\/strong><\/span><\/p> <ul> <li><a href=\"https:\/\/univet.hu\/wp-content\/uploads\/2024\/09\/DIT_JZKNYV_2022_11_30-1.pdf\">DIT 2022. 11. 30.<\/a><\/li> <li><a href=\"https:\/\/univet.hu\/wp-content\/uploads\/2024\/09\/DIT_JZKNYV_2022_09_12_al\u00e1\u00edrva.pdf\">DIT 2022.09.12.<\/a><\/li> <li><a href=\"https:\/\/univet.hu\/wp-content\/uploads\/2024\/09\/DIT_JZKNYV_2022_08_31_r\u00e9szben_al\u00e1\u00edrva.pdf\">DIT 2022. 08. 31.<\/a><\/li> <li><a href=\"https:\/\/univet.hu\/wp-content\/uploads\/2024\/09\/DIT_JZKNYV_2021_07_21_al\u00e1\u00edrva.pdf\">DIT 2022. 07. 21.<\/a><\/li> <li><a href=\"https:\/\/univet.hu\/wp-content\/uploads\/2024\/09\/DIT_JZKNYV_2022_06_29_al\u00e1\u00edrva.pdf\">DIT 2022. 06. 29.<\/a><\/li> <li><a href=\"https:\/\/univet.hu\/wp-content\/uploads\/2024\/09\/DIT_JZKNYV_2022_05_12_al\u00e1\u00edrva.pdf\">DIT 2022. 05. 12.<\/a><\/li> <li><a href=\"https:\/\/univet.hu\/wp-content\/uploads\/2024\/09\/DIT_JZKNYV_2022_03_29_al\u00e1\u00edrva.pdf\">DIT 2022. 03. 29.<\/a><\/li> <li><a href=\"https:\/\/univet.hu\/wp-content\/uploads\/2024\/09\/DIT_JZKNYV_2022_01_27_al\u00e1\u00edrva.pdf\">DIT 2022. 01. 27.<\/a><\/li> <\/ul> <p>&nbsp;<\/p> <p><span style=\"font-size: 18pt\"><strong>2021<\/strong><\/span><\/p> <ul> <li><a href=\"https:\/\/univet.hu\/wp-content\/uploads\/2024\/09\/DIT_JZKNYV_2021_11_02_al\u00e1\u00edrva.pdf\">DIT 2021. 11. 02.<\/a><\/li> <li><a href=\"https:\/\/univet.hu\/wp-content\/uploads\/2024\/09\/DIT_JZKNYV_2021_08_26-1.pdf\">DIT 2021. 08. 26.<\/a><\/li> <li><a href=\"https:\/\/univet.hu\/wp-content\/uploads\/2024\/09\/DIT_JZKNYV_2021_05_18_al\u00e1\u00edrva.pdf\">DIT 2021. 05. 18.<\/a><\/li> <li><a href=\"https:\/\/univet.hu\/wp-content\/uploads\/2024\/09\/DIT_JZKNYV_2021_02_18_r\u00e9szben_al\u00e1\u00edrva.pdf\">DIT 2021. 02. 18.<\/a><\/li> <li><a href=\"https:\/\/univet.hu\/wp-content\/uploads\/2024\/09\/DHT_JZKNYV_2021_11_30_al\u00e1\u00edrva.pdf\">DHT 2021. 11. 30.<\/a><\/li> <li><a href=\"https:\/\/univet.hu\/wp-content\/uploads\/2024\/09\/DHT_JZKNYV_2021_11_05_al\u00e1\u00edrva.pdf\">DHT 2021. 11. 05.<\/a><\/li> <li><a href=\"https:\/\/univet.hu\/wp-content\/uploads\/2024\/09\/DHT_JZKNYV_2021_10_15_al\u00e1\u00edrva.pdf\">DHT 2021. 10. 15.<\/a><\/li> <li><a href=\"https:\/\/univet.hu\/wp-content\/uploads\/2024\/09\/DHT_JZKNYV_2021_08_31_al\u00e1\u00edrva.pdf\">DHT 2021. 08. 31.<\/a><\/li> <li><a href=\"https:\/\/univet.hu\/wp-content\/uploads\/2024\/09\/DHT_JZKNYV_2021_05_05_al\u00e1\u00edrva.pdf\">DHT 2021. 05. 05.<\/a><\/li> <li><a href=\"https:\/\/univet.hu\/wp-content\/uploads\/2024\/09\/DHT_JZKNYV_2021_04_30_al\u00e1\u00edrva.pdf\">DHT 2021. 04. 30.<\/a><\/li> <li><a href=\"https:\/\/univet.hu\/wp-content\/uploads\/2024\/09\/DHT_JZKNYV_2021_02_22_al\u00e1\u00edrva.pdf\">DHT 2021. 02. 22.<\/a><\/li> <li><a href=\"https:\/\/univet.hu\/wp-content\/uploads\/2024\/09\/DHT_JZKNYV_2021_01_29_al\u00e1\u00edrva.pdf\">DHT 2021. 01. 29.<\/a><\/li> <\/ul> <p><span style=\"font-size: 18pt\"><strong>2020<\/strong><\/span><\/p> <ul> <li><a href=\"https:\/\/univet.hu\/wp-content\/uploads\/2024\/09\/DIT_JZKNYV_2020_11_19_al\u00e1\u00edrva.pdf\">DIT 2020. 11. 19.<\/a><\/li> <li><a href=\"https:\/\/univet.hu\/wp-content\/uploads\/2024\/09\/DIT_JZKNYV_2020_11_17_al\u00e1\u00edrva.pdf\">DIT 2020. 11. 17.<\/a><\/li> <li><a href=\"https:\/\/univet.hu\/wp-content\/uploads\/2024\/09\/DIT_JZKNYV_2020_10_05_al\u00e1\u00edrva.pdf\">DIT 2020. 10. 05.<\/a><\/li> <li><a href=\"https:\/\/univet.hu\/wp-content\/uploads\/2024\/09\/DIT_JZKNYV_2020_07_09_al\u00e1\u00edrva.pdf\">DIT 2020. 07. 09.<\/a><\/li> <li><a href=\"https:\/\/univet.hu\/wp-content\/uploads\/2024\/09\/DIT_JZKNYV_2020_06_10_al\u00e1\u00edrva.pdf\">DIT 2020. 06. 10.<\/a><\/li> <li><a href=\"https:\/\/univet.hu\/wp-content\/uploads\/2024\/09\/DIT_JZKNYV_2020_06_05_al\u00e1\u00edrva.pdf\">DIT 2020. 06. 05.<\/a><\/li> <li><a href=\"https:\/\/univet.hu\/wp-content\/uploads\/2024\/09\/DIT_JZKNYV_2020_05_14_al\u00e1\u00edrva.pdf\">DIT 2020. 05. 14.<\/a><\/li> <li><a href=\"https:\/\/univet.hu\/wp-content\/uploads\/2024\/09\/DIT_JZKNYV_2020_04_22_al\u00e1\u00edrva.pdf\">DIT 2020. 04. 22.<\/a><\/li> <li><a href=\"https:\/\/univet.hu\/wp-content\/uploads\/2024\/09\/DIT_JZKNYV_2020_02_24_al\u00e1\u00edrva.pdf\">DIT 2020. 02. 24.<\/a><\/li> <li><a href=\"https:\/\/univet.hu\/wp-content\/uploads\/2024\/09\/DHT_JZKNYV_2020_12_04_al\u00e1\u00edrva.pdf\">DHT 2020. 12. 04.<\/a><\/li> <li><a href=\"https:\/\/univet.hu\/wp-content\/uploads\/2024\/09\/DHT_JZKNYV_2020_10_07_al\u00e1\u00edrva.pdf\">DHT 2020. 10. 07.<\/a><\/li> <\/ul> <p><span style=\"font-size: 18pt\"><strong>2019<\/strong><\/span><\/p> <ul> <li><a href=\"https:\/\/univet.hu\/wp-content\/uploads\/2024\/09\/DIT_JZKNYV_2019_11_26_al\u00e1\u00edrva.pdf\">DIT 2019. 11. 26.<\/a><\/li> <li><a href=\"https:\/\/univet.hu\/wp-content\/uploads\/2024\/09\/DIT_JZKNYV_2019_09_24_al\u00e1\u00edrva.pdf\">DIT 2019. 09. 24.<\/a><\/li> <li><a href=\"https:\/\/univet.hu\/wp-content\/uploads\/2024\/09\/DIT_JZKNYV_2019_07_18_al\u00e1\u00edrva.pdf\">DIT 2019. 07. 18.<\/a><\/li> <li><a href=\"https:\/\/univet.hu\/wp-content\/uploads\/2024\/09\/DIT_JZKNYV_2019_07_01_al\u00e1\u00edrva.pdf\">DIT 2019. 07. 01.<\/a><\/li> <li><a href=\"https:\/\/univet.hu\/wp-content\/uploads\/2024\/09\/DIT_JZKNYV_2019_06_17_al\u00e1\u00edrva.pdf\">DIT 2019. 06. 17.<\/a><\/li> <li><a href=\"https:\/\/univet.hu\/wp-content\/uploads\/2024\/09\/DIT_JZKNYV_2019_06_06_al\u00e1\u00edrva.pdf\">DIT 2019. 06. 06.<\/a><\/li> <li><a href=\"https:\/\/univet.hu\/wp-content\/uploads\/2024\/09\/DIT_JZKNYV_2019_05_09_al\u00e1\u00edrva.pdf\">DIT 2019. 05. 09.<\/a><\/li> <li><a href=\"https:\/\/univet.hu\/wp-content\/uploads\/2024\/09\/DIT_JZKNYV_2019_04_09_al\u00e1\u00edrva.pdf\">DIT 2019. 04. 09.<\/a><\/li> <li><a href=\"https:\/\/univet.hu\/wp-content\/uploads\/2024\/09\/DIT_JZKNYV_2019_03_06_al\u00e1\u00edrva.pdf\">DIT 2019. 03. 06.<\/a><\/li> <li><a href=\"https:\/\/univet.hu\/wp-content\/uploads\/2024\/09\/DIT_JZKNYV_2019_02_19_al\u00e1\u00edrva-3.pdf\">DIT 2019. 02. 19.<\/a><\/li> <\/ul> <p>&nbsp;<\/p> <p><span style=\"font-size: 18pt\"><strong>2018<\/strong><\/span><\/p> <ul> <li><a href=\"https:\/\/univet.hu\/wp-content\/uploads\/2024\/09\/DIT_JZKNYV_2018_11_27_al\u00e1\u00edrva-1.pdf\">DIT 2018. 11. 27.<\/a><\/li> <li><a href=\"https:\/\/univet.hu\/wp-content\/uploads\/2024\/09\/DIT_JZKNYV_2018_09_18_al\u00e1\u00edrva.pdf\">DIT 2018. 09. 18.<\/a><\/li> <li><a href=\"https:\/\/univet.hu\/wp-content\/uploads\/2024\/09\/DIT_JZKNYV_2018_06_18_al\u00e1\u00edrva.pdf\">DIT 2018. 06. 18.<\/a><\/li> <li><a href=\"https:\/\/univet.hu\/wp-content\/uploads\/2024\/09\/DIT_JZKNYV_2018_06_05_al\u00e1\u00edrva.pdf\">DIT 2018. 06. 05.<\/a><\/li> <li><a href=\"https:\/\/univet.hu\/wp-content\/uploads\/2024\/09\/DIT_JZKNYV_2018_05_07_al\u00e1\u00edrva.pdf\">DIT 2018. 05. 07.<\/a><\/li> <li><a href=\"https:\/\/univet.hu\/wp-content\/uploads\/2024\/09\/DIT_JZKNYV_2018_04_20_al\u00e1\u00edrva.pdf\">DIT 2018. 04. 20.<\/a><\/li> <li><a href=\"https:\/\/univet.hu\/wp-content\/uploads\/2024\/09\/DIT_JZKNYV_2018_04_10_al\u00e1\u00edrva.pdf\">DIT 2018. 04. 10.<\/a><\/li> <li><a href=\"https:\/\/univet.hu\/wp-content\/uploads\/2024\/09\/DIT_JZKNYV_2018_03_21_al\u00e1\u00edrva.pdf\">DIT 2018. 03. 21.<\/a><\/li> <li><a href=\"https:\/\/univet.hu\/wp-content\/uploads\/2024\/09\/DIT_JZKNYV_2018_02_20_al\u00e1\u00edrva.pdf\">DIT 2018. 02. 20.<\/a><\/li> <\/ul> <p>&nbsp;<\/p> <p><span style=\"font-size: 18pt\"><strong>2017<\/strong><\/span><\/p> <ul> <li><a href=\"https:\/\/univet.hu\/wp-content\/uploads\/2024\/09\/DIT_JZKNYV_2017_12_06_al\u00e1\u00edrva.pdf\">DIT 2017. 12. 06.<\/a><\/li> <li><a href=\"https:\/\/univet.hu\/wp-content\/uploads\/2024\/09\/DIT_JZKNYV_2017_09_26_al\u00e1\u00edrva.pdf\">DIT 2017. 09. 26.<\/a><\/li> <li><a href=\"https:\/\/univet.hu\/wp-content\/uploads\/2024\/09\/DIT_JZKNYV_2017_06_19.pdf\">DIT 2017. 06. 19.<\/a><\/li> <li><a href=\"https:\/\/univet.hu\/wp-content\/uploads\/2024\/09\/DIT_JZKNYV_2017_06_14.pdf\">DIT 2017. 06. 14.<\/a><\/li> <li><a href=\"https:\/\/univet.hu\/wp-content\/uploads\/2024\/09\/DIT_JZKNYV_2017_03_16-1.pdf\">DIT 2017. 03. 16.<\/a><\/li> <li><a href=\"https:\/\/univet.hu\/wp-content\/uploads\/2024\/09\/DIT_JZKNYV_2017_01_27.pdf\">DIT 2017. 01. 27.<\/a><\/li> <\/ul> <p>&nbsp;<\/p> <p><span style=\"font-size: 18pt\"><strong>2016<\/strong><\/span><\/p> <ul> <li><a href=\"https:\/\/univet.hu\/wp-content\/uploads\/2024\/09\/DIT_JZKNYV_2016_11_29.pdf\">DIT 2016. 11. 29.<\/a><\/li> <li><a href=\"https:\/\/univet.hu\/wp-content\/uploads\/2024\/09\/DIT_JZKNYV_2016_08_31.pdf\">DIT 2016. 08. 31.<\/a><\/li> <li><a href=\"https:\/\/univet.hu\/wp-content\/uploads\/2024\/09\/DIT_JZKNYV_2016_05_31-1.pdf\">DIT 2016. 05. 31.<\/a><\/li> <li><a href=\"https:\/\/univet.hu\/wp-content\/uploads\/2024\/09\/DIT_JZKNYV_2016_02_16.pdf\">DIT 2016. 02. 16.<\/a><\/li> <\/ul> <p>&nbsp;<\/p> <p><span style=\"font-size: 18pt\"><strong>2015<\/strong><\/span><\/p> <ul> <li><a href=\"https:\/\/univet.hu\/wp-content\/uploads\/2024\/09\/DIT_JZKNYV_2015_11_26.pdf\">DIT 2015. 11. 26.<\/a><\/li> <li><a href=\"https:\/\/univet.hu\/wp-content\/uploads\/2024\/09\/DIT_JZKNYV_2015_09_16.pdf\">DIT 2015. 09. 16.<\/a><\/li> <li><a href=\"https:\/\/univet.hu\/wp-content\/uploads\/2024\/09\/DIT_JZKNYV_2015_05_12-1.pdf\">DIT 2015. 05. 12.<\/a><\/li> <li><a href=\"https:\/\/univet.hu\/wp-content\/uploads\/2024\/10\/DIT_JZKNYV_2015_04_14.pdf\">DIT 2015. 04. 14.<\/a><\/li> <li><a href=\"https:\/\/univet.hu\/wp-content\/uploads\/2024\/10\/DIT_JZKNYV_2015_02_03.pdf\">DIT 2015. 02. 03.<\/a><\/li> <li><a href=\"https:\/\/univet.hu\/wp-content\/uploads\/2024\/09\/DHT_JZKNYV_2015_07_02.pdf\">DHT 2015. 07. 02.<\/a><\/li> <li><a href=\"https:\/\/univet.hu\/wp-content\/uploads\/2024\/10\/DHT_JZKNYV_2015_04_24_al\u00e1\u00edrva.pdf\">DHT 2015. 04. 24.<\/a><\/li> <li><a href=\"https:\/\/univet.hu\/wp-content\/uploads\/2024\/10\/DHT_JZKNYV_2015_02_26_al\u00e1\u00edrva.pdf\">DHT 2015. 02. 26.<\/a><\/li> <\/ul>","protected":false},"excerpt":{"rendered":"<p>A Doktori Iskola Tan\u00e1cs\u00e1nak (DIT) \u00e9s a\u00a0Doktori \u00e9s Habilit\u00e1ci\u00f3s Tan\u00e1cs\u00e1nak (DHT) jegyz\u0151k\u00f6nyvei 2026 &nbsp; DIT 2026.01.07. DIT 2026.01.28. DIT 2026.02.13. DIT 2026. 03. 12. DIT 2026. 04. 08.\u00a0 DHT 2026.01.14. DHT 2026.02.02. DHT 2026.02.17. DHT 2026. 03. 19.\u00a0 DHT 2026. 04. 07.\u00a0 DHT 2026. 04. 17.\u00a0 2025 DHT 2025.12.08. DIT 2025.12.01. DHT 2025.11.19. DIT 2025.11.14.<\/p>\n","protected":false},"author":4862,"featured_media":0,"parent":735,"menu_order":30,"comment_status":"open","ping_status":"closed","template":"","meta":{"_acf_changed":false,"footnotes":""},"categories":[],"tags":[],"class_list":["post-102098","page","type-page","status-publish","hentry"],"acf":[],"_links":{"self":[{"href":"https:\/\/univet.hu\/hu\/wp-json\/wp\/v2\/pages\/102098","targetHints":{"allow":["GET"]}}],"collection":[{"href":"https:\/\/univet.hu\/hu\/wp-json\/wp\/v2\/pages"}],"about":[{"href":"https:\/\/univet.hu\/hu\/wp-json\/wp\/v2\/types\/page"}],"author":[{"embeddable":true,"href":"https:\/\/univet.hu\/hu\/wp-json\/wp\/v2\/users\/4862"}],"replies":[{"embeddable":true,"href":"https:\/\/univet.hu\/hu\/wp-json\/wp\/v2\/comments?post=102098"}],"version-history":[{"count":5,"href":"https:\/\/univet.hu\/hu\/wp-json\/wp\/v2\/pages\/102098\/revisions"}],"predecessor-version":[{"id":205507,"href":"https:\/\/univet.hu\/hu\/wp-json\/wp\/v2\/pages\/102098\/revisions\/205507"}],"up":[{"embeddable":true,"href":"https:\/\/univet.hu\/hu\/wp-json\/wp\/v2\/pages\/735"}],"wp:attachment":[{"href":"https:\/\/univet.hu\/hu\/wp-json\/wp\/v2\/media?parent=102098"}],"wp:term":[{"taxonomy":"category","embeddable":true,"href":"https:\/\/univet.hu\/hu\/wp-json\/wp\/v2\/categories?post=102098"},{"taxonomy":"post_tag","embeddable":true,"href":"https:\/\/univet.hu\/hu\/wp-json\/wp\/v2\/tags?post=102098"}],"curies":[{"name":"wp","href":"https:\/\/api.w.org\/{rel}","templated":true}]}}