{"id":102649,"date":"2024-09-03T14:44:03","date_gmt":"2024-09-03T12:44:03","guid":{"rendered":"https:\/\/univet.hu\/hu\/oktatas\/kurzusok\/new-course-page-2\/"},"modified":"2025-09-02T13:31:02","modified_gmt":"2025-09-02T11:31:02","slug":"tropusi-botanika","status":"publish","type":"page","link":"https:\/\/univet.hu\/hu\/oktatas\/kurzusok\/tropusi-botanika\/","title":{"rendered":"Tr\u00f3pusi botanika"},"content":{"rendered":"<p><strong>A tant\u00e1rgy felel\u0151se\/oktat\u00f3ja:<\/strong> Dr. P\u00e9li Evelin Ram\u00f3na (<a class=\"decrypt\" rel=\"qfmj\/fwfmjo\/sbnpobAvojwfu\/iv\" href=\"javascript:void(0);\">[Kattintson az emailc\u00edmhez]<\/a>)<\/p> <p><strong>A tant\u00e1rgy mely szakon\/szakokon ker\u00fcl oktat\u00e1sra:\u00a0<\/strong>\u00e1llatorvosi, biol\u00f3gus MSc, kutat\u00f3 zool\u00f3gus<\/p> <p>A tant\u00e1rgy a tr\u00f3pusi-szubtr\u00f3pusi ter\u00fcletek n\u00f6v\u00e9nyvil\u00e1g\u00e1b\u00f3l ny\u00fajt \u00edzel\u00edt\u0151t, a legfontosabb csoportok \u00e9s fajok bemutat\u00e1s\u00e1n kereszt\u00fcl. A kurzus nemcsak a n\u00f6v\u00e9nyek botanikai ismertet\u00e9st c\u00e9lozza, hanem k\u00fcl\u00f6nb\u00f6z\u0151 aspektusb\u00f3l pr\u00f3b\u00e1lja csoportos\u00edtani \u00e9s ismertetni a tr\u00f3pusok sz\u00ednes \u00e9s v\u00e1ltozatos n\u00f6v\u00e9nyvil\u00e1g\u00e1t. A tant\u00e1rgy kit\u00e9r a n\u00f6v\u00e9nyi hat\u00f3anyagtartalmakra, azok k\u00e9miai szerkezet\u00e9re \u00e9s hat\u00e1saira is. A t\u00e9mak\u00f6r\u00f6k t\u00e1rgyal\u00e1sa pedig a term\u00e9szetes veget\u00e1ci\u00f3alkot\u00f3 fajokt\u00f3l a termesztett n\u00f6v\u00e9nyfajok relev\u00e1ns csoportjain kereszt\u00fcl, a lok\u00e1lis etnobotanikai haszn\u00e1latokra is kit\u00e9r.<\/p> <p><strong>El\u0151tanulm\u00e1nyi k\u00f6vetelm\u00e9nyek:<\/strong> nincsenek<\/p> <p><span style=\"color: #0000ff\"><strong>K\u00f6telez\u0151 irodalom:\u00a0<\/strong><\/span><\/p> <p>Az el\u0151ad\u00e1sok anyaga.<\/p> <p><span style=\"color: #0000ff\"><strong>Aj\u00e1nlott irodalom:<\/strong><\/span><\/p> <p>Keller R. (2023) A field guide to tropical plant families. Springer Nature Switzerland. 494. p.<\/p> <p>Blancke R. (2016) Tropical fruits and other edible plants of the world. Cornell University Press. 350 p.<\/p> <p>Utteridge T., Bramley G. (2015) Tropical plant families identification handbook. Royal Botanic Gardens, Kew. 232.p<\/p> <p>Bradbury, J. H., and Holloway, W. D. (1988) Chemistry of Tropical Root Crops:<\/p> <p>significance for nutrition and agriculture in the Pacific. ACIAR Monograph No. 6,<\/p> <p>201 p.<\/p> <p>Downum K.R., Romeo J.T., Stafford H.A. (1993) Phytochemical potential of tropical plants. Springer Science and Business Media, LLC. 299 p.<\/p>","protected":false},"excerpt":{"rendered":"<p>A tant\u00e1rgy felel\u0151se\/oktat\u00f3ja: Dr. P\u00e9li Evelin Ram\u00f3na ([Kattintson az emailc\u00edmhez]) A tant\u00e1rgy mely szakon\/szakokon ker\u00fcl oktat\u00e1sra:\u00a0\u00e1llatorvosi, biol\u00f3gus MSc, kutat\u00f3 zool\u00f3gus A tant\u00e1rgy a tr\u00f3pusi-szubtr\u00f3pusi ter\u00fcletek n\u00f6v\u00e9nyvil\u00e1g\u00e1b\u00f3l ny\u00fajt \u00edzel\u00edt\u0151t, a legfontosabb csoportok \u00e9s fajok bemutat\u00e1s\u00e1n kereszt\u00fcl. A kurzus nemcsak a n\u00f6v\u00e9nyek botanikai ismertet\u00e9st c\u00e9lozza, hanem k\u00fcl\u00f6nb\u00f6z\u0151 aspektusb\u00f3l pr\u00f3b\u00e1lja csoportos\u00edtani \u00e9s ismertetni a tr\u00f3pusok sz\u00ednes \u00e9s v\u00e1ltozatos<\/p>\n","protected":false},"author":3837,"featured_media":0,"parent":677,"menu_order":0,"comment_status":"open","ping_status":"open","template":"","meta":{"_acf_changed":false,"footnotes":""},"categories":[],"tags":[],"class_list":["post-102649","page","type-page","status-publish","hentry"],"acf":[],"_links":{"self":[{"href":"https:\/\/univet.hu\/hu\/wp-json\/wp\/v2\/pages\/102649","targetHints":{"allow":["GET"]}}],"collection":[{"href":"https:\/\/univet.hu\/hu\/wp-json\/wp\/v2\/pages"}],"about":[{"href":"https:\/\/univet.hu\/hu\/wp-json\/wp\/v2\/types\/page"}],"author":[{"embeddable":true,"href":"https:\/\/univet.hu\/hu\/wp-json\/wp\/v2\/users\/3837"}],"replies":[{"embeddable":true,"href":"https:\/\/univet.hu\/hu\/wp-json\/wp\/v2\/comments?post=102649"}],"version-history":[{"count":1,"href":"https:\/\/univet.hu\/hu\/wp-json\/wp\/v2\/pages\/102649\/revisions"}],"predecessor-version":[{"id":189874,"href":"https:\/\/univet.hu\/hu\/wp-json\/wp\/v2\/pages\/102649\/revisions\/189874"}],"up":[{"embeddable":true,"href":"https:\/\/univet.hu\/hu\/wp-json\/wp\/v2\/pages\/677"}],"wp:attachment":[{"href":"https:\/\/univet.hu\/hu\/wp-json\/wp\/v2\/media?parent=102649"}],"wp:term":[{"taxonomy":"category","embeddable":true,"href":"https:\/\/univet.hu\/hu\/wp-json\/wp\/v2\/categories?post=102649"},{"taxonomy":"post_tag","embeddable":true,"href":"https:\/\/univet.hu\/hu\/wp-json\/wp\/v2\/tags?post=102649"}],"curies":[{"name":"wp","href":"https:\/\/api.w.org\/{rel}","templated":true}]}}