{"id":102821,"date":"2024-09-05T12:40:32","date_gmt":"2024-09-05T10:40:32","guid":{"rendered":"https:\/\/univet.hu\/?page_id=102821"},"modified":"2024-09-05T12:40:32","modified_gmt":"2024-09-05T10:40:32","slug":"gallicoop","status":"publish","type":"page","link":"https:\/\/univet.hu\/hu\/oktatas\/tanulmanyi-osztaly\/allasajanlatok\/gallicoop\/","title":{"rendered":"Gallicoop"},"content":{"rendered":"<p>2024.08.30<\/p> <div> <p><b>A GALLICOOP V\u00e1llalatcsoport a GALLFARMS Kft. telephelyeire munkat\u00e1rsat keres \u00dczemi \u00e1llatorvos munkak\u00f6rbe<\/b><\/p> <\/div> <p>Munkav\u00e9gz\u00e9s helye: k\u00fcl\u00f6n\u00f6sen a GALLFARMS Kft. b\u0151nyi \u00e9s mocsai telephelyei, m\u0171k\u00f6d\u00e9si ter\u00fclete, tov\u00e1bb\u00e1 Magyarorsz\u00e1g ter\u00fclete.<\/p> <p><b>Feladatok:<\/b><\/p> <ul type=\"disc\"> <li>\u00e1llateg\u00e9szs\u00e9g\u00fcgyi \u00e9s \u00e9lelmiszer-biztons\u00e1gi feladatk\u00f6r\u00e9nek keret\u00e9ben az \u00e1llatok vizsg\u00e1lata, betegs\u00e9gek jelenl\u00e9t\u00e9nek \u00e9s term\u00e9szet\u00e9nek meg\u00e1llap\u00edt\u00e1sa, kezel\u00e9se, sz\u00fcks\u00e9g szerint gy\u00f3gyszeres beavatkoz\u00e1ssal t\u00f6rt\u00e9n\u0151 gy\u00f3gy\u00edt\u00e1sa;<\/li> <li>a k\u00fcl\u00f6nb\u00f6z\u0151 betegs\u00e9gek megel\u0151z\u00e9se \u00e9rdek\u00e9ben prevent\u00edv beavatkoz\u00e1sok alkalmaz\u00e1sa;<\/li> <li>baromfiteny\u00e9szt\u0151 telepek \u00e1llateg\u00e9szs\u00e9g\u00fcgyi fel\u00fcgyelete;<\/li> <li>sz\u00fcks\u00e9ges gy\u00f3gyszerek, vakcin\u00e1k seg\u00e9danyagok megrendel\u00e9se, felhaszn\u00e1l\u00e1si k\u00f6r\u00fclm\u00e9nyek fel\u00fcgyelete;<\/li> <li>laborat\u00f3riumi vizsg\u00e1lati anyagok megk\u00fcld\u00e9se;<\/li> <li>elhull\u00e1s ok\u00e1nak meg\u00e1llap\u00edt\u00e1sa;<\/li> <li>mindenkori hat\u00e1lyos hat\u00f3s\u00e1gi rendelkez\u00e9sek betart\u00e1sa, betartat\u00e1sa;<\/li> <li>min\u0151s\u00e9gir\u00e1ny\u00edt\u00e1si, k\u00f6rnyezetv\u00e9delmi, \u00e9lelmiszerhigi\u00e9niai, munka- \u00e9s t\u0171zv\u00e9delmi el\u0151\u00edr\u00e1sok betart\u00e1sa.<\/li> <\/ul> <p><b>Elv\u00e1r\u00e1sok:<\/b><\/p> <ul type=\"disc\"> <li>fels\u0151fok\u00fa \u00e1llatorvosi v\u00e9gzetts\u00e9g<\/li> <li>1-3 \u00e9v hasonl\u00f3 ter\u00fcleten szerzett tapasztalat<\/li> <li>felel\u0151ss\u00e9gteljes munkav\u00e9gz\u00e9s<\/li> <li>\u00f6n\u00e1ll\u00f3s\u00e1g, precizit\u00e1s<\/li> <\/ul> <p><b>Amit k\u00edn\u00e1lunk:<\/b><\/p> <ul type=\"disc\"> <li>versenyk\u00e9pes b\u00e9rez\u00e9s<\/li> <li>bej\u00e1r\u00e1si t\u00e1mogat\u00e1s<\/li> <li>munkav\u00e9gz\u00e9shez sz\u00fcks\u00e9ges eszk\u00f6z\u00f6k biztos\u00edt\u00e1sa<\/li> <li>hossz\u00fa t\u00e1v\u00fa munkalehet\u0151s\u00e9g<\/li> <li>stabil v\u00e1llalati h\u00e1tt\u00e9r<\/li> <li>\u00e9let- \u00e9s balesetbiztos\u00edt\u00e1si szolg\u00e1ltat\u00e1sok<\/li> <\/ul> <p>Tov\u00e1bbi inform\u00e1ci\u00f3 \u00e9s jelentkez\u00e9s: +36 (70) \/797-9149-es telefonsz\u00e1mon, vagy az\u00a0<a class=\"decrypt\" rel=\"bmmbtAhbmmjdppq\/iv\" href=\"javascript:void(0);\">[Kattintson az emailc\u00edmhez]<\/a>\u00a0e-mail c\u00edmen.<\/p> <p><img loading=\"lazy\" decoding=\"async\" class=\"alignnone size-full wp-image-102822\" src=\"https:\/\/univet.hu\/wp-content\/uploads\/2024\/09\/\u00fczemi-\u00e1llatorvos.png\" alt=\"\" width=\"1200\" height=\"1200\" srcset=\"https:\/\/univet.hu\/wp-content\/uploads\/2024\/09\/\u00fczemi-\u00e1llatorvos.png 1200w, https:\/\/univet.hu\/wp-content\/uploads\/2024\/09\/\u00fczemi-\u00e1llatorvos-320x320.png 320w, https:\/\/univet.hu\/wp-content\/uploads\/2024\/09\/\u00fczemi-\u00e1llatorvos-768x768.png 768w, https:\/\/univet.hu\/wp-content\/uploads\/2024\/09\/\u00fczemi-\u00e1llatorvos-960x960.png 960w, https:\/\/univet.hu\/wp-content\/uploads\/2024\/09\/\u00fczemi-\u00e1llatorvos-640x640.png 640w\" sizes=\"auto, (max-width: 1200px) 100vw, 1200px\" \/><\/p>","protected":false},"excerpt":{"rendered":"<p>2024.08.30 A GALLICOOP V\u00e1llalatcsoport a GALLFARMS Kft. telephelyeire munkat\u00e1rsat keres \u00dczemi \u00e1llatorvos munkak\u00f6rbe Munkav\u00e9gz\u00e9s helye: k\u00fcl\u00f6n\u00f6sen a GALLFARMS Kft. b\u0151nyi \u00e9s mocsai telephelyei, m\u0171k\u00f6d\u00e9si ter\u00fclete, tov\u00e1bb\u00e1 Magyarorsz\u00e1g ter\u00fclete. Feladatok: \u00e1llateg\u00e9szs\u00e9g\u00fcgyi \u00e9s \u00e9lelmiszer-biztons\u00e1gi feladatk\u00f6r\u00e9nek keret\u00e9ben az \u00e1llatok vizsg\u00e1lata, betegs\u00e9gek jelenl\u00e9t\u00e9nek \u00e9s term\u00e9szet\u00e9nek meg\u00e1llap\u00edt\u00e1sa, kezel\u00e9se, sz\u00fcks\u00e9g szerint gy\u00f3gyszeres beavatkoz\u00e1ssal t\u00f6rt\u00e9n\u0151 gy\u00f3gy\u00edt\u00e1sa; a k\u00fcl\u00f6nb\u00f6z\u0151 betegs\u00e9gek megel\u0151z\u00e9se \u00e9rdek\u00e9ben prevent\u00edv<\/p>\n","protected":false},"author":2961,"featured_media":0,"parent":26415,"menu_order":112,"comment_status":"closed","ping_status":"closed","template":"","meta":{"_acf_changed":false,"footnotes":""},"categories":[],"tags":[],"class_list":["post-102821","page","type-page","status-publish","hentry"],"acf":[],"_links":{"self":[{"href":"https:\/\/univet.hu\/hu\/wp-json\/wp\/v2\/pages\/102821","targetHints":{"allow":["GET"]}}],"collection":[{"href":"https:\/\/univet.hu\/hu\/wp-json\/wp\/v2\/pages"}],"about":[{"href":"https:\/\/univet.hu\/hu\/wp-json\/wp\/v2\/types\/page"}],"author":[{"embeddable":true,"href":"https:\/\/univet.hu\/hu\/wp-json\/wp\/v2\/users\/2961"}],"replies":[{"embeddable":true,"href":"https:\/\/univet.hu\/hu\/wp-json\/wp\/v2\/comments?post=102821"}],"version-history":[{"count":0,"href":"https:\/\/univet.hu\/hu\/wp-json\/wp\/v2\/pages\/102821\/revisions"}],"up":[{"embeddable":true,"href":"https:\/\/univet.hu\/hu\/wp-json\/wp\/v2\/pages\/26415"}],"wp:attachment":[{"href":"https:\/\/univet.hu\/hu\/wp-json\/wp\/v2\/media?parent=102821"}],"wp:term":[{"taxonomy":"category","embeddable":true,"href":"https:\/\/univet.hu\/hu\/wp-json\/wp\/v2\/categories?post=102821"},{"taxonomy":"post_tag","embeddable":true,"href":"https:\/\/univet.hu\/hu\/wp-json\/wp\/v2\/tags?post=102821"}],"curies":[{"name":"wp","href":"https:\/\/api.w.org\/{rel}","templated":true}]}}