{"id":102828,"date":"2024-09-05T14:04:32","date_gmt":"2024-09-05T12:04:32","guid":{"rendered":"https:\/\/univet.hu\/?page_id=102828"},"modified":"2025-02-14T13:29:26","modified_gmt":"2025-02-14T12:29:26","slug":"ohegyi-allatorvosi-rendelo","status":"publish","type":"page","link":"https:\/\/univet.hu\/hu\/oktatas\/tanulmanyi-osztaly\/allasajanlatok\/ohegyi-allatorvosi-rendelo\/","title":{"rendered":"\u00d3hegyi \u00c1llatorvosi Rendel\u0151"},"content":{"rendered":"<p>2024.09.05<\/p> <p><img loading=\"lazy\" decoding=\"async\" class=\"alignnone size-full wp-image-102829\" src=\"https:\/\/univet.hu\/wp-content\/uploads\/2024\/09\/\u00d3hegyi-\u00e1llatorvos-hirdet\u00e9s.jpg\" alt=\"\" width=\"571\" height=\"647\" srcset=\"https:\/\/univet.hu\/wp-content\/uploads\/2024\/09\/\u00d3hegyi-\u00e1llatorvos-hirdet\u00e9s.jpg 571w, https:\/\/univet.hu\/wp-content\/uploads\/2024\/09\/\u00d3hegyi-\u00e1llatorvos-hirdet\u00e9s-282x320.jpg 282w\" sizes=\"auto, (max-width: 571px) 100vw, 571px\" \/><\/p>","protected":false},"excerpt":{"rendered":"<p>2024.09.05<\/p>\n","protected":false},"author":2961,"featured_media":0,"parent":26415,"menu_order":112,"comment_status":"closed","ping_status":"closed","template":"","meta":{"_acf_changed":false,"footnotes":""},"categories":[],"tags":[],"class_list":["post-102828","page","type-page","status-publish","hentry"],"acf":[],"_links":{"self":[{"href":"https:\/\/univet.hu\/hu\/wp-json\/wp\/v2\/pages\/102828","targetHints":{"allow":["GET"]}}],"collection":[{"href":"https:\/\/univet.hu\/hu\/wp-json\/wp\/v2\/pages"}],"about":[{"href":"https:\/\/univet.hu\/hu\/wp-json\/wp\/v2\/types\/page"}],"author":[{"embeddable":true,"href":"https:\/\/univet.hu\/hu\/wp-json\/wp\/v2\/users\/2961"}],"replies":[{"embeddable":true,"href":"https:\/\/univet.hu\/hu\/wp-json\/wp\/v2\/comments?post=102828"}],"version-history":[{"count":1,"href":"https:\/\/univet.hu\/hu\/wp-json\/wp\/v2\/pages\/102828\/revisions"}],"predecessor-version":[{"id":175923,"href":"https:\/\/univet.hu\/hu\/wp-json\/wp\/v2\/pages\/102828\/revisions\/175923"}],"up":[{"embeddable":true,"href":"https:\/\/univet.hu\/hu\/wp-json\/wp\/v2\/pages\/26415"}],"wp:attachment":[{"href":"https:\/\/univet.hu\/hu\/wp-json\/wp\/v2\/media?parent=102828"}],"wp:term":[{"taxonomy":"category","embeddable":true,"href":"https:\/\/univet.hu\/hu\/wp-json\/wp\/v2\/categories?post=102828"},{"taxonomy":"post_tag","embeddable":true,"href":"https:\/\/univet.hu\/hu\/wp-json\/wp\/v2\/tags?post=102828"}],"curies":[{"name":"wp","href":"https:\/\/api.w.org\/{rel}","templated":true}]}}