{"id":103298,"date":"2024-09-16T21:55:57","date_gmt":"2024-09-16T19:55:57","guid":{"rendered":"https:\/\/univet.hu\/hu\/oktatas\/kurzusok\/new-course-page-2\/"},"modified":"2025-09-05T15:51:40","modified_gmt":"2025-09-05T13:51:40","slug":"vadaszattortenet","status":"publish","type":"page","link":"https:\/\/univet.hu\/hu\/oktatas\/kurzusok\/vadaszattortenet\/","title":{"rendered":"Vad\u00e1szatt\u00f6rt\u00e9net"},"content":{"rendered":"<p>A tant\u00e1rgy c\u00e9lja, hogy megismertesse a hallgat\u00f3kkal a vad\u00e1szat kialakul\u00e1s\u00e1t \u00e9s annak jelent\u0151s\u00e9g\u00e9t a kezdetekt\u0151l napjainkig. Ezen bel\u00fcl megt\u00e1rgyal\u00e1sra ker\u00fclnek az egyes korok vad\u00e1szati technik\u00e1i \u00e9s m\u00f3djai, valamint fegyverei, illetve a vad\u00e1szott \u00e1llatfajok k\u00f6re \u00e9s ezek v\u00e1ltoz\u00e1sai. K\u00fcl\u00f6n eml\u00edt\u00e9st \u00e9rdemel ennek a tev\u00e9kenys\u00e9gnek a kult\u00fart\u00f6rt\u00e9nete, valamint hat\u00e1sa a m\u0171v\u00e9szetekre. A hallgat\u00f3k megismerkedhetnek ezen k\u00edv\u00fcl a XIX-XX. sz\u00e1zad legjelent\u0151sebb hazai vad\u00e1szaival \u00e9s vadgazd\u00e1lkod\u00e1si szakembereivel, a legjelent\u0151sebb hazai \u00e9s nemzetk\u00f6zi ki\u00e1ll\u00edt\u00e1sokkal, a vad\u00e1szati szaknyelv kialakul\u00e1s\u00e1val, a legjelent\u0151sebb vad\u00e1szati foly\u00f3iratokkal, valamint a legfontosabb vad\u00e1szkutyafajt\u00e1kkal \u00e9s kialakul\u00e1sukkal. K\u00fcl\u00f6n sz\u00f3t ejt\u00fcnk a tr\u00f3feakultusz \u00e9s a tr\u00f3feab\u00edr\u00e1lat kialakul\u00e1s\u00e1r\u00f3l, az eur\u00f3pai tr\u00f3fearekordokr\u00f3l, valamint a nemzetk\u00f6zi vad\u00e1szati ranglist\u00e1kr\u00f3l \u00e9s szervezetekr\u0151l is.<\/p> <p>&nbsp;<\/p> <p>Tant\u00e1rgyfelel\u0151s: dr. G\u00e1l J\u00e1nos<\/p>","protected":false},"excerpt":{"rendered":"<p>A tant\u00e1rgy c\u00e9lja, hogy megismertesse a hallgat\u00f3kkal a vad\u00e1szat kialakul\u00e1s\u00e1t \u00e9s annak jelent\u0151s\u00e9g\u00e9t a kezdetekt\u0151l napjainkig. Ezen bel\u00fcl megt\u00e1rgyal\u00e1sra ker\u00fclnek az egyes korok vad\u00e1szati technik\u00e1i \u00e9s m\u00f3djai, valamint fegyverei, illetve a vad\u00e1szott \u00e1llatfajok k\u00f6re \u00e9s ezek v\u00e1ltoz\u00e1sai. K\u00fcl\u00f6n eml\u00edt\u00e9st \u00e9rdemel ennek a tev\u00e9kenys\u00e9gnek a kult\u00fart\u00f6rt\u00e9nete, valamint hat\u00e1sa a m\u0171v\u00e9szetekre. A hallgat\u00f3k megismerkedhetnek ezen k\u00edv\u00fcl a<\/p>\n","protected":false},"author":3837,"featured_media":0,"parent":677,"menu_order":0,"comment_status":"open","ping_status":"open","template":"","meta":{"_acf_changed":false,"footnotes":""},"categories":[],"tags":[],"class_list":["post-103298","page","type-page","status-publish","hentry"],"acf":[],"_links":{"self":[{"href":"https:\/\/univet.hu\/hu\/wp-json\/wp\/v2\/pages\/103298","targetHints":{"allow":["GET"]}}],"collection":[{"href":"https:\/\/univet.hu\/hu\/wp-json\/wp\/v2\/pages"}],"about":[{"href":"https:\/\/univet.hu\/hu\/wp-json\/wp\/v2\/types\/page"}],"author":[{"embeddable":true,"href":"https:\/\/univet.hu\/hu\/wp-json\/wp\/v2\/users\/3837"}],"replies":[{"embeddable":true,"href":"https:\/\/univet.hu\/hu\/wp-json\/wp\/v2\/comments?post=103298"}],"version-history":[{"count":1,"href":"https:\/\/univet.hu\/hu\/wp-json\/wp\/v2\/pages\/103298\/revisions"}],"predecessor-version":[{"id":181766,"href":"https:\/\/univet.hu\/hu\/wp-json\/wp\/v2\/pages\/103298\/revisions\/181766"}],"up":[{"embeddable":true,"href":"https:\/\/univet.hu\/hu\/wp-json\/wp\/v2\/pages\/677"}],"wp:attachment":[{"href":"https:\/\/univet.hu\/hu\/wp-json\/wp\/v2\/media?parent=103298"}],"wp:term":[{"taxonomy":"category","embeddable":true,"href":"https:\/\/univet.hu\/hu\/wp-json\/wp\/v2\/categories?post=103298"},{"taxonomy":"post_tag","embeddable":true,"href":"https:\/\/univet.hu\/hu\/wp-json\/wp\/v2\/tags?post=103298"}],"curies":[{"name":"wp","href":"https:\/\/api.w.org\/{rel}","templated":true}]}}