{"id":103305,"date":"2024-09-17T00:06:04","date_gmt":"2024-09-16T22:06:04","guid":{"rendered":"https:\/\/univet.hu\/?page_id=103305"},"modified":"2024-09-17T00:06:04","modified_gmt":"2024-09-16T22:06:04","slug":"vasarhelyi-rona-kft","status":"publish","type":"page","link":"https:\/\/univet.hu\/hu\/oktatas\/tanulmanyi-osztaly\/allasajanlatok\/vasarhelyi-rona-kft\/","title":{"rendered":"V\u00e1s\u00e1rhelyi R\u00f3na Kft"},"content":{"rendered":"<p>2024.09.16<\/p> <p class=\"x_xmsonormal\"><b>A V\u00e1s\u00e1rhelyi R\u00f3na Kft, dinamikusan fejl\u0151d\u0151 telep\u00e9re ell\u00e1t\u00f3 \u00e1llatorvost keres, nagyl\u00e9tsz\u00e1m\u00fa szarvasmarha \u00e1llom\u00e1ny\u00e1nak \u00e1llateg\u00e9szs\u00e9g\u00fcgyi ell\u00e1t\u00e1s\u00e1ra.<\/b><\/p> <p class=\"x_xmsonormal\"><b>Munkav\u00e9gz\u00e9s helye, H\u00f3dmez\u0151v\u00e1s\u00e1rhely<\/b><\/p> <p class=\"x_xmsonormal\"><b>Feladatok:<\/b><\/p> <ul type=\"disc\"> <li style=\"list-style-type: none;\"> <ul type=\"disc\"> <li class=\"x_xmsolistparagraph\"><b>teljes szarvasmarha \u00e1llom\u00e1ny \u00e1llateg\u00e9szs\u00e9g\u00fcgyi ell\u00e1t\u00e1sa<\/b><\/li> <li class=\"x_xmsolistparagraph\"><b>telep j\u00e1rv\u00e1nyv\u00e9delmi fel\u00fcgyelete<\/b><\/li> <li class=\"x_xmsolistparagraph\"><b>betegvizsg\u00e1lat, diagnosztika, gy\u00f3gykezel\u00e9s<\/b><\/li> <li class=\"x_xmsolistparagraph\"><b>elhullott \u00e1llatok korboncol\u00e1sa<\/b><\/li> <li class=\"x_xmsolistparagraph\"><b>\u00e1llom\u00e1ny szaporod\u00e1sbiol\u00f3giai gondoz\u00e1sa<\/b><\/li> <li class=\"x_xmsolistparagraph\"><b>\u00e1llom\u00e1ny t\u0151gyeg\u00e9szs\u00e9g\u00fcgyi gondoz\u00e1sa<\/b><\/li> <li class=\"x_xmsolistparagraph\"><b>vakcin\u00e1z\u00e1si programok elv\u00e9gz\u00e9se<\/b><\/li> <li class=\"x_xmsolistparagraph\"><b>gy\u00f3gyszerek, vakcin\u00e1k, v\u00e9nyk\u00f6teles takarm\u00e1ny-kieg\u00e9sz\u00edt\u0151k rendel\u00e9se, felhaszn\u00e1l\u00e1sa, felhaszn\u00e1l\u00e1suknak az el\u0151\u00edr\u00e1sa \u00e9s a v\u00e9grehajt\u00e1s visszaellen\u0151rz\u00e9se<\/b><\/li> <li class=\"x_xmsolistparagraph\"><b>telepre kiadott \u00e1llateg\u00e9szs\u00e9g\u00fcgyi technol\u00f3gia betart\u00e1s\u00e1nak ellen\u0151rz\u00e9se\u00a0<\/b><\/li> <\/ul> <\/li> <\/ul> <p class=\"x_xmsonormal\"><b>Elv\u00e1r\u00e1s:\u00a0<\/b><\/p> <ul type=\"disc\"> <li style=\"list-style-type: none;\"> <ul type=\"disc\"> <li class=\"x_xmsolistparagraph\"><b>\u00e1llatorvosi v\u00e9gzetts\u00e9g<\/b><\/li> <li class=\"x_xmsolistparagraph\"><b>nagyl\u00e9tsz\u00e1m\u00fa telepi \u00e1llatorvosi gyakorlat<\/b><\/li> <\/ul> <\/li> <\/ul> <p class=\"x_xmsonormal\"><b>El\u0151ny:\u00a0<\/b><\/p> <ul type=\"disc\"> <li style=\"list-style-type: none;\"> <ul type=\"disc\"> <li class=\"x_xmsolistparagraph\"><b>inszemin\u00e1l\u00f3i gyakorlat<\/b><\/li> <li class=\"x_xmsolistparagraph\"><b>ultrahangos korai vemhess\u00e9gvizsg\u00e1lat v\u00e9gz\u00e9se, gyakorlata\u00a0<\/b><\/li> <\/ul> <\/li> <\/ul> <p class=\"x_xmsonormal\"><b>Jelentkezni emailben, a\u00a0<\/b><b><a class=\"decrypt\" rel=\"ujulbstbhAwspob\/iv\" href=\"javascript:void(0);\">[Kattintson az emailc\u00edmhez]<\/a><\/b><b>\u00a0c\u00edmre lehet, f\u00e9nyk\u00e9pes \u00f6n\u00e9letrajzzal \u00e9s fizet\u00e9s ig\u00e9ny megjel\u00f6l\u00e9s\u00e9vel.\u00a0<\/b><\/p> <p class=\"x_xmsonormal\"><b>\u00e9rdekl\u0151dni telefonon: +3620\/4504445<\/b><\/p>","protected":false},"excerpt":{"rendered":"<p>2024.09.16 A V\u00e1s\u00e1rhelyi R\u00f3na Kft, dinamikusan fejl\u0151d\u0151 telep\u00e9re ell\u00e1t\u00f3 \u00e1llatorvost keres, nagyl\u00e9tsz\u00e1m\u00fa szarvasmarha \u00e1llom\u00e1ny\u00e1nak \u00e1llateg\u00e9szs\u00e9g\u00fcgyi ell\u00e1t\u00e1s\u00e1ra. Munkav\u00e9gz\u00e9s helye, H\u00f3dmez\u0151v\u00e1s\u00e1rhely Feladatok: teljes szarvasmarha \u00e1llom\u00e1ny \u00e1llateg\u00e9szs\u00e9g\u00fcgyi ell\u00e1t\u00e1sa telep j\u00e1rv\u00e1nyv\u00e9delmi fel\u00fcgyelete betegvizsg\u00e1lat, diagnosztika, gy\u00f3gykezel\u00e9s elhullott \u00e1llatok korboncol\u00e1sa \u00e1llom\u00e1ny szaporod\u00e1sbiol\u00f3giai gondoz\u00e1sa \u00e1llom\u00e1ny t\u0151gyeg\u00e9szs\u00e9g\u00fcgyi gondoz\u00e1sa vakcin\u00e1z\u00e1si programok elv\u00e9gz\u00e9se gy\u00f3gyszerek, vakcin\u00e1k, v\u00e9nyk\u00f6teles takarm\u00e1ny-kieg\u00e9sz\u00edt\u0151k rendel\u00e9se, felhaszn\u00e1l\u00e1sa, felhaszn\u00e1l\u00e1suknak az el\u0151\u00edr\u00e1sa \u00e9s a v\u00e9grehajt\u00e1s<\/p>\n","protected":false},"author":2961,"featured_media":0,"parent":26415,"menu_order":112,"comment_status":"closed","ping_status":"closed","template":"","meta":{"_acf_changed":false,"footnotes":""},"categories":[],"tags":[],"class_list":["post-103305","page","type-page","status-publish","hentry"],"acf":[],"_links":{"self":[{"href":"https:\/\/univet.hu\/hu\/wp-json\/wp\/v2\/pages\/103305","targetHints":{"allow":["GET"]}}],"collection":[{"href":"https:\/\/univet.hu\/hu\/wp-json\/wp\/v2\/pages"}],"about":[{"href":"https:\/\/univet.hu\/hu\/wp-json\/wp\/v2\/types\/page"}],"author":[{"embeddable":true,"href":"https:\/\/univet.hu\/hu\/wp-json\/wp\/v2\/users\/2961"}],"replies":[{"embeddable":true,"href":"https:\/\/univet.hu\/hu\/wp-json\/wp\/v2\/comments?post=103305"}],"version-history":[{"count":0,"href":"https:\/\/univet.hu\/hu\/wp-json\/wp\/v2\/pages\/103305\/revisions"}],"up":[{"embeddable":true,"href":"https:\/\/univet.hu\/hu\/wp-json\/wp\/v2\/pages\/26415"}],"wp:attachment":[{"href":"https:\/\/univet.hu\/hu\/wp-json\/wp\/v2\/media?parent=103305"}],"wp:term":[{"taxonomy":"category","embeddable":true,"href":"https:\/\/univet.hu\/hu\/wp-json\/wp\/v2\/categories?post=103305"},{"taxonomy":"post_tag","embeddable":true,"href":"https:\/\/univet.hu\/hu\/wp-json\/wp\/v2\/tags?post=103305"}],"curies":[{"name":"wp","href":"https:\/\/api.w.org\/{rel}","templated":true}]}}