{"id":10346,"date":"1970-01-01T00:00:00","date_gmt":"1969-12-31T23:00:00","guid":{"rendered":"http:\/\/univet.hu\/oktatas\/kurzusok\/11-szemeszter-intezeti-diagnosztikai-gyakorlat-jarvanytan\/"},"modified":"2020-11-24T12:14:05","modified_gmt":"2020-11-24T11:14:05","slug":"11-szemeszter-intezeti-diagnosztikai-gyakorlat-jarvanytan","status":"publish","type":"page","link":"https:\/\/univet.hu\/hu\/oktatas\/kurzusok\/11-szemeszter-intezeti-diagnosztikai-gyakorlat-jarvanytan\/","title":{"rendered":"Laborat\u00f3riumi diagnosztikai gyakorlat (11. f\u00e9l\u00e9v)"},"content":{"rendered":"<table> <tbody> <tr> <td>Helye<\/td> <td> <p>1.\u00a0\u00a0\u00a0\u00a0\u00a0 Nemzeti \u00c9lelmiszerl\u00e1nc-biztons\u00e1gi Hivatal, \u00c1llateg\u00e9szs\u00e9g\u00fcgyi Diagnosztikai Igazgat\u00f3s\u00e1g (N\u00c9BIH, \u00c1DI) vagy<\/p> <p>2.\u00a0\u00a0\u00a0\u00a0\u00a0 Az \u00c1llatorvostudom\u00e1nyi Egyetem egyes tansz\u00e9kei (J\u00e1rv\u00e1nytani \u00e9s Mikrobiol\u00f3giai Tansz\u00e9k; Patol\u00f3giai \u00a0 Tansz\u00e9k; Parazitol\u00f3giai \u00e9s \u00c1llattani Tansz\u00e9k<\/td> <\/tr> <tr> <td>Id\u0151tartam<\/td> <td>10 nap<\/td> <\/tr> <tr> <td>A vizsga form\u00e1ja<\/td> <td>R\u00f6vid el\u0151ad\u00e1s (legfeljebb 10 perc) tart\u00e1sa, amelyben a hallgat\u00f3 \u00e1ttekint\u00e9st ad a teljes gyakorlatr\u00f3l. Lehet\u0151s\u00e9g van egy-egy diagnosztikai m\u00f3dszer r\u00e9szletesebb bemutat\u00e1s\u00e1ra is.<\/td> <\/tr> <tr> <td>A vizsga helye<\/td> <td>A gyakorlat helye szerint a N\u00c9BIH \u00c1DI vagy J\u00e1rv\u00e1nytani \u00e9s Mikrobiol\u00f3giai Tansz\u00e9k<\/td> <\/tr> <tr> <td>A vizsga id\u0151pontja<\/td> <td>10. nap 9.00 \u00f3ra (N\u00c9BIH \u00c1DI) vagy 13.00 \u00f3ra (J\u00e1rv\u00e1nytani \u00e9s Mikrobiol\u00f3giai Tansz\u00e9k<\/td> <\/tr> <\/tbody> <\/table> <p><\/p>","protected":false},"excerpt":{"rendered":"<p>Helye 1.\u00a0\u00a0\u00a0\u00a0\u00a0 Nemzeti \u00c9lelmiszerl\u00e1nc-biztons\u00e1gi Hivatal, \u00c1llateg\u00e9szs\u00e9g\u00fcgyi Diagnosztikai Igazgat\u00f3s\u00e1g (N\u00c9BIH, \u00c1DI) vagy 2.\u00a0\u00a0\u00a0\u00a0\u00a0 Az \u00c1llatorvostudom\u00e1nyi Egyetem egyes tansz\u00e9kei (J\u00e1rv\u00e1nytani \u00e9s Mikrobiol\u00f3giai Tansz\u00e9k; Patol\u00f3giai \u00a0 Tansz\u00e9k; Parazitol\u00f3giai \u00e9s \u00c1llattani Tansz\u00e9k Id\u0151tartam 10 nap A vizsga form\u00e1ja R\u00f6vid el\u0151ad\u00e1s (legfeljebb 10 perc) tart\u00e1sa, amelyben a hallgat\u00f3 \u00e1ttekint\u00e9st ad a teljes gyakorlatr\u00f3l. Lehet\u0151s\u00e9g van egy-egy diagnosztikai m\u00f3dszer r\u00e9szletesebb bemutat\u00e1s\u00e1ra<\/p>\n","protected":false},"author":3837,"featured_media":0,"parent":677,"menu_order":164,"comment_status":"closed","ping_status":"closed","template":"","meta":{"_acf_changed":false,"footnotes":""},"categories":[],"tags":[],"class_list":["post-10346","page","type-page","status-publish","hentry"],"acf":[],"_links":{"self":[{"href":"https:\/\/univet.hu\/hu\/wp-json\/wp\/v2\/pages\/10346","targetHints":{"allow":["GET"]}}],"collection":[{"href":"https:\/\/univet.hu\/hu\/wp-json\/wp\/v2\/pages"}],"about":[{"href":"https:\/\/univet.hu\/hu\/wp-json\/wp\/v2\/types\/page"}],"author":[{"embeddable":true,"href":"https:\/\/univet.hu\/hu\/wp-json\/wp\/v2\/users\/3837"}],"replies":[{"embeddable":true,"href":"https:\/\/univet.hu\/hu\/wp-json\/wp\/v2\/comments?post=10346"}],"version-history":[{"count":0,"href":"https:\/\/univet.hu\/hu\/wp-json\/wp\/v2\/pages\/10346\/revisions"}],"up":[{"embeddable":true,"href":"https:\/\/univet.hu\/hu\/wp-json\/wp\/v2\/pages\/677"}],"wp:attachment":[{"href":"https:\/\/univet.hu\/hu\/wp-json\/wp\/v2\/media?parent=10346"}],"wp:term":[{"taxonomy":"category","embeddable":true,"href":"https:\/\/univet.hu\/hu\/wp-json\/wp\/v2\/categories?post=10346"},{"taxonomy":"post_tag","embeddable":true,"href":"https:\/\/univet.hu\/hu\/wp-json\/wp\/v2\/tags?post=10346"}],"curies":[{"name":"wp","href":"https:\/\/api.w.org\/{rel}","templated":true}]}}