{"id":10348,"date":"1970-01-01T00:00:00","date_gmt":"1969-12-31T23:00:00","guid":{"rendered":"http:\/\/univet.hu\/oktatas\/kurzusok\/a-betegvizsgalat-es-a-betegapolas-alapjai\/"},"modified":"2018-09-07T15:33:41","modified_gmt":"2018-09-07T13:33:41","slug":"a-betegvizsgalat-es-a-betegapolas-alapjai","status":"publish","type":"page","link":"https:\/\/univet.hu\/hu\/oktatas\/kurzusok\/a-betegvizsgalat-es-a-betegapolas-alapjai\/","title":{"rendered":"A betegvizsg\u00e1lat \u00e9s a beteg\u00e1pol\u00e1s alapjai"},"content":{"rendered":"<p>(D) I.2. Tant&aacute;rgyle&iacute;r&aacute;sok<\/p> <p><strong>(D) I.2.1. K&ouml;telez\u0151 tant&aacute;rgy <\/strong><\/p> <p><strong>Tant&aacute;rgyfelel\u0151s<\/strong>: Dr. V&ouml;r&ouml;s K&aacute;roly, DSc, egyetemi tan&aacute;r<\/p> <p>&nbsp;<\/p> <p>I.2.1.1. A tant&aacute;rgy neve:<\/p> <p>Oktat&aacute;s&aacute;nak helye, &oacute;rasz&aacute;ma, az ismeretek ellen\u0151rz&eacute;s&eacute;nek form&aacute;ja:<\/p> <table border=\"1\" cellpadding=\"0\" cellspacing=\"0\" style=\"width:714px\"> <tbody> <tr> <td style=\"height:66px; width:55px\"> <p><strong>F&eacute;l&eacute;v<\/strong><\/p> <\/td> <td style=\"height:66px; width:228px\"> <p><strong>T&eacute;mak&ouml;r<\/strong><\/p> <\/td> <td style=\"height:66px; width:108px\"> <p><strong>&Oacute;rasz&aacute;m<\/strong><\/p> <p>(el\u0151ad&aacute;s\/gyakorlat)<\/p> <\/td> <td style=\"height:66px; width:120px\"> <p><strong>Az &eacute;rt&eacute;kel&eacute;s m&oacute;dja<\/strong><\/p> <p>(gyakorlati jegy, vizsga, szigorlat)<\/p> <\/td> <td style=\"height:66px; width:60px\"> <p><strong>Kredit<\/strong><\/p> <\/td> <\/tr> <tr> <td style=\"width:55px\"> <p>3.<\/p> <\/td> <td style=\"width:228px\"> <p>A betegvizsg&aacute;lat &eacute;s a beteg&aacute;pol&aacute;s alapjai<\/p> <\/td> <td style=\"width:108px\"> <p>0\/15<\/p> <\/td> <td style=\"width:120px\"> <p>Kiskredites vizsga<\/p> <\/td> <td style=\"width:60px\"> <p>1<\/p> <\/td> <\/tr> <\/tbody> <\/table> <p>&nbsp;<\/p> <p><strong>El\u0151tanulm&aacute;nyi felt&eacute;telek<\/strong>: &aacute;llattan, anat&oacute;mia 2., &aacute;llatorvosi &eacute;lettan 1.<\/p> <p>&nbsp;<\/p> <p><strong>A tant&aacute;rgy oktat&aacute;s&aacute;nak r&ouml;vid, c&iacute;mszavas tematik&aacute;ja<\/strong> (tant&aacute;rgyank&eacute;nt maximum 1 oldal)<\/p> <p style=\"margin-left:18.0pt\">A balesetv&eacute;delmi rendszab&aacute;lyok megismertet&eacute;se &eacute;s gyakorlati bemutat&aacute;sa. A hallgat&oacute;kra vonatkoz&oacute; t\u0171zv&eacute;delmi &eacute;s vagyonv&eacute;delmi rendszab&aacute;lyok a klinikai munka sor&aacute;n. A h&aacute;zi&aacute;llatokkal val&oacute; b&aacute;n&aacute;sm&oacute;d szab&aacute;lyai. Az &aacute;llatok r&ouml;gz&iacute;t&eacute;se a betegvizsg&aacute;lathoz &eacute;s a gyakoribb ter&aacute;pi&aacute;s beavatkoz&aacute;sokhoz. A klinikai alap&eacute;rt&eacute;kek felv&eacute;tele (testh\u0151m&eacute;rs&eacute;klet, &eacute;rver&eacute;ssz&aacute;m, l&eacute;gz&eacute;ssz&aacute;m). Beteg&aacute;pol&aacute;si ismeretek, beteg&aacute;pol&aacute;s a gyakorlatban<\/p> <p>A tananyag elsaj&aacute;t&iacute;t&aacute;s&aacute;hoz aj&aacute;nlott irodalom:<\/p> <p>A plen&aacute;ris gyakorlatok PDF-form&aacute;tum&uacute; &oacute;rav&aacute;zlatai. (A tansz&eacute;ki honlap hallgat&oacute;k r&eacute;sz&eacute;re hozz&aacute;f&eacute;rhet\u0151 k&ouml;nyvt&aacute;r&aacute;ban.)<\/p> <p>A tant&aacute;rgy plen&aacute;ris el\u0151ad&aacute;sain egy&uacute;ttal balesetv&eacute;delmi oktat&aacute;sra is sor ker&uuml;l, &eacute;s az oktat&aacute;s megt&ouml;rt&eacute;nt&eacute;t, az azon val&oacute; r&eacute;szv&eacute;telt a hallgat&oacute;knak al&aacute;&iacute;r&aacute;sukkal igazolni kell. Az al&aacute;&iacute;rt list&aacute;t a titk&aacute;rs&aacute;gon archiv&aacute;ljuk.<\/p> <p>Felel\u0151s: Dr. Balogh &Eacute;va, P&aacute;stin&eacute; S&oacute;ber Ren&aacute;ta tansz&eacute;ki el\u0151ad&oacute;<\/p> <p>&Eacute;rv&eacute;nyes: a magyar &eacute;s angol nyelv\u0171 oktat&aacute;sra egyar&aacute;nt.<\/p>","protected":false},"excerpt":{"rendered":"<p>(D) I.2. Tant&aacute;rgyle&iacute;r&aacute;sok (D) I.2.1. K&ouml;telez\u0151 tant&aacute;rgy Tant&aacute;rgyfelel\u0151s: Dr. V&ouml;r&ouml;s K&aacute;roly, DSc, egyetemi tan&aacute;r &nbsp; I.2.1.1. A tant&aacute;rgy neve: Oktat&aacute;s&aacute;nak helye, &oacute;rasz&aacute;ma, az ismeretek ellen\u0151rz&eacute;s&eacute;nek form&aacute;ja: F&eacute;l&eacute;v T&eacute;mak&ouml;r &Oacute;rasz&aacute;m (el\u0151ad&aacute;s\/gyakorlat) Az &eacute;rt&eacute;kel&eacute;s m&oacute;dja (gyakorlati jegy, vizsga, szigorlat) Kredit 3. A betegvizsg&aacute;lat &eacute;s a beteg&aacute;pol&aacute;s alapjai 0\/15 Kiskredites vizsga 1 &nbsp; El\u0151tanulm&aacute;nyi felt&eacute;telek: &aacute;llattan, anat&oacute;mia 2.,<\/p>\n","protected":false},"author":3837,"featured_media":0,"parent":677,"menu_order":164,"comment_status":"closed","ping_status":"closed","template":"","meta":{"_acf_changed":false,"footnotes":""},"categories":[],"tags":[],"class_list":["post-10348","page","type-page","status-publish","hentry"],"acf":[],"_links":{"self":[{"href":"https:\/\/univet.hu\/hu\/wp-json\/wp\/v2\/pages\/10348","targetHints":{"allow":["GET"]}}],"collection":[{"href":"https:\/\/univet.hu\/hu\/wp-json\/wp\/v2\/pages"}],"about":[{"href":"https:\/\/univet.hu\/hu\/wp-json\/wp\/v2\/types\/page"}],"author":[{"embeddable":true,"href":"https:\/\/univet.hu\/hu\/wp-json\/wp\/v2\/users\/3837"}],"replies":[{"embeddable":true,"href":"https:\/\/univet.hu\/hu\/wp-json\/wp\/v2\/comments?post=10348"}],"version-history":[{"count":0,"href":"https:\/\/univet.hu\/hu\/wp-json\/wp\/v2\/pages\/10348\/revisions"}],"up":[{"embeddable":true,"href":"https:\/\/univet.hu\/hu\/wp-json\/wp\/v2\/pages\/677"}],"wp:attachment":[{"href":"https:\/\/univet.hu\/hu\/wp-json\/wp\/v2\/media?parent=10348"}],"wp:term":[{"taxonomy":"category","embeddable":true,"href":"https:\/\/univet.hu\/hu\/wp-json\/wp\/v2\/categories?post=10348"},{"taxonomy":"post_tag","embeddable":true,"href":"https:\/\/univet.hu\/hu\/wp-json\/wp\/v2\/tags?post=10348"}],"curies":[{"name":"wp","href":"https:\/\/api.w.org\/{rel}","templated":true}]}}