{"id":10349,"date":"1970-01-01T00:00:00","date_gmt":"1969-12-31T23:00:00","guid":{"rendered":"http:\/\/univet.hu\/oktatas\/kurzusok\/a-biologia-aktualis-kerdesei-biologia-bsc\/"},"modified":"2018-09-07T15:33:42","modified_gmt":"2018-09-07T13:33:42","slug":"a-biologia-aktualis-kerdesei-biologia-bsc","status":"publish","type":"page","link":"https:\/\/univet.hu\/hu\/oktatas\/kurzusok\/a-biologia-aktualis-kerdesei-biologia-bsc\/","title":{"rendered":"A biol\u00f3gia aktu\u00e1lis k\u00e9rd\u00e9sei &#8211; biol\u00f3gia BSc"},"content":{"rendered":"<p>tant\u00e1rgyfelel\u0151s: <strong>Dr. P\u00e1sztory-Kov\u00e1cs Szilvia<\/strong><\/p> <p>E t\u00e1rgy c\u00e9lja a biol\u00f3gia paradigm\u00e1j\u00e1nak felvet\u00e9se \u00e9s a kutat\u00f3kat jelenleg foglalkoztat\u00f3 biol\u00f3giai probl\u00e9m\u00e1k bemutat\u00e1sa k\u00fcl\u00f6nb\u00f6z\u0151 szervez\u0151d\u00e9si szinteken az \u00e9let keletkez\u00e9s\u00e9t\u0151l a bioszf\u00e9r\u00e1ig \u00e9s a kult\u00far\u00e1kig. Az el\u0151ad\u00e1sokat \u00fagy v\u00e1logattuk \u00f6ssze, hogy a hallgat\u00f3k megismerhessenek n\u00e9h\u00e1ny kiv\u00e1l\u00f3 magyarorsz\u00e1gi m\u0171helyet. A t\u00e1rgy m\u00e1sik c\u00e9lja, hogy felkeltse a hallgat\u00f3k \u00e9rdekl\u0151d\u00e9s\u00e9t a zool\u00f3giai kutat\u00e1sok \u00e9s nem utols\u00f3sorban a zool\u00f3gusk\u00e9pz\u00e9s ir\u00e1nt, ugyanakkor a Bevezet\u00e9s a zool\u00f3gi\u00e1ba t\u00e1rggyal egy\u00fctt el\u0151revet\u00edtse, mi v\u00e1rhat\u00f3 a zool\u00f3gusk\u00e9pz\u00e9st\u0151l, eloszlatva a hallgat\u00f3kban esetleg kor\u00e1bban kialakult ill\u00fazi\u00f3kat a k\u00e9pz\u00e9st illet\u0151en.<\/p> <p>AJ\u00c1NLOTT IRODALOM:<br \/>Maynard Smith J &amp; Szathm\u00e1ry E 1997. Az evol\u00faci\u00f3 nagy l\u00e9p\u00e9sei. Scientia, Budapest<\/p><\/p>","protected":false},"excerpt":{"rendered":"<p>tant\u00e1rgyfelel\u0151s: Dr. P\u00e1sztory-Kov\u00e1cs Szilvia E t\u00e1rgy c\u00e9lja a biol\u00f3gia paradigm\u00e1j\u00e1nak felvet\u00e9se \u00e9s a kutat\u00f3kat jelenleg foglalkoztat\u00f3 biol\u00f3giai probl\u00e9m\u00e1k bemutat\u00e1sa k\u00fcl\u00f6nb\u00f6z\u0151 szervez\u0151d\u00e9si szinteken az \u00e9let keletkez\u00e9s\u00e9t\u0151l a bioszf\u00e9r\u00e1ig \u00e9s a kult\u00far\u00e1kig. Az el\u0151ad\u00e1sokat \u00fagy v\u00e1logattuk \u00f6ssze, hogy a hallgat\u00f3k megismerhessenek n\u00e9h\u00e1ny kiv\u00e1l\u00f3 magyarorsz\u00e1gi m\u0171helyet. A t\u00e1rgy m\u00e1sik c\u00e9lja, hogy felkeltse a hallgat\u00f3k \u00e9rdekl\u0151d\u00e9s\u00e9t a zool\u00f3giai kutat\u00e1sok<\/p>\n","protected":false},"author":3837,"featured_media":0,"parent":677,"menu_order":164,"comment_status":"closed","ping_status":"closed","template":"","meta":{"_acf_changed":false,"footnotes":""},"categories":[],"tags":[],"class_list":["post-10349","page","type-page","status-publish","hentry"],"acf":[],"_links":{"self":[{"href":"https:\/\/univet.hu\/hu\/wp-json\/wp\/v2\/pages\/10349","targetHints":{"allow":["GET"]}}],"collection":[{"href":"https:\/\/univet.hu\/hu\/wp-json\/wp\/v2\/pages"}],"about":[{"href":"https:\/\/univet.hu\/hu\/wp-json\/wp\/v2\/types\/page"}],"author":[{"embeddable":true,"href":"https:\/\/univet.hu\/hu\/wp-json\/wp\/v2\/users\/3837"}],"replies":[{"embeddable":true,"href":"https:\/\/univet.hu\/hu\/wp-json\/wp\/v2\/comments?post=10349"}],"version-history":[{"count":0,"href":"https:\/\/univet.hu\/hu\/wp-json\/wp\/v2\/pages\/10349\/revisions"}],"up":[{"embeddable":true,"href":"https:\/\/univet.hu\/hu\/wp-json\/wp\/v2\/pages\/677"}],"wp:attachment":[{"href":"https:\/\/univet.hu\/hu\/wp-json\/wp\/v2\/media?parent=10349"}],"wp:term":[{"taxonomy":"category","embeddable":true,"href":"https:\/\/univet.hu\/hu\/wp-json\/wp\/v2\/categories?post=10349"},{"taxonomy":"post_tag","embeddable":true,"href":"https:\/\/univet.hu\/hu\/wp-json\/wp\/v2\/tags?post=10349"}],"curies":[{"name":"wp","href":"https:\/\/api.w.org\/{rel}","templated":true}]}}