{"id":10350,"date":"1970-01-01T00:00:00","date_gmt":"1969-12-31T23:00:00","guid":{"rendered":"http:\/\/univet.hu\/oktatas\/kurzusok\/a-biostatisztika-alapjai-phd\/"},"modified":"2024-10-08T16:04:46","modified_gmt":"2024-10-08T14:04:46","slug":"a-biostatisztika-alapjai-phd","status":"publish","type":"page","link":"https:\/\/univet.hu\/hu\/oktatas\/kurzusok\/a-biostatisztika-alapjai-phd\/","title":{"rendered":"A biostatisztika alapjai (PhD)"},"content":{"rendered":"<p>&nbsp;<\/p> <p>El\u0151ad\u00f3k: Dr. Lang Zsolt \u00e9s Paszerbovics Bettina<\/p> <p>H\u00e9tf\u0151nk\u00e9nt 8:30-16:00, N3 terem<\/p> <p>Course description<\/p> <p>1<sup>st<\/sup> day<\/p> <p>Introduction, probabilities, random variables, epidemiology.<\/p> <p>2<sup>nd<\/sup> day<\/p> <p>Philosophical foundations, hypothesis testing, analysis of qualitative data.<\/p> <p>3<sup>rd<\/sup> day<\/p> <p>Correlation and regression analysis.<\/p> <p>4<sup>th<\/sup> day<\/p> <p>ANOVA, ANCOVA, multiple comparisons, design of experiments.<\/p> <p>&nbsp;<\/p>","protected":false},"excerpt":{"rendered":"<p>&nbsp; El\u0151ad\u00f3k: Dr. Lang Zsolt \u00e9s Paszerbovics Bettina H\u00e9tf\u0151nk\u00e9nt 8:30-16:00, N3 terem Course description 1st day Introduction, probabilities, random variables, epidemiology. 2nd day Philosophical foundations, hypothesis testing, analysis of qualitative data. 3rd day Correlation and regression analysis. 4th day ANOVA, ANCOVA, multiple comparisons, design of experiments. &nbsp;<\/p>\n","protected":false},"author":3837,"featured_media":0,"parent":677,"menu_order":164,"comment_status":"closed","ping_status":"closed","template":"","meta":{"_acf_changed":false,"footnotes":""},"categories":[],"tags":[],"class_list":["post-10350","page","type-page","status-publish","hentry"],"acf":[],"_links":{"self":[{"href":"https:\/\/univet.hu\/hu\/wp-json\/wp\/v2\/pages\/10350","targetHints":{"allow":["GET"]}}],"collection":[{"href":"https:\/\/univet.hu\/hu\/wp-json\/wp\/v2\/pages"}],"about":[{"href":"https:\/\/univet.hu\/hu\/wp-json\/wp\/v2\/types\/page"}],"author":[{"embeddable":true,"href":"https:\/\/univet.hu\/hu\/wp-json\/wp\/v2\/users\/3837"}],"replies":[{"embeddable":true,"href":"https:\/\/univet.hu\/hu\/wp-json\/wp\/v2\/comments?post=10350"}],"version-history":[{"count":0,"href":"https:\/\/univet.hu\/hu\/wp-json\/wp\/v2\/pages\/10350\/revisions"}],"up":[{"embeddable":true,"href":"https:\/\/univet.hu\/hu\/wp-json\/wp\/v2\/pages\/677"}],"wp:attachment":[{"href":"https:\/\/univet.hu\/hu\/wp-json\/wp\/v2\/media?parent=10350"}],"wp:term":[{"taxonomy":"category","embeddable":true,"href":"https:\/\/univet.hu\/hu\/wp-json\/wp\/v2\/categories?post=10350"},{"taxonomy":"post_tag","embeddable":true,"href":"https:\/\/univet.hu\/hu\/wp-json\/wp\/v2\/tags?post=10350"}],"curies":[{"name":"wp","href":"https:\/\/api.w.org\/{rel}","templated":true}]}}