{"id":10352,"date":"1970-01-01T00:00:00","date_gmt":"1969-12-31T23:00:00","guid":{"rendered":"http:\/\/univet.hu\/oktatas\/kurzusok\/a-fertozo-betegsegek-szerologiai-diagnosztikajanak-gyakorlati-vonatkozasai\/"},"modified":"2021-01-08T10:05:12","modified_gmt":"2021-01-08T09:05:12","slug":"a-fertozo-betegsegek-szerologiai-diagnosztikajanak-gyakorlati-vonatkozasai","status":"publish","type":"page","link":"https:\/\/univet.hu\/hu\/oktatas\/kurzusok\/a-fertozo-betegsegek-szerologiai-diagnosztikajanak-gyakorlati-vonatkozasai\/","title":{"rendered":"A fert\u0151z\u0151 betegs\u00e9gek szerol\u00f3giai diagnosztik\u00e1j\u00e1nak gyakorlati vonatkoz\u00e1sai"},"content":{"rendered":"<p>A fert\u0151z\u0151 betegs\u00e9gek laborat\u00f3riumi diagnosztik\u00e1j\u00e1ban a szerol\u00f3giai vizsg\u00e1latok gyakorlati vonatkoz\u00e1sainak ismertet\u00e9se a mindennapok tapasztalatai alapj\u00e1n.<br \/> A kurzus oktat\u00f3ja: Dr. D\u00e9nes B\u00e9la<\/p>","protected":false},"excerpt":{"rendered":"<p>A fert\u0151z\u0151 betegs\u00e9gek laborat\u00f3riumi diagnosztik\u00e1j\u00e1ban a szerol\u00f3giai vizsg\u00e1latok gyakorlati vonatkoz\u00e1sainak ismertet\u00e9se a mindennapok tapasztalatai alapj\u00e1n. A kurzus oktat\u00f3ja: Dr. D\u00e9nes B\u00e9la<\/p>\n","protected":false},"author":3837,"featured_media":0,"parent":677,"menu_order":164,"comment_status":"closed","ping_status":"closed","template":"","meta":{"_acf_changed":false,"footnotes":""},"categories":[],"tags":[],"class_list":["post-10352","page","type-page","status-publish","hentry"],"acf":[],"_links":{"self":[{"href":"https:\/\/univet.hu\/hu\/wp-json\/wp\/v2\/pages\/10352","targetHints":{"allow":["GET"]}}],"collection":[{"href":"https:\/\/univet.hu\/hu\/wp-json\/wp\/v2\/pages"}],"about":[{"href":"https:\/\/univet.hu\/hu\/wp-json\/wp\/v2\/types\/page"}],"author":[{"embeddable":true,"href":"https:\/\/univet.hu\/hu\/wp-json\/wp\/v2\/users\/3837"}],"replies":[{"embeddable":true,"href":"https:\/\/univet.hu\/hu\/wp-json\/wp\/v2\/comments?post=10352"}],"version-history":[{"count":0,"href":"https:\/\/univet.hu\/hu\/wp-json\/wp\/v2\/pages\/10352\/revisions"}],"up":[{"embeddable":true,"href":"https:\/\/univet.hu\/hu\/wp-json\/wp\/v2\/pages\/677"}],"wp:attachment":[{"href":"https:\/\/univet.hu\/hu\/wp-json\/wp\/v2\/media?parent=10352"}],"wp:term":[{"taxonomy":"category","embeddable":true,"href":"https:\/\/univet.hu\/hu\/wp-json\/wp\/v2\/categories?post=10352"},{"taxonomy":"post_tag","embeddable":true,"href":"https:\/\/univet.hu\/hu\/wp-json\/wp\/v2\/tags?post=10352"}],"curies":[{"name":"wp","href":"https:\/\/api.w.org\/{rel}","templated":true}]}}