{"id":10355,"date":"1970-01-01T00:00:00","date_gmt":"1969-12-31T23:00:00","guid":{"rendered":"http:\/\/univet.hu\/oktatas\/kurzusok\/a-hazimadarak-anatomiaja\/"},"modified":"2021-05-11T17:27:56","modified_gmt":"2021-05-11T15:27:56","slug":"a-hazimadarak-anatomiaja","status":"publish","type":"page","link":"https:\/\/univet.hu\/hu\/oktatas\/kurzusok\/a-hazimadarak-anatomiaja\/","title":{"rendered":"A h\u00e1zimadarak anat\u00f3mi\u00e1ja"},"content":{"rendered":"<p>A Mad\u00e1ranat\u00f3mia fakultat\u00edv tant\u00e1rgy keretei k\u00f6z\u00f6tt a h\u00e1zimadarak anat\u00f3mi\u00e1j\u00e1nak legf\u0151bb saj\u00e1toss\u00e1gait mutatjuk be. A tavaszi szemeszter sor\u00e1n ker\u00fcl meghirdet\u00e9sre, &#8222;vizsgakurzus&#8221; felv\u00e9tel\u00e9re nincs lehet\u0151s\u00e9g.<br \/> A szorgalmi id\u0151szak sor\u00e1n se k\u00f6telez\u0151 se fakultat\u00edv jelleg\u0171 besz\u00e1mol\u00f3k a tant\u00e1rgyb\u00f3l nincsenek.<\/p> <p><!--  --><\/p>","protected":false},"excerpt":{"rendered":"<p>A Mad\u00e1ranat\u00f3mia fakultat\u00edv tant\u00e1rgy keretei k\u00f6z\u00f6tt a h\u00e1zimadarak anat\u00f3mi\u00e1j\u00e1nak legf\u0151bb saj\u00e1toss\u00e1gait mutatjuk be. A tavaszi szemeszter sor\u00e1n ker\u00fcl meghirdet\u00e9sre, &#8222;vizsgakurzus&#8221; felv\u00e9tel\u00e9re nincs lehet\u0151s\u00e9g. A szorgalmi id\u0151szak sor\u00e1n se k\u00f6telez\u0151 se fakultat\u00edv jelleg\u0171 besz\u00e1mol\u00f3k a tant\u00e1rgyb\u00f3l nincsenek.<\/p>\n","protected":false},"author":3837,"featured_media":0,"parent":677,"menu_order":164,"comment_status":"closed","ping_status":"closed","template":"","meta":{"_acf_changed":false,"footnotes":""},"categories":[],"tags":[],"class_list":["post-10355","page","type-page","status-publish","hentry"],"acf":[],"_links":{"self":[{"href":"https:\/\/univet.hu\/hu\/wp-json\/wp\/v2\/pages\/10355","targetHints":{"allow":["GET"]}}],"collection":[{"href":"https:\/\/univet.hu\/hu\/wp-json\/wp\/v2\/pages"}],"about":[{"href":"https:\/\/univet.hu\/hu\/wp-json\/wp\/v2\/types\/page"}],"author":[{"embeddable":true,"href":"https:\/\/univet.hu\/hu\/wp-json\/wp\/v2\/users\/3837"}],"replies":[{"embeddable":true,"href":"https:\/\/univet.hu\/hu\/wp-json\/wp\/v2\/comments?post=10355"}],"version-history":[{"count":0,"href":"https:\/\/univet.hu\/hu\/wp-json\/wp\/v2\/pages\/10355\/revisions"}],"up":[{"embeddable":true,"href":"https:\/\/univet.hu\/hu\/wp-json\/wp\/v2\/pages\/677"}],"wp:attachment":[{"href":"https:\/\/univet.hu\/hu\/wp-json\/wp\/v2\/media?parent=10355"}],"wp:term":[{"taxonomy":"category","embeddable":true,"href":"https:\/\/univet.hu\/hu\/wp-json\/wp\/v2\/categories?post=10355"},{"taxonomy":"post_tag","embeddable":true,"href":"https:\/\/univet.hu\/hu\/wp-json\/wp\/v2\/tags?post=10355"}],"curies":[{"name":"wp","href":"https:\/\/api.w.org\/{rel}","templated":true}]}}