{"id":10356,"date":"1970-01-01T00:00:00","date_gmt":"1969-12-31T23:00:00","guid":{"rendered":"http:\/\/univet.hu\/oktatas\/kurzusok\/a-human-taplalkozas-kerdesei\/"},"modified":"2022-08-02T11:55:37","modified_gmt":"2022-08-02T09:55:37","slug":"a-human-taplalkozas-kerdesei","status":"publish","type":"page","link":"https:\/\/univet.hu\/hu\/oktatas\/kurzusok\/a-human-taplalkozas-kerdesei\/","title":{"rendered":"A hum\u00e1n t\u00e1pl\u00e1lkoz\u00e1s  k\u00e9rd\u00e9sei"},"content":{"rendered":"<p>Aj\u00e1nlott id\u0151beli helye a k\u00e9pz\u00e9sben: 5-7. f\u00e9l\u00e9v<br \/> Sz\u00fcks\u00e9ges el\u0151tanulm\u00e1ny: Takarm\u00e1nyoz\u00e1stan I. al\u00e1\u00edr\u00e1s, biol\u00f3gusoknak \u00e9lettan-biok\u00e9mia szigorlat<\/p> <p>Felel\u0151s tan\u00e1r: Dr. Fekete S\u00e1ndor professor emeritus<br \/> HELYSZ\u00cdN: \u00c1llatteny\u00e9szt\u00e9si tanterem<br \/> MINIMUM L\u00c9TSZ\u00c1M: 30 f\u0151<\/p> <p>JELENTKEZ\u00c9S:<\/p> <p>-e-mailen:<br \/> <a class=\"decrypt\" rel=\"Gflfuf\/TboepsAvojwfu\/iv\" href=\"javascript:void(0);\">[Kattintson az emailc\u00edmhez]<\/a><br \/> <a class=\"decrypt\" rel=\"Tfozj\/Lsjt{ujobAvojwfu\/iv\" href=\"javascript:void(0);\">[Kattintson az emailc\u00edmhez]<\/a><\/p> <p>&nbsp;<\/p>","protected":false},"excerpt":{"rendered":"<p>Aj\u00e1nlott id\u0151beli helye a k\u00e9pz\u00e9sben: 5-7. f\u00e9l\u00e9v Sz\u00fcks\u00e9ges el\u0151tanulm\u00e1ny: Takarm\u00e1nyoz\u00e1stan I. al\u00e1\u00edr\u00e1s, biol\u00f3gusoknak \u00e9lettan-biok\u00e9mia szigorlat Felel\u0151s tan\u00e1r: Dr. Fekete S\u00e1ndor professor emeritus HELYSZ\u00cdN: \u00c1llatteny\u00e9szt\u00e9si tanterem MINIMUM L\u00c9TSZ\u00c1M: 30 f\u0151 JELENTKEZ\u00c9S: -e-mailen: [Kattintson az emailc\u00edmhez] [Kattintson az emailc\u00edmhez] &nbsp;<\/p>\n","protected":false},"author":3837,"featured_media":0,"parent":677,"menu_order":164,"comment_status":"closed","ping_status":"closed","template":"","meta":{"_acf_changed":false,"footnotes":""},"categories":[],"tags":[],"class_list":["post-10356","page","type-page","status-publish","hentry"],"acf":[],"_links":{"self":[{"href":"https:\/\/univet.hu\/hu\/wp-json\/wp\/v2\/pages\/10356","targetHints":{"allow":["GET"]}}],"collection":[{"href":"https:\/\/univet.hu\/hu\/wp-json\/wp\/v2\/pages"}],"about":[{"href":"https:\/\/univet.hu\/hu\/wp-json\/wp\/v2\/types\/page"}],"author":[{"embeddable":true,"href":"https:\/\/univet.hu\/hu\/wp-json\/wp\/v2\/users\/3837"}],"replies":[{"embeddable":true,"href":"https:\/\/univet.hu\/hu\/wp-json\/wp\/v2\/comments?post=10356"}],"version-history":[{"count":0,"href":"https:\/\/univet.hu\/hu\/wp-json\/wp\/v2\/pages\/10356\/revisions"}],"up":[{"embeddable":true,"href":"https:\/\/univet.hu\/hu\/wp-json\/wp\/v2\/pages\/677"}],"wp:attachment":[{"href":"https:\/\/univet.hu\/hu\/wp-json\/wp\/v2\/media?parent=10356"}],"wp:term":[{"taxonomy":"category","embeddable":true,"href":"https:\/\/univet.hu\/hu\/wp-json\/wp\/v2\/categories?post=10356"},{"taxonomy":"post_tag","embeddable":true,"href":"https:\/\/univet.hu\/hu\/wp-json\/wp\/v2\/tags?post=10356"}],"curies":[{"name":"wp","href":"https:\/\/api.w.org\/{rel}","templated":true}]}}