{"id":10360,"date":"1970-01-01T00:00:00","date_gmt":"1969-12-31T23:00:00","guid":{"rendered":"http:\/\/univet.hu\/oktatas\/kurzusok\/a-kutya-es-a-macska-borgyogyaszata\/"},"modified":"2018-09-07T15:35:24","modified_gmt":"2018-09-07T13:35:24","slug":"a-kutya-es-a-macska-borgyogyaszata","status":"publish","type":"page","link":"https:\/\/univet.hu\/hu\/oktatas\/kurzusok\/a-kutya-es-a-macska-borgyogyaszata\/","title":{"rendered":"A kutya \u00e9s a macska b\u0151rgy\u00f3gy\u00e1szata"},"content":{"rendered":"<p><strong>&nbsp;(D)I.2.2. Fakultat&iacute;v tant&aacute;rgyak:<\/strong><\/p> <p>(D)I.2.2. Fakultat&iacute;v tant&aacute;rgy:<\/p> <p>A tant&aacute;rgy oktat&aacute;s&aacute;nak helye, &oacute;rasz&aacute;ma, az ismeretek ellen\u0151rz&eacute;s&eacute;nek form&aacute;ja:<\/p> <table border=\"1\" cellpadding=\"0\" cellspacing=\"0\" style=\"width:571px\"> <tbody> <tr> <td style=\"height:66px; width:55px\"> <p><strong>F&eacute;l&eacute;v<\/strong><\/p> <\/td> <td style=\"height:66px; width:228px\"> <p><strong>T&eacute;mak&ouml;r<\/strong><\/p> <\/td> <td style=\"height:66px; width:108px\"> <p><strong>&Oacute;rasz&aacute;m<\/strong><\/p> <p>(el\u0151ad&aacute;s\/gyakorlat)<\/p> <\/td> <td style=\"height:66px; width:120px\"> <p><strong>Az &eacute;rt&eacute;kel&eacute;s m&oacute;dja<\/strong><\/p> <p>(gyakorlati jegy, vizsga, szigorlat)<\/p> <\/td> <td style=\"height:66px; width:60px\"> <p><strong>Kredit<\/strong><\/p> <\/td> <\/tr> <tr> <td style=\"width:55px\"> <p>10.<\/p> <\/td> <td style=\"width:228px\"> <p>A kutya &eacute;s a macska b\u0151rgy&oacute;gy&aacute;szata<\/p> <\/td> <td style=\"width:108px\"> <p>20\/0<\/p> <\/td> <td style=\"width:120px\"> <p>vizsga<\/p> <\/td> <td style=\"width:60px\"> <p>2<\/p> <\/td> <\/tr> <\/tbody> <\/table> <p>&nbsp;<\/p> <p>A tant&aacute;rgy oktat&aacute;s&aacute;nak r&ouml;vid, c&iacute;mszavas tematik&aacute;ja (tant&aacute;rgyank&eacute;nt maximum 10 sor)<\/p> <p>A b\u0151rgy&oacute;gy&aacute;szati k&oacute;rel\u0151zm&eacute;ny, fizik&aacute;lis vizsg&aacute;lat &eacute;s klinikai-, laborat&oacute;riumi kieg&eacute;sz&iacute;t\u0151 vizsg&aacute;latok. B\u0151rgy&oacute;gy&aacute;szati citol&oacute;gia &eacute;s sz&ouml;vettan. Gennyes b\u0151rgyullad&aacute;sok. Gomb&aacute;s b\u0151rbetegs&eacute;gek. Parazit&aacute;s b\u0151rbetegs&eacute;gek. Allergodermatitisek differenci&aacute;l-diagnosztik&aacute;ja. Macsk&aacute;k mili&aacute;ris dermatitis&eacute;nek differenci&aacute;l-diagnosztik&aacute;ja &eacute;s az eosinophil granuloma komplex. Endocrinodermatopathi&aacute;k. Ritka b\u0151rbetegs&eacute;gek. Fiatalkori b\u0151rbetegs&eacute;gek. B\u0151rdaganatok. Autoimmun b\u0151rbetegs&eacute;gek. A b\u0151rgy&oacute;gy&aacute;szati ter&aacute;pia alapelvei.<\/p> <p>&nbsp;<\/p> <p>A tananyag elsaj&aacute;t&iacute;t&aacute;s&aacute;hoz aj&aacute;nlott irodalom:<\/p> <p><a href=\"http:\/\/www.blackwellpublishing.com\/VDE\" data-replaced=\"true\" target=\"_parent\">http:\/\/www.blackwellpublishing.com\/VDE<\/a><\/p> <p>Veterinary Dermatology<\/p> <p>Scott, Miller Griffin: Muller &amp; Kirk&rsquo;s Small Animal Dermatology (6th edition, 2001, Saunders)<\/p> <p>Gross, Ihrke, Walder, Affolter: Skin diseases of the dog and cat (2nd edition, 2005, Blackwell)<\/p> <p>Feldman and Nelson: Canine and Feline Endocrinology and Reproduction (3 rd edition, 2004, Saunders)<\/p> <p>Noli, Scarampella: Praktische Dermatologie bei Hund und Katze (2004, Schl&uuml;tersche Verlagsge.)<\/p> <p>Harvey and McKeever: A Colour Handbook of Skin Diseases of the Dog and Cat (2nd edition, 2003, Manson)<\/p> <p>Grant: Skin diseases in the Dog and Cat (2nd 1991, Blackwell)<\/p> <p>Carlotti: Clinical Handbook on Canine Dermatology (Virbac, 2004)<\/p> <p>Gaugu&eacute;re and Pr&eacute;laud: A Practical Guide to Feline Dermatology (Merial, 1999)<\/p> <p>&nbsp;<\/p>","protected":false},"excerpt":{"rendered":"<p>&nbsp;(D)I.2.2. Fakultat&iacute;v tant&aacute;rgyak: (D)I.2.2. Fakultat&iacute;v tant&aacute;rgy: A tant&aacute;rgy oktat&aacute;s&aacute;nak helye, &oacute;rasz&aacute;ma, az ismeretek ellen\u0151rz&eacute;s&eacute;nek form&aacute;ja: F&eacute;l&eacute;v T&eacute;mak&ouml;r &Oacute;rasz&aacute;m (el\u0151ad&aacute;s\/gyakorlat) Az &eacute;rt&eacute;kel&eacute;s m&oacute;dja (gyakorlati jegy, vizsga, szigorlat) Kredit 10. A kutya &eacute;s a macska b\u0151rgy&oacute;gy&aacute;szata 20\/0 vizsga 2 &nbsp; A tant&aacute;rgy oktat&aacute;s&aacute;nak r&ouml;vid, c&iacute;mszavas tematik&aacute;ja (tant&aacute;rgyank&eacute;nt maximum 10 sor) A b\u0151rgy&oacute;gy&aacute;szati k&oacute;rel\u0151zm&eacute;ny, fizik&aacute;lis vizsg&aacute;lat &eacute;s klinikai-,<\/p>\n","protected":false},"author":3837,"featured_media":0,"parent":677,"menu_order":164,"comment_status":"closed","ping_status":"closed","template":"","meta":{"_acf_changed":false,"footnotes":""},"categories":[],"tags":[],"class_list":["post-10360","page","type-page","status-publish","hentry"],"acf":[],"_links":{"self":[{"href":"https:\/\/univet.hu\/hu\/wp-json\/wp\/v2\/pages\/10360","targetHints":{"allow":["GET"]}}],"collection":[{"href":"https:\/\/univet.hu\/hu\/wp-json\/wp\/v2\/pages"}],"about":[{"href":"https:\/\/univet.hu\/hu\/wp-json\/wp\/v2\/types\/page"}],"author":[{"embeddable":true,"href":"https:\/\/univet.hu\/hu\/wp-json\/wp\/v2\/users\/3837"}],"replies":[{"embeddable":true,"href":"https:\/\/univet.hu\/hu\/wp-json\/wp\/v2\/comments?post=10360"}],"version-history":[{"count":0,"href":"https:\/\/univet.hu\/hu\/wp-json\/wp\/v2\/pages\/10360\/revisions"}],"up":[{"embeddable":true,"href":"https:\/\/univet.hu\/hu\/wp-json\/wp\/v2\/pages\/677"}],"wp:attachment":[{"href":"https:\/\/univet.hu\/hu\/wp-json\/wp\/v2\/media?parent=10360"}],"wp:term":[{"taxonomy":"category","embeddable":true,"href":"https:\/\/univet.hu\/hu\/wp-json\/wp\/v2\/categories?post=10360"},{"taxonomy":"post_tag","embeddable":true,"href":"https:\/\/univet.hu\/hu\/wp-json\/wp\/v2\/tags?post=10360"}],"curies":[{"name":"wp","href":"https:\/\/api.w.org\/{rel}","templated":true}]}}