{"id":10362,"date":"1970-01-01T00:00:00","date_gmt":"1969-12-31T23:00:00","guid":{"rendered":"http:\/\/univet.hu\/oktatas\/kurzusok\/a-magyar-allatorvos-kepzes-tortenete\/"},"modified":"2018-09-07T15:35:25","modified_gmt":"2018-09-07T13:35:25","slug":"a-magyar-allatorvos-kepzes-tortenete","status":"publish","type":"page","link":"https:\/\/univet.hu\/hu\/oktatas\/kurzusok\/a-magyar-allatorvos-kepzes-tortenete\/","title":{"rendered":"A magyar \u00e1llatorvos-k\u00e9pz\u00e9s t\u00f6rt\u00e9nete"},"content":{"rendered":"<p>A magyar &aacute;llatorvos-k&eacute;pz&eacute;s bemutat&aacute;sa 1787-t\u0151l napjaink. Az int&eacute;zm&eacute;ny fejl\u0151d&eacute;s&eacute;nek egyes st&aacute;diumai, az egyes tansz&eacute;kek t&ouml;rt&eacute;net&eacute;nek legfontosabb &aacute;llom&aacute;sai.<\/p> <p>&nbsp;<\/p>","protected":false},"excerpt":{"rendered":"<p>A magyar &aacute;llatorvos-k&eacute;pz&eacute;s bemutat&aacute;sa 1787-t\u0151l napjaink. Az int&eacute;zm&eacute;ny fejl\u0151d&eacute;s&eacute;nek egyes st&aacute;diumai, az egyes tansz&eacute;kek t&ouml;rt&eacute;net&eacute;nek legfontosabb &aacute;llom&aacute;sai. &nbsp;<\/p>\n","protected":false},"author":3837,"featured_media":0,"parent":677,"menu_order":164,"comment_status":"closed","ping_status":"closed","template":"","meta":{"_acf_changed":false,"footnotes":""},"categories":[],"tags":[],"class_list":["post-10362","page","type-page","status-publish","hentry"],"acf":[],"_links":{"self":[{"href":"https:\/\/univet.hu\/hu\/wp-json\/wp\/v2\/pages\/10362","targetHints":{"allow":["GET"]}}],"collection":[{"href":"https:\/\/univet.hu\/hu\/wp-json\/wp\/v2\/pages"}],"about":[{"href":"https:\/\/univet.hu\/hu\/wp-json\/wp\/v2\/types\/page"}],"author":[{"embeddable":true,"href":"https:\/\/univet.hu\/hu\/wp-json\/wp\/v2\/users\/3837"}],"replies":[{"embeddable":true,"href":"https:\/\/univet.hu\/hu\/wp-json\/wp\/v2\/comments?post=10362"}],"version-history":[{"count":0,"href":"https:\/\/univet.hu\/hu\/wp-json\/wp\/v2\/pages\/10362\/revisions"}],"up":[{"embeddable":true,"href":"https:\/\/univet.hu\/hu\/wp-json\/wp\/v2\/pages\/677"}],"wp:attachment":[{"href":"https:\/\/univet.hu\/hu\/wp-json\/wp\/v2\/media?parent=10362"}],"wp:term":[{"taxonomy":"category","embeddable":true,"href":"https:\/\/univet.hu\/hu\/wp-json\/wp\/v2\/categories?post=10362"},{"taxonomy":"post_tag","embeddable":true,"href":"https:\/\/univet.hu\/hu\/wp-json\/wp\/v2\/tags?post=10362"}],"curies":[{"name":"wp","href":"https:\/\/api.w.org\/{rel}","templated":true}]}}