{"id":10365,"date":"1970-01-01T00:00:00","date_gmt":"1969-12-31T23:00:00","guid":{"rendered":"http:\/\/univet.hu\/oktatas\/kurzusok\/a-sejt-molekularis-biologiaja\/"},"modified":"2018-09-07T15:35:27","modified_gmt":"2018-09-07T13:35:27","slug":"a-sejt-molekularis-biologiaja","status":"publish","type":"page","link":"https:\/\/univet.hu\/hu\/oktatas\/kurzusok\/a-sejt-molekularis-biologiaja\/","title":{"rendered":"A sejt molekul\u00e1ris biol\u00f3gi\u00e1ja"},"content":{"rendered":"<p>T&eacute;mak&ouml;r&ouml;k:<br \/> A sejtbiol&oacute;gia t&aacute;rgya &eacute;s m&oacute;dszerei, k&uuml;l&ouml;n&ouml;s tekintettel a sejtteny&eacute;szt&eacute;sre.<br \/> A sejtek genetikai &aacute;llom&aacute;nya &eacute;s annak expresszi&oacute;ja. A genetikai anyag szervez\u0151d&eacute;s&eacute;nek &eacute;s kifejez\u0151d&eacute;s&eacute;nek ismertet&eacute;s&eacute;n k&iacute;v&uuml;l ennek a t&eacute;mak&ouml;rnek a keret&eacute;n bel&uuml;l megt&aacute;rgyaljuk a genomika, a proteomika, metabolomika legfontosabb m\u0151dszereit &eacute;s eredm&eacute;nyeit, felv&aacute;zolva ezek jelent\u0151s&eacute;g&eacute;t a modern biol&oacute;gi&aacute;ban.<br \/> A sejtek bels\u0151 szervez\u0151d&eacute;se. Megvizsg&aacute;ljuk a sejtorganellumok strukt&uacute;r&aacute;j&aacute;t &eacute;s funkci&oacute;jukat, valamint &ouml;sszerendez\u0151d&eacute;s&uuml;ket &eacute;s egym&aacute;s k&ouml;z&ouml;tti kapcsolataikat.<br \/> A sejtek kapcsolata k&ouml;rnyezet&uuml;kkel. A t&ouml;bbsejt\u0171 organizmusok filogenezise &eacute;s ontogenezise szempontj&aacute;b&oacute;l l&eacute;tfontoss&aacute;g&uacute; k&ouml;lcs&ouml;nhat&aacute;sok k&ouml;z&uuml;l a k&ouml;vetkez\u0151eket fogjuk r&eacute;szletesen megt&aacute;rgyalni. A sejtek egym&aacute;shoz, valamint az extracellul&aacute;ris m&aacute;trixhoz val&oacute; fizikai kapcsol&oacute;d&aacute;s&aacute;nak m&oacute;djai &eacute;s ezen kapcsol&oacute;d&aacute;soknak a sejtek m\u0171k&ouml;d&eacute;s&eacute;re gyakorolt hat&aacute;sai. Kis molekulat&ouml;meg\u0171 anyagok (pl. ionok, h&iacute;rviv\u0151k) bejut&aacute;sa a sejtekbe &eacute;s ezen folyamatok jelent\u0151s&eacute;ge.<br \/> A sejtek homeoszt&aacute;zisa.<br \/> A m&aacute;s tant&aacute;rgyak keretein bel&uuml;l r&eacute;szletesen ismertetett sejtoszt&oacute;d&aacute;s ellenp&aacute;rjak&eacute;nt lej&aacute;tsz&oacute;d&oacute; sejthal&aacute;l m&oacute;djait &eacute;s e folyamatoknak a sz&ouml;veti homeoszt&aacute;zisban j&aacute;tszott szerep&eacute;nek ismertet&eacute;s&eacute;vel z&aacute;rjuk tant&aacute;rgyunkat.<\/p> <p>K&ouml;telez\u0151 &eacute;s aj&aacute;nlott irodalom:<br \/> A tant&aacute;rgyfelel\u0151s &aacute;ltal Microsoft Powerpoint form&aacute;ban &ouml;ssze&aacute;ll&iacute;tott sz&aacute;m&iacute;t&oacute;g&eacute;pes seg&eacute;danyag, amely f\u0151k&eacute;pp a k&ouml;vetkez\u0151 tank&ouml;nyveken alapul:<br \/> Alberts &eacute;s munkat&aacute;rsai: &quot;Molecular Biology of the Cell&quot; leg&uacute;jabb (jelenleg:<br \/> 4.) kiad&aacute;sa, Garland Publishing, 2002<br \/> Lodish &eacute;s mukat&aacute;rsai: &quot;Molecular Cell Biology&quot; leg&uacute;jabb ( jelenleg: 5.) kiad&aacute;sa, W. H. Freeman Publishers, 2003<\/p> <p>&nbsp;<\/p>","protected":false},"excerpt":{"rendered":"<p>T&eacute;mak&ouml;r&ouml;k: A sejtbiol&oacute;gia t&aacute;rgya &eacute;s m&oacute;dszerei, k&uuml;l&ouml;n&ouml;s tekintettel a sejtteny&eacute;szt&eacute;sre. A sejtek genetikai &aacute;llom&aacute;nya &eacute;s annak expresszi&oacute;ja. A genetikai anyag szervez\u0151d&eacute;s&eacute;nek &eacute;s kifejez\u0151d&eacute;s&eacute;nek ismertet&eacute;s&eacute;n k&iacute;v&uuml;l ennek a t&eacute;mak&ouml;rnek a keret&eacute;n bel&uuml;l megt&aacute;rgyaljuk a genomika, a proteomika, metabolomika legfontosabb m\u0151dszereit &eacute;s eredm&eacute;nyeit, felv&aacute;zolva ezek jelent\u0151s&eacute;g&eacute;t a modern biol&oacute;gi&aacute;ban. A sejtek bels\u0151 szervez\u0151d&eacute;se. Megvizsg&aacute;ljuk a sejtorganellumok strukt&uacute;r&aacute;j&aacute;t<\/p>\n","protected":false},"author":3837,"featured_media":0,"parent":677,"menu_order":164,"comment_status":"closed","ping_status":"closed","template":"","meta":{"_acf_changed":false,"footnotes":""},"categories":[],"tags":[],"class_list":["post-10365","page","type-page","status-publish","hentry"],"acf":[],"_links":{"self":[{"href":"https:\/\/univet.hu\/hu\/wp-json\/wp\/v2\/pages\/10365","targetHints":{"allow":["GET"]}}],"collection":[{"href":"https:\/\/univet.hu\/hu\/wp-json\/wp\/v2\/pages"}],"about":[{"href":"https:\/\/univet.hu\/hu\/wp-json\/wp\/v2\/types\/page"}],"author":[{"embeddable":true,"href":"https:\/\/univet.hu\/hu\/wp-json\/wp\/v2\/users\/3837"}],"replies":[{"embeddable":true,"href":"https:\/\/univet.hu\/hu\/wp-json\/wp\/v2\/comments?post=10365"}],"version-history":[{"count":0,"href":"https:\/\/univet.hu\/hu\/wp-json\/wp\/v2\/pages\/10365\/revisions"}],"up":[{"embeddable":true,"href":"https:\/\/univet.hu\/hu\/wp-json\/wp\/v2\/pages\/677"}],"wp:attachment":[{"href":"https:\/\/univet.hu\/hu\/wp-json\/wp\/v2\/media?parent=10365"}],"wp:term":[{"taxonomy":"category","embeddable":true,"href":"https:\/\/univet.hu\/hu\/wp-json\/wp\/v2\/categories?post=10365"},{"taxonomy":"post_tag","embeddable":true,"href":"https:\/\/univet.hu\/hu\/wp-json\/wp\/v2\/tags?post=10365"}],"curies":[{"name":"wp","href":"https:\/\/api.w.org\/{rel}","templated":true}]}}