{"id":10366,"date":"1970-01-01T00:00:00","date_gmt":"1969-12-31T23:00:00","guid":{"rendered":"http:\/\/univet.hu\/oktatas\/kurzusok\/a-sejtek-elettana\/"},"modified":"2025-06-12T09:44:26","modified_gmt":"2025-06-12T07:44:26","slug":"a-sejtek-elettana","status":"publish","type":"page","link":"https:\/\/univet.hu\/hu\/oktatas\/kurzusok\/a-sejtek-elettana\/","title":{"rendered":"A sejtek \u00e9lettana"},"content":{"rendered":"<div class=\"table-responsive\"> <table class=\"table table-striped\" style=\"height: 468px\"> <tbody> <tr style=\"height: 24px\"> <td style=\"height: 24px;width: 142.433px\"><strong>El\u0151tanulm\u00e1nyok:<\/strong><\/td> <td style=\"height: 24px;width: 550.067px\">\u00e9lettan kollokvium<\/td> <\/tr> <tr style=\"height: 24px\"> <td style=\"height: 24px;width: 142.433px\"><strong>Nyelv<\/strong><\/td> <td style=\"height: 24px;width: 550.067px\">a tananyag angol nyelv\u0171, a vizsga magyarul van<\/td> <\/tr> <tr style=\"height: 24px\"> <td style=\"height: 24px;width: 142.433px\"><strong>El\u0151ad\u00f3:<\/strong><\/td> <td style=\"height: 24px;width: 550.067px\">Dr. Bartha Tibor egyetemi tan\u00e1r<\/td> <\/tr> <tr style=\"height: 276px\"> <td style=\"height: 276px;width: 142.433px\"><strong>Tematika:<\/strong><\/td> <td style=\"height: 276px;width: 550.067px\"> <ul> <li>Vizsg\u00e1l\u00f3m\u00f3dszerek<\/li> <li>Plazmamembr\u00e1n<\/li> <li>Sejtoszt\u00f3d\u00e1s<\/li> <li>Energia\u00e1talak\u00edt\u00e1s<\/li> <li>A sejten bel\u00fcli terek \u00e9lettani jelent\u0151s\u00e9ge<\/li> <li>A citoszkeleton \u00e9s jelent\u0151s\u00e9ge az egyes \u00e9letciklusokban \u00e9s sejtt\u00edpusokban<\/li> <li>Sejtek k\u00f6z\u00f6tti jelz\u0151rendszerek<\/li> <li>Az extracellul\u00e1ris m\u00e1trix<\/li> <li>Sejtkapcsolat<\/li> <li>A folyamatos sz\u00f6vetrendszer fenntart\u00e1sa<\/li> <\/ul> <\/td> <\/tr> <tr style=\"height: 24px\"> <td style=\"height: 24px;width: 142.433px\"><strong>Sz\u00e1monk\u00e9r\u00e9s:<\/strong><\/td> <td style=\"height: 24px;width: 550.067px\">besz\u00e1mol\u00f3 (magyar nyelven)<\/td> <\/tr> <tr style=\"height: 24px\"> <td style=\"height: 24px;width: 142.433px\"><strong>Oszt\u00e1lyz\u00e1s:<\/strong><\/td> <td style=\"height: 24px;width: 550.067px\">\u00f6tfokozat\u00fa \u00e9rt\u00e9kel\u00e9s (jegy)<\/td> <\/tr> <\/tbody> <\/table> <\/div> <p>&nbsp;<\/p> <p><span class=\"VIiyi\" lang=\"hu\"><span class=\"JLqJ4b ChMk0b\" data-language-for-alternatives=\"hu\" data-language-to-translate-into=\"en\" data-phrase-index=\"0\">A tananyag a kurzus e-learning oldal\u00e1n (elearning.univet.hu) \u00e9rhet\u0151 el.<\/span><\/span><\/p>","protected":false},"excerpt":{"rendered":"<p>El\u0151tanulm\u00e1nyok: \u00e9lettan kollokvium Nyelv a tananyag angol nyelv\u0171, a vizsga magyarul van El\u0151ad\u00f3: Dr. Bartha Tibor egyetemi tan\u00e1r Tematika: Vizsg\u00e1l\u00f3m\u00f3dszerek Plazmamembr\u00e1n Sejtoszt\u00f3d\u00e1s Energia\u00e1talak\u00edt\u00e1s A sejten bel\u00fcli terek \u00e9lettani jelent\u0151s\u00e9ge A citoszkeleton \u00e9s jelent\u0151s\u00e9ge az egyes \u00e9letciklusokban \u00e9s sejtt\u00edpusokban Sejtek k\u00f6z\u00f6tti jelz\u0151rendszerek Az extracellul\u00e1ris m\u00e1trix Sejtkapcsolat A folyamatos sz\u00f6vetrendszer fenntart\u00e1sa Sz\u00e1monk\u00e9r\u00e9s: besz\u00e1mol\u00f3 (magyar nyelven) Oszt\u00e1lyz\u00e1s: \u00f6tfokozat\u00fa<\/p>\n","protected":false},"author":3837,"featured_media":0,"parent":677,"menu_order":164,"comment_status":"closed","ping_status":"closed","template":"","meta":{"_acf_changed":false,"footnotes":""},"categories":[],"tags":[],"class_list":["post-10366","page","type-page","status-publish","hentry"],"acf":[],"_links":{"self":[{"href":"https:\/\/univet.hu\/hu\/wp-json\/wp\/v2\/pages\/10366","targetHints":{"allow":["GET"]}}],"collection":[{"href":"https:\/\/univet.hu\/hu\/wp-json\/wp\/v2\/pages"}],"about":[{"href":"https:\/\/univet.hu\/hu\/wp-json\/wp\/v2\/types\/page"}],"author":[{"embeddable":true,"href":"https:\/\/univet.hu\/hu\/wp-json\/wp\/v2\/users\/3837"}],"replies":[{"embeddable":true,"href":"https:\/\/univet.hu\/hu\/wp-json\/wp\/v2\/comments?post=10366"}],"version-history":[{"count":1,"href":"https:\/\/univet.hu\/hu\/wp-json\/wp\/v2\/pages\/10366\/revisions"}],"predecessor-version":[{"id":185707,"href":"https:\/\/univet.hu\/hu\/wp-json\/wp\/v2\/pages\/10366\/revisions\/185707"}],"up":[{"embeddable":true,"href":"https:\/\/univet.hu\/hu\/wp-json\/wp\/v2\/pages\/677"}],"wp:attachment":[{"href":"https:\/\/univet.hu\/hu\/wp-json\/wp\/v2\/media?parent=10366"}],"wp:term":[{"taxonomy":"category","embeddable":true,"href":"https:\/\/univet.hu\/hu\/wp-json\/wp\/v2\/categories?post=10366"},{"taxonomy":"post_tag","embeddable":true,"href":"https:\/\/univet.hu\/hu\/wp-json\/wp\/v2\/tags?post=10366"}],"curies":[{"name":"wp","href":"https:\/\/api.w.org\/{rel}","templated":true}]}}