{"id":10368,"date":"1970-01-01T00:00:00","date_gmt":"1969-12-31T23:00:00","guid":{"rendered":"http:\/\/univet.hu\/oktatas\/kurzusok\/a-szervek-fejlodestana-organogenesis\/"},"modified":"2019-09-05T13:24:05","modified_gmt":"2019-09-05T11:24:05","slug":"a-szervek-fejlodestana-organogenesis","status":"publish","type":"page","link":"https:\/\/univet.hu\/hu\/oktatas\/kurzusok\/a-szervek-fejlodestana-organogenesis\/","title":{"rendered":"A szervek fejl\u0151d\u00e9stana, organogenesis"},"content":{"rendered":"<p>Az egyes szervek, szervrendszerek embrion\u00e1lis kialakul\u00e1s\u00e1nak ismertet\u00e9se.<\/p> <p>Az &#8222;Szervek fejl\u0151d\u00e9stana&#8221; (&#8222;Organogenesis&#8221;) fakultat\u00edv tant\u00e1rgy, a tavaszi szemeszter sor\u00e1n ker\u00fcl meghirdet\u00e9sre, &#8222;vizsgakurzus&#8221; felv\u00e9tel\u00e9re nincs lehet\u0151s\u00e9g.<br \/> A szorgalmi id\u0151szak sor\u00e1n se k\u00f6telez\u0151, se fakultat\u00edv jelleg\u0171 besz\u00e1mol\u00f3k a tant\u00e1rgyb\u00f3l nincsenek.<\/p> <p><!--  --><\/p>","protected":false},"excerpt":{"rendered":"<p>Az egyes szervek, szervrendszerek embrion\u00e1lis kialakul\u00e1s\u00e1nak ismertet\u00e9se. Az &#8222;Szervek fejl\u0151d\u00e9stana&#8221; (&#8222;Organogenesis&#8221;) fakultat\u00edv tant\u00e1rgy, a tavaszi szemeszter sor\u00e1n ker\u00fcl meghirdet\u00e9sre, &#8222;vizsgakurzus&#8221; felv\u00e9tel\u00e9re nincs lehet\u0151s\u00e9g. A szorgalmi id\u0151szak sor\u00e1n se k\u00f6telez\u0151, se fakultat\u00edv jelleg\u0171 besz\u00e1mol\u00f3k a tant\u00e1rgyb\u00f3l nincsenek.<\/p>\n","protected":false},"author":3837,"featured_media":0,"parent":677,"menu_order":164,"comment_status":"closed","ping_status":"closed","template":"","meta":{"_acf_changed":false,"footnotes":""},"categories":[],"tags":[],"class_list":["post-10368","page","type-page","status-publish","hentry"],"acf":[],"_links":{"self":[{"href":"https:\/\/univet.hu\/hu\/wp-json\/wp\/v2\/pages\/10368","targetHints":{"allow":["GET"]}}],"collection":[{"href":"https:\/\/univet.hu\/hu\/wp-json\/wp\/v2\/pages"}],"about":[{"href":"https:\/\/univet.hu\/hu\/wp-json\/wp\/v2\/types\/page"}],"author":[{"embeddable":true,"href":"https:\/\/univet.hu\/hu\/wp-json\/wp\/v2\/users\/3837"}],"replies":[{"embeddable":true,"href":"https:\/\/univet.hu\/hu\/wp-json\/wp\/v2\/comments?post=10368"}],"version-history":[{"count":0,"href":"https:\/\/univet.hu\/hu\/wp-json\/wp\/v2\/pages\/10368\/revisions"}],"up":[{"embeddable":true,"href":"https:\/\/univet.hu\/hu\/wp-json\/wp\/v2\/pages\/677"}],"wp:attachment":[{"href":"https:\/\/univet.hu\/hu\/wp-json\/wp\/v2\/media?parent=10368"}],"wp:term":[{"taxonomy":"category","embeddable":true,"href":"https:\/\/univet.hu\/hu\/wp-json\/wp\/v2\/categories?post=10368"},{"taxonomy":"post_tag","embeddable":true,"href":"https:\/\/univet.hu\/hu\/wp-json\/wp\/v2\/tags?post=10368"}],"curies":[{"name":"wp","href":"https:\/\/api.w.org\/{rel}","templated":true}]}}