{"id":10369,"date":"1970-01-01T00:00:00","date_gmt":"1969-12-31T23:00:00","guid":{"rendered":"http:\/\/univet.hu\/oktatas\/kurzusok\/a-tarsallatok-dietetikaja\/"},"modified":"2022-07-29T11:18:50","modified_gmt":"2022-07-29T09:18:50","slug":"a-tarsallatok-dietetikaja","status":"publish","type":"page","link":"https:\/\/univet.hu\/hu\/oktatas\/kurzusok\/a-tarsallatok-dietetikaja\/","title":{"rendered":"A t\u00e1rs\u00e1llatok dietetik\u00e1ja"},"content":{"rendered":"<p>Aj\u00e1nlott id\u0151beli helye a k\u00e9pz\u00e9sben: 8. szemesztert\u0151l<br \/> Sz\u00fcks\u00e9ges el\u0151tanulm\u00e1nyok: Takarm\u00e1nyoz\u00e1stan I. \u00e9s II.<\/p> <p>EL\u0150AD\u00d3: Dr. Fekete S\u00e1ndor Gy\u00f6rgy professor emeritus<\/p> <p>HELYSZ\u00cdN: \u00c1llatteny\u00e9szt\u00e9si tanterem<br \/> MINIMUM L\u00c9TSZ\u00c1M: 30 f\u0151<\/p> <p>JELENTKEZ\u00c9S:<br \/> &#8211; e-mailen: <a class=\"decrypt\" rel=\"Gflfuf\/TboepsAvojwfu\/iv\" href=\"javascript:void(0);\">[Kattintson az emailc\u00edmhez]<\/a> vagy <a class=\"decrypt\" rel=\"Tfozj\/Lsjt{ujobAvojwfu\/iv\" href=\"javascript:void(0);\">[Kattintson az emailc\u00edmhez]<\/a><br \/> &#8211; a helysz\u00ednen<\/p> <p>Biol\u00f3gusoknak a jelentkez\u00e9s nem lehets\u00e9ges!<br \/> K\u00e9rj\u00fck a Neptunon val\u00f3 regisztr\u00e1l\u00e1st is!<\/p> <p>MEGJEGYZ\u00c9S: AZOK A HALLGAT\u00d3K IS J\u00d6JJENEK EL, AKIKNEK AZ ID\u0150PONT NEM ALKALMAS A J\u00d6V\u0150BEN, MERT MEGBESZ\u00c9LJ\u00dcK.<\/p>","protected":false},"excerpt":{"rendered":"<p>Aj\u00e1nlott id\u0151beli helye a k\u00e9pz\u00e9sben: 8. szemesztert\u0151l Sz\u00fcks\u00e9ges el\u0151tanulm\u00e1nyok: Takarm\u00e1nyoz\u00e1stan I. \u00e9s II. EL\u0150AD\u00d3: Dr. Fekete S\u00e1ndor Gy\u00f6rgy professor emeritus HELYSZ\u00cdN: \u00c1llatteny\u00e9szt\u00e9si tanterem MINIMUM L\u00c9TSZ\u00c1M: 30 f\u0151 JELENTKEZ\u00c9S: &#8211; e-mailen: [Kattintson az emailc\u00edmhez] vagy [Kattintson az emailc\u00edmhez] &#8211; a helysz\u00ednen Biol\u00f3gusoknak a jelentkez\u00e9s nem lehets\u00e9ges! K\u00e9rj\u00fck a Neptunon val\u00f3 regisztr\u00e1l\u00e1st is! MEGJEGYZ\u00c9S: AZOK A HALLGAT\u00d3K<\/p>\n","protected":false},"author":3837,"featured_media":0,"parent":677,"menu_order":164,"comment_status":"closed","ping_status":"closed","template":"","meta":{"_acf_changed":false,"footnotes":""},"categories":[],"tags":[],"class_list":["post-10369","page","type-page","status-publish","hentry"],"acf":[],"_links":{"self":[{"href":"https:\/\/univet.hu\/hu\/wp-json\/wp\/v2\/pages\/10369","targetHints":{"allow":["GET"]}}],"collection":[{"href":"https:\/\/univet.hu\/hu\/wp-json\/wp\/v2\/pages"}],"about":[{"href":"https:\/\/univet.hu\/hu\/wp-json\/wp\/v2\/types\/page"}],"author":[{"embeddable":true,"href":"https:\/\/univet.hu\/hu\/wp-json\/wp\/v2\/users\/3837"}],"replies":[{"embeddable":true,"href":"https:\/\/univet.hu\/hu\/wp-json\/wp\/v2\/comments?post=10369"}],"version-history":[{"count":0,"href":"https:\/\/univet.hu\/hu\/wp-json\/wp\/v2\/pages\/10369\/revisions"}],"up":[{"embeddable":true,"href":"https:\/\/univet.hu\/hu\/wp-json\/wp\/v2\/pages\/677"}],"wp:attachment":[{"href":"https:\/\/univet.hu\/hu\/wp-json\/wp\/v2\/media?parent=10369"}],"wp:term":[{"taxonomy":"category","embeddable":true,"href":"https:\/\/univet.hu\/hu\/wp-json\/wp\/v2\/categories?post=10369"},{"taxonomy":"post_tag","embeddable":true,"href":"https:\/\/univet.hu\/hu\/wp-json\/wp\/v2\/tags?post=10369"}],"curies":[{"name":"wp","href":"https:\/\/api.w.org\/{rel}","templated":true}]}}