{"id":10370,"date":"1970-01-01T00:00:00","date_gmt":"1969-12-31T23:00:00","guid":{"rendered":"http:\/\/univet.hu\/oktatas\/kurzusok\/a-tudomanyos-kozles-alapjai\/"},"modified":"2024-01-11T15:47:23","modified_gmt":"2024-01-11T14:47:23","slug":"a-tudomanyos-kozles-alapjai","status":"publish","type":"page","link":"https:\/\/univet.hu\/hu\/oktatas\/kurzusok\/a-tudomanyos-kozles-alapjai\/","title":{"rendered":"A tudom\u00e1nyos k\u00f6zl\u00e9s alapjai"},"content":{"rendered":"<p><strong>A tant\u00e1rgy \u00e1ltal\u00e1nos c\u00e9lja:<\/strong><\/p> <p>A szakdolgozat\u00edr\u00e1s \u00e9s a k\u00e9s\u0151bbi tudom\u00e1nyos publik\u00e1l\u00e1s el\u0151seg\u00edt\u00e9se. Ennek \u00e9rdek\u00e9ben<br \/> &#8211; az irodalomkutat\u00e1s m\u00f3dszereinek, az inform\u00e1ci\u00f3forr\u00e1sok haszn\u00e1lat\u00e1nak elsaj\u00e1t\u00edt\u00e1sa;<br \/> &#8211; a tudom\u00e1nyos publik\u00e1ci\u00f3k vil\u00e1g\u00e1nak megismer\u00e9se (m\u0171fajok, szok\u00e1sos szerkezet, etikai k\u00e9rd\u00e9sek, hivatkoz\u00e1sok) megismer\u00e9se;<br \/> &#8211; a szakirodalmi \u00e9s egy\u00e9b inform\u00e1ci\u00f3 \u00e9rt\u00e9kel\u00e9s\u00e9re \u00e9s kezel\u00e9s\u00e9re t\u00f6rt\u00e9n\u0151 felk\u00e9sz\u00edt\u00e9s.<\/p> <p>Az angol szaknyelv ismerete sz\u00fcks\u00e9ges a tanfolyam elv\u00e9gz\u00e9s\u00e9hez. A tematika a hallgat\u00f3k el\u0151ismeretei alapj\u00e1n m\u00f3dosulhat!<\/p>","protected":false},"excerpt":{"rendered":"<p>A tant\u00e1rgy \u00e1ltal\u00e1nos c\u00e9lja: A szakdolgozat\u00edr\u00e1s \u00e9s a k\u00e9s\u0151bbi tudom\u00e1nyos publik\u00e1l\u00e1s el\u0151seg\u00edt\u00e9se. Ennek \u00e9rdek\u00e9ben &#8211; az irodalomkutat\u00e1s m\u00f3dszereinek, az inform\u00e1ci\u00f3forr\u00e1sok haszn\u00e1lat\u00e1nak elsaj\u00e1t\u00edt\u00e1sa; &#8211; a tudom\u00e1nyos publik\u00e1ci\u00f3k vil\u00e1g\u00e1nak megismer\u00e9se (m\u0171fajok, szok\u00e1sos szerkezet, etikai k\u00e9rd\u00e9sek, hivatkoz\u00e1sok) megismer\u00e9se; &#8211; a szakirodalmi \u00e9s egy\u00e9b inform\u00e1ci\u00f3 \u00e9rt\u00e9kel\u00e9s\u00e9re \u00e9s kezel\u00e9s\u00e9re t\u00f6rt\u00e9n\u0151 felk\u00e9sz\u00edt\u00e9s. Az angol szaknyelv ismerete sz\u00fcks\u00e9ges a tanfolyam elv\u00e9gz\u00e9s\u00e9hez. A<\/p>\n","protected":false},"author":3837,"featured_media":0,"parent":677,"menu_order":164,"comment_status":"closed","ping_status":"closed","template":"","meta":{"_acf_changed":false,"footnotes":""},"categories":[],"tags":[],"class_list":["post-10370","page","type-page","status-publish","hentry"],"acf":[],"_links":{"self":[{"href":"https:\/\/univet.hu\/hu\/wp-json\/wp\/v2\/pages\/10370","targetHints":{"allow":["GET"]}}],"collection":[{"href":"https:\/\/univet.hu\/hu\/wp-json\/wp\/v2\/pages"}],"about":[{"href":"https:\/\/univet.hu\/hu\/wp-json\/wp\/v2\/types\/page"}],"author":[{"embeddable":true,"href":"https:\/\/univet.hu\/hu\/wp-json\/wp\/v2\/users\/3837"}],"replies":[{"embeddable":true,"href":"https:\/\/univet.hu\/hu\/wp-json\/wp\/v2\/comments?post=10370"}],"version-history":[{"count":0,"href":"https:\/\/univet.hu\/hu\/wp-json\/wp\/v2\/pages\/10370\/revisions"}],"up":[{"embeddable":true,"href":"https:\/\/univet.hu\/hu\/wp-json\/wp\/v2\/pages\/677"}],"wp:attachment":[{"href":"https:\/\/univet.hu\/hu\/wp-json\/wp\/v2\/media?parent=10370"}],"wp:term":[{"taxonomy":"category","embeddable":true,"href":"https:\/\/univet.hu\/hu\/wp-json\/wp\/v2\/categories?post=10370"},{"taxonomy":"post_tag","embeddable":true,"href":"https:\/\/univet.hu\/hu\/wp-json\/wp\/v2\/tags?post=10370"}],"curies":[{"name":"wp","href":"https:\/\/api.w.org\/{rel}","templated":true}]}}