{"id":10371,"date":"1970-01-01T00:00:00","date_gmt":"1969-12-31T23:00:00","guid":{"rendered":"http:\/\/univet.hu\/oktatas\/kurzusok\/a-viselkedes-evolucioja-biologus-msc-zoologia-szakirany\/"},"modified":"2018-09-07T15:35:31","modified_gmt":"2018-09-07T13:35:31","slug":"a-viselkedes-evolucioja-biologus-msc-zoologia-szakirany","status":"publish","type":"page","link":"https:\/\/univet.hu\/hu\/oktatas\/kurzusok\/a-viselkedes-evolucioja-biologus-msc-zoologia-szakirany\/","title":{"rendered":"A viselked\u00e9s evol\u00faci\u00f3ja &#8211; biol\u00f3gus MSc Zool\u00f3gia szakir\u00e1ny"},"content":{"rendered":"<p>A hallgat\u00f3k betekint\u00e9st szereznek a viselked\u00e9s evol\u00faci\u00f3j\u00e1nak vizsg\u00e1lati m\u00f3dszertan\u00e1ba, az evol\u00faci\u00f3s mechanizmusok m\u0171k\u00f6d\u00e9s\u00e9be, valamint j\u00e1rtass\u00e1got a t\u00e9m\u00e1val kapcsolatos els\u0151dleges tudom\u00e1nyos szakirodalom kritikus feldolgoz\u00e1s\u00e1ban<\/p> <p>K\u00f6telez\u0151 irodalom: <br \/>Kabai P\u00e9ter: Etol\u00f3gia webjegyzet (http:\/\/www.behav.org\/behav\/)<\/p> <p>Aj\u00e1nlott: Cs\u00e1nyi Vilmos: Etol\u00f3gia (Tank\u00f6nyvkiad\u00f3)<\/p><\/p>","protected":false},"excerpt":{"rendered":"<p>A hallgat\u00f3k betekint\u00e9st szereznek a viselked\u00e9s evol\u00faci\u00f3j\u00e1nak vizsg\u00e1lati m\u00f3dszertan\u00e1ba, az evol\u00faci\u00f3s mechanizmusok m\u0171k\u00f6d\u00e9s\u00e9be, valamint j\u00e1rtass\u00e1got a t\u00e9m\u00e1val kapcsolatos els\u0151dleges tudom\u00e1nyos szakirodalom kritikus feldolgoz\u00e1s\u00e1ban K\u00f6telez\u0151 irodalom: Kabai P\u00e9ter: Etol\u00f3gia webjegyzet (http:\/\/www.behav.org\/behav\/) Aj\u00e1nlott: Cs\u00e1nyi Vilmos: Etol\u00f3gia (Tank\u00f6nyvkiad\u00f3)<\/p>\n","protected":false},"author":3837,"featured_media":0,"parent":677,"menu_order":164,"comment_status":"closed","ping_status":"closed","template":"","meta":{"_acf_changed":false,"footnotes":""},"categories":[],"tags":[],"class_list":["post-10371","page","type-page","status-publish","hentry"],"acf":[],"_links":{"self":[{"href":"https:\/\/univet.hu\/hu\/wp-json\/wp\/v2\/pages\/10371","targetHints":{"allow":["GET"]}}],"collection":[{"href":"https:\/\/univet.hu\/hu\/wp-json\/wp\/v2\/pages"}],"about":[{"href":"https:\/\/univet.hu\/hu\/wp-json\/wp\/v2\/types\/page"}],"author":[{"embeddable":true,"href":"https:\/\/univet.hu\/hu\/wp-json\/wp\/v2\/users\/3837"}],"replies":[{"embeddable":true,"href":"https:\/\/univet.hu\/hu\/wp-json\/wp\/v2\/comments?post=10371"}],"version-history":[{"count":0,"href":"https:\/\/univet.hu\/hu\/wp-json\/wp\/v2\/pages\/10371\/revisions"}],"up":[{"embeddable":true,"href":"https:\/\/univet.hu\/hu\/wp-json\/wp\/v2\/pages\/677"}],"wp:attachment":[{"href":"https:\/\/univet.hu\/hu\/wp-json\/wp\/v2\/media?parent=10371"}],"wp:term":[{"taxonomy":"category","embeddable":true,"href":"https:\/\/univet.hu\/hu\/wp-json\/wp\/v2\/categories?post=10371"},{"taxonomy":"post_tag","embeddable":true,"href":"https:\/\/univet.hu\/hu\/wp-json\/wp\/v2\/tags?post=10371"}],"curies":[{"name":"wp","href":"https:\/\/api.w.org\/{rel}","templated":true}]}}