{"id":10372,"date":"1970-01-01T00:00:00","date_gmt":"1969-12-31T23:00:00","guid":{"rendered":"http:\/\/univet.hu\/oktatas\/kurzusok\/a-viselkedes-szabalyozasa-biologia-bsc-szunbiologia-szakirany\/"},"modified":"2018-09-07T15:35:32","modified_gmt":"2018-09-07T13:35:32","slug":"a-viselkedes-szabalyozasa-biologia-bsc-szunbiologia-szakirany","status":"publish","type":"page","link":"https:\/\/univet.hu\/hu\/oktatas\/kurzusok\/a-viselkedes-szabalyozasa-biologia-bsc-szunbiologia-szakirany\/","title":{"rendered":"A viselked\u00e9s szab\u00e1lyoz\u00e1sa &#8211; biol\u00f3gia BSc Sz\u00fcnbiol\u00f3gia szakir\u00e1ny"},"content":{"rendered":"<p>tant\u00e1rgyfelel\u0151s: <strong>Dr. Kosztol\u00e1nyi Andr\u00e1s<\/strong><\/p> <p>A hallgat\u00f3k a tinbergeni 4 k\u00e9rd\u00e9sb\u0151l a mechanizmus t\u00e9mak\u00f6r\u00e9ben nyernek m\u00e9lyebb tud\u00e1st<\/p> <p>A gyakorlati feladatot a hallgat\u00f3 szakdolgozati t\u00e9m\u00e1j\u00e1nak megfelel\u0151en, szem\u00e9lyre szabottan v\u00e1lasztjuk meg.<\/p> <p>K\u00f6telez\u0151 irodalom: <\/p> <p>\u00d3rai jegyzetek<\/p> <p>Aj\u00e1nlott:<\/p> <p style=\"margin-bottom: 0cm; line-height: 100%;\" class=\"western\">Kabai P\u00e9ter: Etol\u00f3gia webjegyzet (<span style=\"color: #000080;\"><span><span style=\"text-decoration: underline;\"><a href=\"http:\/\/www.behav.org\/behav\/\" data-replaced=\"true\">http:\/\/www.behav.org\/behav\/<\/a><\/span><\/span><\/span>)<\/p> <p style=\"margin-bottom: 0cm; line-height: 100%;\" class=\"western\">Cs\u00e1nyi Vilmos (1994) Etol\u00f3gia, Egyetemi tank\u00f6nyv.<\/p> <p>\u00a0<\/p><\/p>","protected":false},"excerpt":{"rendered":"<p>tant\u00e1rgyfelel\u0151s: Dr. Kosztol\u00e1nyi Andr\u00e1s A hallgat\u00f3k a tinbergeni 4 k\u00e9rd\u00e9sb\u0151l a mechanizmus t\u00e9mak\u00f6r\u00e9ben nyernek m\u00e9lyebb tud\u00e1st A gyakorlati feladatot a hallgat\u00f3 szakdolgozati t\u00e9m\u00e1j\u00e1nak megfelel\u0151en, szem\u00e9lyre szabottan v\u00e1lasztjuk meg. K\u00f6telez\u0151 irodalom: \u00d3rai jegyzetek Aj\u00e1nlott: Kabai P\u00e9ter: Etol\u00f3gia webjegyzet (http:\/\/www.behav.org\/behav\/) Cs\u00e1nyi Vilmos (1994) Etol\u00f3gia, Egyetemi tank\u00f6nyv. \u00a0<\/p>\n","protected":false},"author":3837,"featured_media":0,"parent":677,"menu_order":164,"comment_status":"closed","ping_status":"closed","template":"","meta":{"_acf_changed":false,"footnotes":""},"categories":[],"tags":[],"class_list":["post-10372","page","type-page","status-publish","hentry"],"acf":[],"_links":{"self":[{"href":"https:\/\/univet.hu\/hu\/wp-json\/wp\/v2\/pages\/10372","targetHints":{"allow":["GET"]}}],"collection":[{"href":"https:\/\/univet.hu\/hu\/wp-json\/wp\/v2\/pages"}],"about":[{"href":"https:\/\/univet.hu\/hu\/wp-json\/wp\/v2\/types\/page"}],"author":[{"embeddable":true,"href":"https:\/\/univet.hu\/hu\/wp-json\/wp\/v2\/users\/3837"}],"replies":[{"embeddable":true,"href":"https:\/\/univet.hu\/hu\/wp-json\/wp\/v2\/comments?post=10372"}],"version-history":[{"count":0,"href":"https:\/\/univet.hu\/hu\/wp-json\/wp\/v2\/pages\/10372\/revisions"}],"up":[{"embeddable":true,"href":"https:\/\/univet.hu\/hu\/wp-json\/wp\/v2\/pages\/677"}],"wp:attachment":[{"href":"https:\/\/univet.hu\/hu\/wp-json\/wp\/v2\/media?parent=10372"}],"wp:term":[{"taxonomy":"category","embeddable":true,"href":"https:\/\/univet.hu\/hu\/wp-json\/wp\/v2\/categories?post=10372"},{"taxonomy":"post_tag","embeddable":true,"href":"https:\/\/univet.hu\/hu\/wp-json\/wp\/v2\/tags?post=10372"}],"curies":[{"name":"wp","href":"https:\/\/api.w.org\/{rel}","templated":true}]}}