{"id":10374,"date":"1970-01-01T00:00:00","date_gmt":"1969-12-31T23:00:00","guid":{"rendered":"http:\/\/univet.hu\/oktatas\/kurzusok\/agrargazdasagtan\/"},"modified":"2026-01-12T16:45:09","modified_gmt":"2026-01-12T15:45:09","slug":"agrargazdasagtan","status":"publish","type":"page","link":"https:\/\/univet.hu\/hu\/oktatas\/kurzusok\/agrargazdasagtan\/","title":{"rendered":"Agr\u00e1rgazdas\u00e1gtan"},"content":{"rendered":"<p>Tant\u00e1rgyfelel\u0151s: Prof. Dr. \u00d3zsv\u00e1ri L\u00e1szl\u00f3<\/p> <p>Az agr\u00e1rgazdas\u00e1g, k\u00fcl\u00f6n\u00f6sen az \u00e1llatteny\u00e9szt\u00e9s \u00e1llatorvos szempontj\u00e1b\u00f3l fontos alapvet\u0151 gazdas\u00e1gi jellemz\u0151inek, t\u00f6rv\u00e9nyszer\u0171s\u00e9geinek ismertet\u00e9se.<\/p> <p>A tant\u00e1rgy teljes\u00edt\u00e9se el\u0151felt\u00e9tele az \u00c1llat-eg\u00e9szs\u00e9g\u00fcgyi \u00f6kon\u00f3mia, menedzsment \u00e9s etika t\u00e1rgynak.<\/p> <p>&nbsp;<\/p> <p><strong>Szakirodalom:<\/strong><\/p> <p><strong>K\u00f6telez\u0151:<\/strong><\/p> <p>Az el\u0151ad\u00f3 \u00e1ltal biztos\u00edtott r\u00e9szletes oktat\u00e1si tananyag.<\/p> <p>VISNYEI L. (szerk.): Eur\u00f3pai ismeretek.<\/p> <p>SZIE \u00c1OTK Tov\u00e1bbk\u00e9pz\u00e9si \u00e9s Kutat\u00e1sszervez\u00e9si K\u00f6zp.<\/p> <p>Budapest: SZIE \u00c1OTK, 2002.<\/p> <p>B\u00edr\u00f3 O. \u2013 \u00d3zsv\u00e1ri L.: \u00c1llat-eg\u00e9szs\u00e9g\u00fcgyi gazdas\u00e1gtan. SZIE-\u00c1OTK \u00c1llat-eg\u00e9szs\u00e9g\u00fcgyi Igazgat\u00e1stani \u00e9s Agr\u00e1rgazdas\u00e1gtani Tansz\u00e9k jegyzete. Budapest, 2006. 161. p.<\/p> <p>Aj\u00e1nlott:<\/p> <p>HALMAI P.: Az Eur\u00f3pai Uni\u00f3 agr\u00e1rrendszere.<\/p> <p>Budapest: Mez\u0151gazda kiad\u00f3, 2007.<\/p> <p>TUCKER, I.: Economics for Today. Thomson-South-Western, 2005.<\/p> <p style=\"text-align: center\">","protected":false},"excerpt":{"rendered":"<p>Tant\u00e1rgyfelel\u0151s: Prof. Dr. \u00d3zsv\u00e1ri L\u00e1szl\u00f3 Az agr\u00e1rgazdas\u00e1g, k\u00fcl\u00f6n\u00f6sen az \u00e1llatteny\u00e9szt\u00e9s \u00e1llatorvos szempontj\u00e1b\u00f3l fontos alapvet\u0151 gazdas\u00e1gi jellemz\u0151inek, t\u00f6rv\u00e9nyszer\u0171s\u00e9geinek ismertet\u00e9se. A tant\u00e1rgy teljes\u00edt\u00e9se el\u0151felt\u00e9tele az \u00c1llat-eg\u00e9szs\u00e9g\u00fcgyi \u00f6kon\u00f3mia, menedzsment \u00e9s etika t\u00e1rgynak. &nbsp; Szakirodalom: K\u00f6telez\u0151: Az el\u0151ad\u00f3 \u00e1ltal biztos\u00edtott r\u00e9szletes oktat\u00e1si tananyag. VISNYEI L. (szerk.): Eur\u00f3pai ismeretek. SZIE \u00c1OTK Tov\u00e1bbk\u00e9pz\u00e9si \u00e9s Kutat\u00e1sszervez\u00e9si K\u00f6zp. Budapest: SZIE \u00c1OTK, 2002. B\u00edr\u00f3<\/p>\n","protected":false},"author":3837,"featured_media":0,"parent":677,"menu_order":164,"comment_status":"closed","ping_status":"closed","template":"","meta":{"_acf_changed":false,"footnotes":""},"categories":[],"tags":[],"class_list":["post-10374","page","type-page","status-publish","hentry"],"acf":[],"_links":{"self":[{"href":"https:\/\/univet.hu\/hu\/wp-json\/wp\/v2\/pages\/10374","targetHints":{"allow":["GET"]}}],"collection":[{"href":"https:\/\/univet.hu\/hu\/wp-json\/wp\/v2\/pages"}],"about":[{"href":"https:\/\/univet.hu\/hu\/wp-json\/wp\/v2\/types\/page"}],"author":[{"embeddable":true,"href":"https:\/\/univet.hu\/hu\/wp-json\/wp\/v2\/users\/3837"}],"replies":[{"embeddable":true,"href":"https:\/\/univet.hu\/hu\/wp-json\/wp\/v2\/comments?post=10374"}],"version-history":[{"count":4,"href":"https:\/\/univet.hu\/hu\/wp-json\/wp\/v2\/pages\/10374\/revisions"}],"predecessor-version":[{"id":197782,"href":"https:\/\/univet.hu\/hu\/wp-json\/wp\/v2\/pages\/10374\/revisions\/197782"}],"up":[{"embeddable":true,"href":"https:\/\/univet.hu\/hu\/wp-json\/wp\/v2\/pages\/677"}],"wp:attachment":[{"href":"https:\/\/univet.hu\/hu\/wp-json\/wp\/v2\/media?parent=10374"}],"wp:term":[{"taxonomy":"category","embeddable":true,"href":"https:\/\/univet.hu\/hu\/wp-json\/wp\/v2\/categories?post=10374"},{"taxonomy":"post_tag","embeddable":true,"href":"https:\/\/univet.hu\/hu\/wp-json\/wp\/v2\/tags?post=10374"}],"curies":[{"name":"wp","href":"https:\/\/api.w.org\/{rel}","templated":true}]}}