{"id":103744,"date":"2024-09-26T09:00:05","date_gmt":"2024-09-26T07:00:05","guid":{"rendered":"https:\/\/univet.hu\/hu\/alapdokumentumok\/strategia\/name\/"},"modified":"2024-09-26T09:00:05","modified_gmt":"2024-09-26T07:00:05","slug":"7-balanced-scorecard","status":"publish","type":"page","link":"https:\/\/univet.hu\/hu\/alapdokumentumok\/strategia\/7-balanced-scorecard\/","title":{"rendered":"7. Balanced Scorecard"},"content":{"rendered":"<p>A Balanced Scorecard alap\u00fa mutat\u00f3sz\u00e1mrendszerre vonatkoz\u00f3 koncepci\u00f3 kialak\u00edt\u00e1sa az \u00c1llatorvostudom\u00e1nyi Egyetem r\u00e9sz\u00e9re<\/p> <p><a href=\"https:\/\/univet.hu\/wp-content\/uploads\/2024\/09\/BSC_2024_magyar.pptx\">Balanced Scorecard 2024_hun<\/a><\/p>","protected":false},"excerpt":{"rendered":"<p>A Balanced Scorecard alap\u00fa mutat\u00f3sz\u00e1mrendszerre vonatkoz\u00f3 koncepci\u00f3 kialak\u00edt\u00e1sa az \u00c1llatorvostudom\u00e1nyi Egyetem r\u00e9sz\u00e9re Balanced Scorecard 2024_hun<\/p>\n","protected":false},"author":3837,"featured_media":0,"parent":95902,"menu_order":0,"comment_status":"open","ping_status":"open","template":"","meta":{"_acf_changed":false,"footnotes":""},"categories":[],"tags":[],"class_list":["post-103744","page","type-page","status-publish","hentry"],"acf":[],"_links":{"self":[{"href":"https:\/\/univet.hu\/hu\/wp-json\/wp\/v2\/pages\/103744","targetHints":{"allow":["GET"]}}],"collection":[{"href":"https:\/\/univet.hu\/hu\/wp-json\/wp\/v2\/pages"}],"about":[{"href":"https:\/\/univet.hu\/hu\/wp-json\/wp\/v2\/types\/page"}],"author":[{"embeddable":true,"href":"https:\/\/univet.hu\/hu\/wp-json\/wp\/v2\/users\/3837"}],"replies":[{"embeddable":true,"href":"https:\/\/univet.hu\/hu\/wp-json\/wp\/v2\/comments?post=103744"}],"version-history":[{"count":0,"href":"https:\/\/univet.hu\/hu\/wp-json\/wp\/v2\/pages\/103744\/revisions"}],"up":[{"embeddable":true,"href":"https:\/\/univet.hu\/hu\/wp-json\/wp\/v2\/pages\/95902"}],"wp:attachment":[{"href":"https:\/\/univet.hu\/hu\/wp-json\/wp\/v2\/media?parent=103744"}],"wp:term":[{"taxonomy":"category","embeddable":true,"href":"https:\/\/univet.hu\/hu\/wp-json\/wp\/v2\/categories?post=103744"},{"taxonomy":"post_tag","embeddable":true,"href":"https:\/\/univet.hu\/hu\/wp-json\/wp\/v2\/tags?post=103744"}],"curies":[{"name":"wp","href":"https:\/\/api.w.org\/{rel}","templated":true}]}}