{"id":10375,"date":"1970-01-01T00:00:00","date_gmt":"1969-12-31T23:00:00","guid":{"rendered":"http:\/\/univet.hu\/oktatas\/kurzusok\/alkalmazasorientalt-biostatisztika-excelben-phd\/"},"modified":"2020-09-18T09:26:01","modified_gmt":"2020-09-18T07:26:01","slug":"alkalmazasorientalt-biostatisztika-excelben-phd","status":"publish","type":"page","link":"https:\/\/univet.hu\/hu\/oktatas\/kurzusok\/alkalmazasorientalt-biostatisztika-excelben-phd\/","title":{"rendered":"Alkalmaz\u00e1sorient\u00e1lt biostatisztika Excelben (PhD)"},"content":{"rendered":"<p>A kurzus sor\u00e1n az Excelnek azokat a funkci\u00f3it tekintj\u00fck \u00e1t, amelyek seg\u00edts\u00e9g\u00e9vel statisztikai elemz\u00e9sek v\u00e9gezhet\u0151k. Az \u00e9rintett t\u00e9mak\u00f6r\u00f6k: Kimutat\u00e1sok, statisztikai f\u00fcggv\u00e9nyek (elt\u00e9r\u00e9sek a statisztikai programok hasonl\u00f3 funkci\u00f3hoz viszony\u00edtva), statisztikai grafikonok, az Adatelemz\u00e9s b\u0151v\u00edtm\u00e9ny.<\/p>","protected":false},"excerpt":{"rendered":"<p>A kurzus sor\u00e1n az Excelnek azokat a funkci\u00f3it tekintj\u00fck \u00e1t, amelyek seg\u00edts\u00e9g\u00e9vel statisztikai elemz\u00e9sek v\u00e9gezhet\u0151k. Az \u00e9rintett t\u00e9mak\u00f6r\u00f6k: Kimutat\u00e1sok, statisztikai f\u00fcggv\u00e9nyek (elt\u00e9r\u00e9sek a statisztikai programok hasonl\u00f3 funkci\u00f3hoz viszony\u00edtva), statisztikai grafikonok, az Adatelemz\u00e9s b\u0151v\u00edtm\u00e9ny.<\/p>\n","protected":false},"author":3837,"featured_media":0,"parent":677,"menu_order":164,"comment_status":"closed","ping_status":"closed","template":"","meta":{"_acf_changed":false,"footnotes":""},"categories":[],"tags":[],"class_list":["post-10375","page","type-page","status-publish","hentry"],"acf":[],"_links":{"self":[{"href":"https:\/\/univet.hu\/hu\/wp-json\/wp\/v2\/pages\/10375","targetHints":{"allow":["GET"]}}],"collection":[{"href":"https:\/\/univet.hu\/hu\/wp-json\/wp\/v2\/pages"}],"about":[{"href":"https:\/\/univet.hu\/hu\/wp-json\/wp\/v2\/types\/page"}],"author":[{"embeddable":true,"href":"https:\/\/univet.hu\/hu\/wp-json\/wp\/v2\/users\/3837"}],"replies":[{"embeddable":true,"href":"https:\/\/univet.hu\/hu\/wp-json\/wp\/v2\/comments?post=10375"}],"version-history":[{"count":0,"href":"https:\/\/univet.hu\/hu\/wp-json\/wp\/v2\/pages\/10375\/revisions"}],"up":[{"embeddable":true,"href":"https:\/\/univet.hu\/hu\/wp-json\/wp\/v2\/pages\/677"}],"wp:attachment":[{"href":"https:\/\/univet.hu\/hu\/wp-json\/wp\/v2\/media?parent=10375"}],"wp:term":[{"taxonomy":"category","embeddable":true,"href":"https:\/\/univet.hu\/hu\/wp-json\/wp\/v2\/categories?post=10375"},{"taxonomy":"post_tag","embeddable":true,"href":"https:\/\/univet.hu\/hu\/wp-json\/wp\/v2\/tags?post=10375"}],"curies":[{"name":"wp","href":"https:\/\/api.w.org\/{rel}","templated":true}]}}