{"id":10378,"date":"1970-01-01T00:00:00","date_gmt":"1969-12-31T23:00:00","guid":{"rendered":"http:\/\/univet.hu\/oktatas\/kurzusok\/alkalmazott-klinikai-laboratoriumi-diagnosztika\/"},"modified":"2024-02-07T10:26:34","modified_gmt":"2024-02-07T09:26:34","slug":"alkalmazott-klinikai-laboratoriumi-diagnosztika","status":"publish","type":"page","link":"https:\/\/univet.hu\/hu\/oktatas\/kurzusok\/alkalmazott-klinikai-laboratoriumi-diagnosztika\/","title":{"rendered":"Alkalmazott klinikai laborat\u00f3riumi diagnosztika"},"content":{"rendered":"<p>El\u0151tanulm\u00e1nyi k\u00f6vetelm\u00e9nyek:\u00a0\u00a0 \u00a0&#8222;Laborat\u00f3riumi diagnosztika\u201d teljes\u00edtve<br \/> El\u0151ad\u00e1sok\/gyakorlatok helysz\u00ednei:\u00a0\u00a0 \u00a0O \u00e9p\u00fclet, a K\u00f3r\u00e9lettani \u00e9s Onkol\u00f3giai Tansz\u00e9k laborat\u00f3riumi diagnosztika gyakorl\u00f3 terme<\/p> <p>Tansz\u00e9k neve:\u00a0\u00a0 \u00a0K\u00f3r\u00e9lettani \u00e9s Onkol\u00f3giai Tansz\u00e9k<br \/> Tant\u00e1rgyfelel\u0151s oktat\u00f3 (e-mail):\u00a0\u00a0 \u00a0Dr. Vajdovich P\u00e9ter (<a class=\"decrypt\" rel=\"wbkepwjdi\/qfufsAvojwfu\/iv\" href=\"javascript:void(0);\">[Kattintson az emailc\u00edmhez]<\/a>)<br \/> R\u00e9sztvev\u0151 oktat\u00f3(k):\u00a0\u00a0 \u00a0K\u00f3r\u00e9lettani \u00e9s Onkol\u00f3giai Tansz\u00e9k: dr. Vajdovich P\u00e9ter, dr. M\u00e1rialigeti M\u00e1rton, dr. Miskolczi Mil\u00e1n,dr. Berta Anna L\u00f3gy\u00f3gy\u00e1szati Tansz\u00e9k \u00e9s Klinika: dr. Bakos Zolt\u00e1n<br \/> A tant\u00e1rgy k\u00e9pz\u00e9si c\u00e9lja:\u00a0\u00a0 \u00a0A laborat\u00f3riumi vizsg\u00e1latok \u00e1ttekint\u00e9se, felfriss\u00edt\u00e9se \u00e9s b\u0151v\u00edt\u00e9se \u2013 m\u00f3dszertan \u00e9s az eredm\u00e9nyek ki\u00e9rt\u00e9kel\u00e9se (v\u00e9r, vizelet, b\u00e9ls\u00e1r, szabad test\u0171ri folyad\u00e9kgy\u00fclemek \u00e9s liquor). A lelet-\u00e9rt\u00e9kel\u00e9s k\u00e9pess\u00e9g\u00e9nek fejleszt\u00e9se esettanulm\u00e1nyokon kereszt\u00fcl.<\/p>","protected":false},"excerpt":{"rendered":"<p>El\u0151tanulm\u00e1nyi k\u00f6vetelm\u00e9nyek:\u00a0\u00a0 \u00a0&#8222;Laborat\u00f3riumi diagnosztika\u201d teljes\u00edtve El\u0151ad\u00e1sok\/gyakorlatok helysz\u00ednei:\u00a0\u00a0 \u00a0O \u00e9p\u00fclet, a K\u00f3r\u00e9lettani \u00e9s Onkol\u00f3giai Tansz\u00e9k laborat\u00f3riumi diagnosztika gyakorl\u00f3 terme Tansz\u00e9k neve:\u00a0\u00a0 \u00a0K\u00f3r\u00e9lettani \u00e9s Onkol\u00f3giai Tansz\u00e9k Tant\u00e1rgyfelel\u0151s oktat\u00f3 (e-mail):\u00a0\u00a0 \u00a0Dr. Vajdovich P\u00e9ter ([Kattintson az emailc\u00edmhez]) R\u00e9sztvev\u0151 oktat\u00f3(k):\u00a0\u00a0 \u00a0K\u00f3r\u00e9lettani \u00e9s Onkol\u00f3giai Tansz\u00e9k: dr. Vajdovich P\u00e9ter, dr. M\u00e1rialigeti M\u00e1rton, dr. Miskolczi Mil\u00e1n,dr. Berta Anna L\u00f3gy\u00f3gy\u00e1szati Tansz\u00e9k \u00e9s Klinika: dr.<\/p>\n","protected":false},"author":3837,"featured_media":0,"parent":677,"menu_order":164,"comment_status":"closed","ping_status":"closed","template":"","meta":{"_acf_changed":false,"footnotes":""},"categories":[],"tags":[],"class_list":["post-10378","page","type-page","status-publish","hentry"],"acf":[],"_links":{"self":[{"href":"https:\/\/univet.hu\/hu\/wp-json\/wp\/v2\/pages\/10378","targetHints":{"allow":["GET"]}}],"collection":[{"href":"https:\/\/univet.hu\/hu\/wp-json\/wp\/v2\/pages"}],"about":[{"href":"https:\/\/univet.hu\/hu\/wp-json\/wp\/v2\/types\/page"}],"author":[{"embeddable":true,"href":"https:\/\/univet.hu\/hu\/wp-json\/wp\/v2\/users\/3837"}],"replies":[{"embeddable":true,"href":"https:\/\/univet.hu\/hu\/wp-json\/wp\/v2\/comments?post=10378"}],"version-history":[{"count":0,"href":"https:\/\/univet.hu\/hu\/wp-json\/wp\/v2\/pages\/10378\/revisions"}],"up":[{"embeddable":true,"href":"https:\/\/univet.hu\/hu\/wp-json\/wp\/v2\/pages\/677"}],"wp:attachment":[{"href":"https:\/\/univet.hu\/hu\/wp-json\/wp\/v2\/media?parent=10378"}],"wp:term":[{"taxonomy":"category","embeddable":true,"href":"https:\/\/univet.hu\/hu\/wp-json\/wp\/v2\/categories?post=10378"},{"taxonomy":"post_tag","embeddable":true,"href":"https:\/\/univet.hu\/hu\/wp-json\/wp\/v2\/tags?post=10378"}],"curies":[{"name":"wp","href":"https:\/\/api.w.org\/{rel}","templated":true}]}}