{"id":10379,"date":"1970-01-01T00:00:00","date_gmt":"1969-12-31T23:00:00","guid":{"rendered":"http:\/\/univet.hu\/oktatas\/kurzusok\/allat-egeszsegugyi-igazgatasi-gyakorlat\/"},"modified":"2021-02-10T08:45:25","modified_gmt":"2021-02-10T07:45:25","slug":"allat-egeszsegugyi-igazgatasi-gyakorlat","status":"publish","type":"page","link":"https:\/\/univet.hu\/hu\/oktatas\/kurzusok\/allat-egeszsegugyi-igazgatasi-gyakorlat\/","title":{"rendered":"\u00c1llat-eg\u00e9szs\u00e9g\u00fcgyi Igazgat\u00e1si gyakorlat"},"content":{"rendered":"<blockquote class=\"wp-embedded-content\" data-secret=\"4q99fwyAye\"><p><a href=\"https:\/\/univet.hu\/hu\/oktatas\/tanulmanyi-osztaly\/gyakorlati-felev\/\">Gyakorlati f\u00e9l\u00e9v<\/a><\/p><\/blockquote> <p><iframe loading=\"lazy\" class=\"wp-embedded-content\" sandbox=\"allow-scripts\" security=\"restricted\" style=\"position: absolute; visibility: hidden;\" title=\"&#8220;Gyakorlati f\u00e9l\u00e9v&#8221; &#8212; \u00c1llatorvostudom\u00e1nyi Egyetem Budapest\" src=\"https:\/\/univet.hu\/hu\/oktatas\/tanulmanyi-osztaly\/gyakorlati-felev\/embed\/#?secret=JqRPA649O5#?secret=4q99fwyAye\" data-secret=\"4q99fwyAye\" width=\"600\" height=\"338\" frameborder=\"0\" marginwidth=\"0\" marginheight=\"0\" scrolling=\"no\"><\/iframe><\/p>","protected":false},"excerpt":{"rendered":"<p>Gyakorlati f\u00e9l\u00e9v<\/p>\n","protected":false},"author":3837,"featured_media":0,"parent":677,"menu_order":164,"comment_status":"closed","ping_status":"closed","template":"","meta":{"_acf_changed":false,"footnotes":""},"categories":[],"tags":[],"class_list":["post-10379","page","type-page","status-publish","hentry"],"acf":[],"_links":{"self":[{"href":"https:\/\/univet.hu\/hu\/wp-json\/wp\/v2\/pages\/10379","targetHints":{"allow":["GET"]}}],"collection":[{"href":"https:\/\/univet.hu\/hu\/wp-json\/wp\/v2\/pages"}],"about":[{"href":"https:\/\/univet.hu\/hu\/wp-json\/wp\/v2\/types\/page"}],"author":[{"embeddable":true,"href":"https:\/\/univet.hu\/hu\/wp-json\/wp\/v2\/users\/3837"}],"replies":[{"embeddable":true,"href":"https:\/\/univet.hu\/hu\/wp-json\/wp\/v2\/comments?post=10379"}],"version-history":[{"count":0,"href":"https:\/\/univet.hu\/hu\/wp-json\/wp\/v2\/pages\/10379\/revisions"}],"up":[{"embeddable":true,"href":"https:\/\/univet.hu\/hu\/wp-json\/wp\/v2\/pages\/677"}],"wp:attachment":[{"href":"https:\/\/univet.hu\/hu\/wp-json\/wp\/v2\/media?parent=10379"}],"wp:term":[{"taxonomy":"category","embeddable":true,"href":"https:\/\/univet.hu\/hu\/wp-json\/wp\/v2\/categories?post=10379"},{"taxonomy":"post_tag","embeddable":true,"href":"https:\/\/univet.hu\/hu\/wp-json\/wp\/v2\/tags?post=10379"}],"curies":[{"name":"wp","href":"https:\/\/api.w.org\/{rel}","templated":true}]}}