{"id":10381,"date":"1970-01-01T00:00:00","date_gmt":"1969-12-31T23:00:00","guid":{"rendered":"http:\/\/univet.hu\/oktatas\/kurzusok\/allat-egeszsegugyi-igazgatastan\/"},"modified":"2026-01-28T09:46:25","modified_gmt":"2026-01-28T08:46:25","slug":"allat-egeszsegugyi-igazgatastan","status":"publish","type":"page","link":"https:\/\/univet.hu\/hu\/oktatas\/kurzusok\/allat-egeszsegugyi-igazgatastan\/","title":{"rendered":"\u00c1llateg\u00e9szs\u00e9g\u00fcgyi igazgat\u00e1stan \u00e9s etika 2."},"content":{"rendered":"<p>Tant\u00e1rgyfelel\u0151s: Prof. Dr. \u00d3zsv\u00e1ri L\u00e1szl\u00f3<\/p> <p>Az \u00e1llatorvosi tev\u00e9kenys\u00e9ggel kapcsolatos jogszab\u00e1lyok ismertet\u00e9se, valamint a jelent\u0151s fert\u0151z\u0151 \u00e1llatbetegs\u00e9gek megel\u0151z\u0151s\u00e9re \u00e9s lek\u00fczd\u00e9s\u00e9re vonatkoz\u00f3 jogi szab\u00e1lyoz\u00e1s bemutat\u00e1sa<\/p>","protected":false},"excerpt":{"rendered":"<p>Tant\u00e1rgyfelel\u0151s: Prof. Dr. \u00d3zsv\u00e1ri L\u00e1szl\u00f3 Az \u00e1llatorvosi tev\u00e9kenys\u00e9ggel kapcsolatos jogszab\u00e1lyok ismertet\u00e9se, valamint a jelent\u0151s fert\u0151z\u0151 \u00e1llatbetegs\u00e9gek megel\u0151z\u0151s\u00e9re \u00e9s lek\u00fczd\u00e9s\u00e9re vonatkoz\u00f3 jogi szab\u00e1lyoz\u00e1s bemutat\u00e1sa<\/p>\n","protected":false},"author":3837,"featured_media":0,"parent":677,"menu_order":164,"comment_status":"closed","ping_status":"closed","template":"","meta":{"_acf_changed":false,"footnotes":""},"categories":[],"tags":[],"class_list":["post-10381","page","type-page","status-publish","hentry"],"acf":[],"_links":{"self":[{"href":"https:\/\/univet.hu\/hu\/wp-json\/wp\/v2\/pages\/10381","targetHints":{"allow":["GET"]}}],"collection":[{"href":"https:\/\/univet.hu\/hu\/wp-json\/wp\/v2\/pages"}],"about":[{"href":"https:\/\/univet.hu\/hu\/wp-json\/wp\/v2\/types\/page"}],"author":[{"embeddable":true,"href":"https:\/\/univet.hu\/hu\/wp-json\/wp\/v2\/users\/3837"}],"replies":[{"embeddable":true,"href":"https:\/\/univet.hu\/hu\/wp-json\/wp\/v2\/comments?post=10381"}],"version-history":[{"count":3,"href":"https:\/\/univet.hu\/hu\/wp-json\/wp\/v2\/pages\/10381\/revisions"}],"predecessor-version":[{"id":198283,"href":"https:\/\/univet.hu\/hu\/wp-json\/wp\/v2\/pages\/10381\/revisions\/198283"}],"up":[{"embeddable":true,"href":"https:\/\/univet.hu\/hu\/wp-json\/wp\/v2\/pages\/677"}],"wp:attachment":[{"href":"https:\/\/univet.hu\/hu\/wp-json\/wp\/v2\/media?parent=10381"}],"wp:term":[{"taxonomy":"category","embeddable":true,"href":"https:\/\/univet.hu\/hu\/wp-json\/wp\/v2\/categories?post=10381"},{"taxonomy":"post_tag","embeddable":true,"href":"https:\/\/univet.hu\/hu\/wp-json\/wp\/v2\/tags?post=10381"}],"curies":[{"name":"wp","href":"https:\/\/api.w.org\/{rel}","templated":true}]}}