{"id":103816,"date":"2024-09-26T19:13:36","date_gmt":"2024-09-26T17:13:36","guid":{"rendered":"https:\/\/univet.hu\/?page_id=103816"},"modified":"2025-12-02T15:50:26","modified_gmt":"2025-12-02T14:50:26","slug":"panaszkezeles","status":"publish","type":"page","link":"https:\/\/univet.hu\/hu\/panaszkezeles\/","title":{"rendered":"Panaszkezel\u00e9s"},"content":{"rendered":"<p><span style=\"text-decoration: underline\">Panaszkezel\u00e9si munkat\u00e1rsak:<\/span><\/p> <p><strong>Hallgat\u00f3kat \u00e9s munkav\u00e1llal\u00f3kat \u00e9rint\u0151 \u00fcgyek: Dr. Varga Krist\u00f3f Attila kamarai jogtan\u00e1csos<\/strong><\/p> <p><em>El\u00e9rhet\u0151s\u00e9g: <\/em><\/p> <p>Szem\u00e9lyesen: 1078 Budapest, Istv\u00e1n utca 2., H \u00e9p\u00fclet 2.em 202-es iroda H-P 10:00-14:00,<\/p> <p>Email: <a class=\"decrypt\" rel=\"qbobt{Avojwfu\/iv\" href=\"javascript:void(0);\">[Kattintson az emailc\u00edmhez]<\/a><\/p> <p>Telefon:+36 30 202 8021<\/p> <p>&nbsp;<\/p> <p>Kinevez\u00e9s:<\/p> <p><a href=\"https:\/\/univet.hu\/wp-content\/uploads\/2025\/12\/Kinevezesi-dokumentum_panasz-2.pdf\">Kinevez\u00e9si dokumentum<\/a><\/p>","protected":false},"excerpt":{"rendered":"<p>Panaszkezel\u00e9si munkat\u00e1rsak: Hallgat\u00f3kat \u00e9s munkav\u00e1llal\u00f3kat \u00e9rint\u0151 \u00fcgyek: Dr. Varga Krist\u00f3f Attila kamarai jogtan\u00e1csos El\u00e9rhet\u0151s\u00e9g: Szem\u00e9lyesen: 1078 Budapest, Istv\u00e1n utca 2., H \u00e9p\u00fclet 2.em 202-es iroda H-P 10:00-14:00, Email: [Kattintson az emailc\u00edmhez] Telefon:+36 30 202 8021 &nbsp; Kinevez\u00e9s: Kinevez\u00e9si dokumentum<\/p>\n","protected":false},"author":4844,"featured_media":0,"parent":0,"menu_order":0,"comment_status":"closed","ping_status":"closed","template":"","meta":{"_acf_changed":false,"footnotes":""},"categories":[],"tags":[],"class_list":["post-103816","page","type-page","status-publish","hentry"],"acf":[],"_links":{"self":[{"href":"https:\/\/univet.hu\/hu\/wp-json\/wp\/v2\/pages\/103816","targetHints":{"allow":["GET"]}}],"collection":[{"href":"https:\/\/univet.hu\/hu\/wp-json\/wp\/v2\/pages"}],"about":[{"href":"https:\/\/univet.hu\/hu\/wp-json\/wp\/v2\/types\/page"}],"author":[{"embeddable":true,"href":"https:\/\/univet.hu\/hu\/wp-json\/wp\/v2\/users\/4844"}],"replies":[{"embeddable":true,"href":"https:\/\/univet.hu\/hu\/wp-json\/wp\/v2\/comments?post=103816"}],"version-history":[{"count":2,"href":"https:\/\/univet.hu\/hu\/wp-json\/wp\/v2\/pages\/103816\/revisions"}],"predecessor-version":[{"id":196598,"href":"https:\/\/univet.hu\/hu\/wp-json\/wp\/v2\/pages\/103816\/revisions\/196598"}],"wp:attachment":[{"href":"https:\/\/univet.hu\/hu\/wp-json\/wp\/v2\/media?parent=103816"}],"wp:term":[{"taxonomy":"category","embeddable":true,"href":"https:\/\/univet.hu\/hu\/wp-json\/wp\/v2\/categories?post=103816"},{"taxonomy":"post_tag","embeddable":true,"href":"https:\/\/univet.hu\/hu\/wp-json\/wp\/v2\/tags?post=103816"}],"curies":[{"name":"wp","href":"https:\/\/api.w.org\/{rel}","templated":true}]}}