{"id":10382,"date":"1970-01-01T00:00:00","date_gmt":"1969-12-31T23:00:00","guid":{"rendered":"http:\/\/univet.hu\/oktatas\/kurzusok\/allat-egeszsegugyi-okonomia-menedzsment-es-etika\/"},"modified":"2026-01-28T09:51:02","modified_gmt":"2026-01-28T08:51:02","slug":"allat-egeszsegugyi-okonomia-menedzsment-es-etika","status":"publish","type":"page","link":"https:\/\/univet.hu\/hu\/oktatas\/kurzusok\/allat-egeszsegugyi-okonomia-menedzsment-es-etika\/","title":{"rendered":"\u00c1llat-eg\u00e9szs\u00e9g\u00fcgyi \u00f6kon\u00f3mia \u00e9s kommunik\u00e1ci\u00f3"},"content":{"rendered":"<p>Tant\u00e1rgyfelel\u0151s: Prof. Dr. \u00d3zsv\u00e1ri L\u00e1szl\u00f3<\/p> <p>Az \u00e1llatorvosi \u00fczleti tev\u00e9kenys\u00e9ggel \u00e9s a foglalkoztat\u00e1ssal j\u00e1r\u00f3 \u00fczleti, szervez\u00e9si feladatok, menedzsment \u00e9s jogi szab\u00e1lyoz\u00e1s, tov\u00e1bb\u00e1 az \u00e1llatorvosi kommunik\u00e1ci\u00f3s ismeretek elsaj\u00e1t\u00edt\u00e1sa.<\/p>","protected":false},"excerpt":{"rendered":"<p>Tant\u00e1rgyfelel\u0151s: Prof. Dr. \u00d3zsv\u00e1ri L\u00e1szl\u00f3 Az \u00e1llatorvosi \u00fczleti tev\u00e9kenys\u00e9ggel \u00e9s a foglalkoztat\u00e1ssal j\u00e1r\u00f3 \u00fczleti, szervez\u00e9si feladatok, menedzsment \u00e9s jogi szab\u00e1lyoz\u00e1s, tov\u00e1bb\u00e1 az \u00e1llatorvosi kommunik\u00e1ci\u00f3s ismeretek elsaj\u00e1t\u00edt\u00e1sa.<\/p>\n","protected":false},"author":3837,"featured_media":0,"parent":677,"menu_order":164,"comment_status":"closed","ping_status":"closed","template":"","meta":{"_acf_changed":false,"footnotes":""},"categories":[],"tags":[],"class_list":["post-10382","page","type-page","status-publish","hentry"],"acf":[],"_links":{"self":[{"href":"https:\/\/univet.hu\/hu\/wp-json\/wp\/v2\/pages\/10382","targetHints":{"allow":["GET"]}}],"collection":[{"href":"https:\/\/univet.hu\/hu\/wp-json\/wp\/v2\/pages"}],"about":[{"href":"https:\/\/univet.hu\/hu\/wp-json\/wp\/v2\/types\/page"}],"author":[{"embeddable":true,"href":"https:\/\/univet.hu\/hu\/wp-json\/wp\/v2\/users\/3837"}],"replies":[{"embeddable":true,"href":"https:\/\/univet.hu\/hu\/wp-json\/wp\/v2\/comments?post=10382"}],"version-history":[{"count":3,"href":"https:\/\/univet.hu\/hu\/wp-json\/wp\/v2\/pages\/10382\/revisions"}],"predecessor-version":[{"id":198284,"href":"https:\/\/univet.hu\/hu\/wp-json\/wp\/v2\/pages\/10382\/revisions\/198284"}],"up":[{"embeddable":true,"href":"https:\/\/univet.hu\/hu\/wp-json\/wp\/v2\/pages\/677"}],"wp:attachment":[{"href":"https:\/\/univet.hu\/hu\/wp-json\/wp\/v2\/media?parent=10382"}],"wp:term":[{"taxonomy":"category","embeddable":true,"href":"https:\/\/univet.hu\/hu\/wp-json\/wp\/v2\/categories?post=10382"},{"taxonomy":"post_tag","embeddable":true,"href":"https:\/\/univet.hu\/hu\/wp-json\/wp\/v2\/tags?post=10382"}],"curies":[{"name":"wp","href":"https:\/\/api.w.org\/{rel}","templated":true}]}}