{"id":10385,"date":"1970-01-01T00:00:00","date_gmt":"1969-12-31T23:00:00","guid":{"rendered":"http:\/\/univet.hu\/oktatas\/kurzusok\/allathigienia-es-allomany-egeszsegtan\/"},"modified":"2025-11-12T08:07:03","modified_gmt":"2025-11-12T07:07:03","slug":"allathigienia-es-allomany-egeszsegtan","status":"publish","type":"page","link":"https:\/\/univet.hu\/hu\/oktatas\/kurzusok\/allathigienia-es-allomany-egeszsegtan\/","title":{"rendered":"\u00c1llathigi\u00e9nia \u00e9s \u00e1llom\u00e1ny-eg\u00e9szs\u00e9gtan 2."},"content":{"rendered":"<p>Az \u00e1llathigi\u00e9nia az \u00e1llatorvos-tudom\u00e1nynak az az \u00e1ga, amely az \u00e1llatok \u00e9lettani ig\u00e9nyeinek \u00e9s etol\u00f3gia sz\u00fcks\u00e9gleteinek megismer\u00e9s\u00e9re alapozva le\u00edrja az eg\u00e9szs\u00e9g meg\u00f3v\u00e1s\u00e1nak felt\u00e9teleit \u00e9s kutatja az ig\u00e9nyekt\u0151l elt\u00e9r\u0151 k\u00f6rnyezethat\u00e1sok \u00e1ltal l\u00e9trehozott \u00e9lettani \u00e9s biok\u00e9miai folyamatokat a betegs\u00e9gek k\u00f3roktan\u00e1nak \u00e9s k\u00f3rfejl\u0151d\u00e9s\u00e9nek jobb megismer\u00e9se c\u00e9lj\u00e1b\u00f3l. Ut\u00f3bbira alapozva, a termel\u00e9s gazdas\u00e1goss\u00e1g\u00e1t is figyelembe v\u00e9ve, rendszerezi a k\u00f6rnyezettel \u00f6ssze-f\u00fcgg\u0151 betegs\u00e9gek megel\u0151z\u00e9se, lek\u00fczd\u00e9se \u00e9s felsz\u00e1mol\u00e1sa \u00e9rdek\u00e9ben sz\u00fcks\u00e9ges tennival\u00f3kat. Az \u00e1llathigi\u00e9nia els\u0151sorban az \u00e1llat\u00e1l\u00adlom\u00e1nnyal \u00e9s az \u00e1llat\u00e1llom\u00e1nyok eg\u00e9szs\u00e9gv\u00e9delm\u00e9vel foglalkozik \u00fagy, hogy ezzel az ember k\u00f6rnyezet\u00e9nek v\u00e9delm\u00e9t is szolg\u00e1lja.<\/p> <p>Az \u00e1llathigi\u00e9nia olyan interdisciplin\u00e1ris tudom\u00e1ny, amely kapcsolatot l\u00e9tes\u00edt az \u00e1llatteny\u00e9szt\u00e9s \u00e9s az \u00e1llateg\u00e9szs\u00e9g\u00fcgy k\u00f6z\u00f6tt. Ismeretanyaga az \u00e1llatorvostan-hallgat\u00f3k sz\u00e1m\u00e1ra \u00f6sszefoglalja a gazdas\u00e1gi haszon\u00e1llatok fontosabb tart\u00e1si \u00e9s takarm\u00e1nyoz\u00e1si technol\u00f3gi\u00e1it, bemutatja, hogy az \u00e1llatteny\u00e9szt\u00e9s tart\u00e1s- \u00e9s takarm\u00e1nyoz\u00e1stechnol\u00f3giai rendszerei hogyan hatnak az \u00e1llatok eg\u00e9szs\u00e9g\u00e9re, a velesz\u00fcletett magatart\u00e1sform\u00e1kra, a termel\u00e9s gazdas\u00e1goss\u00e1g\u00e1ra \u00e9s a k\u00f6rnyezetre. Mindezekre alapozva felk\u00e9sz\u00edti a hallgat\u00f3kat a tart\u00e1s- \u00e9s takarm\u00e1nyoz\u00e1stechnol\u00f3giai rendszerek kritikai elemz\u00e9s\u00e9re, az \u00e1llom\u00e1nyszinten jelentkez\u0151 \u00f6sszetett ok\u00fa betegs\u00e9gek k\u00f3rfejl\u0151d\u00e9s\u00e9nek meg\u00e9rt\u00e9s\u00e9re, a k\u00f3rhat\u00e1roz\u00e1s, a betegs\u00e9g-megel\u0151z\u00e9s \u00e9s felsz\u00e1mol\u00e1s tennival\u00f3ira.<\/p> <p>Az \u00e1llathigi\u00e9nia c. t\u00e1rgy keret\u00e9ben els\u0151sorban azokat az id\u0151t\u00e1ll\u00f3 elm\u00e9leti ismereteket saj\u00e1t\u00edthatja el, amelyekn\u00e9lk\u00fcl\u00f6zhetetlenek az \u00f6sszetett ok\u00fa betegs\u00e9gek felsz\u00e1mol\u00e1s\u00e1ban, az \u00e1llati eredet\u0171 \u00e9lelmiszer termel\u00e9s gazdas\u00e1goss\u00e1g\u00e1nak jav\u00edt\u00e1s\u00e1ban \u00e9s az ember k\u00f6rnyezet\u00e9nek v\u00e9delm\u00e9ben. Az \u00e1ltal\u00e1nos \u00e1llathigi\u00e9nia ismeretanyaga a VIII. f\u00e9l\u00e9vben ker\u00fcl el\u0151ad\u00e1sra. Az elm\u00e9leti el\u0151ad\u00e1sok \u00e9s a vid\u00e9ki telepi gyakorlatok sor\u00e1n \u00d6n t\u00f6bbek k\u00f6z\u00f6tt megismerkedhet az \u00e1llattart\u00f3 telepek j\u00e1rv\u00e1nyv\u00e9delmi el\u0151\u00edr\u00e1saival, az \u00e1llattart\u00f3 telepek k\u00f6rnyezet szennyez\u0151 hat\u00e1sainak m\u00e9rs\u00e9kl\u00e9s\u00e9vel, a telepek \u00e9s ist\u00e1ll\u00f3k fert\u0151tlen\u00edt\u00e9s\u00e9nek m\u00f3dszereivel, a mikrokl\u00edma \u00e1llati szervezetre gyakorolt hat\u00e1saival, a k\u00f6rnyezet-diagnosztika vizsg\u00e1l\u00f3 m\u00f3dszereivel, a takarm\u00e1nyoz\u00e1s higi\u00e9nia fontosabb ismereteivel \u00e9s hangs\u00falyozottan az un, \u00f6sszetett ok\u00fa (polifaktori\u00e1lis) betegs\u00e9gek k\u00f3rfejl\u0151d\u00e9-s\u00e9vel \u00e9s a v\u00e9dekez\u00e9s \u00e1ltal\u00e1nos szab\u00e1lyaival.<\/p> <p>A r\u00e9szletes \u00e1llathigi\u00e9nia a IX. f\u00e9l\u00e9vben ker\u00fcl el\u0151ad\u00e1sra. A r\u00e9szletes \u00e1llathigi\u00e9nia egyes fejezetei bemutatj\u00e1k a gazdas\u00e1gi haszon\u00e1llatok tart\u00e1stechnol\u00f3giai m\u00f3dszereit, az eredm\u00e9nyes szapor\u00edt\u00e1s \u00e9s felnevel\u00e9s megszervez\u00e9s\u00e9nek \u00e1llateg\u00e9szs\u00e9g\u00fcgyi ismereteit, a termel\u00e9s gazdas\u00e1goss\u00e1g\u00e1ra hat\u00f3 fontosabb t\u00e9nyez\u0151ket \u00e9s \u00f6sszefoglalj\u00e1k a fontosabb \u00f6sszetett ok\u00fa betegs\u00e9gek kialakul\u00e1s\u00e1nak megel\u0151z\u00e9s\u00e9vel, illetve jelentkez\u00e9s\u00fck eset\u00e9n, felsz\u00e1mol\u00e1sukkal kapcsolatos ismereteket.<\/p>","protected":false},"excerpt":{"rendered":"<p>Az \u00e1llathigi\u00e9nia az \u00e1llatorvos-tudom\u00e1nynak az az \u00e1ga, amely az \u00e1llatok \u00e9lettani ig\u00e9nyeinek \u00e9s etol\u00f3gia sz\u00fcks\u00e9gleteinek megismer\u00e9s\u00e9re alapozva le\u00edrja az eg\u00e9szs\u00e9g meg\u00f3v\u00e1s\u00e1nak felt\u00e9teleit \u00e9s kutatja az ig\u00e9nyekt\u0151l elt\u00e9r\u0151 k\u00f6rnyezethat\u00e1sok \u00e1ltal l\u00e9trehozott \u00e9lettani \u00e9s biok\u00e9miai folyamatokat a betegs\u00e9gek k\u00f3roktan\u00e1nak \u00e9s k\u00f3rfejl\u0151d\u00e9s\u00e9nek jobb megismer\u00e9se c\u00e9lj\u00e1b\u00f3l. Ut\u00f3bbira alapozva, a termel\u00e9s gazdas\u00e1goss\u00e1g\u00e1t is figyelembe v\u00e9ve, rendszerezi a k\u00f6rnyezettel \u00f6ssze-f\u00fcgg\u0151 betegs\u00e9gek<\/p>\n","protected":false},"author":3837,"featured_media":0,"parent":677,"menu_order":164,"comment_status":"closed","ping_status":"closed","template":"","meta":{"_acf_changed":false,"footnotes":""},"categories":[],"tags":[],"class_list":["post-10385","page","type-page","status-publish","hentry"],"acf":[],"_links":{"self":[{"href":"https:\/\/univet.hu\/hu\/wp-json\/wp\/v2\/pages\/10385","targetHints":{"allow":["GET"]}}],"collection":[{"href":"https:\/\/univet.hu\/hu\/wp-json\/wp\/v2\/pages"}],"about":[{"href":"https:\/\/univet.hu\/hu\/wp-json\/wp\/v2\/types\/page"}],"author":[{"embeddable":true,"href":"https:\/\/univet.hu\/hu\/wp-json\/wp\/v2\/users\/3837"}],"replies":[{"embeddable":true,"href":"https:\/\/univet.hu\/hu\/wp-json\/wp\/v2\/comments?post=10385"}],"version-history":[{"count":3,"href":"https:\/\/univet.hu\/hu\/wp-json\/wp\/v2\/pages\/10385\/revisions"}],"predecessor-version":[{"id":194871,"href":"https:\/\/univet.hu\/hu\/wp-json\/wp\/v2\/pages\/10385\/revisions\/194871"}],"up":[{"embeddable":true,"href":"https:\/\/univet.hu\/hu\/wp-json\/wp\/v2\/pages\/677"}],"wp:attachment":[{"href":"https:\/\/univet.hu\/hu\/wp-json\/wp\/v2\/media?parent=10385"}],"wp:term":[{"taxonomy":"category","embeddable":true,"href":"https:\/\/univet.hu\/hu\/wp-json\/wp\/v2\/categories?post=10385"},{"taxonomy":"post_tag","embeddable":true,"href":"https:\/\/univet.hu\/hu\/wp-json\/wp\/v2\/tags?post=10385"}],"curies":[{"name":"wp","href":"https:\/\/api.w.org\/{rel}","templated":true}]}}